{"id":393521,"date":"2026-04-05T14:30:03","date_gmt":"2026-04-05T12:30:03","guid":{"rendered":"https:\/\/bogensportdiscount.ch\/produkt\/hamskea-quick-change-stabilizer-weight-basic-kit-w-linx-lock-tech-10oz-black\/"},"modified":"2026-05-14T07:13:54","modified_gmt":"2026-05-14T05:13:54","slug":"hamskea-quick-change-stabilisator-gewicht-basic-kit-linx-lock-10oz-schwarz","status":"publish","type":"product","link":"https:\/\/bogensportdiscount.ch\/fr\/produit\/hamskea-quick-change-stabilisator-gewicht-basic-kit-linx-lock-10oz-schwarz\/","title":{"rendered":"HAMSKEA KIT DE BASE POIDS STABILISATEUR CHANGEMENT RAPIDE m\/LINX-LOCK TECH 10oz NOIR"},"content":{"rendered":"<p>Le HAMSKEA Quick Change Kit de Base Poids Stabilisateur est un syst\u00e8me d'accessoires pour les archers souhaitant ajuster rapidement et facilement le poids de leur stabilisateur. Gr\u00e2ce \u00e0 la technologie Linx-Lock int\u00e9gr\u00e9e, les poids se changent sans outil \u2013 un avantage certain \u00e0 l'entra\u00eenement ou en comp\u00e9tition lorsque l'\u00e9quilibre du stabilisateur doit \u00eatre modifi\u00e9 rapidement.<\/p>\n<p>Le kit est disponible en noir et offre un poids total de 10oz. Il s'adresse aux archers \u00e0 poulies qui attachent de l'importance \u00e0 une configuration de stabilisateur modulaire et adaptable.<\/p>\n<ul>\n<li>Technologie Linx-Lock pour un changement de poids sans outil<\/li>\n<li>Poids : 10oz (env. 284g)<\/li>\n<li>Couleur : Noir<\/li>\n<li>Compatible avec les syst\u00e8mes de stabilisation courants<\/li>\n<\/ul>","protected":false},"excerpt":{"rendered":"<table>\n<tr>\n<th>Propri\u00e9t\u00e9<\/th>\n<th>Valeur<\/th>\n<\/tr>\n<tr>\n<td>Marque<\/td>\n<td>Hamskea<\/td>\n<\/tr>\n<tr>\n<td>Couleur<\/td>\n<td>Noir<\/td>\n<\/tr>\n<tr>\n<td>Pays d'origine<\/td>\n<td>USA<\/td>\n<\/tr>\n<tr>\n<td>GTIN<\/td>\n<td>850002375664<\/td>\n<\/tr>\n<\/table>","protected":false},"featured_media":524223,"comment_status":"open","ping_status":"closed","template":"","meta":[],"product_brand":[465],"product_cat":[4128,4131,4199],"product_tag":[3546],"class_list":{"0":"post-393521","1":"product","2":"type-product","3":"status-publish","4":"has-post-thumbnail","6":"product_brand-hamskea","7":"product_cat-bogen-zubehoer","8":"product_cat-stabilisation","9":"product_cat-gewichte","10":"product_tag-neuheit","11":"product_shipping_class-bsd-standard","13":"first","14":"instock","15":"shipping-taxable","16":"purchasable","17":"product-type-simple"},"yoast_head":"<!-- This site is optimized with the Yoast SEO plugin v27.6 - https:\/\/yoast.com\/product\/yoast-seo-wordpress\/ -->\n<title>HAMSKEA SCHNELLWECHSEL STABILISATOR GEWICHT BASIS KIT m\/LINX-LOCK TECH 10oz SCHWARZ - Bogensportdiscount \u2013 B\u00f6gen, Pfeile, Targets &amp; Zubeh\u00f6r<\/title>\n<meta name=\"description\" content=\"HAMSKEA SCHNELLWECHSEL STABILISATOR GEWICHT BASIS KIT m\/LINX-LOCK TECH 10oz SCHWARZ g\u00fcnstig kaufen bei Bogensportdiscount \u2013 Top-Marken, schneller Versand aus der Schweiz.\" \/>\n<meta name=\"robots\" content=\"index, follow, max-snippet:-1, max-image-preview:large, max-video-preview:-1\" \/>\n<link rel=\"canonical\" href=\"https:\/\/bogensportdiscount.ch\/fr\/produit\/hamskea-quick-change-stabilisator-gewicht-basic-kit-linx-lock-10oz-schwarz\/\" \/>\n<meta property=\"og:locale\" content=\"fr_FR\" \/>\n<meta property=\"og:type\" content=\"article\" \/>\n<meta property=\"og:title\" content=\"HAMSKEA SCHNELLWECHSEL STABILISATOR GEWICHT BASIS KIT m\/LINX-LOCK TECH 10oz SCHWARZ - Bogensportdiscount \u2013 B\u00f6gen, Pfeile, Targets &amp; Zubeh\u00f6r\" \/>\n<meta property=\"og:description\" content=\"HAMSKEA SCHNELLWECHSEL STABILISATOR GEWICHT BASIS KIT m\/LINX-LOCK TECH 10oz SCHWARZ g\u00fcnstig kaufen bei Bogensportdiscount \u2013 Top-Marken, schneller Versand aus der Schweiz.\" \/>\n<meta property=\"og:url\" content=\"https:\/\/bogensportdiscount.ch\/fr\/produit\/hamskea-quick-change-stabilisator-gewicht-basic-kit-linx-lock-10oz-schwarz\/\" \/>\n<meta property=\"og:site_name\" content=\"Bogensportdiscount \u2013 B\u00f6gen, Pfeile, Targets &amp; Zubeh\u00f6r\" \/>\n<meta property=\"article:modified_time\" content=\"2026-05-14T05:13:54+00:00\" \/>\n<meta property=\"og:image\" content=\"https:\/\/bogensportdiscount.ch\/wp-content\/uploads\/bsm-images\/A077829_1.png\" \/>\n\t<meta property=\"og:image:width\" content=\"1409\" \/>\n\t<meta property=\"og:image:height\" content=\"975\" \/>\n\t<meta property=\"og:image:type\" content=\"image\/png\" \/>\n<meta name=\"twitter:card\" content=\"summary_large_image\" \/>\n<script type=\"application\/ld+json\" class=\"yoast-schema-graph\">{\"@context\":\"https:\\\/\\\/schema.org\",\"@graph\":[{\"@type\":\"WebPage\",\"@id\":\"https:\\\/\\\/bogensportdiscount.ch\\\/produkt\\\/hamskea-quick-change-stabilisator-gewicht-basic-kit-linx-lock-10oz-schwarz\\\/\",\"url\":\"https:\\\/\\\/bogensportdiscount.ch\\\/produkt\\\/hamskea-quick-change-stabilisator-gewicht-basic-kit-linx-lock-10oz-schwarz\\\/\",\"name\":\"HAMSKEA SCHNELLWECHSEL STABILISATOR GEWICHT BASIS KIT m\\\/LINX-LOCK TECH 10oz SCHWARZ - Bogensportdiscount \u2013 B\u00f6gen, Pfeile, Targets &amp; Zubeh\u00f6r\",\"isPartOf\":{\"@id\":\"https:\\\/\\\/bogensportdiscount.ch\\\/#website\"},\"primaryImageOfPage\":{\"@id\":\"https:\\\/\\\/bogensportdiscount.ch\\\/produkt\\\/hamskea-quick-change-stabilisator-gewicht-basic-kit-linx-lock-10oz-schwarz\\\/#primaryimage\"},\"image\":{\"@id\":\"https:\\\/\\\/bogensportdiscount.ch\\\/produkt\\\/hamskea-quick-change-stabilisator-gewicht-basic-kit-linx-lock-10oz-schwarz\\\/#primaryimage\"},\"thumbnailUrl\":\"https:\\\/\\\/bogensportdiscount.ch\\\/wp-content\\\/uploads\\\/bsm-images\\\/A077829_1.png\",\"datePublished\":\"2026-04-05T12:30:03+00:00\",\"dateModified\":\"2026-05-14T05:13:54+00:00\",\"description\":\"HAMSKEA SCHNELLWECHSEL STABILISATOR GEWICHT BASIS KIT m\\\/LINX-LOCK TECH 10oz SCHWARZ g\u00fcnstig kaufen bei Bogensportdiscount \u2013 Top-Marken, schneller Versand aus der Schweiz.\",\"breadcrumb\":{\"@id\":\"https:\\\/\\\/bogensportdiscount.ch\\\/produkt\\\/hamskea-quick-change-stabilisator-gewicht-basic-kit-linx-lock-10oz-schwarz\\\/#breadcrumb\"},\"inLanguage\":\"fr-FR\",\"potentialAction\":[{\"@type\":\"ReadAction\",\"target\":[\"https:\\\/\\\/bogensportdiscount.ch\\\/produkt\\\/hamskea-quick-change-stabilisator-gewicht-basic-kit-linx-lock-10oz-schwarz\\\/\"]}]},{\"@type\":\"ImageObject\",\"inLanguage\":\"fr-FR\",\"@id\":\"https:\\\/\\\/bogensportdiscount.ch\\\/produkt\\\/hamskea-quick-change-stabilisator-gewicht-basic-kit-linx-lock-10oz-schwarz\\\/#primaryimage\",\"url\":\"https:\\\/\\\/bogensportdiscount.ch\\\/wp-content\\\/uploads\\\/bsm-images\\\/A077829_1.png\",\"contentUrl\":\"https:\\\/\\\/bogensportdiscount.ch\\\/wp-content\\\/uploads\\\/bsm-images\\\/A077829_1.png\",\"width\":1409,\"height\":975},{\"@type\":\"BreadcrumbList\",\"@id\":\"https:\\\/\\\/bogensportdiscount.ch\\\/produkt\\\/hamskea-quick-change-stabilisator-gewicht-basic-kit-linx-lock-10oz-schwarz\\\/#breadcrumb\",\"itemListElement\":[{\"@type\":\"ListItem\",\"position\":1,\"name\":\"Home\",\"item\":\"https:\\\/\\\/bogensportdiscount.ch\\\/\"},{\"@type\":\"ListItem\",\"position\":2,\"name\":\"Shop\",\"item\":\"https:\\\/\\\/bogensportdiscount.ch\\\/shop\\\/\"},{\"@type\":\"ListItem\",\"position\":3,\"name\":\"HAMSKEA QUICK CHANGE STABILIZER WEIGHT BASIC KIT w\\\/LINX-LOCK TECH 10oz BLACK\"}]},{\"@type\":\"WebSite\",\"@id\":\"https:\\\/\\\/bogensportdiscount.ch\\\/#website\",\"url\":\"https:\\\/\\\/bogensportdiscount.ch\\\/\",\"name\":\"Bogensportdiscount\",\"description\":\"\",\"potentialAction\":[{\"@type\":\"SearchAction\",\"target\":{\"@type\":\"EntryPoint\",\"urlTemplate\":\"https:\\\/\\\/bogensportdiscount.ch\\\/?s={search_term_string}\"},\"query-input\":{\"@type\":\"PropertyValueSpecification\",\"valueRequired\":true,\"valueName\":\"search_term_string\"}}],\"inLanguage\":\"fr-FR\"}]}<\/script>\n<!-- \/ Yoast SEO plugin. -->","yoast_head_json":{"title":"HAMSKEA SCHNELLWECHSEL STABILISATOR GEWICHT BASIS KIT m\/LINX-LOCK TECH 10oz SCHWARZ - Bogensportdiscount \u2013 B\u00f6gen, Pfeile, Targets &amp; Zubeh\u00f6r","description":"HAMSKEA SCHNELLWECHSEL STABILISATOR GEWICHT BASIS KIT m\/LINX-LOCK TECH 10oz SCHWARZ g\u00fcnstig kaufen bei Bogensportdiscount \u2013 Top-Marken, schneller Versand aus der Schweiz.","robots":{"index":"index","follow":"follow","max-snippet":"max-snippet:-1","max-image-preview":"max-image-preview:large","max-video-preview":"max-video-preview:-1"},"canonical":"https:\/\/bogensportdiscount.ch\/fr\/produit\/hamskea-quick-change-stabilisator-gewicht-basic-kit-linx-lock-10oz-schwarz\/","og_locale":"fr_FR","og_type":"article","og_title":"HAMSKEA SCHNELLWECHSEL STABILISATOR GEWICHT BASIS KIT m\/LINX-LOCK TECH 10oz SCHWARZ - Bogensportdiscount \u2013 B\u00f6gen, Pfeile, Targets &amp; Zubeh\u00f6r","og_description":"HAMSKEA SCHNELLWECHSEL STABILISATOR GEWICHT BASIS KIT m\/LINX-LOCK TECH 10oz SCHWARZ g\u00fcnstig kaufen bei Bogensportdiscount \u2013 Top-Marken, schneller Versand aus der Schweiz.","og_url":"https:\/\/bogensportdiscount.ch\/fr\/produit\/hamskea-quick-change-stabilisator-gewicht-basic-kit-linx-lock-10oz-schwarz\/","og_site_name":"Bogensportdiscount \u2013 B\u00f6gen, Pfeile, Targets &amp; Zubeh\u00f6r","article_modified_time":"2026-05-14T05:13:54+00:00","og_image":[{"url":"https:\/\/bogensportdiscount.ch\/wp-content\/uploads\/bsm-images\/A077829_1.png","width":1409,"height":975,"type":"image\/png"}],"twitter_card":"summary_large_image","schema":{"@context":"https:\/\/schema.org","@graph":[{"@type":"WebPage","@id":"https:\/\/bogensportdiscount.ch\/produkt\/hamskea-quick-change-stabilisator-gewicht-basic-kit-linx-lock-10oz-schwarz\/","url":"https:\/\/bogensportdiscount.ch\/produkt\/hamskea-quick-change-stabilisator-gewicht-basic-kit-linx-lock-10oz-schwarz\/","name":"HAMSKEA SCHNELLWECHSEL STABILISATOR GEWICHT BASIS KIT m\/LINX-LOCK TECH 10oz SCHWARZ - Bogensportdiscount \u2013 B\u00f6gen, Pfeile, Targets &amp; Zubeh\u00f6r","isPartOf":{"@id":"https:\/\/bogensportdiscount.ch\/#website"},"primaryImageOfPage":{"@id":"https:\/\/bogensportdiscount.ch\/produkt\/hamskea-quick-change-stabilisator-gewicht-basic-kit-linx-lock-10oz-schwarz\/#primaryimage"},"image":{"@id":"https:\/\/bogensportdiscount.ch\/produkt\/hamskea-quick-change-stabilisator-gewicht-basic-kit-linx-lock-10oz-schwarz\/#primaryimage"},"thumbnailUrl":"https:\/\/bogensportdiscount.ch\/wp-content\/uploads\/bsm-images\/A077829_1.png","datePublished":"2026-04-05T12:30:03+00:00","dateModified":"2026-05-14T05:13:54+00:00","description":"HAMSKEA SCHNELLWECHSEL STABILISATOR GEWICHT BASIS KIT m\/LINX-LOCK TECH 10oz SCHWARZ g\u00fcnstig kaufen bei Bogensportdiscount \u2013 Top-Marken, schneller Versand aus der Schweiz.","breadcrumb":{"@id":"https:\/\/bogensportdiscount.ch\/produkt\/hamskea-quick-change-stabilisator-gewicht-basic-kit-linx-lock-10oz-schwarz\/#breadcrumb"},"inLanguage":"fr-FR","potentialAction":[{"@type":"ReadAction","target":["https:\/\/bogensportdiscount.ch\/produkt\/hamskea-quick-change-stabilisator-gewicht-basic-kit-linx-lock-10oz-schwarz\/"]}]},{"@type":"ImageObject","inLanguage":"fr-FR","@id":"https:\/\/bogensportdiscount.ch\/produkt\/hamskea-quick-change-stabilisator-gewicht-basic-kit-linx-lock-10oz-schwarz\/#primaryimage","url":"https:\/\/bogensportdiscount.ch\/wp-content\/uploads\/bsm-images\/A077829_1.png","contentUrl":"https:\/\/bogensportdiscount.ch\/wp-content\/uploads\/bsm-images\/A077829_1.png","width":1409,"height":975},{"@type":"BreadcrumbList","@id":"https:\/\/bogensportdiscount.ch\/produkt\/hamskea-quick-change-stabilisator-gewicht-basic-kit-linx-lock-10oz-schwarz\/#breadcrumb","itemListElement":[{"@type":"ListItem","position":1,"name":"Home","item":"https:\/\/bogensportdiscount.ch\/"},{"@type":"ListItem","position":2,"name":"Shop","item":"https:\/\/bogensportdiscount.ch\/shop\/"},{"@type":"ListItem","position":3,"name":"HAMSKEA QUICK CHANGE STABILIZER WEIGHT BASIC KIT w\/LINX-LOCK TECH 10oz BLACK"}]},{"@type":"WebSite","@id":"https:\/\/bogensportdiscount.ch\/#website","url":"https:\/\/bogensportdiscount.ch\/","name":"Bogensportdiscount","description":"","potentialAction":[{"@type":"SearchAction","target":{"@type":"EntryPoint","urlTemplate":"https:\/\/bogensportdiscount.ch\/?s={search_term_string}"},"query-input":{"@type":"PropertyValueSpecification","valueRequired":true,"valueName":"search_term_string"}}],"inLanguage":"fr-FR"}]}},"_links":{"self":[{"href":"https:\/\/bogensportdiscount.ch\/fr\/wp-json\/wp\/v2\/product\/393521","targetHints":{"allow":["GET"]}}],"collection":[{"href":"https:\/\/bogensportdiscount.ch\/fr\/wp-json\/wp\/v2\/product"}],"about":[{"href":"https:\/\/bogensportdiscount.ch\/fr\/wp-json\/wp\/v2\/types\/product"}],"replies":[{"embeddable":true,"href":"https:\/\/bogensportdiscount.ch\/fr\/wp-json\/wp\/v2\/comments?post=393521"}],"wp:featuredmedia":[{"embeddable":true,"href":"https:\/\/bogensportdiscount.ch\/fr\/wp-json\/wp\/v2\/media\/524223"}],"wp:attachment":[{"href":"https:\/\/bogensportdiscount.ch\/fr\/wp-json\/wp\/v2\/media?parent=393521"}],"wp:term":[{"taxonomy":"product_brand","embeddable":true,"href":"https:\/\/bogensportdiscount.ch\/fr\/wp-json\/wp\/v2\/product_brand?post=393521"},{"taxonomy":"product_cat","embeddable":true,"href":"https:\/\/bogensportdiscount.ch\/fr\/wp-json\/wp\/v2\/product_cat?post=393521"},{"taxonomy":"product_tag","embeddable":true,"href":"https:\/\/bogensportdiscount.ch\/fr\/wp-json\/wp\/v2\/product_tag?post=393521"}],"curies":[{"name":"wp","href":"https:\/\/api.w.org\/{rel}","templated":true}]}}