{"id":393519,"date":"2026-04-05T14:30:02","date_gmt":"2026-04-05T12:30:02","guid":{"rendered":"https:\/\/bogensportdiscount.ch\/produkt\/hamskea-quick-change-stabilizer-weight-w-linx-lock-tech-1oz-endcap-black-rubber\/"},"modified":"2026-05-14T07:13:54","modified_gmt":"2026-05-14T05:13:54","slug":"hamskea-stabilisator-wechselgewicht-linx-lock-1oz-endkappe-schwarz-gummi","status":"publish","type":"product","link":"https:\/\/bogensportdiscount.ch\/fr\/produit\/hamskea-stabilisator-wechselgewicht-linx-lock-1oz-endkappe-schwarz-gummi\/","title":{"rendered":"HAMSKEA SCHNELLWECHSEL STABILISATOR GEWICHT m\/LINX-LOCK TECH 1oz ENDCAP SCHWARZ\/GUMMI"},"content":{"rendered":"<p>Le poids de stabilisateur HAMSKEA Quick Change avec technologie Linx-Lock permet un changement rapide des poids de stabilisateur sans outil. Le syst\u00e8me est con\u00e7u pour les archers souhaitant ajuster leur \u00e9quilibre de mani\u00e8re flexible selon la situation de comp\u00e9tition ou d'entra\u00eenement.<\/p>\n<p>Le poids de 1oz (env. 28 g) est \u00e9quip\u00e9 d'un embout en caoutchouc qui amortit les chocs et prot\u00e8ge le stabilisateur des dommages. La version noire s'int\u00e8gre discr\u00e8tement dans les configurations de stabilisateurs courants.<\/p>\n<ul>\n<li>Technologie Linx-Lock pour un changement rapide sans outil<\/li>\n<li>Poids de 1oz pour un r\u00e9glage pr\u00e9cis de l'\u00e9quilibre<\/li>\n<li>Embout en caoutchouc pour l'absorption des vibrations<\/li>\n<li>Version en noir<\/li>\n<\/ul>","protected":false},"excerpt":{"rendered":"<table>\n<tr>\n<th>Propri\u00e9t\u00e9<\/th>\n<th>Valeur<\/th>\n<\/tr>\n<tr>\n<td>Marque<\/td>\n<td>Hamskea<\/td>\n<\/tr>\n<tr>\n<td>Couleur<\/td>\n<td>Noir<\/td>\n<\/tr>\n<tr>\n<td>Pays d'origine<\/td>\n<td>USA<\/td>\n<\/tr>\n<tr>\n<td>GTIN<\/td>\n<td>850002375763<\/td>\n<\/tr>\n<\/table>","protected":false},"featured_media":524228,"comment_status":"open","ping_status":"closed","template":"","meta":[],"product_brand":[465],"product_cat":[4128,4131,4199],"product_tag":[3546],"class_list":{"0":"post-393519","1":"product","2":"type-product","3":"status-publish","4":"has-post-thumbnail","6":"product_brand-hamskea","7":"product_cat-bogen-zubehoer","8":"product_cat-stabilisation","9":"product_cat-gewichte","10":"product_tag-neuheit","11":"product_shipping_class-bsd-standard","13":"first","14":"instock","15":"shipping-taxable","16":"purchasable","17":"product-type-simple"},"yoast_head":"<!-- This site is optimized with the Yoast SEO plugin v27.6 - https:\/\/yoast.com\/product\/yoast-seo-wordpress\/ -->\n<title>HAMSKEA SCHNELLWECHSEL STABILISATOR GEWICHT m\/LINX-LOCK TECH 1oz ENDCAP SCHWARZ\/GUMMI - Bogensportdiscount \u2013 B\u00f6gen, Pfeile, Targets &amp; Zubeh\u00f6r<\/title>\n<meta name=\"description\" content=\"HAMSKEA SCHNELLWECHSEL STABILISATOR GEWICHT m\/LINX-LOCK TECH 1oz ENDCAP SCHWARZ\/GUMMI g\u00fcnstig kaufen bei Bogensportdiscount \u2013 Top-Marken, schneller Versand aus der Schweiz.\" \/>\n<meta name=\"robots\" content=\"index, follow, max-snippet:-1, max-image-preview:large, max-video-preview:-1\" \/>\n<link rel=\"canonical\" href=\"https:\/\/bogensportdiscount.ch\/fr\/produit\/hamskea-stabilisator-wechselgewicht-linx-lock-1oz-endkappe-schwarz-gummi\/\" \/>\n<meta property=\"og:locale\" content=\"fr_FR\" \/>\n<meta property=\"og:type\" content=\"article\" \/>\n<meta property=\"og:title\" content=\"HAMSKEA SCHNELLWECHSEL STABILISATOR GEWICHT m\/LINX-LOCK TECH 1oz ENDCAP SCHWARZ\/GUMMI - Bogensportdiscount \u2013 B\u00f6gen, Pfeile, Targets &amp; Zubeh\u00f6r\" \/>\n<meta property=\"og:description\" content=\"HAMSKEA SCHNELLWECHSEL STABILISATOR GEWICHT m\/LINX-LOCK TECH 1oz ENDCAP SCHWARZ\/GUMMI g\u00fcnstig kaufen bei Bogensportdiscount \u2013 Top-Marken, schneller Versand aus der Schweiz.\" \/>\n<meta property=\"og:url\" content=\"https:\/\/bogensportdiscount.ch\/fr\/produit\/hamskea-stabilisator-wechselgewicht-linx-lock-1oz-endkappe-schwarz-gummi\/\" \/>\n<meta property=\"og:site_name\" content=\"Bogensportdiscount \u2013 B\u00f6gen, Pfeile, Targets &amp; Zubeh\u00f6r\" \/>\n<meta property=\"article:modified_time\" content=\"2026-05-14T05:13:54+00:00\" \/>\n<meta property=\"og:image\" content=\"https:\/\/bogensportdiscount.ch\/wp-content\/uploads\/bsm-images\/A077827_1.png\" \/>\n\t<meta property=\"og:image:width\" content=\"741\" \/>\n\t<meta property=\"og:image:height\" content=\"781\" \/>\n\t<meta property=\"og:image:type\" content=\"image\/png\" \/>\n<meta name=\"twitter:card\" content=\"summary_large_image\" \/>\n<script type=\"application\/ld+json\" class=\"yoast-schema-graph\">{\"@context\":\"https:\\\/\\\/schema.org\",\"@graph\":[{\"@type\":\"WebPage\",\"@id\":\"https:\\\/\\\/bogensportdiscount.ch\\\/produkt\\\/hamskea-stabilisator-wechselgewicht-linx-lock-1oz-endkappe-schwarz-gummi\\\/\",\"url\":\"https:\\\/\\\/bogensportdiscount.ch\\\/produkt\\\/hamskea-stabilisator-wechselgewicht-linx-lock-1oz-endkappe-schwarz-gummi\\\/\",\"name\":\"HAMSKEA SCHNELLWECHSEL STABILISATOR GEWICHT m\\\/LINX-LOCK TECH 1oz ENDCAP SCHWARZ\\\/GUMMI - Bogensportdiscount \u2013 B\u00f6gen, Pfeile, Targets &amp; Zubeh\u00f6r\",\"isPartOf\":{\"@id\":\"https:\\\/\\\/bogensportdiscount.ch\\\/#website\"},\"primaryImageOfPage\":{\"@id\":\"https:\\\/\\\/bogensportdiscount.ch\\\/produkt\\\/hamskea-stabilisator-wechselgewicht-linx-lock-1oz-endkappe-schwarz-gummi\\\/#primaryimage\"},\"image\":{\"@id\":\"https:\\\/\\\/bogensportdiscount.ch\\\/produkt\\\/hamskea-stabilisator-wechselgewicht-linx-lock-1oz-endkappe-schwarz-gummi\\\/#primaryimage\"},\"thumbnailUrl\":\"https:\\\/\\\/bogensportdiscount.ch\\\/wp-content\\\/uploads\\\/bsm-images\\\/A077827_1.png\",\"datePublished\":\"2026-04-05T12:30:02+00:00\",\"dateModified\":\"2026-05-14T05:13:54+00:00\",\"description\":\"HAMSKEA SCHNELLWECHSEL STABILISATOR GEWICHT m\\\/LINX-LOCK TECH 1oz ENDCAP SCHWARZ\\\/GUMMI g\u00fcnstig kaufen bei Bogensportdiscount \u2013 Top-Marken, schneller Versand aus der Schweiz.\",\"breadcrumb\":{\"@id\":\"https:\\\/\\\/bogensportdiscount.ch\\\/produkt\\\/hamskea-stabilisator-wechselgewicht-linx-lock-1oz-endkappe-schwarz-gummi\\\/#breadcrumb\"},\"inLanguage\":\"fr-FR\",\"potentialAction\":[{\"@type\":\"ReadAction\",\"target\":[\"https:\\\/\\\/bogensportdiscount.ch\\\/produkt\\\/hamskea-stabilisator-wechselgewicht-linx-lock-1oz-endkappe-schwarz-gummi\\\/\"]}]},{\"@type\":\"ImageObject\",\"inLanguage\":\"fr-FR\",\"@id\":\"https:\\\/\\\/bogensportdiscount.ch\\\/produkt\\\/hamskea-stabilisator-wechselgewicht-linx-lock-1oz-endkappe-schwarz-gummi\\\/#primaryimage\",\"url\":\"https:\\\/\\\/bogensportdiscount.ch\\\/wp-content\\\/uploads\\\/bsm-images\\\/A077827_1.png\",\"contentUrl\":\"https:\\\/\\\/bogensportdiscount.ch\\\/wp-content\\\/uploads\\\/bsm-images\\\/A077827_1.png\",\"width\":741,\"height\":781},{\"@type\":\"BreadcrumbList\",\"@id\":\"https:\\\/\\\/bogensportdiscount.ch\\\/produkt\\\/hamskea-stabilisator-wechselgewicht-linx-lock-1oz-endkappe-schwarz-gummi\\\/#breadcrumb\",\"itemListElement\":[{\"@type\":\"ListItem\",\"position\":1,\"name\":\"Home\",\"item\":\"https:\\\/\\\/bogensportdiscount.ch\\\/\"},{\"@type\":\"ListItem\",\"position\":2,\"name\":\"Shop\",\"item\":\"https:\\\/\\\/bogensportdiscount.ch\\\/shop\\\/\"},{\"@type\":\"ListItem\",\"position\":3,\"name\":\"HAMSKEA QUICK CHANGE STABILIZER WEIGHT w\\\/LINX-LOCK TECH 1oz ENDCAP BLACK\\\/RUBBER\"}]},{\"@type\":\"WebSite\",\"@id\":\"https:\\\/\\\/bogensportdiscount.ch\\\/#website\",\"url\":\"https:\\\/\\\/bogensportdiscount.ch\\\/\",\"name\":\"Bogensportdiscount\",\"description\":\"\",\"potentialAction\":[{\"@type\":\"SearchAction\",\"target\":{\"@type\":\"EntryPoint\",\"urlTemplate\":\"https:\\\/\\\/bogensportdiscount.ch\\\/?s={search_term_string}\"},\"query-input\":{\"@type\":\"PropertyValueSpecification\",\"valueRequired\":true,\"valueName\":\"search_term_string\"}}],\"inLanguage\":\"fr-FR\"}]}<\/script>\n<!-- \/ Yoast SEO plugin. -->","yoast_head_json":{"title":"HAMSKEA SCHNELLWECHSEL STABILISATOR GEWICHT m\/LINX-LOCK TECH 1oz ENDCAP SCHWARZ\/GUMMI - Bogensportdiscount \u2013 B\u00f6gen, Pfeile, Targets &amp; Zubeh\u00f6r","description":"HAMSKEA SCHNELLWECHSEL STABILISATOR GEWICHT m\/LINX-LOCK TECH 1oz ENDCAP SCHWARZ\/GUMMI g\u00fcnstig kaufen bei Bogensportdiscount \u2013 Top-Marken, schneller Versand aus der Schweiz.","robots":{"index":"index","follow":"follow","max-snippet":"max-snippet:-1","max-image-preview":"max-image-preview:large","max-video-preview":"max-video-preview:-1"},"canonical":"https:\/\/bogensportdiscount.ch\/fr\/produit\/hamskea-stabilisator-wechselgewicht-linx-lock-1oz-endkappe-schwarz-gummi\/","og_locale":"fr_FR","og_type":"article","og_title":"HAMSKEA SCHNELLWECHSEL STABILISATOR GEWICHT m\/LINX-LOCK TECH 1oz ENDCAP SCHWARZ\/GUMMI - Bogensportdiscount \u2013 B\u00f6gen, Pfeile, Targets &amp; Zubeh\u00f6r","og_description":"HAMSKEA SCHNELLWECHSEL STABILISATOR GEWICHT m\/LINX-LOCK TECH 1oz ENDCAP SCHWARZ\/GUMMI g\u00fcnstig kaufen bei Bogensportdiscount \u2013 Top-Marken, schneller Versand aus der Schweiz.","og_url":"https:\/\/bogensportdiscount.ch\/fr\/produit\/hamskea-stabilisator-wechselgewicht-linx-lock-1oz-endkappe-schwarz-gummi\/","og_site_name":"Bogensportdiscount \u2013 B\u00f6gen, Pfeile, Targets &amp; Zubeh\u00f6r","article_modified_time":"2026-05-14T05:13:54+00:00","og_image":[{"width":741,"height":781,"url":"https:\/\/bogensportdiscount.ch\/wp-content\/uploads\/bsm-images\/A077827_1.png","type":"image\/png"}],"twitter_card":"summary_large_image","schema":{"@context":"https:\/\/schema.org","@graph":[{"@type":"WebPage","@id":"https:\/\/bogensportdiscount.ch\/produkt\/hamskea-stabilisator-wechselgewicht-linx-lock-1oz-endkappe-schwarz-gummi\/","url":"https:\/\/bogensportdiscount.ch\/produkt\/hamskea-stabilisator-wechselgewicht-linx-lock-1oz-endkappe-schwarz-gummi\/","name":"HAMSKEA SCHNELLWECHSEL STABILISATOR GEWICHT m\/LINX-LOCK TECH 1oz ENDCAP SCHWARZ\/GUMMI - Bogensportdiscount \u2013 B\u00f6gen, Pfeile, Targets &amp; Zubeh\u00f6r","isPartOf":{"@id":"https:\/\/bogensportdiscount.ch\/#website"},"primaryImageOfPage":{"@id":"https:\/\/bogensportdiscount.ch\/produkt\/hamskea-stabilisator-wechselgewicht-linx-lock-1oz-endkappe-schwarz-gummi\/#primaryimage"},"image":{"@id":"https:\/\/bogensportdiscount.ch\/produkt\/hamskea-stabilisator-wechselgewicht-linx-lock-1oz-endkappe-schwarz-gummi\/#primaryimage"},"thumbnailUrl":"https:\/\/bogensportdiscount.ch\/wp-content\/uploads\/bsm-images\/A077827_1.png","datePublished":"2026-04-05T12:30:02+00:00","dateModified":"2026-05-14T05:13:54+00:00","description":"HAMSKEA SCHNELLWECHSEL STABILISATOR GEWICHT m\/LINX-LOCK TECH 1oz ENDCAP SCHWARZ\/GUMMI g\u00fcnstig kaufen bei Bogensportdiscount \u2013 Top-Marken, schneller Versand aus der Schweiz.","breadcrumb":{"@id":"https:\/\/bogensportdiscount.ch\/produkt\/hamskea-stabilisator-wechselgewicht-linx-lock-1oz-endkappe-schwarz-gummi\/#breadcrumb"},"inLanguage":"fr-FR","potentialAction":[{"@type":"ReadAction","target":["https:\/\/bogensportdiscount.ch\/produkt\/hamskea-stabilisator-wechselgewicht-linx-lock-1oz-endkappe-schwarz-gummi\/"]}]},{"@type":"ImageObject","inLanguage":"fr-FR","@id":"https:\/\/bogensportdiscount.ch\/produkt\/hamskea-stabilisator-wechselgewicht-linx-lock-1oz-endkappe-schwarz-gummi\/#primaryimage","url":"https:\/\/bogensportdiscount.ch\/wp-content\/uploads\/bsm-images\/A077827_1.png","contentUrl":"https:\/\/bogensportdiscount.ch\/wp-content\/uploads\/bsm-images\/A077827_1.png","width":741,"height":781},{"@type":"BreadcrumbList","@id":"https:\/\/bogensportdiscount.ch\/produkt\/hamskea-stabilisator-wechselgewicht-linx-lock-1oz-endkappe-schwarz-gummi\/#breadcrumb","itemListElement":[{"@type":"ListItem","position":1,"name":"Home","item":"https:\/\/bogensportdiscount.ch\/"},{"@type":"ListItem","position":2,"name":"Shop","item":"https:\/\/bogensportdiscount.ch\/shop\/"},{"@type":"ListItem","position":3,"name":"HAMSKEA QUICK CHANGE STABILIZER WEIGHT w\/LINX-LOCK TECH 1oz ENDCAP BLACK\/RUBBER"}]},{"@type":"WebSite","@id":"https:\/\/bogensportdiscount.ch\/#website","url":"https:\/\/bogensportdiscount.ch\/","name":"Bogensportdiscount","description":"","potentialAction":[{"@type":"SearchAction","target":{"@type":"EntryPoint","urlTemplate":"https:\/\/bogensportdiscount.ch\/?s={search_term_string}"},"query-input":{"@type":"PropertyValueSpecification","valueRequired":true,"valueName":"search_term_string"}}],"inLanguage":"fr-FR"}]}},"_links":{"self":[{"href":"https:\/\/bogensportdiscount.ch\/fr\/wp-json\/wp\/v2\/product\/393519","targetHints":{"allow":["GET"]}}],"collection":[{"href":"https:\/\/bogensportdiscount.ch\/fr\/wp-json\/wp\/v2\/product"}],"about":[{"href":"https:\/\/bogensportdiscount.ch\/fr\/wp-json\/wp\/v2\/types\/product"}],"replies":[{"embeddable":true,"href":"https:\/\/bogensportdiscount.ch\/fr\/wp-json\/wp\/v2\/comments?post=393519"}],"wp:featuredmedia":[{"embeddable":true,"href":"https:\/\/bogensportdiscount.ch\/fr\/wp-json\/wp\/v2\/media\/524228"}],"wp:attachment":[{"href":"https:\/\/bogensportdiscount.ch\/fr\/wp-json\/wp\/v2\/media?parent=393519"}],"wp:term":[{"taxonomy":"product_brand","embeddable":true,"href":"https:\/\/bogensportdiscount.ch\/fr\/wp-json\/wp\/v2\/product_brand?post=393519"},{"taxonomy":"product_cat","embeddable":true,"href":"https:\/\/bogensportdiscount.ch\/fr\/wp-json\/wp\/v2\/product_cat?post=393519"},{"taxonomy":"product_tag","embeddable":true,"href":"https:\/\/bogensportdiscount.ch\/fr\/wp-json\/wp\/v2\/product_tag?post=393519"}],"curies":[{"name":"wp","href":"https:\/\/api.w.org\/{rel}","templated":true}]}}