{"id":393518,"date":"2026-04-05T14:30:02","date_gmt":"2026-04-05T12:30:02","guid":{"rendered":"https:\/\/bogensportdiscount.ch\/produkt\/hamskea-quick-change-stabilizer-weight-w-linx-lock-tech-1oz-endcap-silver-rubber\/"},"modified":"2026-04-15T12:16:03","modified_gmt":"2026-04-15T10:16:03","slug":"hamskea-quick-change-stabilisatorgewicht-linx-lock-1oz-endkappe-silber-gummi","status":"publish","type":"product","link":"https:\/\/bogensportdiscount.ch\/fr\/produit\/hamskea-quick-change-stabilisatorgewicht-linx-lock-1oz-endkappe-silber-gummi\/","title":{"rendered":"HAMSKEA QUICK CHANGE STABILIZER WEIGHT w\/LINX-LOCK TECH 1oz ENDCAP SILVER\/RUBBER"},"content":{"rendered":"<p>Das HAMSKEA Quick-Change Stabilisatorgewicht nutzt die Linx-Lock Technologie, um einen werkzeuglosen und schnellen Wechsel der Gewichte am Stabilisator zu erm\u00f6glichen. Dies erlaubt Bogensch\u00fctzen, das Abzugsgewicht ihres Setups unkompliziert und flexibel anzupassen.<\/p>\n<p>Das Gewicht von 1oz (ca. 28g) wird als vollst\u00e4ndige Einheit mit Endkappe geliefert. Die Ausf\u00fchrung in Silber mit Gummikomponente sorgt f\u00fcr eine sichere Verbindung und d\u00e4mpft gleichzeitig unerw\u00fcnschte Vibrationen.<\/p>\n<ul>\n<li>Gewicht: 1oz (ca. 28g)<\/li>\n<li>Linx-Lock Technologie f\u00fcr werkzeuglosen Wechsel<\/li>\n<li>Inklusive Endkappe<\/li>\n<li>Ausf\u00fchrung: Silber\/Gummi<\/li>\n<\/ul>","protected":false},"excerpt":{"rendered":"<p><strong>Marque :<\/strong> Hamskea<br \/><strong>Farbe:<\/strong> Silbe<br \/><strong>GTIN:<\/strong> 850002375701<\/p>","protected":false},"featured_media":441459,"comment_status":"open","ping_status":"closed","template":"","meta":[],"product_brand":[465],"product_cat":[4199],"product_tag":[3546],"class_list":{"0":"post-393518","1":"product","2":"type-product","3":"status-publish","4":"has-post-thumbnail","6":"product_brand-hamskea","7":"product_cat-gewichte-stabilisation","8":"product_tag-neuheit","10":"first","11":"instock","12":"shipping-taxable","13":"purchasable","14":"product-type-simple"},"_links":{"self":[{"href":"https:\/\/bogensportdiscount.ch\/fr\/wp-json\/wp\/v2\/product\/393518","targetHints":{"allow":["GET"]}}],"collection":[{"href":"https:\/\/bogensportdiscount.ch\/fr\/wp-json\/wp\/v2\/product"}],"about":[{"href":"https:\/\/bogensportdiscount.ch\/fr\/wp-json\/wp\/v2\/types\/product"}],"replies":[{"embeddable":true,"href":"https:\/\/bogensportdiscount.ch\/fr\/wp-json\/wp\/v2\/comments?post=393518"}],"wp:featuredmedia":[{"embeddable":true,"href":"https:\/\/bogensportdiscount.ch\/fr\/wp-json\/wp\/v2\/media\/441459"}],"wp:attachment":[{"href":"https:\/\/bogensportdiscount.ch\/fr\/wp-json\/wp\/v2\/media?parent=393518"}],"wp:term":[{"taxonomy":"product_brand","embeddable":true,"href":"https:\/\/bogensportdiscount.ch\/fr\/wp-json\/wp\/v2\/product_brand?post=393518"},{"taxonomy":"product_cat","embeddable":true,"href":"https:\/\/bogensportdiscount.ch\/fr\/wp-json\/wp\/v2\/product_cat?post=393518"},{"taxonomy":"product_tag","embeddable":true,"href":"https:\/\/bogensportdiscount.ch\/fr\/wp-json\/wp\/v2\/product_tag?post=393518"}],"curies":[{"name":"wp","href":"https:\/\/api.w.org\/{rel}","templated":true}]}}