{"id":393486,"date":"2026-04-05T14:29:54","date_gmt":"2026-04-05T12:29:54","guid":{"rendered":"https:\/\/bogensportdiscount.ch\/produkt\/axcel-armortech-lite-pro-carbon-pro-bar-41mm-3-pin-010-tactical-bowhunting-black\/"},"modified":"2026-04-20T12:48:59","modified_gmt":"2026-04-20T10:48:59","slug":"axcel-compound-visier-armortech-lite-pro-carbon-pro-bar-41mm-3-pin-010-tactical-bowhunting-schwarz","status":"publish","type":"product","link":"https:\/\/bogensportdiscount.ch\/fr\/produit\/axcel-compound-visier-armortech-lite-pro-carbon-pro-bar-41mm-3-pin-010-tactical-bowhunting-schwarz\/","title":{"rendered":"AXCEL ARMORTECH LITE PRO - CARBON PRO BAR 41mm - 3 PIN .010 TACTICAL BOWHUNTING\/BLACK"},"content":{"rendered":"<p>Das Axcel Armortech Lite Pro ist ein Compound-Visier aus der Bowhunting-Linie von Axcel und kombiniert einen leichten Carbon Pro Bar (41mm) mit einer klaren 3-Pin-Konfiguration in .010-St\u00e4rke. Die schwarze Tactical-Ausf\u00fchrung ist auf den Einsatz bei der Jagd und im 3D-Bogenschiessen ausgelegt.<\/p>\n<p>Der Carbon Pro Bar reduziert das Gesamtgewicht des Visiers, ohne dabei auf Stabilit\u00e4t zu verzichten. Die feinen .010-Pins erm\u00f6glichen ein pr\u00e4zises Zielbild, besonders bei l\u00e4ngeren Distanzen oder anspruchsvollen Lichtverh\u00e4ltnissen.<\/p>\n<ul>\n<li>41mm Carbon Pro Bar \u2013 leicht und stabil<\/li>\n<li>3 Pins, St\u00e4rke .010 f\u00fcr pr\u00e4zises Zielen<\/li>\n<li>Tactical Bowhunting-Design in Schwarz<\/li>\n<li>Convient pour la chasse et le tir \u00e0 l'arc 3D<\/li>\n<\/ul>","protected":false},"excerpt":{"rendered":"<p><strong>Marque :<\/strong> Axcel<br \/><strong>LH\/RH:<\/strong> Ambidextre<br \/><strong>Couleur:<\/strong> Vert<br \/><strong>Nombre de pins :<\/strong> 3<br \/><strong>Taille du pin :<\/strong> 010<br \/><strong>GTIN:<\/strong> 611254340363<\/p>","protected":false},"featured_media":453141,"comment_status":"open","ping_status":"closed","template":"","meta":[],"product_brand":[467],"product_cat":[4263],"product_tag":[3546],"class_list":{"0":"post-393486","1":"product","2":"type-product","3":"status-publish","4":"has-post-thumbnail","6":"product_brand-axcel","7":"product_cat-jagd-und-3d-visiere","8":"product_tag-neuheit","9":"product_shipping_class-bsd-standard","11":"first","12":"instock","13":"shipping-taxable","14":"purchasable","15":"product-type-simple"},"yoast_head":"<!-- This site is optimized with the Yoast SEO plugin v27.4 - https:\/\/yoast.com\/product\/yoast-seo-wordpress\/ -->\n<title>AXCEL ARMORTECH LITE PRO - CARBON PRO BAR 41 mm - 3 broches .010 TACTICAL BOWHUNTING\/NOIR - Bogensportdiscount \u2013 Arcs, fl\u00e8ches, cibles et accessoires<\/title>\n<meta name=\"description\" content=\"AXCEL ARMORTECH LITE PRO - CARBON PRO BAR 41 mm - 3 broches .010 TACTICAL BOWHUNTING\/BLACK : achetez-le \u00e0 prix avantageux chez Bogensportdiscount \u2013 Les meilleures marques, livraison rapide depuis la Suisse.\" \/>\n<meta name=\"robots\" content=\"index, follow, max-snippet:-1, max-image-preview:large, max-video-preview:-1\" \/>\n<link rel=\"canonical\" href=\"https:\/\/bogensportdiscount.ch\/fr\/produit\/axcel-compound-visier-armortech-lite-pro-carbon-pro-bar-41mm-3-pin-010-tactical-bowhunting-schwarz\/\" \/>\n<meta property=\"og:locale\" content=\"fr_FR\" \/>\n<meta property=\"og:type\" content=\"article\" \/>\n<meta property=\"og:title\" content=\"AXCEL ARMORTECH LITE PRO - CARBON PRO BAR 41 mm - 3 broches .010 TACTICAL BOWHUNTING\/NOIR - Bogensportdiscount \u2013 Arcs, fl\u00e8ches, cibles et accessoires\" \/>\n<meta property=\"og:description\" content=\"AXCEL ARMORTECH LITE PRO - CARBON PRO BAR 41 mm - 3 broches .010 TACTICAL BOWHUNTING\/BLACK : achetez-le \u00e0 prix avantageux chez Bogensportdiscount \u2013 Les meilleures marques, livraison rapide depuis la Suisse.\" \/>\n<meta property=\"og:url\" content=\"https:\/\/bogensportdiscount.ch\/fr\/produit\/axcel-compound-visier-armortech-lite-pro-carbon-pro-bar-41mm-3-pin-010-tactical-bowhunting-schwarz\/\" \/>\n<meta property=\"og:site_name\" content=\"Bogensportdiscount \u2013 B\u00f6gen, Pfeile, Targets &amp; Zubeh\u00f6r\" \/>\n<meta property=\"article:modified_time\" content=\"2026-04-20T10:48:59+00:00\" \/>\n<meta property=\"og:image\" content=\"https:\/\/bogensportdiscount.ch\/wp-content\/uploads\/bsm-images\/a077520_1.jpg\" \/>\n\t<meta property=\"og:image:width\" content=\"399\" \/>\n\t<meta property=\"og:image:height\" content=\"115\" \/>\n\t<meta property=\"og:image:type\" content=\"image\/jpeg\" \/>\n<meta name=\"twitter:card\" content=\"summary_large_image\" \/>\n<meta name=\"twitter:label1\" content=\"Dur\u00e9e de lecture estim\u00e9e\" \/>\n\t<meta name=\"twitter:data1\" content=\"1 minute\" \/>\n<script type=\"application\/ld+json\" class=\"yoast-schema-graph\">{\"@context\":\"https:\\\/\\\/schema.org\",\"@graph\":[{\"@type\":\"WebPage\",\"@id\":\"https:\\\/\\\/bogensportdiscount.ch\\\/produkt\\\/axcel-compound-visier-armortech-lite-pro-carbon-pro-bar-41mm-3-pin-010-tactical-bowhunting-schwarz\\\/\",\"url\":\"https:\\\/\\\/bogensportdiscount.ch\\\/produkt\\\/axcel-compound-visier-armortech-lite-pro-carbon-pro-bar-41mm-3-pin-010-tactical-bowhunting-schwarz\\\/\",\"name\":\"AXCEL ARMORTECH LITE PRO - CARBON PRO BAR 41mm - 3 PIN .010 TACTICAL BOWHUNTING\\\/BLACK - Bogensportdiscount \u2013 B\u00f6gen, Pfeile, Targets &amp; Zubeh\u00f6r\",\"isPartOf\":{\"@id\":\"https:\\\/\\\/bogensportdiscount.ch\\\/#website\"},\"primaryImageOfPage\":{\"@id\":\"https:\\\/\\\/bogensportdiscount.ch\\\/produkt\\\/axcel-compound-visier-armortech-lite-pro-carbon-pro-bar-41mm-3-pin-010-tactical-bowhunting-schwarz\\\/#primaryimage\"},\"image\":{\"@id\":\"https:\\\/\\\/bogensportdiscount.ch\\\/produkt\\\/axcel-compound-visier-armortech-lite-pro-carbon-pro-bar-41mm-3-pin-010-tactical-bowhunting-schwarz\\\/#primaryimage\"},\"thumbnailUrl\":\"https:\\\/\\\/bogensportdiscount.ch\\\/wp-content\\\/uploads\\\/bsm-images\\\/a077520_1.jpg\",\"datePublished\":\"2026-04-05T12:29:54+00:00\",\"dateModified\":\"2026-04-20T10:48:59+00:00\",\"description\":\"AXCEL ARMORTECH LITE PRO - CARBON PRO BAR 41mm - 3 PIN .010 TACTICAL BOWHUNTING\\\/BLACK g\u00fcnstig kaufen bei Bogensportdiscount \u2013 Top-Marken, schneller Versand aus der Schweiz.\",\"breadcrumb\":{\"@id\":\"https:\\\/\\\/bogensportdiscount.ch\\\/produkt\\\/axcel-compound-visier-armortech-lite-pro-carbon-pro-bar-41mm-3-pin-010-tactical-bowhunting-schwarz\\\/#breadcrumb\"},\"inLanguage\":\"fr-FR\",\"potentialAction\":[{\"@type\":\"ReadAction\",\"target\":[\"https:\\\/\\\/bogensportdiscount.ch\\\/produkt\\\/axcel-compound-visier-armortech-lite-pro-carbon-pro-bar-41mm-3-pin-010-tactical-bowhunting-schwarz\\\/\"]}]},{\"@type\":\"ImageObject\",\"inLanguage\":\"fr-FR\",\"@id\":\"https:\\\/\\\/bogensportdiscount.ch\\\/produkt\\\/axcel-compound-visier-armortech-lite-pro-carbon-pro-bar-41mm-3-pin-010-tactical-bowhunting-schwarz\\\/#primaryimage\",\"url\":\"https:\\\/\\\/bogensportdiscount.ch\\\/wp-content\\\/uploads\\\/bsm-images\\\/a077520_1.jpg\",\"contentUrl\":\"https:\\\/\\\/bogensportdiscount.ch\\\/wp-content\\\/uploads\\\/bsm-images\\\/a077520_1.jpg\",\"width\":399,\"height\":115},{\"@type\":\"BreadcrumbList\",\"@id\":\"https:\\\/\\\/bogensportdiscount.ch\\\/produkt\\\/axcel-compound-visier-armortech-lite-pro-carbon-pro-bar-41mm-3-pin-010-tactical-bowhunting-schwarz\\\/#breadcrumb\",\"itemListElement\":[{\"@type\":\"ListItem\",\"position\":1,\"name\":\"Home\",\"item\":\"https:\\\/\\\/bogensportdiscount.ch\\\/\"},{\"@type\":\"ListItem\",\"position\":2,\"name\":\"Shop\",\"item\":\"https:\\\/\\\/bogensportdiscount.ch\\\/shop\\\/\"},{\"@type\":\"ListItem\",\"position\":3,\"name\":\"AXCEL ARMORTECH LITE PRO &#8211; CARBON PRO BAR 41mm &#8211; 3 PIN .010 TACTICAL BOWHUNTING\\\/BLACK\"}]},{\"@type\":\"WebSite\",\"@id\":\"https:\\\/\\\/bogensportdiscount.ch\\\/#website\",\"url\":\"https:\\\/\\\/bogensportdiscount.ch\\\/\",\"name\":\"Bogensportdiscount\",\"description\":\"\",\"potentialAction\":[{\"@type\":\"SearchAction\",\"target\":{\"@type\":\"EntryPoint\",\"urlTemplate\":\"https:\\\/\\\/bogensportdiscount.ch\\\/?s={search_term_string}\"},\"query-input\":{\"@type\":\"PropertyValueSpecification\",\"valueRequired\":true,\"valueName\":\"search_term_string\"}}],\"inLanguage\":\"fr-FR\"}]}<\/script>\n<!-- \/ Yoast SEO plugin. -->","yoast_head_json":{"title":"AXCEL ARMORTECH LITE PRO - CARBON PRO BAR 41 mm - 3 broches .010 TACTICAL BOWHUNTING\/NOIR - Bogensportdiscount \u2013 Arcs, fl\u00e8ches, cibles et accessoires","description":"AXCEL ARMORTECH LITE PRO - CARBON PRO BAR 41 mm - 3 broches .010 TACTICAL BOWHUNTING\/BLACK : achetez-le \u00e0 prix avantageux chez Bogensportdiscount \u2013 Les meilleures marques, livraison rapide depuis la Suisse.","robots":{"index":"index","follow":"follow","max-snippet":"max-snippet:-1","max-image-preview":"max-image-preview:large","max-video-preview":"max-video-preview:-1"},"canonical":"https:\/\/bogensportdiscount.ch\/fr\/produit\/axcel-compound-visier-armortech-lite-pro-carbon-pro-bar-41mm-3-pin-010-tactical-bowhunting-schwarz\/","og_locale":"fr_FR","og_type":"article","og_title":"AXCEL ARMORTECH LITE PRO - CARBON PRO BAR 41 mm - 3 broches .010 TACTICAL BOWHUNTING\/NOIR - Bogensportdiscount \u2013 Arcs, fl\u00e8ches, cibles et accessoires","og_description":"AXCEL ARMORTECH LITE PRO - CARBON PRO BAR 41 mm - 3 broches .010 TACTICAL BOWHUNTING\/BLACK : achetez-le \u00e0 prix avantageux chez Bogensportdiscount \u2013 Les meilleures marques, livraison rapide depuis la Suisse.","og_url":"https:\/\/bogensportdiscount.ch\/fr\/produit\/axcel-compound-visier-armortech-lite-pro-carbon-pro-bar-41mm-3-pin-010-tactical-bowhunting-schwarz\/","og_site_name":"Bogensportdiscount \u2013 B\u00f6gen, Pfeile, Targets &amp; Zubeh\u00f6r","article_modified_time":"2026-04-20T10:48:59+00:00","og_image":[{"width":399,"height":115,"url":"https:\/\/bogensportdiscount.ch\/wp-content\/uploads\/bsm-images\/a077520_1.jpg","type":"image\/jpeg"}],"twitter_card":"summary_large_image","twitter_misc":{"Dur\u00e9e de lecture estim\u00e9e":"1 minute"},"schema":{"@context":"https:\/\/schema.org","@graph":[{"@type":"WebPage","@id":"https:\/\/bogensportdiscount.ch\/produkt\/axcel-compound-visier-armortech-lite-pro-carbon-pro-bar-41mm-3-pin-010-tactical-bowhunting-schwarz\/","url":"https:\/\/bogensportdiscount.ch\/produkt\/axcel-compound-visier-armortech-lite-pro-carbon-pro-bar-41mm-3-pin-010-tactical-bowhunting-schwarz\/","name":"AXCEL ARMORTECH LITE PRO - CARBON PRO BAR 41 mm - 3 broches .010 TACTICAL BOWHUNTING\/NOIR - Bogensportdiscount \u2013 Arcs, fl\u00e8ches, cibles et accessoires","isPartOf":{"@id":"https:\/\/bogensportdiscount.ch\/#website"},"primaryImageOfPage":{"@id":"https:\/\/bogensportdiscount.ch\/produkt\/axcel-compound-visier-armortech-lite-pro-carbon-pro-bar-41mm-3-pin-010-tactical-bowhunting-schwarz\/#primaryimage"},"image":{"@id":"https:\/\/bogensportdiscount.ch\/produkt\/axcel-compound-visier-armortech-lite-pro-carbon-pro-bar-41mm-3-pin-010-tactical-bowhunting-schwarz\/#primaryimage"},"thumbnailUrl":"https:\/\/bogensportdiscount.ch\/wp-content\/uploads\/bsm-images\/a077520_1.jpg","datePublished":"2026-04-05T12:29:54+00:00","dateModified":"2026-04-20T10:48:59+00:00","description":"AXCEL ARMORTECH LITE PRO - CARBON PRO BAR 41 mm - 3 broches .010 TACTICAL BOWHUNTING\/BLACK : achetez-le \u00e0 prix avantageux chez Bogensportdiscount \u2013 Les meilleures marques, livraison rapide depuis la Suisse.","breadcrumb":{"@id":"https:\/\/bogensportdiscount.ch\/produkt\/axcel-compound-visier-armortech-lite-pro-carbon-pro-bar-41mm-3-pin-010-tactical-bowhunting-schwarz\/#breadcrumb"},"inLanguage":"fr-FR","potentialAction":[{"@type":"ReadAction","target":["https:\/\/bogensportdiscount.ch\/produkt\/axcel-compound-visier-armortech-lite-pro-carbon-pro-bar-41mm-3-pin-010-tactical-bowhunting-schwarz\/"]}]},{"@type":"ImageObject","inLanguage":"fr-FR","@id":"https:\/\/bogensportdiscount.ch\/produkt\/axcel-compound-visier-armortech-lite-pro-carbon-pro-bar-41mm-3-pin-010-tactical-bowhunting-schwarz\/#primaryimage","url":"https:\/\/bogensportdiscount.ch\/wp-content\/uploads\/bsm-images\/a077520_1.jpg","contentUrl":"https:\/\/bogensportdiscount.ch\/wp-content\/uploads\/bsm-images\/a077520_1.jpg","width":399,"height":115},{"@type":"BreadcrumbList","@id":"https:\/\/bogensportdiscount.ch\/produkt\/axcel-compound-visier-armortech-lite-pro-carbon-pro-bar-41mm-3-pin-010-tactical-bowhunting-schwarz\/#breadcrumb","itemListElement":[{"@type":"ListItem","position":1,"name":"Home","item":"https:\/\/bogensportdiscount.ch\/"},{"@type":"ListItem","position":2,"name":"Shop","item":"https:\/\/bogensportdiscount.ch\/shop\/"},{"@type":"ListItem","position":3,"name":"AXCEL ARMORTECH LITE PRO &#8211; CARBON PRO BAR 41mm &#8211; 3 PIN .010 TACTICAL BOWHUNTING\/BLACK"}]},{"@type":"WebSite","@id":"https:\/\/bogensportdiscount.ch\/#website","url":"https:\/\/bogensportdiscount.ch\/","name":"Bogensportdiscount","description":"","potentialAction":[{"@type":"SearchAction","target":{"@type":"EntryPoint","urlTemplate":"https:\/\/bogensportdiscount.ch\/?s={search_term_string}"},"query-input":{"@type":"PropertyValueSpecification","valueRequired":true,"valueName":"search_term_string"}}],"inLanguage":"fr-FR"}]}},"_links":{"self":[{"href":"https:\/\/bogensportdiscount.ch\/fr\/wp-json\/wp\/v2\/product\/393486","targetHints":{"allow":["GET"]}}],"collection":[{"href":"https:\/\/bogensportdiscount.ch\/fr\/wp-json\/wp\/v2\/product"}],"about":[{"href":"https:\/\/bogensportdiscount.ch\/fr\/wp-json\/wp\/v2\/types\/product"}],"replies":[{"embeddable":true,"href":"https:\/\/bogensportdiscount.ch\/fr\/wp-json\/wp\/v2\/comments?post=393486"}],"wp:featuredmedia":[{"embeddable":true,"href":"https:\/\/bogensportdiscount.ch\/fr\/wp-json\/wp\/v2\/media\/453141"}],"wp:attachment":[{"href":"https:\/\/bogensportdiscount.ch\/fr\/wp-json\/wp\/v2\/media?parent=393486"}],"wp:term":[{"taxonomy":"product_brand","embeddable":true,"href":"https:\/\/bogensportdiscount.ch\/fr\/wp-json\/wp\/v2\/product_brand?post=393486"},{"taxonomy":"product_cat","embeddable":true,"href":"https:\/\/bogensportdiscount.ch\/fr\/wp-json\/wp\/v2\/product_cat?post=393486"},{"taxonomy":"product_tag","embeddable":true,"href":"https:\/\/bogensportdiscount.ch\/fr\/wp-json\/wp\/v2\/product_tag?post=393486"}],"curies":[{"name":"wp","href":"https:\/\/api.w.org\/{rel}","templated":true}]}}