{"id":393484,"date":"2026-04-05T14:29:53","date_gmt":"2026-04-05T12:29:53","guid":{"rendered":"https:\/\/bogensportdiscount.ch\/produkt\/axcel-armortech-lite-pro-carbon-pro-bar-41mm-3-pin-019-tactical-bowhunting-black\/"},"modified":"2026-04-20T12:48:59","modified_gmt":"2026-04-20T10:48:59","slug":"axcel-compound-visier-armortech-lite-pro-carbon-pro-bar-41mm-3-pin-019-tactical-bowhunting-schwarz","status":"publish","type":"product","link":"https:\/\/bogensportdiscount.ch\/fr\/produit\/axcel-compound-visier-armortech-lite-pro-carbon-pro-bar-41mm-3-pin-019-tactical-bowhunting-schwarz\/","title":{"rendered":"AXCEL ARMORTECH LITE PRO - CARBON PRO BAR 41mm - 3 PIN .019 TACTICAL BOWHUNTING\/BLACK"},"content":{"rendered":"<p>Das Axcel Armortech Lite Pro Carbon Pro Bar ist ein Compound-Visier aus dem Bereich Jagd und 3D-Bogenschiessen. Es ist mit einem 41mm Carbon Pro Bar ausgestattet, der durch die Verwendung von Carbon eine reduzierte Masse bei gleichzeitig hoher Steifigkeit bietet.<\/p>\n<p>Das Visier verf\u00fcgt \u00fcber drei Pins in der St\u00e4rke .019, die sich f\u00fcr unterschiedliche Distanzen einrichten lassen. Die taktische Ausf\u00fchrung (Tactical Bowhunting) in Schwarz macht es unauff\u00e4llig und praxisorientiert f\u00fcr den Jagdeinsatz.<\/p>\n<ul>\n<li>41mm Carbon Pro Bar f\u00fcr geringes Gewicht<\/li>\n<li>3-Pin-Konfiguration, Pinst\u00e4rke .019<\/li>\n<li>Ausf\u00fchrung Tactical Bowhunting in Schwarz<\/li>\n<li>Geeignet f\u00fcr Compound-Jagd und 3D-Bogenschiessen<\/li>\n<\/ul>","protected":false},"excerpt":{"rendered":"<p><strong>Marque :<\/strong> Axcel<br \/><strong>LH\/RH:<\/strong> Ambidextre<br \/><strong>Couleur:<\/strong> Vert<br \/><strong>Nombre de pins :<\/strong> 3<br \/><strong>Taille du pin :<\/strong> 019<br \/><strong>GTIN:<\/strong> 611254340332<\/p>","protected":false},"featured_media":524694,"comment_status":"open","ping_status":"closed","template":"","meta":[],"product_brand":[467],"product_cat":[4263],"product_tag":[3546],"class_list":{"0":"post-393484","1":"product","2":"type-product","3":"status-publish","4":"has-post-thumbnail","6":"product_brand-axcel","7":"product_cat-jagd-und-3d-visiere","8":"product_tag-neuheit","9":"product_shipping_class-bsd-standard","11":"first","12":"instock","13":"shipping-taxable","14":"purchasable","15":"product-type-simple"},"yoast_head":"<!-- This site is optimized with the Yoast SEO plugin v27.4 - https:\/\/yoast.com\/product\/yoast-seo-wordpress\/ -->\n<title>AXCEL ARMORTECH LITE PRO - CARBON PRO BAR 41 mm - 3 broches .019 TACTICAL BOWHUNTING\/NOIR - Bogensportdiscount \u2013 Arcs, fl\u00e8ches, cibles et accessoires<\/title>\n<meta name=\"description\" content=\"AXCEL ARMORTECH LITE PRO - CARBON PRO BAR 41 mm - 3 broches .019 TACTICAL BOWHUNTING\/BLACK : achetez-le \u00e0 prix avantageux chez Bogensportdiscount \u2013 Les meilleures marques, livraison rapide depuis la Suisse.\" \/>\n<meta name=\"robots\" content=\"index, follow, max-snippet:-1, max-image-preview:large, max-video-preview:-1\" \/>\n<link rel=\"canonical\" href=\"https:\/\/bogensportdiscount.ch\/fr\/produit\/axcel-compound-visier-armortech-lite-pro-carbon-pro-bar-41mm-3-pin-019-tactical-bowhunting-schwarz\/\" \/>\n<meta property=\"og:locale\" content=\"fr_FR\" \/>\n<meta property=\"og:type\" content=\"article\" \/>\n<meta property=\"og:title\" content=\"AXCEL ARMORTECH LITE PRO - CARBON PRO BAR 41 mm - 3 broches .019 TACTICAL BOWHUNTING\/NOIR - Bogensportdiscount \u2013 Arcs, fl\u00e8ches, cibles et accessoires\" \/>\n<meta property=\"og:description\" content=\"AXCEL ARMORTECH LITE PRO - CARBON PRO BAR 41 mm - 3 broches .019 TACTICAL BOWHUNTING\/BLACK : achetez-le \u00e0 prix avantageux chez Bogensportdiscount \u2013 Les meilleures marques, livraison rapide depuis la Suisse.\" \/>\n<meta property=\"og:url\" content=\"https:\/\/bogensportdiscount.ch\/fr\/produit\/axcel-compound-visier-armortech-lite-pro-carbon-pro-bar-41mm-3-pin-019-tactical-bowhunting-schwarz\/\" \/>\n<meta property=\"og:site_name\" content=\"Bogensportdiscount \u2013 B\u00f6gen, Pfeile, Targets &amp; Zubeh\u00f6r\" \/>\n<meta property=\"article:modified_time\" content=\"2026-04-20T10:48:59+00:00\" \/>\n<meta property=\"og:image\" content=\"https:\/\/bogensportdiscount.ch\/wp-content\/uploads\/bsm-images\/A077517_1.png\" \/>\n\t<meta property=\"og:image:width\" content=\"3166\" \/>\n\t<meta property=\"og:image:height\" content=\"913\" \/>\n\t<meta property=\"og:image:type\" content=\"image\/png\" \/>\n<meta name=\"twitter:card\" content=\"summary_large_image\" \/>\n<script type=\"application\/ld+json\" class=\"yoast-schema-graph\">{\"@context\":\"https:\\\/\\\/schema.org\",\"@graph\":[{\"@type\":\"WebPage\",\"@id\":\"https:\\\/\\\/bogensportdiscount.ch\\\/produkt\\\/axcel-compound-visier-armortech-lite-pro-carbon-pro-bar-41mm-3-pin-019-tactical-bowhunting-schwarz\\\/\",\"url\":\"https:\\\/\\\/bogensportdiscount.ch\\\/produkt\\\/axcel-compound-visier-armortech-lite-pro-carbon-pro-bar-41mm-3-pin-019-tactical-bowhunting-schwarz\\\/\",\"name\":\"AXCEL ARMORTECH LITE PRO - CARBON PRO BAR 41mm - 3 PIN .019 TACTICAL BOWHUNTING\\\/BLACK - Bogensportdiscount \u2013 B\u00f6gen, Pfeile, Targets &amp; Zubeh\u00f6r\",\"isPartOf\":{\"@id\":\"https:\\\/\\\/bogensportdiscount.ch\\\/#website\"},\"primaryImageOfPage\":{\"@id\":\"https:\\\/\\\/bogensportdiscount.ch\\\/produkt\\\/axcel-compound-visier-armortech-lite-pro-carbon-pro-bar-41mm-3-pin-019-tactical-bowhunting-schwarz\\\/#primaryimage\"},\"image\":{\"@id\":\"https:\\\/\\\/bogensportdiscount.ch\\\/produkt\\\/axcel-compound-visier-armortech-lite-pro-carbon-pro-bar-41mm-3-pin-019-tactical-bowhunting-schwarz\\\/#primaryimage\"},\"thumbnailUrl\":\"https:\\\/\\\/bogensportdiscount.ch\\\/wp-content\\\/uploads\\\/bsm-images\\\/A077517_1.png\",\"datePublished\":\"2026-04-05T12:29:53+00:00\",\"dateModified\":\"2026-04-20T10:48:59+00:00\",\"description\":\"AXCEL ARMORTECH LITE PRO - CARBON PRO BAR 41mm - 3 PIN .019 TACTICAL BOWHUNTING\\\/BLACK g\u00fcnstig kaufen bei Bogensportdiscount \u2013 Top-Marken, schneller Versand aus der Schweiz.\",\"breadcrumb\":{\"@id\":\"https:\\\/\\\/bogensportdiscount.ch\\\/produkt\\\/axcel-compound-visier-armortech-lite-pro-carbon-pro-bar-41mm-3-pin-019-tactical-bowhunting-schwarz\\\/#breadcrumb\"},\"inLanguage\":\"fr-FR\",\"potentialAction\":[{\"@type\":\"ReadAction\",\"target\":[\"https:\\\/\\\/bogensportdiscount.ch\\\/produkt\\\/axcel-compound-visier-armortech-lite-pro-carbon-pro-bar-41mm-3-pin-019-tactical-bowhunting-schwarz\\\/\"]}]},{\"@type\":\"ImageObject\",\"inLanguage\":\"fr-FR\",\"@id\":\"https:\\\/\\\/bogensportdiscount.ch\\\/produkt\\\/axcel-compound-visier-armortech-lite-pro-carbon-pro-bar-41mm-3-pin-019-tactical-bowhunting-schwarz\\\/#primaryimage\",\"url\":\"https:\\\/\\\/bogensportdiscount.ch\\\/wp-content\\\/uploads\\\/bsm-images\\\/A077517_1.png\",\"contentUrl\":\"https:\\\/\\\/bogensportdiscount.ch\\\/wp-content\\\/uploads\\\/bsm-images\\\/A077517_1.png\",\"width\":3166,\"height\":913},{\"@type\":\"BreadcrumbList\",\"@id\":\"https:\\\/\\\/bogensportdiscount.ch\\\/produkt\\\/axcel-compound-visier-armortech-lite-pro-carbon-pro-bar-41mm-3-pin-019-tactical-bowhunting-schwarz\\\/#breadcrumb\",\"itemListElement\":[{\"@type\":\"ListItem\",\"position\":1,\"name\":\"Home\",\"item\":\"https:\\\/\\\/bogensportdiscount.ch\\\/\"},{\"@type\":\"ListItem\",\"position\":2,\"name\":\"Shop\",\"item\":\"https:\\\/\\\/bogensportdiscount.ch\\\/shop\\\/\"},{\"@type\":\"ListItem\",\"position\":3,\"name\":\"AXCEL ARMORTECH LITE PRO &#8211; CARBON PRO BAR 41mm &#8211; 3 PIN .019 TACTICAL BOWHUNTING\\\/BLACK\"}]},{\"@type\":\"WebSite\",\"@id\":\"https:\\\/\\\/bogensportdiscount.ch\\\/#website\",\"url\":\"https:\\\/\\\/bogensportdiscount.ch\\\/\",\"name\":\"Bogensportdiscount\",\"description\":\"\",\"potentialAction\":[{\"@type\":\"SearchAction\",\"target\":{\"@type\":\"EntryPoint\",\"urlTemplate\":\"https:\\\/\\\/bogensportdiscount.ch\\\/?s={search_term_string}\"},\"query-input\":{\"@type\":\"PropertyValueSpecification\",\"valueRequired\":true,\"valueName\":\"search_term_string\"}}],\"inLanguage\":\"fr-FR\"}]}<\/script>\n<!-- \/ Yoast SEO plugin. -->","yoast_head_json":{"title":"AXCEL ARMORTECH LITE PRO - CARBON PRO BAR 41 mm - 3 broches .019 TACTICAL BOWHUNTING\/NOIR - Bogensportdiscount \u2013 Arcs, fl\u00e8ches, cibles et accessoires","description":"AXCEL ARMORTECH LITE PRO - CARBON PRO BAR 41 mm - 3 broches .019 TACTICAL BOWHUNTING\/BLACK : achetez-le \u00e0 prix avantageux chez Bogensportdiscount \u2013 Les meilleures marques, livraison rapide depuis la Suisse.","robots":{"index":"index","follow":"follow","max-snippet":"max-snippet:-1","max-image-preview":"max-image-preview:large","max-video-preview":"max-video-preview:-1"},"canonical":"https:\/\/bogensportdiscount.ch\/fr\/produit\/axcel-compound-visier-armortech-lite-pro-carbon-pro-bar-41mm-3-pin-019-tactical-bowhunting-schwarz\/","og_locale":"fr_FR","og_type":"article","og_title":"AXCEL ARMORTECH LITE PRO - CARBON PRO BAR 41 mm - 3 broches .019 TACTICAL BOWHUNTING\/NOIR - Bogensportdiscount \u2013 Arcs, fl\u00e8ches, cibles et accessoires","og_description":"AXCEL ARMORTECH LITE PRO - CARBON PRO BAR 41 mm - 3 broches .019 TACTICAL BOWHUNTING\/BLACK : achetez-le \u00e0 prix avantageux chez Bogensportdiscount \u2013 Les meilleures marques, livraison rapide depuis la Suisse.","og_url":"https:\/\/bogensportdiscount.ch\/fr\/produit\/axcel-compound-visier-armortech-lite-pro-carbon-pro-bar-41mm-3-pin-019-tactical-bowhunting-schwarz\/","og_site_name":"Bogensportdiscount \u2013 B\u00f6gen, Pfeile, Targets &amp; Zubeh\u00f6r","article_modified_time":"2026-04-20T10:48:59+00:00","og_image":[{"url":"https:\/\/bogensportdiscount.ch\/wp-content\/uploads\/bsm-images\/A077517_1.png","width":3166,"height":913,"type":"image\/png"}],"twitter_card":"summary_large_image","schema":{"@context":"https:\/\/schema.org","@graph":[{"@type":"WebPage","@id":"https:\/\/bogensportdiscount.ch\/produkt\/axcel-compound-visier-armortech-lite-pro-carbon-pro-bar-41mm-3-pin-019-tactical-bowhunting-schwarz\/","url":"https:\/\/bogensportdiscount.ch\/produkt\/axcel-compound-visier-armortech-lite-pro-carbon-pro-bar-41mm-3-pin-019-tactical-bowhunting-schwarz\/","name":"AXCEL ARMORTECH LITE PRO - CARBON PRO BAR 41 mm - 3 broches .019 TACTICAL BOWHUNTING\/NOIR - Bogensportdiscount \u2013 Arcs, fl\u00e8ches, cibles et accessoires","isPartOf":{"@id":"https:\/\/bogensportdiscount.ch\/#website"},"primaryImageOfPage":{"@id":"https:\/\/bogensportdiscount.ch\/produkt\/axcel-compound-visier-armortech-lite-pro-carbon-pro-bar-41mm-3-pin-019-tactical-bowhunting-schwarz\/#primaryimage"},"image":{"@id":"https:\/\/bogensportdiscount.ch\/produkt\/axcel-compound-visier-armortech-lite-pro-carbon-pro-bar-41mm-3-pin-019-tactical-bowhunting-schwarz\/#primaryimage"},"thumbnailUrl":"https:\/\/bogensportdiscount.ch\/wp-content\/uploads\/bsm-images\/A077517_1.png","datePublished":"2026-04-05T12:29:53+00:00","dateModified":"2026-04-20T10:48:59+00:00","description":"AXCEL ARMORTECH LITE PRO - CARBON PRO BAR 41 mm - 3 broches .019 TACTICAL BOWHUNTING\/BLACK : achetez-le \u00e0 prix avantageux chez Bogensportdiscount \u2013 Les meilleures marques, livraison rapide depuis la Suisse.","breadcrumb":{"@id":"https:\/\/bogensportdiscount.ch\/produkt\/axcel-compound-visier-armortech-lite-pro-carbon-pro-bar-41mm-3-pin-019-tactical-bowhunting-schwarz\/#breadcrumb"},"inLanguage":"fr-FR","potentialAction":[{"@type":"ReadAction","target":["https:\/\/bogensportdiscount.ch\/produkt\/axcel-compound-visier-armortech-lite-pro-carbon-pro-bar-41mm-3-pin-019-tactical-bowhunting-schwarz\/"]}]},{"@type":"ImageObject","inLanguage":"fr-FR","@id":"https:\/\/bogensportdiscount.ch\/produkt\/axcel-compound-visier-armortech-lite-pro-carbon-pro-bar-41mm-3-pin-019-tactical-bowhunting-schwarz\/#primaryimage","url":"https:\/\/bogensportdiscount.ch\/wp-content\/uploads\/bsm-images\/A077517_1.png","contentUrl":"https:\/\/bogensportdiscount.ch\/wp-content\/uploads\/bsm-images\/A077517_1.png","width":3166,"height":913},{"@type":"BreadcrumbList","@id":"https:\/\/bogensportdiscount.ch\/produkt\/axcel-compound-visier-armortech-lite-pro-carbon-pro-bar-41mm-3-pin-019-tactical-bowhunting-schwarz\/#breadcrumb","itemListElement":[{"@type":"ListItem","position":1,"name":"Home","item":"https:\/\/bogensportdiscount.ch\/"},{"@type":"ListItem","position":2,"name":"Shop","item":"https:\/\/bogensportdiscount.ch\/shop\/"},{"@type":"ListItem","position":3,"name":"AXCEL ARMORTECH LITE PRO &#8211; CARBON PRO BAR 41mm &#8211; 3 PIN .019 TACTICAL BOWHUNTING\/BLACK"}]},{"@type":"WebSite","@id":"https:\/\/bogensportdiscount.ch\/#website","url":"https:\/\/bogensportdiscount.ch\/","name":"Bogensportdiscount","description":"","potentialAction":[{"@type":"SearchAction","target":{"@type":"EntryPoint","urlTemplate":"https:\/\/bogensportdiscount.ch\/?s={search_term_string}"},"query-input":{"@type":"PropertyValueSpecification","valueRequired":true,"valueName":"search_term_string"}}],"inLanguage":"fr-FR"}]}},"_links":{"self":[{"href":"https:\/\/bogensportdiscount.ch\/fr\/wp-json\/wp\/v2\/product\/393484","targetHints":{"allow":["GET"]}}],"collection":[{"href":"https:\/\/bogensportdiscount.ch\/fr\/wp-json\/wp\/v2\/product"}],"about":[{"href":"https:\/\/bogensportdiscount.ch\/fr\/wp-json\/wp\/v2\/types\/product"}],"replies":[{"embeddable":true,"href":"https:\/\/bogensportdiscount.ch\/fr\/wp-json\/wp\/v2\/comments?post=393484"}],"wp:featuredmedia":[{"embeddable":true,"href":"https:\/\/bogensportdiscount.ch\/fr\/wp-json\/wp\/v2\/media\/524694"}],"wp:attachment":[{"href":"https:\/\/bogensportdiscount.ch\/fr\/wp-json\/wp\/v2\/media?parent=393484"}],"wp:term":[{"taxonomy":"product_brand","embeddable":true,"href":"https:\/\/bogensportdiscount.ch\/fr\/wp-json\/wp\/v2\/product_brand?post=393484"},{"taxonomy":"product_cat","embeddable":true,"href":"https:\/\/bogensportdiscount.ch\/fr\/wp-json\/wp\/v2\/product_cat?post=393484"},{"taxonomy":"product_tag","embeddable":true,"href":"https:\/\/bogensportdiscount.ch\/fr\/wp-json\/wp\/v2\/product_tag?post=393484"}],"curies":[{"name":"wp","href":"https:\/\/api.w.org\/{rel}","templated":true}]}}