{"id":393481,"date":"2026-04-05T14:29:53","date_gmt":"2026-04-05T12:29:53","guid":{"rendered":"https:\/\/bogensportdiscount.ch\/produkt\/axcel-hunting-3d-sight-landslyde-carbon-pro-slider-accustat-ii-scope-5-pin-019-tactical-bowhunting\/"},"modified":"2026-04-20T12:48:59","modified_gmt":"2026-04-20T10:48:59","slug":"axcel-jagd-3d-visier-landslyde-carbon-pro-slider-accustat-ii-5-pin-019-tactical-bowhunting","status":"publish","type":"product","link":"https:\/\/bogensportdiscount.ch\/fr\/produit\/axcel-jagd-3d-visier-landslyde-carbon-pro-slider-accustat-ii-5-pin-019-tactical-bowhunting\/","title":{"rendered":"AXCEL JAGD &#038; 3D VISIER LANDSLYDE CARBON PRO SLIDER ACCUSTAT II ZIELFERNROHR &#8211; 5 PIN .019 TACTICAL BOWHUNTING"},"content":{"rendered":"<p>Das AXCEL Landslyde Carbon Pro Slider ist ein Jagd- und 3D-Visier mit Slider-Mechanismus und Accustat II Scope. Es ist f\u00fcr Beidh\u00e4nder geeignet und wird direkt am Bogen montiert (Direct Mount).<\/p>\n<p>Das Visier ist mit 5 Pins der Gr\u00f6sse .019 ausgestattet und in Gr\u00fcn erh\u00e4ltlich. Dank der Carbonfaser-Bauweise ist es auf ein geringes Gewicht ausgelegt, was es besonders f\u00fcr den Jagdeinsatz und 3D-Bogensport geeignet macht.<\/p>\n<ul>\n<li>Slider-Mechanismus f\u00fcr flexible Distanzeinstellung<\/li>\n<li>Accustat II Scope f\u00fcr pr\u00e4zises Zielen<\/li>\n<li>5-Pin-Konfiguration (.019) f\u00fcr mehrere Entfernungen<\/li>\n<li>Beidh\u00e4ndig verwendbar, Direct-Mount-Befestigung<\/li>\n<\/ul>","protected":false},"excerpt":{"rendered":"<table>\n<tr>\n<th>Propri\u00e9t\u00e9<\/th>\n<th>Valeur<\/th>\n<\/tr>\n<tr>\n<td>Marque<\/td>\n<td>Axcel<\/td>\n<\/tr>\n<tr>\n<td>Main<\/td>\n<td>Ambidextre<\/td>\n<\/tr>\n<tr>\n<td>Couleur<\/td>\n<td>Vert<\/td>\n<\/tr>\n<tr>\n<td>Type<\/td>\n<td>Direct Mount<\/td>\n<\/tr>\n<tr>\n<td>Nombre de pins<\/td>\n<td>5<\/td>\n<\/tr>\n<tr>\n<td>Taille du pin<\/td>\n<td>.019<\/td>\n<\/tr>\n<tr>\n<td>Origine<\/td>\n<td>USA<\/td>\n<\/tr>\n<\/table>","protected":false},"featured_media":524241,"comment_status":"open","ping_status":"closed","template":"","meta":[],"product_brand":[467],"product_cat":[4263],"product_tag":[3546],"class_list":{"0":"post-393481","1":"product","2":"type-product","3":"status-publish","4":"has-post-thumbnail","6":"product_brand-axcel","7":"product_cat-jagd-und-3d-visiere","8":"product_tag-neuheit","9":"product_shipping_class-bsd-standard","11":"first","12":"instock","13":"shipping-taxable","14":"purchasable","15":"product-type-simple"},"yoast_head":"<!-- This site is optimized with the Yoast SEO plugin v27.4 - https:\/\/yoast.com\/product\/yoast-seo-wordpress\/ -->\n<title>AXCEL JAGD &amp; 3D VISIER LANDSLYDE CARBON PRO SLIDER ACCUSTAT II LUNETTE DE VIS\u00c9E - 5 PIN .019 TACTICAL BOWHUNTING - Bogensportdiscount \u2013 Arcs, fl\u00e8ches, cibles et accessoires<\/title>\n<meta name=\"description\" content=\"Lunette de vis\u00e9e AXCEL JAGD &amp; 3D VISIER LANDSLYDE CARBON PRO SLIDER ACCUSTAT II - 5 PIN .019 TACTICAL BOWHUNTING : achetez-la \u00e0 prix avantageux chez Bogensportdiscount \u2013 Les meilleures marques, livraison rapide depuis la Suisse.\" \/>\n<meta name=\"robots\" content=\"index, follow, max-snippet:-1, max-image-preview:large, max-video-preview:-1\" \/>\n<link rel=\"canonical\" href=\"https:\/\/bogensportdiscount.ch\/fr\/produit\/axcel-jagd-3d-visier-landslyde-carbon-pro-slider-accustat-ii-5-pin-019-tactical-bowhunting\/\" \/>\n<meta property=\"og:locale\" content=\"fr_FR\" \/>\n<meta property=\"og:type\" content=\"article\" \/>\n<meta property=\"og:title\" content=\"AXCEL JAGD &amp; 3D VISIER LANDSLYDE CARBON PRO SLIDER ACCUSTAT II LUNETTE DE VIS\u00c9E - 5 PIN .019 TACTICAL BOWHUNTING - Bogensportdiscount \u2013 Arcs, fl\u00e8ches, cibles et accessoires\" \/>\n<meta property=\"og:description\" content=\"Lunette de vis\u00e9e AXCEL JAGD &amp; 3D VISIER LANDSLYDE CARBON PRO SLIDER ACCUSTAT II - 5 PIN .019 TACTICAL BOWHUNTING : achetez-la \u00e0 prix avantageux chez Bogensportdiscount \u2013 Les meilleures marques, livraison rapide depuis la Suisse.\" \/>\n<meta property=\"og:url\" content=\"https:\/\/bogensportdiscount.ch\/fr\/produit\/axcel-jagd-3d-visier-landslyde-carbon-pro-slider-accustat-ii-5-pin-019-tactical-bowhunting\/\" \/>\n<meta property=\"og:site_name\" content=\"Bogensportdiscount \u2013 B\u00f6gen, Pfeile, Targets &amp; Zubeh\u00f6r\" \/>\n<meta property=\"article:modified_time\" content=\"2026-04-20T10:48:59+00:00\" \/>\n<meta property=\"og:image\" content=\"https:\/\/bogensportdiscount.ch\/wp-content\/uploads\/bsm-images\/A077500_1.png\" \/>\n\t<meta property=\"og:image:width\" content=\"2715\" \/>\n\t<meta property=\"og:image:height\" content=\"1111\" \/>\n\t<meta property=\"og:image:type\" content=\"image\/png\" \/>\n<meta name=\"twitter:card\" content=\"summary_large_image\" \/>\n<script type=\"application\/ld+json\" class=\"yoast-schema-graph\">{\"@context\":\"https:\\\/\\\/schema.org\",\"@graph\":[{\"@type\":\"WebPage\",\"@id\":\"https:\\\/\\\/bogensportdiscount.ch\\\/produkt\\\/axcel-jagd-3d-visier-landslyde-carbon-pro-slider-accustat-ii-5-pin-019-tactical-bowhunting\\\/\",\"url\":\"https:\\\/\\\/bogensportdiscount.ch\\\/produkt\\\/axcel-jagd-3d-visier-landslyde-carbon-pro-slider-accustat-ii-5-pin-019-tactical-bowhunting\\\/\",\"name\":\"AXCEL JAGD & 3D VISIER LANDSLYDE CARBON PRO SLIDER ACCUSTAT II ZIELFERNROHR - 5 PIN .019 TACTICAL BOWHUNTING - Bogensportdiscount \u2013 B\u00f6gen, Pfeile, Targets &amp; Zubeh\u00f6r\",\"isPartOf\":{\"@id\":\"https:\\\/\\\/bogensportdiscount.ch\\\/#website\"},\"primaryImageOfPage\":{\"@id\":\"https:\\\/\\\/bogensportdiscount.ch\\\/produkt\\\/axcel-jagd-3d-visier-landslyde-carbon-pro-slider-accustat-ii-5-pin-019-tactical-bowhunting\\\/#primaryimage\"},\"image\":{\"@id\":\"https:\\\/\\\/bogensportdiscount.ch\\\/produkt\\\/axcel-jagd-3d-visier-landslyde-carbon-pro-slider-accustat-ii-5-pin-019-tactical-bowhunting\\\/#primaryimage\"},\"thumbnailUrl\":\"https:\\\/\\\/bogensportdiscount.ch\\\/wp-content\\\/uploads\\\/bsm-images\\\/A077500_1.png\",\"datePublished\":\"2026-04-05T12:29:53+00:00\",\"dateModified\":\"2026-04-20T10:48:59+00:00\",\"description\":\"AXCEL JAGD & 3D VISIER LANDSLYDE CARBON PRO SLIDER ACCUSTAT II ZIELFERNROHR - 5 PIN .019 TACTICAL BOWHUNTING g\u00fcnstig kaufen bei Bogensportdiscount \u2013 Top-Marken, schneller Versand aus der Schweiz.\",\"breadcrumb\":{\"@id\":\"https:\\\/\\\/bogensportdiscount.ch\\\/produkt\\\/axcel-jagd-3d-visier-landslyde-carbon-pro-slider-accustat-ii-5-pin-019-tactical-bowhunting\\\/#breadcrumb\"},\"inLanguage\":\"fr-FR\",\"potentialAction\":[{\"@type\":\"ReadAction\",\"target\":[\"https:\\\/\\\/bogensportdiscount.ch\\\/produkt\\\/axcel-jagd-3d-visier-landslyde-carbon-pro-slider-accustat-ii-5-pin-019-tactical-bowhunting\\\/\"]}]},{\"@type\":\"ImageObject\",\"inLanguage\":\"fr-FR\",\"@id\":\"https:\\\/\\\/bogensportdiscount.ch\\\/produkt\\\/axcel-jagd-3d-visier-landslyde-carbon-pro-slider-accustat-ii-5-pin-019-tactical-bowhunting\\\/#primaryimage\",\"url\":\"https:\\\/\\\/bogensportdiscount.ch\\\/wp-content\\\/uploads\\\/bsm-images\\\/A077500_1.png\",\"contentUrl\":\"https:\\\/\\\/bogensportdiscount.ch\\\/wp-content\\\/uploads\\\/bsm-images\\\/A077500_1.png\",\"width\":2715,\"height\":1111},{\"@type\":\"BreadcrumbList\",\"@id\":\"https:\\\/\\\/bogensportdiscount.ch\\\/produkt\\\/axcel-jagd-3d-visier-landslyde-carbon-pro-slider-accustat-ii-5-pin-019-tactical-bowhunting\\\/#breadcrumb\",\"itemListElement\":[{\"@type\":\"ListItem\",\"position\":1,\"name\":\"Home\",\"item\":\"https:\\\/\\\/bogensportdiscount.ch\\\/\"},{\"@type\":\"ListItem\",\"position\":2,\"name\":\"Shop\",\"item\":\"https:\\\/\\\/bogensportdiscount.ch\\\/shop\\\/\"},{\"@type\":\"ListItem\",\"position\":3,\"name\":\"AXCEL JAGD &#038; 3D VISIER LANDSLYDE CARBON PRO SLIDER ACCUSTAT II ZIELFERNROHR &#8211; 5 PIN .019 TACTICAL BOWHUNTING\"}]},{\"@type\":\"WebSite\",\"@id\":\"https:\\\/\\\/bogensportdiscount.ch\\\/#website\",\"url\":\"https:\\\/\\\/bogensportdiscount.ch\\\/\",\"name\":\"Bogensportdiscount\",\"description\":\"\",\"potentialAction\":[{\"@type\":\"SearchAction\",\"target\":{\"@type\":\"EntryPoint\",\"urlTemplate\":\"https:\\\/\\\/bogensportdiscount.ch\\\/?s={search_term_string}\"},\"query-input\":{\"@type\":\"PropertyValueSpecification\",\"valueRequired\":true,\"valueName\":\"search_term_string\"}}],\"inLanguage\":\"fr-FR\"}]}<\/script>\n<!-- \/ Yoast SEO plugin. -->","yoast_head_json":{"title":"AXCEL JAGD &amp; 3D VISIER LANDSLYDE CARBON PRO SLIDER ACCUSTAT II LUNETTE DE VIS\u00c9E - 5 PIN .019 TACTICAL BOWHUNTING - Bogensportdiscount \u2013 Arcs, fl\u00e8ches, cibles et accessoires","description":"Lunette de vis\u00e9e AXCEL JAGD &amp; 3D VISIER LANDSLYDE CARBON PRO SLIDER ACCUSTAT II - 5 PIN .019 TACTICAL BOWHUNTING : achetez-la \u00e0 prix avantageux chez Bogensportdiscount \u2013 Les meilleures marques, livraison rapide depuis la Suisse.","robots":{"index":"index","follow":"follow","max-snippet":"max-snippet:-1","max-image-preview":"max-image-preview:large","max-video-preview":"max-video-preview:-1"},"canonical":"https:\/\/bogensportdiscount.ch\/fr\/produit\/axcel-jagd-3d-visier-landslyde-carbon-pro-slider-accustat-ii-5-pin-019-tactical-bowhunting\/","og_locale":"fr_FR","og_type":"article","og_title":"AXCEL JAGD &amp; 3D VISIER LANDSLYDE CARBON PRO SLIDER ACCUSTAT II LUNETTE DE VIS\u00c9E - 5 PIN .019 TACTICAL BOWHUNTING - Bogensportdiscount \u2013 Arcs, fl\u00e8ches, cibles et accessoires","og_description":"Lunette de vis\u00e9e AXCEL JAGD &amp; 3D VISIER LANDSLYDE CARBON PRO SLIDER ACCUSTAT II - 5 PIN .019 TACTICAL BOWHUNTING : achetez-la \u00e0 prix avantageux chez Bogensportdiscount \u2013 Les meilleures marques, livraison rapide depuis la Suisse.","og_url":"https:\/\/bogensportdiscount.ch\/fr\/produit\/axcel-jagd-3d-visier-landslyde-carbon-pro-slider-accustat-ii-5-pin-019-tactical-bowhunting\/","og_site_name":"Bogensportdiscount \u2013 B\u00f6gen, Pfeile, Targets &amp; Zubeh\u00f6r","article_modified_time":"2026-04-20T10:48:59+00:00","og_image":[{"url":"https:\/\/bogensportdiscount.ch\/wp-content\/uploads\/bsm-images\/A077500_1.png","width":2715,"height":1111,"type":"image\/png"}],"twitter_card":"summary_large_image","schema":{"@context":"https:\/\/schema.org","@graph":[{"@type":"WebPage","@id":"https:\/\/bogensportdiscount.ch\/produkt\/axcel-jagd-3d-visier-landslyde-carbon-pro-slider-accustat-ii-5-pin-019-tactical-bowhunting\/","url":"https:\/\/bogensportdiscount.ch\/produkt\/axcel-jagd-3d-visier-landslyde-carbon-pro-slider-accustat-ii-5-pin-019-tactical-bowhunting\/","name":"AXCEL JAGD &amp; 3D VISIER LANDSLYDE CARBON PRO SLIDER ACCUSTAT II LUNETTE DE VIS\u00c9E - 5 PIN .019 TACTICAL BOWHUNTING - Bogensportdiscount \u2013 Arcs, fl\u00e8ches, cibles et accessoires","isPartOf":{"@id":"https:\/\/bogensportdiscount.ch\/#website"},"primaryImageOfPage":{"@id":"https:\/\/bogensportdiscount.ch\/produkt\/axcel-jagd-3d-visier-landslyde-carbon-pro-slider-accustat-ii-5-pin-019-tactical-bowhunting\/#primaryimage"},"image":{"@id":"https:\/\/bogensportdiscount.ch\/produkt\/axcel-jagd-3d-visier-landslyde-carbon-pro-slider-accustat-ii-5-pin-019-tactical-bowhunting\/#primaryimage"},"thumbnailUrl":"https:\/\/bogensportdiscount.ch\/wp-content\/uploads\/bsm-images\/A077500_1.png","datePublished":"2026-04-05T12:29:53+00:00","dateModified":"2026-04-20T10:48:59+00:00","description":"Lunette de vis\u00e9e AXCEL JAGD &amp; 3D VISIER LANDSLYDE CARBON PRO SLIDER ACCUSTAT II - 5 PIN .019 TACTICAL BOWHUNTING : achetez-la \u00e0 prix avantageux chez Bogensportdiscount \u2013 Les meilleures marques, livraison rapide depuis la Suisse.","breadcrumb":{"@id":"https:\/\/bogensportdiscount.ch\/produkt\/axcel-jagd-3d-visier-landslyde-carbon-pro-slider-accustat-ii-5-pin-019-tactical-bowhunting\/#breadcrumb"},"inLanguage":"fr-FR","potentialAction":[{"@type":"ReadAction","target":["https:\/\/bogensportdiscount.ch\/produkt\/axcel-jagd-3d-visier-landslyde-carbon-pro-slider-accustat-ii-5-pin-019-tactical-bowhunting\/"]}]},{"@type":"ImageObject","inLanguage":"fr-FR","@id":"https:\/\/bogensportdiscount.ch\/produkt\/axcel-jagd-3d-visier-landslyde-carbon-pro-slider-accustat-ii-5-pin-019-tactical-bowhunting\/#primaryimage","url":"https:\/\/bogensportdiscount.ch\/wp-content\/uploads\/bsm-images\/A077500_1.png","contentUrl":"https:\/\/bogensportdiscount.ch\/wp-content\/uploads\/bsm-images\/A077500_1.png","width":2715,"height":1111},{"@type":"BreadcrumbList","@id":"https:\/\/bogensportdiscount.ch\/produkt\/axcel-jagd-3d-visier-landslyde-carbon-pro-slider-accustat-ii-5-pin-019-tactical-bowhunting\/#breadcrumb","itemListElement":[{"@type":"ListItem","position":1,"name":"Home","item":"https:\/\/bogensportdiscount.ch\/"},{"@type":"ListItem","position":2,"name":"Shop","item":"https:\/\/bogensportdiscount.ch\/shop\/"},{"@type":"ListItem","position":3,"name":"AXCEL JAGD &#038; 3D VISIER LANDSLYDE CARBON PRO SLIDER ACCUSTAT II ZIELFERNROHR &#8211; 5 PIN .019 TACTICAL BOWHUNTING"}]},{"@type":"WebSite","@id":"https:\/\/bogensportdiscount.ch\/#website","url":"https:\/\/bogensportdiscount.ch\/","name":"Bogensportdiscount","description":"","potentialAction":[{"@type":"SearchAction","target":{"@type":"EntryPoint","urlTemplate":"https:\/\/bogensportdiscount.ch\/?s={search_term_string}"},"query-input":{"@type":"PropertyValueSpecification","valueRequired":true,"valueName":"search_term_string"}}],"inLanguage":"fr-FR"}]}},"_links":{"self":[{"href":"https:\/\/bogensportdiscount.ch\/fr\/wp-json\/wp\/v2\/product\/393481","targetHints":{"allow":["GET"]}}],"collection":[{"href":"https:\/\/bogensportdiscount.ch\/fr\/wp-json\/wp\/v2\/product"}],"about":[{"href":"https:\/\/bogensportdiscount.ch\/fr\/wp-json\/wp\/v2\/types\/product"}],"replies":[{"embeddable":true,"href":"https:\/\/bogensportdiscount.ch\/fr\/wp-json\/wp\/v2\/comments?post=393481"}],"wp:featuredmedia":[{"embeddable":true,"href":"https:\/\/bogensportdiscount.ch\/fr\/wp-json\/wp\/v2\/media\/524241"}],"wp:attachment":[{"href":"https:\/\/bogensportdiscount.ch\/fr\/wp-json\/wp\/v2\/media?parent=393481"}],"wp:term":[{"taxonomy":"product_brand","embeddable":true,"href":"https:\/\/bogensportdiscount.ch\/fr\/wp-json\/wp\/v2\/product_brand?post=393481"},{"taxonomy":"product_cat","embeddable":true,"href":"https:\/\/bogensportdiscount.ch\/fr\/wp-json\/wp\/v2\/product_cat?post=393481"},{"taxonomy":"product_tag","embeddable":true,"href":"https:\/\/bogensportdiscount.ch\/fr\/wp-json\/wp\/v2\/product_tag?post=393481"}],"curies":[{"name":"wp","href":"https:\/\/api.w.org\/{rel}","templated":true}]}}