{"id":393474,"date":"2026-04-05T14:29:51","date_gmt":"2026-04-05T12:29:51","guid":{"rendered":"https:\/\/bogensportdiscount.ch\/produkt\/axcel-hunting-3d-sight-landslyde-slider-accustat-ii-scope-5-pin-019-tactical-bowhunting\/"},"modified":"2026-04-20T12:48:59","modified_gmt":"2026-04-20T10:48:59","slug":"axcel-compound-jagd-3d-visier-landslyde-slider-accustat-ii-scope-5-pin-019-tactical-bowhunting","status":"publish","type":"product","link":"https:\/\/bogensportdiscount.ch\/fr\/produit\/axcel-compound-jagd-3d-visier-landslyde-slider-accustat-ii-scope-5-pin-019-tactical-bowhunting\/","title":{"rendered":"AXCEL JAGD &#038; 3D VISIER LANDSLYDE SLIDER ACCUSTAT II ZIELFERNROHR &#8211; 5 PIN .019 TACTICAL BOWHUNTING"},"content":{"rendered":"<p>Das AXCEL Landslyde Slider Accustat II ist ein Compound-Visier aus der Jagd- und 3D-Kategorie, das mit einem gleitenden Slider-Mechanismus ausgestattet ist. Dieser erm\u00f6glicht eine schnelle Entfernungsanpassung ohne das Visier komplett neu einstellen zu m\u00fcssen. Die 5-Pin-Konfiguration mit .019-Zoll-Pins bietet eine klare Ausrichtung auch bei schwierigen Lichtverh\u00e4ltnissen.<\/p>\n<p>Das Visier ist speziell auf die Bed\u00fcrfnisse von Bogenj\u00e4gern und 3D-Sch\u00fctzen ausgelegt und wird mit dem Accustat II Scope geliefert. Die taktische Ausf\u00fchrung (Tactical Bowhunting) deutet auf eine robuste, praxisorientierte Konstruktion hin, die auch unter anspruchsvollen Bedingungen zuverl\u00e4ssig funktioniert.<\/p>\n<ul>\n<li>Slider-Mechanismus f\u00fcr schnelle Entfernungsanpassung<\/li>\n<li>5-Pin-Setup mit .019-Zoll-Pins<\/li>\n<li>Inklusive Accustat II Scope<\/li>\n<li>Convient pour la chasse et le tir \u00e0 l'arc 3D<\/li>\n<\/ul>","protected":false},"excerpt":{"rendered":"<p><strong>Marque :<\/strong> Axcel<br \/><strong>LH\/RH:<\/strong> Ambidextre<br \/><strong>Couleur:<\/strong> Vert<br \/><strong>Type :<\/strong> Montage direct<br \/><strong>Nombre de pins :<\/strong> 5<br \/><strong>Taille du pin :<\/strong> 019<br \/><strong>GTIN:<\/strong> 611254295502<\/p>","protected":false},"featured_media":524697,"comment_status":"open","ping_status":"closed","template":"","meta":[],"product_brand":[467],"product_cat":[4263],"product_tag":[3546],"class_list":{"0":"post-393474","1":"product","2":"type-product","3":"status-publish","4":"has-post-thumbnail","6":"product_brand-axcel","7":"product_cat-jagd-und-3d-visiere","8":"product_tag-neuheit","9":"product_shipping_class-bsd-standard","11":"first","12":"instock","13":"shipping-taxable","14":"purchasable","15":"product-type-simple"},"yoast_head":"<!-- This site is optimized with the Yoast SEO plugin v27.4 - https:\/\/yoast.com\/product\/yoast-seo-wordpress\/ -->\n<title>AXCEL JAGD &amp; 3D VISIER LANDSLYDE SLIDER ACCUSTAT II LUNETTE DE VIS\u00c9E - 5 PIN .019 TACTICAL BOWHUNTING - Bogensportdiscount \u2013 Arcs, fl\u00e8ches, cibles et accessoires<\/title>\n<meta name=\"description\" content=\"Lunette de vis\u00e9e AXCEL JAGD &amp; 3D VISIER LANDSLYDE SLIDER ACCUSTAT II - 5 PIN .019 TACTICAL BOWHUNTING : achetez-la \u00e0 prix avantageux chez Bogensportdiscount \u2013 Les meilleures marques, livraison rapide depuis la Suisse.\" \/>\n<meta name=\"robots\" content=\"index, follow, max-snippet:-1, max-image-preview:large, max-video-preview:-1\" \/>\n<link rel=\"canonical\" href=\"https:\/\/bogensportdiscount.ch\/fr\/produit\/axcel-compound-jagd-3d-visier-landslyde-slider-accustat-ii-scope-5-pin-019-tactical-bowhunting\/\" \/>\n<meta property=\"og:locale\" content=\"fr_FR\" \/>\n<meta property=\"og:type\" content=\"article\" \/>\n<meta property=\"og:title\" content=\"AXCEL JAGD &amp; 3D VISIER LANDSLYDE SLIDER ACCUSTAT II LUNETTE DE VIS\u00c9E - 5 PIN .019 TACTICAL BOWHUNTING - Bogensportdiscount \u2013 Arcs, fl\u00e8ches, cibles et accessoires\" \/>\n<meta property=\"og:description\" content=\"Lunette de vis\u00e9e AXCEL JAGD &amp; 3D VISIER LANDSLYDE SLIDER ACCUSTAT II - 5 PIN .019 TACTICAL BOWHUNTING : achetez-la \u00e0 prix avantageux chez Bogensportdiscount \u2013 Les meilleures marques, livraison rapide depuis la Suisse.\" \/>\n<meta property=\"og:url\" content=\"https:\/\/bogensportdiscount.ch\/fr\/produit\/axcel-compound-jagd-3d-visier-landslyde-slider-accustat-ii-scope-5-pin-019-tactical-bowhunting\/\" \/>\n<meta property=\"og:site_name\" content=\"Bogensportdiscount \u2013 B\u00f6gen, Pfeile, Targets &amp; Zubeh\u00f6r\" \/>\n<meta property=\"article:modified_time\" content=\"2026-04-20T10:48:59+00:00\" \/>\n<meta property=\"og:image\" content=\"https:\/\/bogensportdiscount.ch\/wp-content\/uploads\/bsm-images\/A077486_1.png\" \/>\n\t<meta property=\"og:image:width\" content=\"3728\" \/>\n\t<meta property=\"og:image:height\" content=\"1755\" \/>\n\t<meta property=\"og:image:type\" content=\"image\/png\" \/>\n<meta name=\"twitter:card\" content=\"summary_large_image\" \/>\n<meta name=\"twitter:label1\" content=\"Dur\u00e9e de lecture estim\u00e9e\" \/>\n\t<meta name=\"twitter:data1\" content=\"1 minute\" \/>\n<script type=\"application\/ld+json\" class=\"yoast-schema-graph\">{\"@context\":\"https:\\\/\\\/schema.org\",\"@graph\":[{\"@type\":\"WebPage\",\"@id\":\"https:\\\/\\\/bogensportdiscount.ch\\\/produkt\\\/axcel-compound-jagd-3d-visier-landslyde-slider-accustat-ii-scope-5-pin-019-tactical-bowhunting\\\/\",\"url\":\"https:\\\/\\\/bogensportdiscount.ch\\\/produkt\\\/axcel-compound-jagd-3d-visier-landslyde-slider-accustat-ii-scope-5-pin-019-tactical-bowhunting\\\/\",\"name\":\"AXCEL JAGD & 3D VISIER LANDSLYDE SLIDER ACCUSTAT II ZIELFERNROHR - 5 PIN .019 TACTICAL BOWHUNTING - Bogensportdiscount \u2013 B\u00f6gen, Pfeile, Targets &amp; Zubeh\u00f6r\",\"isPartOf\":{\"@id\":\"https:\\\/\\\/bogensportdiscount.ch\\\/#website\"},\"primaryImageOfPage\":{\"@id\":\"https:\\\/\\\/bogensportdiscount.ch\\\/produkt\\\/axcel-compound-jagd-3d-visier-landslyde-slider-accustat-ii-scope-5-pin-019-tactical-bowhunting\\\/#primaryimage\"},\"image\":{\"@id\":\"https:\\\/\\\/bogensportdiscount.ch\\\/produkt\\\/axcel-compound-jagd-3d-visier-landslyde-slider-accustat-ii-scope-5-pin-019-tactical-bowhunting\\\/#primaryimage\"},\"thumbnailUrl\":\"https:\\\/\\\/bogensportdiscount.ch\\\/wp-content\\\/uploads\\\/bsm-images\\\/A077486_1.png\",\"datePublished\":\"2026-04-05T12:29:51+00:00\",\"dateModified\":\"2026-04-20T10:48:59+00:00\",\"description\":\"AXCEL JAGD & 3D VISIER LANDSLYDE SLIDER ACCUSTAT II ZIELFERNROHR - 5 PIN .019 TACTICAL BOWHUNTING g\u00fcnstig kaufen bei Bogensportdiscount \u2013 Top-Marken, schneller Versand aus der Schweiz.\",\"breadcrumb\":{\"@id\":\"https:\\\/\\\/bogensportdiscount.ch\\\/produkt\\\/axcel-compound-jagd-3d-visier-landslyde-slider-accustat-ii-scope-5-pin-019-tactical-bowhunting\\\/#breadcrumb\"},\"inLanguage\":\"fr-FR\",\"potentialAction\":[{\"@type\":\"ReadAction\",\"target\":[\"https:\\\/\\\/bogensportdiscount.ch\\\/produkt\\\/axcel-compound-jagd-3d-visier-landslyde-slider-accustat-ii-scope-5-pin-019-tactical-bowhunting\\\/\"]}]},{\"@type\":\"ImageObject\",\"inLanguage\":\"fr-FR\",\"@id\":\"https:\\\/\\\/bogensportdiscount.ch\\\/produkt\\\/axcel-compound-jagd-3d-visier-landslyde-slider-accustat-ii-scope-5-pin-019-tactical-bowhunting\\\/#primaryimage\",\"url\":\"https:\\\/\\\/bogensportdiscount.ch\\\/wp-content\\\/uploads\\\/bsm-images\\\/A077486_1.png\",\"contentUrl\":\"https:\\\/\\\/bogensportdiscount.ch\\\/wp-content\\\/uploads\\\/bsm-images\\\/A077486_1.png\",\"width\":3728,\"height\":1755},{\"@type\":\"BreadcrumbList\",\"@id\":\"https:\\\/\\\/bogensportdiscount.ch\\\/produkt\\\/axcel-compound-jagd-3d-visier-landslyde-slider-accustat-ii-scope-5-pin-019-tactical-bowhunting\\\/#breadcrumb\",\"itemListElement\":[{\"@type\":\"ListItem\",\"position\":1,\"name\":\"Home\",\"item\":\"https:\\\/\\\/bogensportdiscount.ch\\\/\"},{\"@type\":\"ListItem\",\"position\":2,\"name\":\"Shop\",\"item\":\"https:\\\/\\\/bogensportdiscount.ch\\\/shop\\\/\"},{\"@type\":\"ListItem\",\"position\":3,\"name\":\"AXCEL JAGD &#038; 3D VISIER LANDSLYDE SLIDER ACCUSTAT II ZIELFERNROHR &#8211; 5 PIN .019 TACTICAL BOWHUNTING\"}]},{\"@type\":\"WebSite\",\"@id\":\"https:\\\/\\\/bogensportdiscount.ch\\\/#website\",\"url\":\"https:\\\/\\\/bogensportdiscount.ch\\\/\",\"name\":\"Bogensportdiscount\",\"description\":\"\",\"potentialAction\":[{\"@type\":\"SearchAction\",\"target\":{\"@type\":\"EntryPoint\",\"urlTemplate\":\"https:\\\/\\\/bogensportdiscount.ch\\\/?s={search_term_string}\"},\"query-input\":{\"@type\":\"PropertyValueSpecification\",\"valueRequired\":true,\"valueName\":\"search_term_string\"}}],\"inLanguage\":\"fr-FR\"}]}<\/script>\n<!-- \/ Yoast SEO plugin. -->","yoast_head_json":{"title":"AXCEL JAGD &amp; 3D VISIER LANDSLYDE SLIDER ACCUSTAT II LUNETTE DE VIS\u00c9E - 5 PIN .019 TACTICAL BOWHUNTING - Bogensportdiscount \u2013 Arcs, fl\u00e8ches, cibles et accessoires","description":"Lunette de vis\u00e9e AXCEL JAGD &amp; 3D VISIER LANDSLYDE SLIDER ACCUSTAT II - 5 PIN .019 TACTICAL BOWHUNTING : achetez-la \u00e0 prix avantageux chez Bogensportdiscount \u2013 Les meilleures marques, livraison rapide depuis la Suisse.","robots":{"index":"index","follow":"follow","max-snippet":"max-snippet:-1","max-image-preview":"max-image-preview:large","max-video-preview":"max-video-preview:-1"},"canonical":"https:\/\/bogensportdiscount.ch\/fr\/produit\/axcel-compound-jagd-3d-visier-landslyde-slider-accustat-ii-scope-5-pin-019-tactical-bowhunting\/","og_locale":"fr_FR","og_type":"article","og_title":"AXCEL JAGD &amp; 3D VISIER LANDSLYDE SLIDER ACCUSTAT II LUNETTE DE VIS\u00c9E - 5 PIN .019 TACTICAL BOWHUNTING - Bogensportdiscount \u2013 Arcs, fl\u00e8ches, cibles et accessoires","og_description":"Lunette de vis\u00e9e AXCEL JAGD &amp; 3D VISIER LANDSLYDE SLIDER ACCUSTAT II - 5 PIN .019 TACTICAL BOWHUNTING : achetez-la \u00e0 prix avantageux chez Bogensportdiscount \u2013 Les meilleures marques, livraison rapide depuis la Suisse.","og_url":"https:\/\/bogensportdiscount.ch\/fr\/produit\/axcel-compound-jagd-3d-visier-landslyde-slider-accustat-ii-scope-5-pin-019-tactical-bowhunting\/","og_site_name":"Bogensportdiscount \u2013 B\u00f6gen, Pfeile, Targets &amp; Zubeh\u00f6r","article_modified_time":"2026-04-20T10:48:59+00:00","og_image":[{"url":"https:\/\/bogensportdiscount.ch\/wp-content\/uploads\/bsm-images\/A077486_1.png","width":3728,"height":1755,"type":"image\/png"}],"twitter_card":"summary_large_image","twitter_misc":{"Dur\u00e9e de lecture estim\u00e9e":"1 minute"},"schema":{"@context":"https:\/\/schema.org","@graph":[{"@type":"WebPage","@id":"https:\/\/bogensportdiscount.ch\/produkt\/axcel-compound-jagd-3d-visier-landslyde-slider-accustat-ii-scope-5-pin-019-tactical-bowhunting\/","url":"https:\/\/bogensportdiscount.ch\/produkt\/axcel-compound-jagd-3d-visier-landslyde-slider-accustat-ii-scope-5-pin-019-tactical-bowhunting\/","name":"AXCEL JAGD &amp; 3D VISIER LANDSLYDE SLIDER ACCUSTAT II LUNETTE DE VIS\u00c9E - 5 PIN .019 TACTICAL BOWHUNTING - Bogensportdiscount \u2013 Arcs, fl\u00e8ches, cibles et accessoires","isPartOf":{"@id":"https:\/\/bogensportdiscount.ch\/#website"},"primaryImageOfPage":{"@id":"https:\/\/bogensportdiscount.ch\/produkt\/axcel-compound-jagd-3d-visier-landslyde-slider-accustat-ii-scope-5-pin-019-tactical-bowhunting\/#primaryimage"},"image":{"@id":"https:\/\/bogensportdiscount.ch\/produkt\/axcel-compound-jagd-3d-visier-landslyde-slider-accustat-ii-scope-5-pin-019-tactical-bowhunting\/#primaryimage"},"thumbnailUrl":"https:\/\/bogensportdiscount.ch\/wp-content\/uploads\/bsm-images\/A077486_1.png","datePublished":"2026-04-05T12:29:51+00:00","dateModified":"2026-04-20T10:48:59+00:00","description":"Lunette de vis\u00e9e AXCEL JAGD &amp; 3D VISIER LANDSLYDE SLIDER ACCUSTAT II - 5 PIN .019 TACTICAL BOWHUNTING : achetez-la \u00e0 prix avantageux chez Bogensportdiscount \u2013 Les meilleures marques, livraison rapide depuis la Suisse.","breadcrumb":{"@id":"https:\/\/bogensportdiscount.ch\/produkt\/axcel-compound-jagd-3d-visier-landslyde-slider-accustat-ii-scope-5-pin-019-tactical-bowhunting\/#breadcrumb"},"inLanguage":"fr-FR","potentialAction":[{"@type":"ReadAction","target":["https:\/\/bogensportdiscount.ch\/produkt\/axcel-compound-jagd-3d-visier-landslyde-slider-accustat-ii-scope-5-pin-019-tactical-bowhunting\/"]}]},{"@type":"ImageObject","inLanguage":"fr-FR","@id":"https:\/\/bogensportdiscount.ch\/produkt\/axcel-compound-jagd-3d-visier-landslyde-slider-accustat-ii-scope-5-pin-019-tactical-bowhunting\/#primaryimage","url":"https:\/\/bogensportdiscount.ch\/wp-content\/uploads\/bsm-images\/A077486_1.png","contentUrl":"https:\/\/bogensportdiscount.ch\/wp-content\/uploads\/bsm-images\/A077486_1.png","width":3728,"height":1755},{"@type":"BreadcrumbList","@id":"https:\/\/bogensportdiscount.ch\/produkt\/axcel-compound-jagd-3d-visier-landslyde-slider-accustat-ii-scope-5-pin-019-tactical-bowhunting\/#breadcrumb","itemListElement":[{"@type":"ListItem","position":1,"name":"Home","item":"https:\/\/bogensportdiscount.ch\/"},{"@type":"ListItem","position":2,"name":"Shop","item":"https:\/\/bogensportdiscount.ch\/shop\/"},{"@type":"ListItem","position":3,"name":"AXCEL JAGD &#038; 3D VISIER LANDSLYDE SLIDER ACCUSTAT II ZIELFERNROHR &#8211; 5 PIN .019 TACTICAL BOWHUNTING"}]},{"@type":"WebSite","@id":"https:\/\/bogensportdiscount.ch\/#website","url":"https:\/\/bogensportdiscount.ch\/","name":"Bogensportdiscount","description":"","potentialAction":[{"@type":"SearchAction","target":{"@type":"EntryPoint","urlTemplate":"https:\/\/bogensportdiscount.ch\/?s={search_term_string}"},"query-input":{"@type":"PropertyValueSpecification","valueRequired":true,"valueName":"search_term_string"}}],"inLanguage":"fr-FR"}]}},"_links":{"self":[{"href":"https:\/\/bogensportdiscount.ch\/fr\/wp-json\/wp\/v2\/product\/393474","targetHints":{"allow":["GET"]}}],"collection":[{"href":"https:\/\/bogensportdiscount.ch\/fr\/wp-json\/wp\/v2\/product"}],"about":[{"href":"https:\/\/bogensportdiscount.ch\/fr\/wp-json\/wp\/v2\/types\/product"}],"replies":[{"embeddable":true,"href":"https:\/\/bogensportdiscount.ch\/fr\/wp-json\/wp\/v2\/comments?post=393474"}],"wp:featuredmedia":[{"embeddable":true,"href":"https:\/\/bogensportdiscount.ch\/fr\/wp-json\/wp\/v2\/media\/524697"}],"wp:attachment":[{"href":"https:\/\/bogensportdiscount.ch\/fr\/wp-json\/wp\/v2\/media?parent=393474"}],"wp:term":[{"taxonomy":"product_brand","embeddable":true,"href":"https:\/\/bogensportdiscount.ch\/fr\/wp-json\/wp\/v2\/product_brand?post=393474"},{"taxonomy":"product_cat","embeddable":true,"href":"https:\/\/bogensportdiscount.ch\/fr\/wp-json\/wp\/v2\/product_cat?post=393474"},{"taxonomy":"product_tag","embeddable":true,"href":"https:\/\/bogensportdiscount.ch\/fr\/wp-json\/wp\/v2\/product_tag?post=393474"}],"curies":[{"name":"wp","href":"https:\/\/api.w.org\/{rel}","templated":true}]}}