{"id":393463,"date":"2026-04-05T14:29:48","date_gmt":"2026-04-05T12:29:48","guid":{"rendered":"https:\/\/bogensportdiscount.ch\/produkt\/cold-steel-5-max\/"},"modified":"2026-04-17T13:05:06","modified_gmt":"2026-04-17T11:05:06","slug":"cold-steel-5-max-messer","status":"publish","type":"product","link":"https:\/\/bogensportdiscount.ch\/fr\/produit\/cold-steel-5-max-messer\/","title":{"rendered":"ACIER \u00c0 FROID 5-MAX"},"content":{"rendered":"<p>Das Cold Steel 5-Max ist ein Messer aus dem Sortiment von Cold Steel, einem amerikanischen Hersteller der f\u00fcr seine strapazierf\u00e4higen Klingen bekannt ist. Das Modell richtet sich an Outdoor-Enthusiasten, J\u00e4ger und alle, die ein zuverl\u00e4ssiges Messer f\u00fcr den t\u00e4glichen Einsatz suchen.<\/p>\n<p>Als Teil der Kategorie Messer &amp; Werkzeuge im Bereich Outdoor &amp; Jagd ist das 5-Max f\u00fcr den praktischen Einsatz im Freien konzipiert. Cold Steel steht f\u00fcr solide Materialwahl und funktionale Konstruktion ohne unn\u00f6tigen Schn\u00f6rkel.<\/p>\n<ul>\n<li>Robuste Bauweise f\u00fcr den Outdoor- und Jagdeinsatz<\/li>\n<li>Typische Cold Steel Qualit\u00e4tsverarbeitung<\/li>\n<li>Praxistaugliches Design f\u00fcr den Gel\u00e4ndeeinsatz<\/li>\n<li>Vielseitig einsetzbar als Jagd- und Outdoormesser<\/li>\n<\/ul>","protected":false},"excerpt":{"rendered":"<p><strong>Marque :<\/strong> Cold Steel<br \/><strong>L\u00e4nge (cm):<\/strong> 30,01-35<br \/><strong>Blade shape:<\/strong> Drop Point<br \/><strong>GTIN:<\/strong> 888151045497<\/p>","protected":false},"featured_media":446032,"comment_status":"open","ping_status":"closed","template":"","meta":[],"product_brand":[491],"product_cat":[4352],"product_tag":[3546],"class_list":{"0":"post-393463","1":"product","2":"type-product","3":"status-publish","4":"has-post-thumbnail","6":"product_brand-coldsteel","7":"product_cat-klappbare-klinge","8":"product_tag-neuheit","10":"first","11":"instock","12":"shipping-taxable","13":"purchasable","14":"product-type-simple"},"_links":{"self":[{"href":"https:\/\/bogensportdiscount.ch\/fr\/wp-json\/wp\/v2\/product\/393463","targetHints":{"allow":["GET"]}}],"collection":[{"href":"https:\/\/bogensportdiscount.ch\/fr\/wp-json\/wp\/v2\/product"}],"about":[{"href":"https:\/\/bogensportdiscount.ch\/fr\/wp-json\/wp\/v2\/types\/product"}],"replies":[{"embeddable":true,"href":"https:\/\/bogensportdiscount.ch\/fr\/wp-json\/wp\/v2\/comments?post=393463"}],"wp:featuredmedia":[{"embeddable":true,"href":"https:\/\/bogensportdiscount.ch\/fr\/wp-json\/wp\/v2\/media\/446032"}],"wp:attachment":[{"href":"https:\/\/bogensportdiscount.ch\/fr\/wp-json\/wp\/v2\/media?parent=393463"}],"wp:term":[{"taxonomy":"product_brand","embeddable":true,"href":"https:\/\/bogensportdiscount.ch\/fr\/wp-json\/wp\/v2\/product_brand?post=393463"},{"taxonomy":"product_cat","embeddable":true,"href":"https:\/\/bogensportdiscount.ch\/fr\/wp-json\/wp\/v2\/product_cat?post=393463"},{"taxonomy":"product_tag","embeddable":true,"href":"https:\/\/bogensportdiscount.ch\/fr\/wp-json\/wp\/v2\/product_tag?post=393463"}],"curies":[{"name":"wp","href":"https:\/\/api.w.org\/{rel}","templated":true}]}}