{"id":393460,"date":"2026-04-05T14:29:48","date_gmt":"2026-04-05T12:29:48","guid":{"rendered":"https:\/\/bogensportdiscount.ch\/produkt\/bowtech-centermass-12-black\/"},"modified":"2026-04-16T13:41:43","modified_gmt":"2026-04-16T11:41:43","slug":"bowtech-stabilisator-centermass-12-schwarz","status":"publish","type":"product","link":"https:\/\/bogensportdiscount.ch\/fr\/produit\/bowtech-stabilisator-centermass-12-schwarz\/","title":{"rendered":"BOWTECH CENTERMASS 12\u2033 BLACK"},"content":{"rendered":"<p>Der Bowtech Centermass Stabilisator in 12 Zoll L\u00e4nge wurde f\u00fcr Bogensch\u00fctzen entwickelt, die beim Jagen oder im 3D-Gel\u00e4nde einen zuverl\u00e4ssigen und handlichen Stabilisator ben\u00f6tigen. Mit seiner kompakten Bauweise l\u00e4sst er sich auch in engen Situationen problemlos einsetzen.<\/p>\n<p>Die Farbe Schwarz sorgt f\u00fcr eine unauff\u00e4llige Optik im Feld und passt zum Erscheinungsbild g\u00e4ngiger Jagdb\u00f6gen. Der Stabilisator d\u00e4mpft Vibrationen beim Abschuss und tr\u00e4gt zur ruhigeren Bogenf\u00fchrung bei.<\/p>\n<ul>\n<li>L\u00e4nge: 12 Zoll<\/li>\n<li>Farbe: Schwarz<\/li>\n<li>Geeignet f\u00fcr Jagd und 3D-Bogenschiessen<\/li>\n<li>Kompakte und handliche Bauform<\/li>\n<\/ul>","protected":false},"excerpt":{"rendered":"<p><strong>Length:<\/strong> 6&quot;, 8&quot;, 10&quot;, or 12&quot; (carbon rod only; dampener and weights add 2&quot;)<br \/><strong>mat\u00e9riel :<\/strong> Carbon fibre &amp; aluminium<br \/><strong>Type:<\/strong> Stabiliser<\/p>","protected":false},"featured_media":446029,"comment_status":"open","ping_status":"closed","template":"","meta":[],"product_brand":[451],"product_cat":[4629],"product_tag":[3546],"class_list":{"0":"post-393460","1":"product","2":"type-product","3":"status-publish","4":"has-post-thumbnail","6":"product_brand-bowtech","7":"product_cat-jagd-stabilizer","8":"product_tag-neuheit","10":"first","11":"instock","12":"shipping-taxable","13":"purchasable","14":"product-type-simple"},"_links":{"self":[{"href":"https:\/\/bogensportdiscount.ch\/fr\/wp-json\/wp\/v2\/product\/393460","targetHints":{"allow":["GET"]}}],"collection":[{"href":"https:\/\/bogensportdiscount.ch\/fr\/wp-json\/wp\/v2\/product"}],"about":[{"href":"https:\/\/bogensportdiscount.ch\/fr\/wp-json\/wp\/v2\/types\/product"}],"replies":[{"embeddable":true,"href":"https:\/\/bogensportdiscount.ch\/fr\/wp-json\/wp\/v2\/comments?post=393460"}],"wp:featuredmedia":[{"embeddable":true,"href":"https:\/\/bogensportdiscount.ch\/fr\/wp-json\/wp\/v2\/media\/446029"}],"wp:attachment":[{"href":"https:\/\/bogensportdiscount.ch\/fr\/wp-json\/wp\/v2\/media?parent=393460"}],"wp:term":[{"taxonomy":"product_brand","embeddable":true,"href":"https:\/\/bogensportdiscount.ch\/fr\/wp-json\/wp\/v2\/product_brand?post=393460"},{"taxonomy":"product_cat","embeddable":true,"href":"https:\/\/bogensportdiscount.ch\/fr\/wp-json\/wp\/v2\/product_cat?post=393460"},{"taxonomy":"product_tag","embeddable":true,"href":"https:\/\/bogensportdiscount.ch\/fr\/wp-json\/wp\/v2\/product_tag?post=393460"}],"curies":[{"name":"wp","href":"https:\/\/api.w.org\/{rel}","templated":true}]}}