{"id":393457,"date":"2026-04-05T14:29:47","date_gmt":"2026-04-05T12:29:47","guid":{"rendered":"https:\/\/bogensportdiscount.ch\/produkt\/bowtech-centermass-6-black\/"},"modified":"2026-04-16T13:41:54","modified_gmt":"2026-04-16T11:41:54","slug":"bowtech-stabilisator-centermass-6-schwarz","status":"publish","type":"product","link":"https:\/\/bogensportdiscount.ch\/fr\/produit\/bowtech-stabilisator-centermass-6-schwarz\/","title":{"rendered":"BOWTECH CENTERMASS 6\u2033 BLACK"},"content":{"rendered":"<p>Der Bowtech Centermass ist ein Jagdstabilisator aus Carbon und Aluminium, erh\u00e4ltlich in den L\u00e4ngen 6&#8243;, 8&#8243;, 10&#8243; und 12&#8243; (L\u00e4nge des Carbon-Stabs). Mit montiertem D\u00e4mpfer und Gewichten verl\u00e4ngert sich die Gesamtl\u00e4nge um zus\u00e4tzliche 2&#8243;.<\/p>\n<p>Dank der Kombination aus einem Carbon-Stab und Aluminiumbauteilen bietet der Centermass ein gutes Verh\u00e4ltnis zwischen Gewicht und Stabilisierungsleistung \u2013 geeignet f\u00fcr den Jagdeinsatz sowie den 3D-Bogensport.<\/p>\n<ul>\n<li>Material: Carbon und Aluminium<\/li>\n<li>Erh\u00e4ltlich in vier L\u00e4ngen: 6&#8243;, 8&#8243;, 10&#8243;, 12&#8243;<\/li>\n<li>D\u00e4mpfer und Gewichte im Lieferumfang (addieren 2&#8243; zur Gesamtl\u00e4nge)<\/li>\n<li>Farbe: Schwarz<\/li>\n<\/ul>","protected":false},"excerpt":{"rendered":"<table>\n<tr>\n<th>Propri\u00e9t\u00e9<\/th>\n<th>Valeur<\/th>\n<\/tr>\n<tr>\n<td>Longueur<\/td>\n<td>6&#8243;, 8&#8243;, 10&#8243; oder 12&#8243; (nur Carbon-Stab; D\u00e4mpfer und Gewichte f\u00fcgen 2&#8243; hinzu)<\/td>\n<\/tr>\n<tr>\n<td>Mat\u00e9riau<\/td>\n<td>Carbon und Aluminium<\/td>\n<\/tr>\n<tr>\n<td>Type<\/td>\n<td>Stabilisator<\/td>\n<\/tr>\n<tr>\n<td>Couleur<\/td>\n<td>Schwarz<\/td>\n<\/tr>\n<\/table>","protected":false},"featured_media":446041,"comment_status":"open","ping_status":"closed","template":"","meta":[],"product_brand":[451],"product_cat":[4629],"product_tag":[3546],"class_list":{"0":"post-393457","1":"product","2":"type-product","3":"status-publish","4":"has-post-thumbnail","6":"product_brand-bowtech","7":"product_cat-jagd-stabilizer","8":"product_tag-neuheit","10":"first","11":"instock","12":"shipping-taxable","13":"purchasable","14":"product-type-simple"},"_links":{"self":[{"href":"https:\/\/bogensportdiscount.ch\/fr\/wp-json\/wp\/v2\/product\/393457","targetHints":{"allow":["GET"]}}],"collection":[{"href":"https:\/\/bogensportdiscount.ch\/fr\/wp-json\/wp\/v2\/product"}],"about":[{"href":"https:\/\/bogensportdiscount.ch\/fr\/wp-json\/wp\/v2\/types\/product"}],"replies":[{"embeddable":true,"href":"https:\/\/bogensportdiscount.ch\/fr\/wp-json\/wp\/v2\/comments?post=393457"}],"wp:featuredmedia":[{"embeddable":true,"href":"https:\/\/bogensportdiscount.ch\/fr\/wp-json\/wp\/v2\/media\/446041"}],"wp:attachment":[{"href":"https:\/\/bogensportdiscount.ch\/fr\/wp-json\/wp\/v2\/media?parent=393457"}],"wp:term":[{"taxonomy":"product_brand","embeddable":true,"href":"https:\/\/bogensportdiscount.ch\/fr\/wp-json\/wp\/v2\/product_brand?post=393457"},{"taxonomy":"product_cat","embeddable":true,"href":"https:\/\/bogensportdiscount.ch\/fr\/wp-json\/wp\/v2\/product_cat?post=393457"},{"taxonomy":"product_tag","embeddable":true,"href":"https:\/\/bogensportdiscount.ch\/fr\/wp-json\/wp\/v2\/product_tag?post=393457"}],"curies":[{"name":"wp","href":"https:\/\/api.w.org\/{rel}","templated":true}]}}