{"id":393434,"date":"2026-04-05T14:29:41","date_gmt":"2026-04-05T12:29:41","guid":{"rendered":"https:\/\/bogensportdiscount.ch\/produkt\/mathews-match-string-title-38\/"},"modified":"2026-05-14T07:13:53","modified_gmt":"2026-05-14T05:13:53","slug":"mathews-compound-sehne-match-string-38","status":"publish","type":"product","link":"https:\/\/bogensportdiscount.ch\/fr\/produit\/mathews-compound-sehne-match-string-38\/","title":{"rendered":"MATHEWS CORDE MATCH TITLE 38"},"content":{"rendered":"<p>La MATHEWS Match String 38 est une corde d'arc \u00e0 poulies issue de la gamme d'accessoires MATHEWS. Elle est con\u00e7ue comme remplacement direct de la corde d'origine et garantit des performances de tir constantes et une fiabilit\u00e9 optimale.<\/p>\n<p>La corde est adapt\u00e9e aux arcs MATHEWS avec une longueur de corde de 38 pouces et a \u00e9t\u00e9 fabriqu\u00e9e selon les sp\u00e9cifications du fabricant. Elle convient aux archers souhaitant remplacer leur corde apr\u00e8s une usure normale ou une casse.<\/p>\n<ul>\n<li>Corde d'origine pour les arcs \u00e0 poulies MATHEWS compatibles<\/li>\n<li>Longueur de corde : 38 pouces<\/li>\n<li>Fabrication pr\u00e9cise selon les sp\u00e9cifications MATHEWS<\/li>\n<li>Remplacement direct sans ajustement n\u00e9cessaire<\/li>\n<\/ul>","protected":false},"excerpt":{"rendered":"<table>\n<tr>\n<th>Propri\u00e9t\u00e9<\/th>\n<th>Valeur<\/th>\n<\/tr>\n<tr>\n<td>Marque<\/td>\n<td>Mathews<\/td>\n<\/tr>\n<tr>\n<td>Pays d'origine<\/td>\n<td>USA<\/td>\n<\/tr>\n<\/table>","protected":false},"featured_media":524992,"comment_status":"open","ping_status":"closed","template":"","meta":[],"product_brand":[427],"product_cat":[4128,4639,27452],"product_tag":[3546],"class_list":{"0":"post-393434","1":"product","2":"type-product","3":"status-publish","4":"has-post-thumbnail","6":"product_brand-mathews","7":"product_cat-bogen-zubehoer","8":"product_cat-compound-strings-cables-sehnen-kabel-bogen-zubehoer","9":"product_cat-sehnen-kabel-bogen-zubehoer-2","10":"product_tag-neuheit","11":"product_shipping_class-bsd-standard","13":"first","14":"onbackorder","15":"shipping-taxable","16":"purchasable","17":"product-type-simple"},"yoast_head":"<!-- This site is optimized with the Yoast SEO plugin v27.6 - https:\/\/yoast.com\/product\/yoast-seo-wordpress\/ -->\n<title>MATHEWS MATCH SEHNE TITLE 38 - Bogensportdiscount \u2013 B\u00f6gen, Pfeile, Targets &amp; Zubeh\u00f6r<\/title>\n<meta name=\"description\" content=\"MATHEWS MATCH SEHNE TITLE 38 g\u00fcnstig kaufen bei Bogensportdiscount \u2013 Top-Marken, schneller Versand aus der Schweiz.\" \/>\n<meta name=\"robots\" content=\"index, follow, max-snippet:-1, max-image-preview:large, max-video-preview:-1\" \/>\n<link rel=\"canonical\" href=\"https:\/\/bogensportdiscount.ch\/fr\/produit\/mathews-compound-sehne-match-string-38\/\" \/>\n<meta property=\"og:locale\" content=\"fr_FR\" \/>\n<meta property=\"og:type\" content=\"article\" \/>\n<meta property=\"og:title\" content=\"MATHEWS MATCH SEHNE TITLE 38 - Bogensportdiscount \u2013 B\u00f6gen, Pfeile, Targets &amp; Zubeh\u00f6r\" \/>\n<meta property=\"og:description\" content=\"MATHEWS MATCH SEHNE TITLE 38 g\u00fcnstig kaufen bei Bogensportdiscount \u2013 Top-Marken, schneller Versand aus der Schweiz.\" \/>\n<meta property=\"og:url\" content=\"https:\/\/bogensportdiscount.ch\/fr\/produit\/mathews-compound-sehne-match-string-38\/\" \/>\n<meta property=\"og:site_name\" content=\"Bogensportdiscount \u2013 B\u00f6gen, Pfeile, Targets &amp; Zubeh\u00f6r\" \/>\n<meta property=\"article:modified_time\" content=\"2026-05-14T05:13:53+00:00\" \/>\n<meta property=\"og:image\" content=\"https:\/\/bogensportdiscount.ch\/wp-content\/uploads\/2026\/04\/a074761_1.jpg\" \/>\n\t<meta property=\"og:image:width\" content=\"400\" \/>\n\t<meta property=\"og:image:height\" content=\"95\" \/>\n\t<meta property=\"og:image:type\" content=\"image\/jpeg\" \/>\n<meta name=\"twitter:card\" content=\"summary_large_image\" \/>\n<script type=\"application\/ld+json\" class=\"yoast-schema-graph\">{\"@context\":\"https:\\\/\\\/schema.org\",\"@graph\":[{\"@type\":\"WebPage\",\"@id\":\"https:\\\/\\\/bogensportdiscount.ch\\\/produkt\\\/mathews-compound-sehne-match-string-38\\\/\",\"url\":\"https:\\\/\\\/bogensportdiscount.ch\\\/produkt\\\/mathews-compound-sehne-match-string-38\\\/\",\"name\":\"MATHEWS MATCH SEHNE TITLE 38 - Bogensportdiscount \u2013 B\u00f6gen, Pfeile, Targets &amp; Zubeh\u00f6r\",\"isPartOf\":{\"@id\":\"https:\\\/\\\/bogensportdiscount.ch\\\/#website\"},\"primaryImageOfPage\":{\"@id\":\"https:\\\/\\\/bogensportdiscount.ch\\\/produkt\\\/mathews-compound-sehne-match-string-38\\\/#primaryimage\"},\"image\":{\"@id\":\"https:\\\/\\\/bogensportdiscount.ch\\\/produkt\\\/mathews-compound-sehne-match-string-38\\\/#primaryimage\"},\"thumbnailUrl\":\"https:\\\/\\\/bogensportdiscount.ch\\\/wp-content\\\/uploads\\\/2026\\\/04\\\/a074761_1.jpg\",\"datePublished\":\"2026-04-05T12:29:41+00:00\",\"dateModified\":\"2026-05-14T05:13:53+00:00\",\"description\":\"MATHEWS MATCH SEHNE TITLE 38 g\u00fcnstig kaufen bei Bogensportdiscount \u2013 Top-Marken, schneller Versand aus der Schweiz.\",\"breadcrumb\":{\"@id\":\"https:\\\/\\\/bogensportdiscount.ch\\\/produkt\\\/mathews-compound-sehne-match-string-38\\\/#breadcrumb\"},\"inLanguage\":\"fr-FR\",\"potentialAction\":[{\"@type\":\"ReadAction\",\"target\":[\"https:\\\/\\\/bogensportdiscount.ch\\\/produkt\\\/mathews-compound-sehne-match-string-38\\\/\"]}]},{\"@type\":\"ImageObject\",\"inLanguage\":\"fr-FR\",\"@id\":\"https:\\\/\\\/bogensportdiscount.ch\\\/produkt\\\/mathews-compound-sehne-match-string-38\\\/#primaryimage\",\"url\":\"https:\\\/\\\/bogensportdiscount.ch\\\/wp-content\\\/uploads\\\/2026\\\/04\\\/a074761_1.jpg\",\"contentUrl\":\"https:\\\/\\\/bogensportdiscount.ch\\\/wp-content\\\/uploads\\\/2026\\\/04\\\/a074761_1.jpg\",\"width\":400,\"height\":95},{\"@type\":\"BreadcrumbList\",\"@id\":\"https:\\\/\\\/bogensportdiscount.ch\\\/produkt\\\/mathews-compound-sehne-match-string-38\\\/#breadcrumb\",\"itemListElement\":[{\"@type\":\"ListItem\",\"position\":1,\"name\":\"Home\",\"item\":\"https:\\\/\\\/bogensportdiscount.ch\\\/\"},{\"@type\":\"ListItem\",\"position\":2,\"name\":\"Shop\",\"item\":\"https:\\\/\\\/bogensportdiscount.ch\\\/shop\\\/\"},{\"@type\":\"ListItem\",\"position\":3,\"name\":\"MATHEWS MATCH STRING TITLE 38\"}]},{\"@type\":\"WebSite\",\"@id\":\"https:\\\/\\\/bogensportdiscount.ch\\\/#website\",\"url\":\"https:\\\/\\\/bogensportdiscount.ch\\\/\",\"name\":\"Bogensportdiscount\",\"description\":\"\",\"potentialAction\":[{\"@type\":\"SearchAction\",\"target\":{\"@type\":\"EntryPoint\",\"urlTemplate\":\"https:\\\/\\\/bogensportdiscount.ch\\\/?s={search_term_string}\"},\"query-input\":{\"@type\":\"PropertyValueSpecification\",\"valueRequired\":true,\"valueName\":\"search_term_string\"}}],\"inLanguage\":\"fr-FR\"}]}<\/script>\n<!-- \/ Yoast SEO plugin. -->","yoast_head_json":{"title":"MATHEWS MATCH SEHNE TITLE 38 - Bogensportdiscount \u2013 B\u00f6gen, Pfeile, Targets &amp; Zubeh\u00f6r","description":"MATHEWS MATCH SEHNE TITLE 38 g\u00fcnstig kaufen bei Bogensportdiscount \u2013 Top-Marken, schneller Versand aus der Schweiz.","robots":{"index":"index","follow":"follow","max-snippet":"max-snippet:-1","max-image-preview":"max-image-preview:large","max-video-preview":"max-video-preview:-1"},"canonical":"https:\/\/bogensportdiscount.ch\/fr\/produit\/mathews-compound-sehne-match-string-38\/","og_locale":"fr_FR","og_type":"article","og_title":"MATHEWS MATCH SEHNE TITLE 38 - Bogensportdiscount \u2013 B\u00f6gen, Pfeile, Targets &amp; Zubeh\u00f6r","og_description":"MATHEWS MATCH SEHNE TITLE 38 g\u00fcnstig kaufen bei Bogensportdiscount \u2013 Top-Marken, schneller Versand aus der Schweiz.","og_url":"https:\/\/bogensportdiscount.ch\/fr\/produit\/mathews-compound-sehne-match-string-38\/","og_site_name":"Bogensportdiscount \u2013 B\u00f6gen, Pfeile, Targets &amp; Zubeh\u00f6r","article_modified_time":"2026-05-14T05:13:53+00:00","og_image":[{"width":400,"height":95,"url":"https:\/\/bogensportdiscount.ch\/wp-content\/uploads\/2026\/04\/a074761_1.jpg","type":"image\/jpeg"}],"twitter_card":"summary_large_image","schema":{"@context":"https:\/\/schema.org","@graph":[{"@type":"WebPage","@id":"https:\/\/bogensportdiscount.ch\/produkt\/mathews-compound-sehne-match-string-38\/","url":"https:\/\/bogensportdiscount.ch\/produkt\/mathews-compound-sehne-match-string-38\/","name":"MATHEWS MATCH SEHNE TITLE 38 - Bogensportdiscount \u2013 B\u00f6gen, Pfeile, Targets &amp; Zubeh\u00f6r","isPartOf":{"@id":"https:\/\/bogensportdiscount.ch\/#website"},"primaryImageOfPage":{"@id":"https:\/\/bogensportdiscount.ch\/produkt\/mathews-compound-sehne-match-string-38\/#primaryimage"},"image":{"@id":"https:\/\/bogensportdiscount.ch\/produkt\/mathews-compound-sehne-match-string-38\/#primaryimage"},"thumbnailUrl":"https:\/\/bogensportdiscount.ch\/wp-content\/uploads\/2026\/04\/a074761_1.jpg","datePublished":"2026-04-05T12:29:41+00:00","dateModified":"2026-05-14T05:13:53+00:00","description":"MATHEWS MATCH SEHNE TITLE 38 g\u00fcnstig kaufen bei Bogensportdiscount \u2013 Top-Marken, schneller Versand aus der Schweiz.","breadcrumb":{"@id":"https:\/\/bogensportdiscount.ch\/produkt\/mathews-compound-sehne-match-string-38\/#breadcrumb"},"inLanguage":"fr-FR","potentialAction":[{"@type":"ReadAction","target":["https:\/\/bogensportdiscount.ch\/produkt\/mathews-compound-sehne-match-string-38\/"]}]},{"@type":"ImageObject","inLanguage":"fr-FR","@id":"https:\/\/bogensportdiscount.ch\/produkt\/mathews-compound-sehne-match-string-38\/#primaryimage","url":"https:\/\/bogensportdiscount.ch\/wp-content\/uploads\/2026\/04\/a074761_1.jpg","contentUrl":"https:\/\/bogensportdiscount.ch\/wp-content\/uploads\/2026\/04\/a074761_1.jpg","width":400,"height":95},{"@type":"BreadcrumbList","@id":"https:\/\/bogensportdiscount.ch\/produkt\/mathews-compound-sehne-match-string-38\/#breadcrumb","itemListElement":[{"@type":"ListItem","position":1,"name":"Home","item":"https:\/\/bogensportdiscount.ch\/"},{"@type":"ListItem","position":2,"name":"Shop","item":"https:\/\/bogensportdiscount.ch\/shop\/"},{"@type":"ListItem","position":3,"name":"MATHEWS MATCH STRING TITLE 38"}]},{"@type":"WebSite","@id":"https:\/\/bogensportdiscount.ch\/#website","url":"https:\/\/bogensportdiscount.ch\/","name":"Bogensportdiscount","description":"","potentialAction":[{"@type":"SearchAction","target":{"@type":"EntryPoint","urlTemplate":"https:\/\/bogensportdiscount.ch\/?s={search_term_string}"},"query-input":{"@type":"PropertyValueSpecification","valueRequired":true,"valueName":"search_term_string"}}],"inLanguage":"fr-FR"}]}},"_links":{"self":[{"href":"https:\/\/bogensportdiscount.ch\/fr\/wp-json\/wp\/v2\/product\/393434","targetHints":{"allow":["GET"]}}],"collection":[{"href":"https:\/\/bogensportdiscount.ch\/fr\/wp-json\/wp\/v2\/product"}],"about":[{"href":"https:\/\/bogensportdiscount.ch\/fr\/wp-json\/wp\/v2\/types\/product"}],"replies":[{"embeddable":true,"href":"https:\/\/bogensportdiscount.ch\/fr\/wp-json\/wp\/v2\/comments?post=393434"}],"wp:featuredmedia":[{"embeddable":true,"href":"https:\/\/bogensportdiscount.ch\/fr\/wp-json\/wp\/v2\/media\/524992"}],"wp:attachment":[{"href":"https:\/\/bogensportdiscount.ch\/fr\/wp-json\/wp\/v2\/media?parent=393434"}],"wp:term":[{"taxonomy":"product_brand","embeddable":true,"href":"https:\/\/bogensportdiscount.ch\/fr\/wp-json\/wp\/v2\/product_brand?post=393434"},{"taxonomy":"product_cat","embeddable":true,"href":"https:\/\/bogensportdiscount.ch\/fr\/wp-json\/wp\/v2\/product_cat?post=393434"},{"taxonomy":"product_tag","embeddable":true,"href":"https:\/\/bogensportdiscount.ch\/fr\/wp-json\/wp\/v2\/product_tag?post=393434"}],"curies":[{"name":"wp","href":"https:\/\/api.w.org\/{rel}","templated":true}]}}