{"id":393428,"date":"2026-04-05T14:29:40","date_gmt":"2026-04-05T12:29:40","guid":{"rendered":"https:\/\/bogensportdiscount.ch\/produkt\/mathews-portable-presses-s-a-s-title-38\/"},"modified":"2026-05-14T07:13:53","modified_gmt":"2026-05-14T05:13:53","slug":"mathews-tragbare-presse-sas-title-38","status":"publish","type":"product","link":"https:\/\/bogensportdiscount.ch\/fr\/produit\/mathews-tragbare-presse-sas-title-38\/","title":{"rendered":"MATHEWS PRESSES PORTABLES S.A.S. TITLE 38"},"content":{"rendered":"<p>La MATHEWS S.A.S. Title 38 est une presse \u00e0 arc portable sp\u00e9cialement adapt\u00e9e aux arcs \u00e0 poulies MATHEWS. Les presses portables permettent de mettre cordes et c\u00e2bles sous tension pour effectuer des travaux de maintenance tels que le remplacement de points de nock, le reconditionnement ou le r\u00e9glage des modules \u2013 sans presse d'atelier fixe.<\/p>\n<p>La construction compacte de la Title 38 en fait une solution pratique pour les archers qui souhaitent entretenir leur \u00e9quipement eux-m\u00eames, que ce soit \u00e0 la maison ou sur le terrain.<\/p>\n<ul>\n<li>Construction portable pour une utilisation flexible<\/li>\n<li>Adapt\u00e9e aux arcs \u00e0 poulies MATHEWS<\/li>\n<li>Permet l'entretien de la corde et du c\u00e2ble sans presse fixe<\/li>\n<li>Format compact pour un transport facile<\/li>\n<\/ul>","protected":false},"excerpt":{"rendered":"<table>\n<tr>\n<th>Propri\u00e9t\u00e9<\/th>\n<th>Valeur<\/th>\n<\/tr>\n<tr>\n<td>Marque<\/td>\n<td>Mathews<\/td>\n<\/tr>\n<tr>\n<td>Pays d'origine<\/td>\n<td>USA<\/td>\n<\/tr>\n<\/table>","protected":false},"featured_media":523101,"comment_status":"open","ping_status":"closed","template":"","meta":[],"product_brand":[427],"product_cat":[4121,4562,27444],"product_tag":[3546],"class_list":{"0":"post-393428","1":"product","2":"type-product","3":"status-publish","4":"has-post-thumbnail","6":"product_brand-mathews","7":"product_cat-werkzeuge-training","8":"product_cat-portable-presses-bogenpresse-zubehoer-einzelteile-werkzeuge-training","9":"product_cat-bogenpresse-zubehoer-einzelteile","10":"product_tag-neuheit","11":"product_shipping_class-bsd-standard","13":"first","14":"instock","15":"shipping-taxable","16":"purchasable","17":"product-type-simple"},"yoast_head":"<!-- This site is optimized with the Yoast SEO plugin v27.6 - https:\/\/yoast.com\/product\/yoast-seo-wordpress\/ -->\n<title>MATHEWS TRAGBARE PRESSEN S.A.S. TITLE 38 - Bogensportdiscount \u2013 Arcs, fl\u00e8ches, cibles et accessoires<\/title>\n<meta name=\"description\" content=\"MATHEWS TRAGBARE PRESSEN S.A.S. TITLE 38 : achetez-le \u00e0 prix avantageux chez Bogensportdiscount \u2013 Les meilleures marques, livraison rapide depuis la Suisse.\" \/>\n<meta name=\"robots\" content=\"index, follow, max-snippet:-1, max-image-preview:large, max-video-preview:-1\" \/>\n<link rel=\"canonical\" href=\"https:\/\/bogensportdiscount.ch\/fr\/produit\/mathews-tragbare-presse-sas-title-38\/\" \/>\n<meta property=\"og:locale\" content=\"fr_FR\" \/>\n<meta property=\"og:type\" content=\"article\" \/>\n<meta property=\"og:title\" content=\"MATHEWS TRAGBARE PRESSEN S.A.S. TITLE 38 - Bogensportdiscount \u2013 Arcs, fl\u00e8ches, cibles et accessoires\" \/>\n<meta property=\"og:description\" content=\"MATHEWS TRAGBARE PRESSEN S.A.S. TITLE 38 : achetez-le \u00e0 prix avantageux chez Bogensportdiscount \u2013 Les meilleures marques, livraison rapide depuis la Suisse.\" \/>\n<meta property=\"og:url\" content=\"https:\/\/bogensportdiscount.ch\/fr\/produit\/mathews-tragbare-presse-sas-title-38\/\" \/>\n<meta property=\"og:site_name\" content=\"Bogensportdiscount \u2013 B\u00f6gen, Pfeile, Targets &amp; Zubeh\u00f6r\" \/>\n<meta property=\"article:modified_time\" content=\"2026-05-14T05:13:53+00:00\" \/>\n<meta property=\"og:image\" content=\"https:\/\/bogensportdiscount.ch\/wp-content\/uploads\/bsm-images\/A074502_1.jpg\" \/>\n\t<meta property=\"og:image:width\" content=\"1024\" \/>\n\t<meta property=\"og:image:height\" content=\"852\" \/>\n\t<meta property=\"og:image:type\" content=\"image\/jpeg\" \/>\n<meta name=\"twitter:card\" content=\"summary_large_image\" \/>\n<meta name=\"twitter:label1\" content=\"Dur\u00e9e de lecture estim\u00e9e\" \/>\n\t<meta name=\"twitter:data1\" content=\"1 minute\" \/>\n<script type=\"application\/ld+json\" class=\"yoast-schema-graph\">{\"@context\":\"https:\\\/\\\/schema.org\",\"@graph\":[{\"@type\":\"WebPage\",\"@id\":\"https:\\\/\\\/bogensportdiscount.ch\\\/produkt\\\/mathews-tragbare-presse-sas-title-38\\\/\",\"url\":\"https:\\\/\\\/bogensportdiscount.ch\\\/produkt\\\/mathews-tragbare-presse-sas-title-38\\\/\",\"name\":\"MATHEWS TRAGBARE PRESSEN S.A.S. TITLE 38 - Bogensportdiscount \u2013 B\u00f6gen, Pfeile, Targets &amp; Zubeh\u00f6r\",\"isPartOf\":{\"@id\":\"https:\\\/\\\/bogensportdiscount.ch\\\/#website\"},\"primaryImageOfPage\":{\"@id\":\"https:\\\/\\\/bogensportdiscount.ch\\\/produkt\\\/mathews-tragbare-presse-sas-title-38\\\/#primaryimage\"},\"image\":{\"@id\":\"https:\\\/\\\/bogensportdiscount.ch\\\/produkt\\\/mathews-tragbare-presse-sas-title-38\\\/#primaryimage\"},\"thumbnailUrl\":\"https:\\\/\\\/bogensportdiscount.ch\\\/wp-content\\\/uploads\\\/bsm-images\\\/A074502_1.jpg\",\"datePublished\":\"2026-04-05T12:29:40+00:00\",\"dateModified\":\"2026-05-14T05:13:53+00:00\",\"description\":\"MATHEWS TRAGBARE PRESSEN S.A.S. TITLE 38 g\u00fcnstig kaufen bei Bogensportdiscount \u2013 Top-Marken, schneller Versand aus der Schweiz.\",\"breadcrumb\":{\"@id\":\"https:\\\/\\\/bogensportdiscount.ch\\\/produkt\\\/mathews-tragbare-presse-sas-title-38\\\/#breadcrumb\"},\"inLanguage\":\"fr-FR\",\"potentialAction\":[{\"@type\":\"ReadAction\",\"target\":[\"https:\\\/\\\/bogensportdiscount.ch\\\/produkt\\\/mathews-tragbare-presse-sas-title-38\\\/\"]}]},{\"@type\":\"ImageObject\",\"inLanguage\":\"fr-FR\",\"@id\":\"https:\\\/\\\/bogensportdiscount.ch\\\/produkt\\\/mathews-tragbare-presse-sas-title-38\\\/#primaryimage\",\"url\":\"https:\\\/\\\/bogensportdiscount.ch\\\/wp-content\\\/uploads\\\/bsm-images\\\/A074502_1.jpg\",\"contentUrl\":\"https:\\\/\\\/bogensportdiscount.ch\\\/wp-content\\\/uploads\\\/bsm-images\\\/A074502_1.jpg\",\"width\":1024,\"height\":852},{\"@type\":\"BreadcrumbList\",\"@id\":\"https:\\\/\\\/bogensportdiscount.ch\\\/produkt\\\/mathews-tragbare-presse-sas-title-38\\\/#breadcrumb\",\"itemListElement\":[{\"@type\":\"ListItem\",\"position\":1,\"name\":\"Home\",\"item\":\"https:\\\/\\\/bogensportdiscount.ch\\\/\"},{\"@type\":\"ListItem\",\"position\":2,\"name\":\"Shop\",\"item\":\"https:\\\/\\\/bogensportdiscount.ch\\\/shop\\\/\"},{\"@type\":\"ListItem\",\"position\":3,\"name\":\"MATHEWS PORTABLE PRESSES S.A.S. TITLE 38\"}]},{\"@type\":\"WebSite\",\"@id\":\"https:\\\/\\\/bogensportdiscount.ch\\\/#website\",\"url\":\"https:\\\/\\\/bogensportdiscount.ch\\\/\",\"name\":\"Bogensportdiscount\",\"description\":\"\",\"potentialAction\":[{\"@type\":\"SearchAction\",\"target\":{\"@type\":\"EntryPoint\",\"urlTemplate\":\"https:\\\/\\\/bogensportdiscount.ch\\\/?s={search_term_string}\"},\"query-input\":{\"@type\":\"PropertyValueSpecification\",\"valueRequired\":true,\"valueName\":\"search_term_string\"}}],\"inLanguage\":\"fr-FR\"}]}<\/script>\n<!-- \/ Yoast SEO plugin. -->","yoast_head_json":{"title":"MATHEWS TRAGBARE PRESSEN S.A.S. TITLE 38 - Bogensportdiscount \u2013 Arcs, fl\u00e8ches, cibles et accessoires","description":"MATHEWS TRAGBARE PRESSEN S.A.S. TITLE 38 : achetez-le \u00e0 prix avantageux chez Bogensportdiscount \u2013 Les meilleures marques, livraison rapide depuis la Suisse.","robots":{"index":"index","follow":"follow","max-snippet":"max-snippet:-1","max-image-preview":"max-image-preview:large","max-video-preview":"max-video-preview:-1"},"canonical":"https:\/\/bogensportdiscount.ch\/fr\/produit\/mathews-tragbare-presse-sas-title-38\/","og_locale":"fr_FR","og_type":"article","og_title":"MATHEWS TRAGBARE PRESSEN S.A.S. TITLE 38 - Bogensportdiscount \u2013 Arcs, fl\u00e8ches, cibles et accessoires","og_description":"MATHEWS TRAGBARE PRESSEN S.A.S. TITLE 38 : achetez-le \u00e0 prix avantageux chez Bogensportdiscount \u2013 Les meilleures marques, livraison rapide depuis la Suisse.","og_url":"https:\/\/bogensportdiscount.ch\/fr\/produit\/mathews-tragbare-presse-sas-title-38\/","og_site_name":"Bogensportdiscount \u2013 B\u00f6gen, Pfeile, Targets &amp; Zubeh\u00f6r","article_modified_time":"2026-05-14T05:13:53+00:00","og_image":[{"width":1024,"height":852,"url":"https:\/\/bogensportdiscount.ch\/wp-content\/uploads\/bsm-images\/A074502_1.jpg","type":"image\/jpeg"}],"twitter_card":"summary_large_image","twitter_misc":{"Dur\u00e9e de lecture estim\u00e9e":"1 minute"},"schema":{"@context":"https:\/\/schema.org","@graph":[{"@type":"WebPage","@id":"https:\/\/bogensportdiscount.ch\/produkt\/mathews-tragbare-presse-sas-title-38\/","url":"https:\/\/bogensportdiscount.ch\/produkt\/mathews-tragbare-presse-sas-title-38\/","name":"MATHEWS TRAGBARE PRESSEN S.A.S. TITLE 38 - Bogensportdiscount \u2013 Arcs, fl\u00e8ches, cibles et accessoires","isPartOf":{"@id":"https:\/\/bogensportdiscount.ch\/#website"},"primaryImageOfPage":{"@id":"https:\/\/bogensportdiscount.ch\/produkt\/mathews-tragbare-presse-sas-title-38\/#primaryimage"},"image":{"@id":"https:\/\/bogensportdiscount.ch\/produkt\/mathews-tragbare-presse-sas-title-38\/#primaryimage"},"thumbnailUrl":"https:\/\/bogensportdiscount.ch\/wp-content\/uploads\/bsm-images\/A074502_1.jpg","datePublished":"2026-04-05T12:29:40+00:00","dateModified":"2026-05-14T05:13:53+00:00","description":"MATHEWS TRAGBARE PRESSEN S.A.S. TITLE 38 : achetez-le \u00e0 prix avantageux chez Bogensportdiscount \u2013 Les meilleures marques, livraison rapide depuis la Suisse.","breadcrumb":{"@id":"https:\/\/bogensportdiscount.ch\/produkt\/mathews-tragbare-presse-sas-title-38\/#breadcrumb"},"inLanguage":"fr-FR","potentialAction":[{"@type":"ReadAction","target":["https:\/\/bogensportdiscount.ch\/produkt\/mathews-tragbare-presse-sas-title-38\/"]}]},{"@type":"ImageObject","inLanguage":"fr-FR","@id":"https:\/\/bogensportdiscount.ch\/produkt\/mathews-tragbare-presse-sas-title-38\/#primaryimage","url":"https:\/\/bogensportdiscount.ch\/wp-content\/uploads\/bsm-images\/A074502_1.jpg","contentUrl":"https:\/\/bogensportdiscount.ch\/wp-content\/uploads\/bsm-images\/A074502_1.jpg","width":1024,"height":852},{"@type":"BreadcrumbList","@id":"https:\/\/bogensportdiscount.ch\/produkt\/mathews-tragbare-presse-sas-title-38\/#breadcrumb","itemListElement":[{"@type":"ListItem","position":1,"name":"Home","item":"https:\/\/bogensportdiscount.ch\/"},{"@type":"ListItem","position":2,"name":"Shop","item":"https:\/\/bogensportdiscount.ch\/shop\/"},{"@type":"ListItem","position":3,"name":"MATHEWS PORTABLE PRESSES S.A.S. TITLE 38"}]},{"@type":"WebSite","@id":"https:\/\/bogensportdiscount.ch\/#website","url":"https:\/\/bogensportdiscount.ch\/","name":"Bogensportdiscount","description":"","potentialAction":[{"@type":"SearchAction","target":{"@type":"EntryPoint","urlTemplate":"https:\/\/bogensportdiscount.ch\/?s={search_term_string}"},"query-input":{"@type":"PropertyValueSpecification","valueRequired":true,"valueName":"search_term_string"}}],"inLanguage":"fr-FR"}]}},"_links":{"self":[{"href":"https:\/\/bogensportdiscount.ch\/fr\/wp-json\/wp\/v2\/product\/393428","targetHints":{"allow":["GET"]}}],"collection":[{"href":"https:\/\/bogensportdiscount.ch\/fr\/wp-json\/wp\/v2\/product"}],"about":[{"href":"https:\/\/bogensportdiscount.ch\/fr\/wp-json\/wp\/v2\/types\/product"}],"replies":[{"embeddable":true,"href":"https:\/\/bogensportdiscount.ch\/fr\/wp-json\/wp\/v2\/comments?post=393428"}],"wp:featuredmedia":[{"embeddable":true,"href":"https:\/\/bogensportdiscount.ch\/fr\/wp-json\/wp\/v2\/media\/523101"}],"wp:attachment":[{"href":"https:\/\/bogensportdiscount.ch\/fr\/wp-json\/wp\/v2\/media?parent=393428"}],"wp:term":[{"taxonomy":"product_brand","embeddable":true,"href":"https:\/\/bogensportdiscount.ch\/fr\/wp-json\/wp\/v2\/product_brand?post=393428"},{"taxonomy":"product_cat","embeddable":true,"href":"https:\/\/bogensportdiscount.ch\/fr\/wp-json\/wp\/v2\/product_cat?post=393428"},{"taxonomy":"product_tag","embeddable":true,"href":"https:\/\/bogensportdiscount.ch\/fr\/wp-json\/wp\/v2\/product_tag?post=393428"}],"curies":[{"name":"wp","href":"https:\/\/api.w.org\/{rel}","templated":true}]}}