{"id":393422,"date":"2026-04-05T14:29:38","date_gmt":"2026-04-05T12:29:38","guid":{"rendered":"https:\/\/bogensportdiscount.ch\/produkt\/last-chance-bow-press-parts-3-pin-kit-for-green-pack-go-press\/"},"modified":"2026-05-14T07:13:53","modified_gmt":"2026-05-14T05:13:53","slug":"last-chance-bogenpresse-ersatzteil-3-zoll-pin-kit-green-pack-go","status":"publish","type":"product","link":"https:\/\/bogensportdiscount.ch\/fr\/produit\/last-chance-bogenpresse-ersatzteil-3-zoll-pin-kit-green-pack-go\/","title":{"rendered":"LASTCHANCE PI\u00c8CES PRESSE D'ARC 3&#8243; PIN KIT (pour presse verte &#038; Pack &#038; Go)"},"content":{"rendered":"<p>Le kit de pins 3&#8243; Last Chance est un ensemble de pi\u00e8ces de rechange sp\u00e9cialement con\u00e7u pour les presses \u00e0 arc Last Chance de la s\u00e9rie Green Press ainsi que la Pack &amp; Go Press. Ce kit permet de remplacer rapidement et facilement les pins us\u00e9s ou endommag\u00e9s.<\/p>\n<p>Les pins sont des pi\u00e8ces d'origine directes et garantissent le bon fonctionnement de la presse \u00e0 arc lors de la mise en tension et du d\u00e9chargement des arcs \u00e0 poulies. Le remplacement r\u00e9gulier des pi\u00e8ces d'usure prolonge la dur\u00e9e de vie de la presse et garantit une utilisation en toute s\u00e9curit\u00e9.<\/p>\n<ul>\n<li>Kit de pins 3&#8243; en tant qu'ensemble de pi\u00e8ces de rechange<\/li>\n<li>Compatible avec Last Chance Green Press et Pack &amp; Go Press<\/li>\n<li>Pi\u00e8ces d'origine directes pour un remplacement facile<\/li>\n<li>Facilite l'entretien et la long\u00e9vit\u00e9 de la presse \u00e0 arc<\/li>\n<\/ul>","protected":false},"excerpt":{"rendered":"<table>\n<tr>\n<th>Propri\u00e9t\u00e9<\/th>\n<th>Valeur<\/th>\n<\/tr>\n<tr>\n<td>Marque<\/td>\n<td>Last Chance<\/td>\n<\/tr>\n<tr>\n<td>Pays d'origine<\/td>\n<td>USA<\/td>\n<\/tr>\n<tr>\n<td>GTIN<\/td>\n<td>853510008642<\/td>\n<\/tr>\n<\/table>","protected":false},"featured_media":524263,"comment_status":"open","ping_status":"closed","template":"","meta":[],"product_brand":[499],"product_cat":[4121,4564,27444],"product_tag":[3546],"class_list":{"0":"post-393422","1":"product","2":"type-product","3":"status-publish","4":"has-post-thumbnail","6":"product_brand-lastchance","7":"product_cat-werkzeuge-training","8":"product_cat-bogenpressen-einzelteile","9":"product_cat-bogenpresse-zubehoer-einzelteile","10":"product_tag-neuheit","11":"product_shipping_class-bsd-standard","13":"first","14":"instock","15":"shipping-taxable","16":"purchasable","17":"product-type-simple"},"yoast_head":"<!-- This site is optimized with the Yoast SEO plugin v27.6 - https:\/\/yoast.com\/product\/yoast-seo-wordpress\/ -->\n<title>LASTCHANCE BOGENPRESSE TEILE 3&quot; PIN KIT (f\u00fcr gr\u00fcne &amp; Pack &amp; Go Presse) - Bogensportdiscount \u2013 B\u00f6gen, Pfeile, Targets &amp; Zubeh\u00f6r<\/title>\n<meta name=\"description\" content=\"LASTCHANCE BOGENPRESSE TEILE 3&quot; PIN KIT (f\u00fcr gr\u00fcne &amp; Pack &amp; Go Presse) g\u00fcnstig kaufen bei Bogensportdiscount \u2013 Top-Marken, schneller Versand aus der Schweiz.\" \/>\n<meta name=\"robots\" content=\"index, follow, max-snippet:-1, max-image-preview:large, max-video-preview:-1\" \/>\n<link rel=\"canonical\" href=\"https:\/\/bogensportdiscount.ch\/fr\/produit\/last-chance-bogenpresse-ersatzteil-3-zoll-pin-kit-green-pack-go\/\" \/>\n<meta property=\"og:locale\" content=\"fr_FR\" \/>\n<meta property=\"og:type\" content=\"article\" \/>\n<meta property=\"og:title\" content=\"LASTCHANCE BOGENPRESSE TEILE 3&quot; PIN KIT (f\u00fcr gr\u00fcne &amp; Pack &amp; Go Presse) - Bogensportdiscount \u2013 B\u00f6gen, Pfeile, Targets &amp; Zubeh\u00f6r\" \/>\n<meta property=\"og:description\" content=\"LASTCHANCE BOGENPRESSE TEILE 3&quot; PIN KIT (f\u00fcr gr\u00fcne &amp; Pack &amp; Go Presse) g\u00fcnstig kaufen bei Bogensportdiscount \u2013 Top-Marken, schneller Versand aus der Schweiz.\" \/>\n<meta property=\"og:url\" content=\"https:\/\/bogensportdiscount.ch\/fr\/produit\/last-chance-bogenpresse-ersatzteil-3-zoll-pin-kit-green-pack-go\/\" \/>\n<meta property=\"og:site_name\" content=\"Bogensportdiscount \u2013 B\u00f6gen, Pfeile, Targets &amp; Zubeh\u00f6r\" \/>\n<meta property=\"article:modified_time\" content=\"2026-05-14T05:13:53+00:00\" \/>\n<meta property=\"og:image\" content=\"https:\/\/bogensportdiscount.ch\/wp-content\/uploads\/bsm-images\/A074406_1.jpg\" \/>\n\t<meta property=\"og:image:width\" content=\"6000\" \/>\n\t<meta property=\"og:image:height\" content=\"3376\" \/>\n\t<meta property=\"og:image:type\" content=\"image\/jpeg\" \/>\n<meta name=\"twitter:card\" content=\"summary_large_image\" \/>\n<meta name=\"twitter:label1\" content=\"Dur\u00e9e de lecture estim\u00e9e\" \/>\n\t<meta name=\"twitter:data1\" content=\"1 minute\" \/>\n<script type=\"application\/ld+json\" class=\"yoast-schema-graph\">{\"@context\":\"https:\\\/\\\/schema.org\",\"@graph\":[{\"@type\":\"WebPage\",\"@id\":\"https:\\\/\\\/bogensportdiscount.ch\\\/produkt\\\/last-chance-bogenpresse-ersatzteil-3-zoll-pin-kit-green-pack-go\\\/\",\"url\":\"https:\\\/\\\/bogensportdiscount.ch\\\/produkt\\\/last-chance-bogenpresse-ersatzteil-3-zoll-pin-kit-green-pack-go\\\/\",\"name\":\"LASTCHANCE BOGENPRESSE TEILE 3\\\" PIN KIT (f\u00fcr gr\u00fcne & Pack & Go Presse) - Bogensportdiscount \u2013 B\u00f6gen, Pfeile, Targets &amp; Zubeh\u00f6r\",\"isPartOf\":{\"@id\":\"https:\\\/\\\/bogensportdiscount.ch\\\/#website\"},\"primaryImageOfPage\":{\"@id\":\"https:\\\/\\\/bogensportdiscount.ch\\\/produkt\\\/last-chance-bogenpresse-ersatzteil-3-zoll-pin-kit-green-pack-go\\\/#primaryimage\"},\"image\":{\"@id\":\"https:\\\/\\\/bogensportdiscount.ch\\\/produkt\\\/last-chance-bogenpresse-ersatzteil-3-zoll-pin-kit-green-pack-go\\\/#primaryimage\"},\"thumbnailUrl\":\"https:\\\/\\\/bogensportdiscount.ch\\\/wp-content\\\/uploads\\\/bsm-images\\\/A074406_1.jpg\",\"datePublished\":\"2026-04-05T12:29:38+00:00\",\"dateModified\":\"2026-05-14T05:13:53+00:00\",\"description\":\"LASTCHANCE BOGENPRESSE TEILE 3\\\" PIN KIT (f\u00fcr gr\u00fcne & Pack & Go Presse) g\u00fcnstig kaufen bei Bogensportdiscount \u2013 Top-Marken, schneller Versand aus der Schweiz.\",\"breadcrumb\":{\"@id\":\"https:\\\/\\\/bogensportdiscount.ch\\\/produkt\\\/last-chance-bogenpresse-ersatzteil-3-zoll-pin-kit-green-pack-go\\\/#breadcrumb\"},\"inLanguage\":\"fr-FR\",\"potentialAction\":[{\"@type\":\"ReadAction\",\"target\":[\"https:\\\/\\\/bogensportdiscount.ch\\\/produkt\\\/last-chance-bogenpresse-ersatzteil-3-zoll-pin-kit-green-pack-go\\\/\"]}]},{\"@type\":\"ImageObject\",\"inLanguage\":\"fr-FR\",\"@id\":\"https:\\\/\\\/bogensportdiscount.ch\\\/produkt\\\/last-chance-bogenpresse-ersatzteil-3-zoll-pin-kit-green-pack-go\\\/#primaryimage\",\"url\":\"https:\\\/\\\/bogensportdiscount.ch\\\/wp-content\\\/uploads\\\/bsm-images\\\/A074406_1.jpg\",\"contentUrl\":\"https:\\\/\\\/bogensportdiscount.ch\\\/wp-content\\\/uploads\\\/bsm-images\\\/A074406_1.jpg\",\"width\":6000,\"height\":3376},{\"@type\":\"BreadcrumbList\",\"@id\":\"https:\\\/\\\/bogensportdiscount.ch\\\/produkt\\\/last-chance-bogenpresse-ersatzteil-3-zoll-pin-kit-green-pack-go\\\/#breadcrumb\",\"itemListElement\":[{\"@type\":\"ListItem\",\"position\":1,\"name\":\"Home\",\"item\":\"https:\\\/\\\/bogensportdiscount.ch\\\/\"},{\"@type\":\"ListItem\",\"position\":2,\"name\":\"Shop\",\"item\":\"https:\\\/\\\/bogensportdiscount.ch\\\/shop\\\/\"},{\"@type\":\"ListItem\",\"position\":3,\"name\":\"LAST CHANCE BOW PRESS PARTS 3&#8243; PIN KIT (for green &amp; pack &amp; go press)\"}]},{\"@type\":\"WebSite\",\"@id\":\"https:\\\/\\\/bogensportdiscount.ch\\\/#website\",\"url\":\"https:\\\/\\\/bogensportdiscount.ch\\\/\",\"name\":\"Bogensportdiscount\",\"description\":\"\",\"potentialAction\":[{\"@type\":\"SearchAction\",\"target\":{\"@type\":\"EntryPoint\",\"urlTemplate\":\"https:\\\/\\\/bogensportdiscount.ch\\\/?s={search_term_string}\"},\"query-input\":{\"@type\":\"PropertyValueSpecification\",\"valueRequired\":true,\"valueName\":\"search_term_string\"}}],\"inLanguage\":\"fr-FR\"}]}<\/script>\n<!-- \/ Yoast SEO plugin. -->","yoast_head_json":{"title":"LASTCHANCE BOGENPRESSE TEILE 3\" PIN KIT (f\u00fcr gr\u00fcne & Pack & Go Presse) - Bogensportdiscount \u2013 B\u00f6gen, Pfeile, Targets &amp; Zubeh\u00f6r","description":"LASTCHANCE BOGENPRESSE TEILE 3\" PIN KIT (f\u00fcr gr\u00fcne & Pack & Go Presse) g\u00fcnstig kaufen bei Bogensportdiscount \u2013 Top-Marken, schneller Versand aus der Schweiz.","robots":{"index":"index","follow":"follow","max-snippet":"max-snippet:-1","max-image-preview":"max-image-preview:large","max-video-preview":"max-video-preview:-1"},"canonical":"https:\/\/bogensportdiscount.ch\/fr\/produit\/last-chance-bogenpresse-ersatzteil-3-zoll-pin-kit-green-pack-go\/","og_locale":"fr_FR","og_type":"article","og_title":"LASTCHANCE BOGENPRESSE TEILE 3\" PIN KIT (f\u00fcr gr\u00fcne & Pack & Go Presse) - Bogensportdiscount \u2013 B\u00f6gen, Pfeile, Targets &amp; Zubeh\u00f6r","og_description":"LASTCHANCE BOGENPRESSE TEILE 3\" PIN KIT (f\u00fcr gr\u00fcne & Pack & Go Presse) g\u00fcnstig kaufen bei Bogensportdiscount \u2013 Top-Marken, schneller Versand aus der Schweiz.","og_url":"https:\/\/bogensportdiscount.ch\/fr\/produit\/last-chance-bogenpresse-ersatzteil-3-zoll-pin-kit-green-pack-go\/","og_site_name":"Bogensportdiscount \u2013 B\u00f6gen, Pfeile, Targets &amp; Zubeh\u00f6r","article_modified_time":"2026-05-14T05:13:53+00:00","og_image":[{"url":"https:\/\/bogensportdiscount.ch\/wp-content\/uploads\/bsm-images\/A074406_1.jpg","width":6000,"height":3376,"type":"image\/jpeg"}],"twitter_card":"summary_large_image","twitter_misc":{"Dur\u00e9e de lecture estim\u00e9e":"1 minute"},"schema":{"@context":"https:\/\/schema.org","@graph":[{"@type":"WebPage","@id":"https:\/\/bogensportdiscount.ch\/produkt\/last-chance-bogenpresse-ersatzteil-3-zoll-pin-kit-green-pack-go\/","url":"https:\/\/bogensportdiscount.ch\/produkt\/last-chance-bogenpresse-ersatzteil-3-zoll-pin-kit-green-pack-go\/","name":"LASTCHANCE BOGENPRESSE TEILE 3\" PIN KIT (f\u00fcr gr\u00fcne & Pack & Go Presse) - Bogensportdiscount \u2013 B\u00f6gen, Pfeile, Targets &amp; Zubeh\u00f6r","isPartOf":{"@id":"https:\/\/bogensportdiscount.ch\/#website"},"primaryImageOfPage":{"@id":"https:\/\/bogensportdiscount.ch\/produkt\/last-chance-bogenpresse-ersatzteil-3-zoll-pin-kit-green-pack-go\/#primaryimage"},"image":{"@id":"https:\/\/bogensportdiscount.ch\/produkt\/last-chance-bogenpresse-ersatzteil-3-zoll-pin-kit-green-pack-go\/#primaryimage"},"thumbnailUrl":"https:\/\/bogensportdiscount.ch\/wp-content\/uploads\/bsm-images\/A074406_1.jpg","datePublished":"2026-04-05T12:29:38+00:00","dateModified":"2026-05-14T05:13:53+00:00","description":"LASTCHANCE BOGENPRESSE TEILE 3\" PIN KIT (f\u00fcr gr\u00fcne & Pack & Go Presse) g\u00fcnstig kaufen bei Bogensportdiscount \u2013 Top-Marken, schneller Versand aus der Schweiz.","breadcrumb":{"@id":"https:\/\/bogensportdiscount.ch\/produkt\/last-chance-bogenpresse-ersatzteil-3-zoll-pin-kit-green-pack-go\/#breadcrumb"},"inLanguage":"fr-FR","potentialAction":[{"@type":"ReadAction","target":["https:\/\/bogensportdiscount.ch\/produkt\/last-chance-bogenpresse-ersatzteil-3-zoll-pin-kit-green-pack-go\/"]}]},{"@type":"ImageObject","inLanguage":"fr-FR","@id":"https:\/\/bogensportdiscount.ch\/produkt\/last-chance-bogenpresse-ersatzteil-3-zoll-pin-kit-green-pack-go\/#primaryimage","url":"https:\/\/bogensportdiscount.ch\/wp-content\/uploads\/bsm-images\/A074406_1.jpg","contentUrl":"https:\/\/bogensportdiscount.ch\/wp-content\/uploads\/bsm-images\/A074406_1.jpg","width":6000,"height":3376},{"@type":"BreadcrumbList","@id":"https:\/\/bogensportdiscount.ch\/produkt\/last-chance-bogenpresse-ersatzteil-3-zoll-pin-kit-green-pack-go\/#breadcrumb","itemListElement":[{"@type":"ListItem","position":1,"name":"Home","item":"https:\/\/bogensportdiscount.ch\/"},{"@type":"ListItem","position":2,"name":"Shop","item":"https:\/\/bogensportdiscount.ch\/shop\/"},{"@type":"ListItem","position":3,"name":"LAST CHANCE BOW PRESS PARTS 3&#8243; PIN KIT (for green &amp; pack &amp; go press)"}]},{"@type":"WebSite","@id":"https:\/\/bogensportdiscount.ch\/#website","url":"https:\/\/bogensportdiscount.ch\/","name":"Bogensportdiscount","description":"","potentialAction":[{"@type":"SearchAction","target":{"@type":"EntryPoint","urlTemplate":"https:\/\/bogensportdiscount.ch\/?s={search_term_string}"},"query-input":{"@type":"PropertyValueSpecification","valueRequired":true,"valueName":"search_term_string"}}],"inLanguage":"fr-FR"}]}},"_links":{"self":[{"href":"https:\/\/bogensportdiscount.ch\/fr\/wp-json\/wp\/v2\/product\/393422","targetHints":{"allow":["GET"]}}],"collection":[{"href":"https:\/\/bogensportdiscount.ch\/fr\/wp-json\/wp\/v2\/product"}],"about":[{"href":"https:\/\/bogensportdiscount.ch\/fr\/wp-json\/wp\/v2\/types\/product"}],"replies":[{"embeddable":true,"href":"https:\/\/bogensportdiscount.ch\/fr\/wp-json\/wp\/v2\/comments?post=393422"}],"wp:featuredmedia":[{"embeddable":true,"href":"https:\/\/bogensportdiscount.ch\/fr\/wp-json\/wp\/v2\/media\/524263"}],"wp:attachment":[{"href":"https:\/\/bogensportdiscount.ch\/fr\/wp-json\/wp\/v2\/media?parent=393422"}],"wp:term":[{"taxonomy":"product_brand","embeddable":true,"href":"https:\/\/bogensportdiscount.ch\/fr\/wp-json\/wp\/v2\/product_brand?post=393422"},{"taxonomy":"product_cat","embeddable":true,"href":"https:\/\/bogensportdiscount.ch\/fr\/wp-json\/wp\/v2\/product_cat?post=393422"},{"taxonomy":"product_tag","embeddable":true,"href":"https:\/\/bogensportdiscount.ch\/fr\/wp-json\/wp\/v2\/product_tag?post=393422"}],"curies":[{"name":"wp","href":"https:\/\/api.w.org\/{rel}","templated":true}]}}