{"id":393419,"date":"2026-04-05T14:29:38","date_gmt":"2026-04-05T12:29:38","guid":{"rendered":"https:\/\/bogensportdiscount.ch\/produkt\/diamond-edge-320-rubber-string-supressor\/"},"modified":"2026-05-14T07:13:53","modified_gmt":"2026-05-14T05:13:53","slug":"diamond-sehnen-daempfer-edge-320-rubber-string-suppressor","status":"publish","type":"product","link":"https:\/\/bogensportdiscount.ch\/fr\/produit\/diamond-sehnen-daempfer-edge-320-rubber-string-suppressor\/","title":{"rendered":"DIAMOND EDGE 320 GUMMI-SEHNEND\u00c4MPFER"},"content":{"rendered":"<p>L'amortisseur de corde Diamond pour l'Edge 320 est un amortisseur en caoutchouc qui se monte directement sur la corde de l'arc. Il amortit les vibrations r\u00e9siduelles de la corde apr\u00e8s le tir et contribue ainsi \u00e0 une main d'arc plus stable et une image de tir plus agr\u00e9able.<\/p>\n<p>Cet amortisseur est sp\u00e9cialement adapt\u00e9 au Diamond Edge 320 et assure un montage simple sans ajustements. Le mat\u00e9riau en caoutchouc utilis\u00e9 absorbe les vibrations de mani\u00e8re fiable et est con\u00e7u pour une durabilit\u00e9 \u00e0 long terme.<\/p>\n<ul>\n<li>Compatible avec le Diamond Edge 320<\/li>\n<li>R\u00e9duit les vibrations de la corde apr\u00e8s le tir<\/li>\n<li>Mat\u00e9riau : Caoutchouc<\/li>\n<li>Fabriqu\u00e9 aux \u00c9tats-Unis par Diamond by Bowtech<\/li>\n<\/ul>","protected":false},"excerpt":{"rendered":"<table>\n<tr>\n<th>Propri\u00e9t\u00e9<\/th>\n<th>Valeur<\/th>\n<\/tr>\n<tr>\n<td>Marque<\/td>\n<td>Diamond by BOWTECH<\/td>\n<\/tr>\n<tr>\n<td>Pays d'origine<\/td>\n<td>USA<\/td>\n<\/tr>\n<\/table>","protected":false},"featured_media":524260,"comment_status":"open","ping_status":"closed","template":"","meta":[],"product_brand":[621],"product_cat":[4128,4195,4198],"product_tag":[3546],"class_list":{"0":"post-393419","1":"product","2":"type-product","3":"status-publish","4":"has-post-thumbnail","6":"product_brand-diamond","7":"product_cat-bogen-zubehoer","8":"product_cat-daempfer","9":"product_cat-sehnen-daempfer","10":"product_tag-neuheit","11":"product_shipping_class-bsd-standard","13":"first","14":"instock","15":"shipping-taxable","16":"purchasable","17":"product-type-simple"},"yoast_head":"<!-- This site is optimized with the Yoast SEO plugin v27.6 - https:\/\/yoast.com\/product\/yoast-seo-wordpress\/ -->\n<title>DIAMOND EDGE 320 GUMMI-SEHNEND\u00c4MPFER - Bogensportdiscount \u2013 B\u00f6gen, Pfeile, Targets &amp; Zubeh\u00f6r<\/title>\n<meta name=\"description\" content=\"DIAMOND EDGE 320 GUMMI-SEHNEND\u00c4MPFER g\u00fcnstig kaufen bei Bogensportdiscount \u2013 Top-Marken, schneller Versand aus der Schweiz.\" \/>\n<meta name=\"robots\" content=\"index, follow, max-snippet:-1, max-image-preview:large, max-video-preview:-1\" \/>\n<link rel=\"canonical\" href=\"https:\/\/bogensportdiscount.ch\/fr\/produit\/diamond-sehnen-daempfer-edge-320-rubber-string-suppressor\/\" \/>\n<meta property=\"og:locale\" content=\"fr_FR\" \/>\n<meta property=\"og:type\" content=\"article\" \/>\n<meta property=\"og:title\" content=\"DIAMOND EDGE 320 GUMMI-SEHNEND\u00c4MPFER - Bogensportdiscount \u2013 B\u00f6gen, Pfeile, Targets &amp; Zubeh\u00f6r\" \/>\n<meta property=\"og:description\" content=\"DIAMOND EDGE 320 GUMMI-SEHNEND\u00c4MPFER g\u00fcnstig kaufen bei Bogensportdiscount \u2013 Top-Marken, schneller Versand aus der Schweiz.\" \/>\n<meta property=\"og:url\" content=\"https:\/\/bogensportdiscount.ch\/fr\/produit\/diamond-sehnen-daempfer-edge-320-rubber-string-suppressor\/\" \/>\n<meta property=\"og:site_name\" content=\"Bogensportdiscount \u2013 B\u00f6gen, Pfeile, Targets &amp; Zubeh\u00f6r\" \/>\n<meta property=\"article:modified_time\" content=\"2026-05-14T05:13:53+00:00\" \/>\n<meta property=\"og:image\" content=\"https:\/\/bogensportdiscount.ch\/wp-content\/uploads\/bsm-images\/A074394_1.png\" \/>\n\t<meta property=\"og:image:width\" content=\"1484\" \/>\n\t<meta property=\"og:image:height\" content=\"1013\" \/>\n\t<meta property=\"og:image:type\" content=\"image\/png\" \/>\n<meta name=\"twitter:card\" content=\"summary_large_image\" \/>\n<script type=\"application\/ld+json\" class=\"yoast-schema-graph\">{\"@context\":\"https:\\\/\\\/schema.org\",\"@graph\":[{\"@type\":\"WebPage\",\"@id\":\"https:\\\/\\\/bogensportdiscount.ch\\\/produkt\\\/diamond-sehnen-daempfer-edge-320-rubber-string-suppressor\\\/\",\"url\":\"https:\\\/\\\/bogensportdiscount.ch\\\/produkt\\\/diamond-sehnen-daempfer-edge-320-rubber-string-suppressor\\\/\",\"name\":\"DIAMOND EDGE 320 GUMMI-SEHNEND\u00c4MPFER - Bogensportdiscount \u2013 B\u00f6gen, Pfeile, Targets &amp; Zubeh\u00f6r\",\"isPartOf\":{\"@id\":\"https:\\\/\\\/bogensportdiscount.ch\\\/#website\"},\"primaryImageOfPage\":{\"@id\":\"https:\\\/\\\/bogensportdiscount.ch\\\/produkt\\\/diamond-sehnen-daempfer-edge-320-rubber-string-suppressor\\\/#primaryimage\"},\"image\":{\"@id\":\"https:\\\/\\\/bogensportdiscount.ch\\\/produkt\\\/diamond-sehnen-daempfer-edge-320-rubber-string-suppressor\\\/#primaryimage\"},\"thumbnailUrl\":\"https:\\\/\\\/bogensportdiscount.ch\\\/wp-content\\\/uploads\\\/bsm-images\\\/A074394_1.png\",\"datePublished\":\"2026-04-05T12:29:38+00:00\",\"dateModified\":\"2026-05-14T05:13:53+00:00\",\"description\":\"DIAMOND EDGE 320 GUMMI-SEHNEND\u00c4MPFER g\u00fcnstig kaufen bei Bogensportdiscount \u2013 Top-Marken, schneller Versand aus der Schweiz.\",\"breadcrumb\":{\"@id\":\"https:\\\/\\\/bogensportdiscount.ch\\\/produkt\\\/diamond-sehnen-daempfer-edge-320-rubber-string-suppressor\\\/#breadcrumb\"},\"inLanguage\":\"fr-FR\",\"potentialAction\":[{\"@type\":\"ReadAction\",\"target\":[\"https:\\\/\\\/bogensportdiscount.ch\\\/produkt\\\/diamond-sehnen-daempfer-edge-320-rubber-string-suppressor\\\/\"]}]},{\"@type\":\"ImageObject\",\"inLanguage\":\"fr-FR\",\"@id\":\"https:\\\/\\\/bogensportdiscount.ch\\\/produkt\\\/diamond-sehnen-daempfer-edge-320-rubber-string-suppressor\\\/#primaryimage\",\"url\":\"https:\\\/\\\/bogensportdiscount.ch\\\/wp-content\\\/uploads\\\/bsm-images\\\/A074394_1.png\",\"contentUrl\":\"https:\\\/\\\/bogensportdiscount.ch\\\/wp-content\\\/uploads\\\/bsm-images\\\/A074394_1.png\",\"width\":1484,\"height\":1013},{\"@type\":\"BreadcrumbList\",\"@id\":\"https:\\\/\\\/bogensportdiscount.ch\\\/produkt\\\/diamond-sehnen-daempfer-edge-320-rubber-string-suppressor\\\/#breadcrumb\",\"itemListElement\":[{\"@type\":\"ListItem\",\"position\":1,\"name\":\"Home\",\"item\":\"https:\\\/\\\/bogensportdiscount.ch\\\/\"},{\"@type\":\"ListItem\",\"position\":2,\"name\":\"Shop\",\"item\":\"https:\\\/\\\/bogensportdiscount.ch\\\/shop\\\/\"},{\"@type\":\"ListItem\",\"position\":3,\"name\":\"DIAMOND EDGE 320 RUBBER STRING SUPRESSOR\"}]},{\"@type\":\"WebSite\",\"@id\":\"https:\\\/\\\/bogensportdiscount.ch\\\/#website\",\"url\":\"https:\\\/\\\/bogensportdiscount.ch\\\/\",\"name\":\"Bogensportdiscount\",\"description\":\"\",\"potentialAction\":[{\"@type\":\"SearchAction\",\"target\":{\"@type\":\"EntryPoint\",\"urlTemplate\":\"https:\\\/\\\/bogensportdiscount.ch\\\/?s={search_term_string}\"},\"query-input\":{\"@type\":\"PropertyValueSpecification\",\"valueRequired\":true,\"valueName\":\"search_term_string\"}}],\"inLanguage\":\"fr-FR\"}]}<\/script>\n<!-- \/ Yoast SEO plugin. -->","yoast_head_json":{"title":"DIAMOND EDGE 320 GUMMI-SEHNEND\u00c4MPFER - Bogensportdiscount \u2013 B\u00f6gen, Pfeile, Targets &amp; Zubeh\u00f6r","description":"DIAMOND EDGE 320 GUMMI-SEHNEND\u00c4MPFER g\u00fcnstig kaufen bei Bogensportdiscount \u2013 Top-Marken, schneller Versand aus der Schweiz.","robots":{"index":"index","follow":"follow","max-snippet":"max-snippet:-1","max-image-preview":"max-image-preview:large","max-video-preview":"max-video-preview:-1"},"canonical":"https:\/\/bogensportdiscount.ch\/fr\/produit\/diamond-sehnen-daempfer-edge-320-rubber-string-suppressor\/","og_locale":"fr_FR","og_type":"article","og_title":"DIAMOND EDGE 320 GUMMI-SEHNEND\u00c4MPFER - Bogensportdiscount \u2013 B\u00f6gen, Pfeile, Targets &amp; Zubeh\u00f6r","og_description":"DIAMOND EDGE 320 GUMMI-SEHNEND\u00c4MPFER g\u00fcnstig kaufen bei Bogensportdiscount \u2013 Top-Marken, schneller Versand aus der Schweiz.","og_url":"https:\/\/bogensportdiscount.ch\/fr\/produit\/diamond-sehnen-daempfer-edge-320-rubber-string-suppressor\/","og_site_name":"Bogensportdiscount \u2013 B\u00f6gen, Pfeile, Targets &amp; Zubeh\u00f6r","article_modified_time":"2026-05-14T05:13:53+00:00","og_image":[{"url":"https:\/\/bogensportdiscount.ch\/wp-content\/uploads\/bsm-images\/A074394_1.png","width":1484,"height":1013,"type":"image\/png"}],"twitter_card":"summary_large_image","schema":{"@context":"https:\/\/schema.org","@graph":[{"@type":"WebPage","@id":"https:\/\/bogensportdiscount.ch\/produkt\/diamond-sehnen-daempfer-edge-320-rubber-string-suppressor\/","url":"https:\/\/bogensportdiscount.ch\/produkt\/diamond-sehnen-daempfer-edge-320-rubber-string-suppressor\/","name":"DIAMOND EDGE 320 GUMMI-SEHNEND\u00c4MPFER - Bogensportdiscount \u2013 B\u00f6gen, Pfeile, Targets &amp; Zubeh\u00f6r","isPartOf":{"@id":"https:\/\/bogensportdiscount.ch\/#website"},"primaryImageOfPage":{"@id":"https:\/\/bogensportdiscount.ch\/produkt\/diamond-sehnen-daempfer-edge-320-rubber-string-suppressor\/#primaryimage"},"image":{"@id":"https:\/\/bogensportdiscount.ch\/produkt\/diamond-sehnen-daempfer-edge-320-rubber-string-suppressor\/#primaryimage"},"thumbnailUrl":"https:\/\/bogensportdiscount.ch\/wp-content\/uploads\/bsm-images\/A074394_1.png","datePublished":"2026-04-05T12:29:38+00:00","dateModified":"2026-05-14T05:13:53+00:00","description":"DIAMOND EDGE 320 GUMMI-SEHNEND\u00c4MPFER g\u00fcnstig kaufen bei Bogensportdiscount \u2013 Top-Marken, schneller Versand aus der Schweiz.","breadcrumb":{"@id":"https:\/\/bogensportdiscount.ch\/produkt\/diamond-sehnen-daempfer-edge-320-rubber-string-suppressor\/#breadcrumb"},"inLanguage":"fr-FR","potentialAction":[{"@type":"ReadAction","target":["https:\/\/bogensportdiscount.ch\/produkt\/diamond-sehnen-daempfer-edge-320-rubber-string-suppressor\/"]}]},{"@type":"ImageObject","inLanguage":"fr-FR","@id":"https:\/\/bogensportdiscount.ch\/produkt\/diamond-sehnen-daempfer-edge-320-rubber-string-suppressor\/#primaryimage","url":"https:\/\/bogensportdiscount.ch\/wp-content\/uploads\/bsm-images\/A074394_1.png","contentUrl":"https:\/\/bogensportdiscount.ch\/wp-content\/uploads\/bsm-images\/A074394_1.png","width":1484,"height":1013},{"@type":"BreadcrumbList","@id":"https:\/\/bogensportdiscount.ch\/produkt\/diamond-sehnen-daempfer-edge-320-rubber-string-suppressor\/#breadcrumb","itemListElement":[{"@type":"ListItem","position":1,"name":"Home","item":"https:\/\/bogensportdiscount.ch\/"},{"@type":"ListItem","position":2,"name":"Shop","item":"https:\/\/bogensportdiscount.ch\/shop\/"},{"@type":"ListItem","position":3,"name":"DIAMOND EDGE 320 RUBBER STRING SUPRESSOR"}]},{"@type":"WebSite","@id":"https:\/\/bogensportdiscount.ch\/#website","url":"https:\/\/bogensportdiscount.ch\/","name":"Bogensportdiscount","description":"","potentialAction":[{"@type":"SearchAction","target":{"@type":"EntryPoint","urlTemplate":"https:\/\/bogensportdiscount.ch\/?s={search_term_string}"},"query-input":{"@type":"PropertyValueSpecification","valueRequired":true,"valueName":"search_term_string"}}],"inLanguage":"fr-FR"}]}},"_links":{"self":[{"href":"https:\/\/bogensportdiscount.ch\/fr\/wp-json\/wp\/v2\/product\/393419","targetHints":{"allow":["GET"]}}],"collection":[{"href":"https:\/\/bogensportdiscount.ch\/fr\/wp-json\/wp\/v2\/product"}],"about":[{"href":"https:\/\/bogensportdiscount.ch\/fr\/wp-json\/wp\/v2\/types\/product"}],"replies":[{"embeddable":true,"href":"https:\/\/bogensportdiscount.ch\/fr\/wp-json\/wp\/v2\/comments?post=393419"}],"wp:featuredmedia":[{"embeddable":true,"href":"https:\/\/bogensportdiscount.ch\/fr\/wp-json\/wp\/v2\/media\/524260"}],"wp:attachment":[{"href":"https:\/\/bogensportdiscount.ch\/fr\/wp-json\/wp\/v2\/media?parent=393419"}],"wp:term":[{"taxonomy":"product_brand","embeddable":true,"href":"https:\/\/bogensportdiscount.ch\/fr\/wp-json\/wp\/v2\/product_brand?post=393419"},{"taxonomy":"product_cat","embeddable":true,"href":"https:\/\/bogensportdiscount.ch\/fr\/wp-json\/wp\/v2\/product_cat?post=393419"},{"taxonomy":"product_tag","embeddable":true,"href":"https:\/\/bogensportdiscount.ch\/fr\/wp-json\/wp\/v2\/product_tag?post=393419"}],"curies":[{"name":"wp","href":"https:\/\/api.w.org\/{rel}","templated":true}]}}