{"id":393394,"date":"2026-04-05T14:29:33","date_gmt":"2026-04-05T12:29:33","guid":{"rendered":"https:\/\/bogensportdiscount.ch\/produkt\/decut-fletching-jig-charge-black\/"},"modified":"2026-04-17T13:26:02","modified_gmt":"2026-04-17T11:26:02","slug":"decut-befiederungsgeraet-charge-schwarz","status":"publish","type":"product","link":"https:\/\/bogensportdiscount.ch\/fr\/produit\/decut-befiederungsgeraet-charge-schwarz\/","title":{"rendered":"DECUT FLETCHING JIG CHARGE BLACK"},"content":{"rendered":"<p>Das DECUT Charge Befiederungsger\u00e4t ist ein praktisches Hilfsmittel f\u00fcr Bogensch\u00fctzen, die ihre Pfeile selbst befiedern m\u00f6chten. Mit diesem Ger\u00e4t lassen sich Federn und Kunststoff-Vanes exakt und reproduzierbar auf den Pfeilschaft aufbringen.<\/p>\n<p>Das Ger\u00e4t ist in Schwarz gehalten und geh\u00f6rt zur Charge-Linie von DECUT, einem auf Bogensport-Zubeh\u00f6r spezialisierten Hersteller. Es ist f\u00fcr den regelm\u00e4ssigen Einsatz in der Pfeilwerkstatt konzipiert.<\/p>\n<ul>\n<li>Gleichm\u00e4ssige und wiederholbare Befiederung<\/li>\n<li>Geeignet f\u00fcr Federn und Kunststoff-Vanes<\/li>\n<li>Kompaktes und handliches Design<\/li>\n<li>Von DECUT, einem etablierten Bogensport-Zubeh\u00f6rhersteller<\/li>\n<\/ul>","protected":false},"excerpt":{"rendered":"<p><strong>Marque :<\/strong> Decut<br \/><strong>Typ:<\/strong> Fletching jig<\/p>","protected":false},"featured_media":446127,"comment_status":"open","ping_status":"closed","template":"","meta":[],"product_brand":[817],"product_cat":[4141],"product_tag":[3546],"class_list":{"0":"post-393394","1":"product","2":"type-product","3":"status-publish","4":"has-post-thumbnail","6":"product_brand-decut","7":"product_cat-fletching-jigs-parts","8":"product_tag-neuheit","10":"first","11":"instock","12":"shipping-taxable","13":"purchasable","14":"product-type-simple"},"_links":{"self":[{"href":"https:\/\/bogensportdiscount.ch\/fr\/wp-json\/wp\/v2\/product\/393394","targetHints":{"allow":["GET"]}}],"collection":[{"href":"https:\/\/bogensportdiscount.ch\/fr\/wp-json\/wp\/v2\/product"}],"about":[{"href":"https:\/\/bogensportdiscount.ch\/fr\/wp-json\/wp\/v2\/types\/product"}],"replies":[{"embeddable":true,"href":"https:\/\/bogensportdiscount.ch\/fr\/wp-json\/wp\/v2\/comments?post=393394"}],"wp:featuredmedia":[{"embeddable":true,"href":"https:\/\/bogensportdiscount.ch\/fr\/wp-json\/wp\/v2\/media\/446127"}],"wp:attachment":[{"href":"https:\/\/bogensportdiscount.ch\/fr\/wp-json\/wp\/v2\/media?parent=393394"}],"wp:term":[{"taxonomy":"product_brand","embeddable":true,"href":"https:\/\/bogensportdiscount.ch\/fr\/wp-json\/wp\/v2\/product_brand?post=393394"},{"taxonomy":"product_cat","embeddable":true,"href":"https:\/\/bogensportdiscount.ch\/fr\/wp-json\/wp\/v2\/product_cat?post=393394"},{"taxonomy":"product_tag","embeddable":true,"href":"https:\/\/bogensportdiscount.ch\/fr\/wp-json\/wp\/v2\/product_tag?post=393394"}],"curies":[{"name":"wp","href":"https:\/\/api.w.org\/{rel}","templated":true}]}}