{"id":393387,"date":"2026-04-05T14:29:31","date_gmt":"2026-04-05T12:29:31","guid":{"rendered":"https:\/\/bogensportdiscount.ch\/produkt\/tippingpointarchery-tipping-point-sharpener-parts-replacement-blades-6-pk\/"},"modified":"2026-04-20T12:48:53","modified_gmt":"2026-04-20T10:48:53","slug":"tippingpointarchery-tipping-point-schaerfer-ersatzklingen-6er-pack","status":"publish","type":"product","link":"https:\/\/bogensportdiscount.ch\/fr\/produit\/tippingpointarchery-tipping-point-schaerfer-ersatzklingen-6er-pack\/","title":{"rendered":"TIPPINGPOINTARCHERY TIPPING POINT SCHAERFER TEILE ERSATZKLINGEN 6\/PK"},"content":{"rendered":"<p>Die Ersatzklingen von TippingPointArchery sind speziell f\u00fcr den Tipping Point Sch\u00e4rfer entwickelt und sorgen daf\u00fcr, dass das Werkzeug stets in einwandfreiem Zustand bleibt. Jedes Pack enth\u00e4lt 6 Klingen, sodass ein regelm\u00e4ssiger Austausch problemlos m\u00f6glich ist.<\/p>\n<p>Der Einsatz scharfer Klingen ist entscheidend f\u00fcr pr\u00e4zise und saubere Ergebnisse beim Bearbeiten konischer Vanes. Stumpfe Klingen k\u00f6nnen die Qualit\u00e4t der Bearbeitung beeintr\u00e4chtigen \u2013 mit diesen Ersatzklingen bleibt die Leistung des Sch\u00e4rfers konstant hoch.<\/p>\n<ul>\n<li>6 Ersatzklingen pro Pack<\/li>\n<li>Passend f\u00fcr den Tipping Point Sch\u00e4rfer<\/li>\n<li>Einfacher Austausch f\u00fcr kontinuierliche Wartung<\/li>\n<li>Geeignet f\u00fcr konische Vanes-Werkzeuge<\/li>\n<\/ul>","protected":false},"excerpt":{"rendered":"<p><strong>Marque :<\/strong> Tipping Point Archery<br \/><strong>GTIN:<\/strong> 6426022023003<\/p>","protected":false},"featured_media":520680,"comment_status":"open","ping_status":"closed","template":"","meta":[],"product_brand":[846],"product_cat":[4280],"product_tag":[3546],"class_list":{"0":"post-393387","1":"product","2":"type-product","3":"status-publish","4":"has-post-thumbnail","6":"product_brand-tippingpointarchery","7":"product_cat-taper-tools-vane-cutters","8":"product_tag-neuheit","10":"first","11":"instock","12":"shipping-taxable","13":"purchasable","14":"product-type-simple"},"yoast_head":"<!-- This site is optimized with the Yoast SEO plugin v27.4 - https:\/\/yoast.com\/product\/yoast-seo-wordpress\/ -->\n<title>TIPPINGPOINTARCHERY TIPPING POINT SCHAERFER TEILE ERSATZKLINGEN 6\/PK - Bogensportdiscount \u2013 B\u00f6gen, Pfeile, Targets &amp; Zubeh\u00f6r<\/title>\n<meta name=\"description\" content=\"TIPPINGPOINTARCHERY TIPPING POINT SCHAERFER TEILE ERSATZKLINGEN 6\/PK g\u00fcnstig kaufen bei Bogensportdiscount \u2013 Top-Marken, schneller Versand aus der Schweiz.\" \/>\n<meta name=\"robots\" content=\"noindex, follow, max-snippet:-1, max-image-preview:large, max-video-preview:-1\" \/>\n<meta property=\"og:locale\" content=\"fr_FR\" \/>\n<meta property=\"og:type\" content=\"article\" \/>\n<meta property=\"og:title\" content=\"TIPPINGPOINTARCHERY TIPPING POINT SCHAERFER TEILE ERSATZKLINGEN 6\/PK - Bogensportdiscount \u2013 B\u00f6gen, Pfeile, Targets &amp; Zubeh\u00f6r\" \/>\n<meta property=\"og:description\" content=\"TIPPINGPOINTARCHERY TIPPING POINT SCHAERFER TEILE ERSATZKLINGEN 6\/PK g\u00fcnstig kaufen bei Bogensportdiscount \u2013 Top-Marken, schneller Versand aus der Schweiz.\" \/>\n<meta property=\"og:url\" content=\"https:\/\/bogensportdiscount.ch\/fr\/prodotto\/tippingpointarchery-tipping-point-schaerfer-ersatzklingen-6er-pack\/\" \/>\n<meta property=\"og:site_name\" content=\"Bogensportdiscount \u2013 B\u00f6gen, Pfeile, Targets &amp; Zubeh\u00f6r\" \/>\n<meta property=\"article:modified_time\" content=\"2026-04-20T10:48:53+00:00\" \/>\n<meta property=\"og:image\" content=\"https:\/\/bogensportdiscount.ch\/wp-content\/uploads\/bsm-images\/A071329_1.jpg\" \/>\n\t<meta property=\"og:image:width\" content=\"1500\" \/>\n\t<meta property=\"og:image:height\" content=\"1500\" \/>\n\t<meta property=\"og:image:type\" content=\"image\/jpeg\" \/>\n<meta name=\"twitter:card\" content=\"summary_large_image\" \/>\n<script type=\"application\/ld+json\" class=\"yoast-schema-graph\">{\"@context\":\"https:\\\/\\\/schema.org\",\"@graph\":[{\"@type\":\"WebPage\",\"@id\":\"https:\\\/\\\/bogensportdiscount.ch\\\/it\\\/prodotto\\\/tippingpointarchery-tipping-point-schaerfer-ersatzklingen-6er-pack\\\/\",\"url\":\"https:\\\/\\\/bogensportdiscount.ch\\\/it\\\/prodotto\\\/tippingpointarchery-tipping-point-schaerfer-ersatzklingen-6er-pack\\\/\",\"name\":\"TIPPINGPOINTARCHERY TIPPING POINT SCHAERFER TEILE ERSATZKLINGEN 6\\\/PK - Bogensportdiscount \u2013 B\u00f6gen, Pfeile, Targets &amp; Zubeh\u00f6r\",\"isPartOf\":{\"@id\":\"https:\\\/\\\/bogensportdiscount.ch\\\/#website\"},\"primaryImageOfPage\":{\"@id\":\"https:\\\/\\\/bogensportdiscount.ch\\\/it\\\/prodotto\\\/tippingpointarchery-tipping-point-schaerfer-ersatzklingen-6er-pack\\\/#primaryimage\"},\"image\":{\"@id\":\"https:\\\/\\\/bogensportdiscount.ch\\\/it\\\/prodotto\\\/tippingpointarchery-tipping-point-schaerfer-ersatzklingen-6er-pack\\\/#primaryimage\"},\"thumbnailUrl\":\"https:\\\/\\\/bogensportdiscount.ch\\\/wp-content\\\/uploads\\\/bsm-images\\\/A071329_1.jpg\",\"datePublished\":\"2026-04-05T12:29:31+00:00\",\"dateModified\":\"2026-04-20T10:48:53+00:00\",\"description\":\"TIPPINGPOINTARCHERY TIPPING POINT SCHAERFER TEILE ERSATZKLINGEN 6\\\/PK g\u00fcnstig kaufen bei Bogensportdiscount \u2013 Top-Marken, schneller Versand aus der Schweiz.\",\"breadcrumb\":{\"@id\":\"https:\\\/\\\/bogensportdiscount.ch\\\/it\\\/prodotto\\\/tippingpointarchery-tipping-point-schaerfer-ersatzklingen-6er-pack\\\/#breadcrumb\"},\"inLanguage\":\"fr-FR\",\"potentialAction\":[{\"@type\":\"ReadAction\",\"target\":[\"https:\\\/\\\/bogensportdiscount.ch\\\/it\\\/prodotto\\\/tippingpointarchery-tipping-point-schaerfer-ersatzklingen-6er-pack\\\/\"]}]},{\"@type\":\"ImageObject\",\"inLanguage\":\"fr-FR\",\"@id\":\"https:\\\/\\\/bogensportdiscount.ch\\\/it\\\/prodotto\\\/tippingpointarchery-tipping-point-schaerfer-ersatzklingen-6er-pack\\\/#primaryimage\",\"url\":\"https:\\\/\\\/bogensportdiscount.ch\\\/wp-content\\\/uploads\\\/bsm-images\\\/A071329_1.jpg\",\"contentUrl\":\"https:\\\/\\\/bogensportdiscount.ch\\\/wp-content\\\/uploads\\\/bsm-images\\\/A071329_1.jpg\",\"width\":1500,\"height\":1500},{\"@type\":\"BreadcrumbList\",\"@id\":\"https:\\\/\\\/bogensportdiscount.ch\\\/it\\\/prodotto\\\/tippingpointarchery-tipping-point-schaerfer-ersatzklingen-6er-pack\\\/#breadcrumb\",\"itemListElement\":[{\"@type\":\"ListItem\",\"position\":1,\"name\":\"Home\",\"item\":\"https:\\\/\\\/bogensportdiscount.ch\\\/\"},{\"@type\":\"ListItem\",\"position\":2,\"name\":\"Shop\",\"item\":\"https:\\\/\\\/bogensportdiscount.ch\\\/shop\\\/\"},{\"@type\":\"ListItem\",\"position\":3,\"name\":\"TIPPINGPOINTARCHERY TIPPING POINT SCHAERFER TEILE ERSATZKLINGEN 6\\\/PK\"}]},{\"@type\":\"WebSite\",\"@id\":\"https:\\\/\\\/bogensportdiscount.ch\\\/#website\",\"url\":\"https:\\\/\\\/bogensportdiscount.ch\\\/\",\"name\":\"Bogensportdiscount\",\"description\":\"\",\"potentialAction\":[{\"@type\":\"SearchAction\",\"target\":{\"@type\":\"EntryPoint\",\"urlTemplate\":\"https:\\\/\\\/bogensportdiscount.ch\\\/?s={search_term_string}\"},\"query-input\":{\"@type\":\"PropertyValueSpecification\",\"valueRequired\":true,\"valueName\":\"search_term_string\"}}],\"inLanguage\":\"fr-FR\"}]}<\/script>\n<!-- \/ Yoast SEO plugin. -->","yoast_head_json":{"title":"TIPPINGPOINTARCHERY TIPPING POINT SCHAERFER TEILE ERSATZKLINGEN 6\/PK - Bogensportdiscount \u2013 B\u00f6gen, Pfeile, Targets &amp; Zubeh\u00f6r","description":"TIPPINGPOINTARCHERY TIPPING POINT SCHAERFER TEILE ERSATZKLINGEN 6\/PK g\u00fcnstig kaufen bei Bogensportdiscount \u2013 Top-Marken, schneller Versand aus der Schweiz.","robots":{"index":"noindex","follow":"follow","max-snippet":"max-snippet:-1","max-image-preview":"max-image-preview:large","max-video-preview":"max-video-preview:-1"},"og_locale":"fr_FR","og_type":"article","og_title":"TIPPINGPOINTARCHERY TIPPING POINT SCHAERFER TEILE ERSATZKLINGEN 6\/PK - Bogensportdiscount \u2013 B\u00f6gen, Pfeile, Targets &amp; Zubeh\u00f6r","og_description":"TIPPINGPOINTARCHERY TIPPING POINT SCHAERFER TEILE ERSATZKLINGEN 6\/PK g\u00fcnstig kaufen bei Bogensportdiscount \u2013 Top-Marken, schneller Versand aus der Schweiz.","og_url":"https:\/\/bogensportdiscount.ch\/fr\/prodotto\/tippingpointarchery-tipping-point-schaerfer-ersatzklingen-6er-pack\/","og_site_name":"Bogensportdiscount \u2013 B\u00f6gen, Pfeile, Targets &amp; Zubeh\u00f6r","article_modified_time":"2026-04-20T10:48:53+00:00","og_image":[{"width":1500,"height":1500,"url":"https:\/\/bogensportdiscount.ch\/wp-content\/uploads\/bsm-images\/A071329_1.jpg","type":"image\/jpeg"}],"twitter_card":"summary_large_image","schema":{"@context":"https:\/\/schema.org","@graph":[{"@type":"WebPage","@id":"https:\/\/bogensportdiscount.ch\/it\/prodotto\/tippingpointarchery-tipping-point-schaerfer-ersatzklingen-6er-pack\/","url":"https:\/\/bogensportdiscount.ch\/it\/prodotto\/tippingpointarchery-tipping-point-schaerfer-ersatzklingen-6er-pack\/","name":"TIPPINGPOINTARCHERY TIPPING POINT SCHAERFER TEILE ERSATZKLINGEN 6\/PK - Bogensportdiscount \u2013 B\u00f6gen, Pfeile, Targets &amp; Zubeh\u00f6r","isPartOf":{"@id":"https:\/\/bogensportdiscount.ch\/#website"},"primaryImageOfPage":{"@id":"https:\/\/bogensportdiscount.ch\/it\/prodotto\/tippingpointarchery-tipping-point-schaerfer-ersatzklingen-6er-pack\/#primaryimage"},"image":{"@id":"https:\/\/bogensportdiscount.ch\/it\/prodotto\/tippingpointarchery-tipping-point-schaerfer-ersatzklingen-6er-pack\/#primaryimage"},"thumbnailUrl":"https:\/\/bogensportdiscount.ch\/wp-content\/uploads\/bsm-images\/A071329_1.jpg","datePublished":"2026-04-05T12:29:31+00:00","dateModified":"2026-04-20T10:48:53+00:00","description":"TIPPINGPOINTARCHERY TIPPING POINT SCHAERFER TEILE ERSATZKLINGEN 6\/PK g\u00fcnstig kaufen bei Bogensportdiscount \u2013 Top-Marken, schneller Versand aus der Schweiz.","breadcrumb":{"@id":"https:\/\/bogensportdiscount.ch\/it\/prodotto\/tippingpointarchery-tipping-point-schaerfer-ersatzklingen-6er-pack\/#breadcrumb"},"inLanguage":"fr-FR","potentialAction":[{"@type":"ReadAction","target":["https:\/\/bogensportdiscount.ch\/it\/prodotto\/tippingpointarchery-tipping-point-schaerfer-ersatzklingen-6er-pack\/"]}]},{"@type":"ImageObject","inLanguage":"fr-FR","@id":"https:\/\/bogensportdiscount.ch\/it\/prodotto\/tippingpointarchery-tipping-point-schaerfer-ersatzklingen-6er-pack\/#primaryimage","url":"https:\/\/bogensportdiscount.ch\/wp-content\/uploads\/bsm-images\/A071329_1.jpg","contentUrl":"https:\/\/bogensportdiscount.ch\/wp-content\/uploads\/bsm-images\/A071329_1.jpg","width":1500,"height":1500},{"@type":"BreadcrumbList","@id":"https:\/\/bogensportdiscount.ch\/it\/prodotto\/tippingpointarchery-tipping-point-schaerfer-ersatzklingen-6er-pack\/#breadcrumb","itemListElement":[{"@type":"ListItem","position":1,"name":"Home","item":"https:\/\/bogensportdiscount.ch\/"},{"@type":"ListItem","position":2,"name":"Shop","item":"https:\/\/bogensportdiscount.ch\/shop\/"},{"@type":"ListItem","position":3,"name":"TIPPINGPOINTARCHERY TIPPING POINT SCHAERFER TEILE ERSATZKLINGEN 6\/PK"}]},{"@type":"WebSite","@id":"https:\/\/bogensportdiscount.ch\/#website","url":"https:\/\/bogensportdiscount.ch\/","name":"Bogensportdiscount","description":"","potentialAction":[{"@type":"SearchAction","target":{"@type":"EntryPoint","urlTemplate":"https:\/\/bogensportdiscount.ch\/?s={search_term_string}"},"query-input":{"@type":"PropertyValueSpecification","valueRequired":true,"valueName":"search_term_string"}}],"inLanguage":"fr-FR"}]}},"_links":{"self":[{"href":"https:\/\/bogensportdiscount.ch\/fr\/wp-json\/wp\/v2\/product\/393387","targetHints":{"allow":["GET"]}}],"collection":[{"href":"https:\/\/bogensportdiscount.ch\/fr\/wp-json\/wp\/v2\/product"}],"about":[{"href":"https:\/\/bogensportdiscount.ch\/fr\/wp-json\/wp\/v2\/types\/product"}],"replies":[{"embeddable":true,"href":"https:\/\/bogensportdiscount.ch\/fr\/wp-json\/wp\/v2\/comments?post=393387"}],"wp:featuredmedia":[{"embeddable":true,"href":"https:\/\/bogensportdiscount.ch\/fr\/wp-json\/wp\/v2\/media\/520680"}],"wp:attachment":[{"href":"https:\/\/bogensportdiscount.ch\/fr\/wp-json\/wp\/v2\/media?parent=393387"}],"wp:term":[{"taxonomy":"product_brand","embeddable":true,"href":"https:\/\/bogensportdiscount.ch\/fr\/wp-json\/wp\/v2\/product_brand?post=393387"},{"taxonomy":"product_cat","embeddable":true,"href":"https:\/\/bogensportdiscount.ch\/fr\/wp-json\/wp\/v2\/product_cat?post=393387"},{"taxonomy":"product_tag","embeddable":true,"href":"https:\/\/bogensportdiscount.ch\/fr\/wp-json\/wp\/v2\/product_tag?post=393387"}],"curies":[{"name":"wp","href":"https:\/\/api.w.org\/{rel}","templated":true}]}}