{"id":393386,"date":"2026-04-05T14:29:31","date_gmt":"2026-04-05T12:29:31","guid":{"rendered":"https:\/\/bogensportdiscount.ch\/produkt\/fivics-tab-part-finger-pro-spacer\/"},"modified":"2026-04-17T19:12:30","modified_gmt":"2026-04-17T17:12:30","slug":"fivics-tab-teil-finger-pro-spacer","status":"publish","type":"product","link":"https:\/\/bogensportdiscount.ch\/fr\/produit\/fivics-tab-teil-finger-pro-spacer\/","title":{"rendered":"FIVICS TAB PART FINGER PRO SPACER"},"content":{"rendered":"<p>Der FIVICS Finger Pro Spacer ist ein Einzelteil f\u00fcr den FIVICS Finger Pro Tab und erm\u00f6glicht die pr\u00e4zise Einstellung des Abstands zwischen den Fingern beim Bogenschiessen. Solche Spacer werden eingesetzt, um den Tab optimal an die individuelle Handgeometrie des Sch\u00fctzen anzupassen.<\/p>\n<p>Als Ersatzteil oder zur Erg\u00e4nzung des bestehenden Tab-Systems geeignet, tr\u00e4gt der Spacer zu einer gleichm\u00e4ssigen und wiederholbaren Zughand-Position bei. Das Teil ist zu einem g\u00fcnstigen Preis erh\u00e4ltlich und eignet sich f\u00fcr Recurve-Sch\u00fctzen, die ihren Tab feinjustieren m\u00f6chten.<\/p>\n<ul>\n<li>Spacer zur Fingerabstand-Anpassung am Tab<\/li>\n<li>Kompatibel mit dem FIVICS Finger Pro Tab<\/li>\n<li>F\u00fcr individuelle Anpassung an die Handgeometrie<\/li>\n<li>Preisg\u00fcnstiges Ersatz- und Zubeh\u00f6rteil<\/li>\n<\/ul>","protected":false},"excerpt":{"rendered":"<p><strong>Marque :<\/strong> Fivics<br \/><strong>Typ:<\/strong> Spacer<\/p>","protected":false},"featured_media":446072,"comment_status":"open","ping_status":"closed","template":"","meta":[],"product_brand":[429],"product_cat":[4252],"product_tag":[3546],"class_list":{"0":"post-393386","1":"product","2":"type-product","3":"status-publish","4":"has-post-thumbnail","6":"product_brand-fivics","7":"product_cat-einzelteile-fuer-finger-tabs","8":"product_tag-neuheit","10":"first","11":"instock","12":"shipping-taxable","13":"purchasable","14":"product-type-simple"},"_links":{"self":[{"href":"https:\/\/bogensportdiscount.ch\/fr\/wp-json\/wp\/v2\/product\/393386","targetHints":{"allow":["GET"]}}],"collection":[{"href":"https:\/\/bogensportdiscount.ch\/fr\/wp-json\/wp\/v2\/product"}],"about":[{"href":"https:\/\/bogensportdiscount.ch\/fr\/wp-json\/wp\/v2\/types\/product"}],"replies":[{"embeddable":true,"href":"https:\/\/bogensportdiscount.ch\/fr\/wp-json\/wp\/v2\/comments?post=393386"}],"wp:featuredmedia":[{"embeddable":true,"href":"https:\/\/bogensportdiscount.ch\/fr\/wp-json\/wp\/v2\/media\/446072"}],"wp:attachment":[{"href":"https:\/\/bogensportdiscount.ch\/fr\/wp-json\/wp\/v2\/media?parent=393386"}],"wp:term":[{"taxonomy":"product_brand","embeddable":true,"href":"https:\/\/bogensportdiscount.ch\/fr\/wp-json\/wp\/v2\/product_brand?post=393386"},{"taxonomy":"product_cat","embeddable":true,"href":"https:\/\/bogensportdiscount.ch\/fr\/wp-json\/wp\/v2\/product_cat?post=393386"},{"taxonomy":"product_tag","embeddable":true,"href":"https:\/\/bogensportdiscount.ch\/fr\/wp-json\/wp\/v2\/product_tag?post=393386"}],"curies":[{"name":"wp","href":"https:\/\/api.w.org\/{rel}","templated":true}]}}