{"id":393374,"date":"2026-04-05T14:29:28","date_gmt":"2026-04-05T12:29:28","guid":{"rendered":"https:\/\/bogensportdiscount.ch\/produkt\/skylon-x-bow-bolts-point-inserts-dia-8-7mm-12-pk\/"},"modified":"2026-05-14T07:13:52","modified_gmt":"2026-05-14T05:13:52","slug":"skylon-x-bow-bolzen-spitzen-inserts-8-7mm-12er-pack","status":"publish","type":"product","link":"https:\/\/bogensportdiscount.ch\/fr\/produit\/skylon-x-bow-bolzen-spitzen-inserts-8-7mm-12er-pack\/","title":{"rendered":"SKYLON X-BOW INSERTS DE POINTE BOULON DIA 8.7mm 12\/PK"},"content":{"rendered":"<p>Les inserts SKYLON X-Bow pour bolts sont sp\u00e9cialement con\u00e7us pour les bolts d'arbal\u00e8te d'un diam\u00e8tre de tube de 8.7 mm. Ils sont coll\u00e9s dans le tube du bolt et servent de logement pour les pointes \u00e0 visser.<\/p>\n<p>Le pack contient 12 inserts, offrant ainsi suffisamment de pi\u00e8ces de rechange pour plusieurs bolts ou un jeu complet. Les inserts permettent de changer facilement diff\u00e9rents types de pointes sans remplacer l'ensemble du bolt.<\/p>\n<ul>\n<li>Diam\u00e8tre : 8.7 mm<\/li>\n<li>Compatible avec les bolts d'arbal\u00e8te SKYLON X-Bow<\/li>\n<li>12 pi\u00e8ces par emballage<\/li>\n<li>Permettent de changer les pointes \u00e0 visser<\/li>\n<\/ul>","protected":false},"excerpt":{"rendered":"<table>\n<tr>\n<th>Propri\u00e9t\u00e9<\/th>\n<th>Valeur<\/th>\n<\/tr>\n<tr>\n<td>Marque<\/td>\n<td>Skylon<\/td>\n<\/tr>\n<tr>\n<td>Mat\u00e9riau<\/td>\n<td>Aluminum<\/td>\n<\/tr>\n<tr>\n<td>Utilisation<\/td>\n<td>Crossbow bolts<\/td>\n<\/tr>\n<tr>\n<td>Emballage<\/td>\n<td>12 inserts per pack<\/td>\n<\/tr>\n<tr>\n<td>Diameter<\/td>\n<td>8.7 mm (inner shaft diameter)<\/td>\n<\/tr>\n<\/table>","protected":false},"featured_media":453048,"comment_status":"open","ping_status":"closed","template":"","meta":[],"product_brand":[457],"product_cat":[4135,4204,4296],"product_tag":[3546],"class_list":{"0":"post-393374","1":"product","2":"type-product","3":"status-publish","4":"has-post-thumbnail","6":"product_brand-skylon","7":"product_cat-armbrust-zubehoer","8":"product_cat-bolzen-armbrust-zubehoer","9":"product_cat-spitzen-inserts","10":"product_tag-neuheit","11":"product_shipping_class-bsd-standard","13":"first","14":"instock","15":"shipping-taxable","16":"purchasable","17":"product-type-simple"},"yoast_head":"<!-- This site is optimized with the Yoast SEO plugin v27.6 - https:\/\/yoast.com\/product\/yoast-seo-wordpress\/ -->\n<title>SKYLON X-BOW BOLZEN SPITZENEINS\u00c4TZE DIA 8.7mm 12\/PK - Bogensportdiscount \u2013 B\u00f6gen, Pfeile, Targets &amp; Zubeh\u00f6r<\/title>\n<meta name=\"description\" content=\"SKYLON X-BOW BOLZEN SPITZENEINS\u00c4TZE DIA 8.7mm 12\/PK g\u00fcnstig kaufen bei Bogensportdiscount \u2013 Top-Marken, schneller Versand aus der Schweiz.\" \/>\n<meta name=\"robots\" content=\"index, follow, max-snippet:-1, max-image-preview:large, max-video-preview:-1\" \/>\n<link rel=\"canonical\" href=\"https:\/\/bogensportdiscount.ch\/fr\/produit\/skylon-x-bow-bolzen-spitzen-inserts-8-7mm-12er-pack\/\" \/>\n<meta property=\"og:locale\" content=\"fr_FR\" \/>\n<meta property=\"og:type\" content=\"article\" \/>\n<meta property=\"og:title\" content=\"SKYLON X-BOW BOLZEN SPITZENEINS\u00c4TZE DIA 8.7mm 12\/PK - Bogensportdiscount \u2013 B\u00f6gen, Pfeile, Targets &amp; Zubeh\u00f6r\" \/>\n<meta property=\"og:description\" content=\"SKYLON X-BOW BOLZEN SPITZENEINS\u00c4TZE DIA 8.7mm 12\/PK g\u00fcnstig kaufen bei Bogensportdiscount \u2013 Top-Marken, schneller Versand aus der Schweiz.\" \/>\n<meta property=\"og:url\" content=\"https:\/\/bogensportdiscount.ch\/fr\/produit\/skylon-x-bow-bolzen-spitzen-inserts-8-7mm-12er-pack\/\" \/>\n<meta property=\"og:site_name\" content=\"Bogensportdiscount \u2013 B\u00f6gen, Pfeile, Targets &amp; Zubeh\u00f6r\" \/>\n<meta property=\"article:modified_time\" content=\"2026-05-14T05:13:52+00:00\" \/>\n<meta property=\"og:image\" content=\"https:\/\/bogensportdiscount.ch\/wp-content\/uploads\/bsm-images\/a070886_1.png\" \/>\n\t<meta property=\"og:image:width\" content=\"329\" \/>\n\t<meta property=\"og:image:height\" content=\"400\" \/>\n\t<meta property=\"og:image:type\" content=\"image\/png\" \/>\n<meta name=\"twitter:card\" content=\"summary_large_image\" \/>\n<script type=\"application\/ld+json\" class=\"yoast-schema-graph\">{\"@context\":\"https:\\\/\\\/schema.org\",\"@graph\":[{\"@type\":\"WebPage\",\"@id\":\"https:\\\/\\\/bogensportdiscount.ch\\\/produkt\\\/skylon-x-bow-bolzen-spitzen-inserts-8-7mm-12er-pack\\\/\",\"url\":\"https:\\\/\\\/bogensportdiscount.ch\\\/produkt\\\/skylon-x-bow-bolzen-spitzen-inserts-8-7mm-12er-pack\\\/\",\"name\":\"SKYLON X-BOW BOLZEN SPITZENEINS\u00c4TZE DIA 8.7mm 12\\\/PK - Bogensportdiscount \u2013 B\u00f6gen, Pfeile, Targets &amp; Zubeh\u00f6r\",\"isPartOf\":{\"@id\":\"https:\\\/\\\/bogensportdiscount.ch\\\/#website\"},\"primaryImageOfPage\":{\"@id\":\"https:\\\/\\\/bogensportdiscount.ch\\\/produkt\\\/skylon-x-bow-bolzen-spitzen-inserts-8-7mm-12er-pack\\\/#primaryimage\"},\"image\":{\"@id\":\"https:\\\/\\\/bogensportdiscount.ch\\\/produkt\\\/skylon-x-bow-bolzen-spitzen-inserts-8-7mm-12er-pack\\\/#primaryimage\"},\"thumbnailUrl\":\"https:\\\/\\\/bogensportdiscount.ch\\\/wp-content\\\/uploads\\\/bsm-images\\\/a070886_1.png\",\"datePublished\":\"2026-04-05T12:29:28+00:00\",\"dateModified\":\"2026-05-14T05:13:52+00:00\",\"description\":\"SKYLON X-BOW BOLZEN SPITZENEINS\u00c4TZE DIA 8.7mm 12\\\/PK g\u00fcnstig kaufen bei Bogensportdiscount \u2013 Top-Marken, schneller Versand aus der Schweiz.\",\"breadcrumb\":{\"@id\":\"https:\\\/\\\/bogensportdiscount.ch\\\/produkt\\\/skylon-x-bow-bolzen-spitzen-inserts-8-7mm-12er-pack\\\/#breadcrumb\"},\"inLanguage\":\"fr-FR\",\"potentialAction\":[{\"@type\":\"ReadAction\",\"target\":[\"https:\\\/\\\/bogensportdiscount.ch\\\/produkt\\\/skylon-x-bow-bolzen-spitzen-inserts-8-7mm-12er-pack\\\/\"]}]},{\"@type\":\"ImageObject\",\"inLanguage\":\"fr-FR\",\"@id\":\"https:\\\/\\\/bogensportdiscount.ch\\\/produkt\\\/skylon-x-bow-bolzen-spitzen-inserts-8-7mm-12er-pack\\\/#primaryimage\",\"url\":\"https:\\\/\\\/bogensportdiscount.ch\\\/wp-content\\\/uploads\\\/bsm-images\\\/a070886_1.png\",\"contentUrl\":\"https:\\\/\\\/bogensportdiscount.ch\\\/wp-content\\\/uploads\\\/bsm-images\\\/a070886_1.png\",\"width\":329,\"height\":400},{\"@type\":\"BreadcrumbList\",\"@id\":\"https:\\\/\\\/bogensportdiscount.ch\\\/produkt\\\/skylon-x-bow-bolzen-spitzen-inserts-8-7mm-12er-pack\\\/#breadcrumb\",\"itemListElement\":[{\"@type\":\"ListItem\",\"position\":1,\"name\":\"Home\",\"item\":\"https:\\\/\\\/bogensportdiscount.ch\\\/\"},{\"@type\":\"ListItem\",\"position\":2,\"name\":\"Shop\",\"item\":\"https:\\\/\\\/bogensportdiscount.ch\\\/shop\\\/\"},{\"@type\":\"ListItem\",\"position\":3,\"name\":\"SKYLON X-BOW BOLTS POINT INSERTS dia 8.7mm 12\\\/PK\"}]},{\"@type\":\"WebSite\",\"@id\":\"https:\\\/\\\/bogensportdiscount.ch\\\/#website\",\"url\":\"https:\\\/\\\/bogensportdiscount.ch\\\/\",\"name\":\"Bogensportdiscount\",\"description\":\"\",\"potentialAction\":[{\"@type\":\"SearchAction\",\"target\":{\"@type\":\"EntryPoint\",\"urlTemplate\":\"https:\\\/\\\/bogensportdiscount.ch\\\/?s={search_term_string}\"},\"query-input\":{\"@type\":\"PropertyValueSpecification\",\"valueRequired\":true,\"valueName\":\"search_term_string\"}}],\"inLanguage\":\"fr-FR\"}]}<\/script>\n<!-- \/ Yoast SEO plugin. -->","yoast_head_json":{"title":"SKYLON X-BOW BOLZEN SPITZENEINS\u00c4TZE DIA 8.7mm 12\/PK - Bogensportdiscount \u2013 B\u00f6gen, Pfeile, Targets &amp; Zubeh\u00f6r","description":"SKYLON X-BOW BOLZEN SPITZENEINS\u00c4TZE DIA 8.7mm 12\/PK g\u00fcnstig kaufen bei Bogensportdiscount \u2013 Top-Marken, schneller Versand aus der Schweiz.","robots":{"index":"index","follow":"follow","max-snippet":"max-snippet:-1","max-image-preview":"max-image-preview:large","max-video-preview":"max-video-preview:-1"},"canonical":"https:\/\/bogensportdiscount.ch\/fr\/produit\/skylon-x-bow-bolzen-spitzen-inserts-8-7mm-12er-pack\/","og_locale":"fr_FR","og_type":"article","og_title":"SKYLON X-BOW BOLZEN SPITZENEINS\u00c4TZE DIA 8.7mm 12\/PK - Bogensportdiscount \u2013 B\u00f6gen, Pfeile, Targets &amp; Zubeh\u00f6r","og_description":"SKYLON X-BOW BOLZEN SPITZENEINS\u00c4TZE DIA 8.7mm 12\/PK g\u00fcnstig kaufen bei Bogensportdiscount \u2013 Top-Marken, schneller Versand aus der Schweiz.","og_url":"https:\/\/bogensportdiscount.ch\/fr\/produit\/skylon-x-bow-bolzen-spitzen-inserts-8-7mm-12er-pack\/","og_site_name":"Bogensportdiscount \u2013 B\u00f6gen, Pfeile, Targets &amp; Zubeh\u00f6r","article_modified_time":"2026-05-14T05:13:52+00:00","og_image":[{"width":329,"height":400,"url":"https:\/\/bogensportdiscount.ch\/wp-content\/uploads\/bsm-images\/a070886_1.png","type":"image\/png"}],"twitter_card":"summary_large_image","schema":{"@context":"https:\/\/schema.org","@graph":[{"@type":"WebPage","@id":"https:\/\/bogensportdiscount.ch\/produkt\/skylon-x-bow-bolzen-spitzen-inserts-8-7mm-12er-pack\/","url":"https:\/\/bogensportdiscount.ch\/produkt\/skylon-x-bow-bolzen-spitzen-inserts-8-7mm-12er-pack\/","name":"SKYLON X-BOW BOLZEN SPITZENEINS\u00c4TZE DIA 8.7mm 12\/PK - Bogensportdiscount \u2013 B\u00f6gen, Pfeile, Targets &amp; Zubeh\u00f6r","isPartOf":{"@id":"https:\/\/bogensportdiscount.ch\/#website"},"primaryImageOfPage":{"@id":"https:\/\/bogensportdiscount.ch\/produkt\/skylon-x-bow-bolzen-spitzen-inserts-8-7mm-12er-pack\/#primaryimage"},"image":{"@id":"https:\/\/bogensportdiscount.ch\/produkt\/skylon-x-bow-bolzen-spitzen-inserts-8-7mm-12er-pack\/#primaryimage"},"thumbnailUrl":"https:\/\/bogensportdiscount.ch\/wp-content\/uploads\/bsm-images\/a070886_1.png","datePublished":"2026-04-05T12:29:28+00:00","dateModified":"2026-05-14T05:13:52+00:00","description":"SKYLON X-BOW BOLZEN SPITZENEINS\u00c4TZE DIA 8.7mm 12\/PK g\u00fcnstig kaufen bei Bogensportdiscount \u2013 Top-Marken, schneller Versand aus der Schweiz.","breadcrumb":{"@id":"https:\/\/bogensportdiscount.ch\/produkt\/skylon-x-bow-bolzen-spitzen-inserts-8-7mm-12er-pack\/#breadcrumb"},"inLanguage":"fr-FR","potentialAction":[{"@type":"ReadAction","target":["https:\/\/bogensportdiscount.ch\/produkt\/skylon-x-bow-bolzen-spitzen-inserts-8-7mm-12er-pack\/"]}]},{"@type":"ImageObject","inLanguage":"fr-FR","@id":"https:\/\/bogensportdiscount.ch\/produkt\/skylon-x-bow-bolzen-spitzen-inserts-8-7mm-12er-pack\/#primaryimage","url":"https:\/\/bogensportdiscount.ch\/wp-content\/uploads\/bsm-images\/a070886_1.png","contentUrl":"https:\/\/bogensportdiscount.ch\/wp-content\/uploads\/bsm-images\/a070886_1.png","width":329,"height":400},{"@type":"BreadcrumbList","@id":"https:\/\/bogensportdiscount.ch\/produkt\/skylon-x-bow-bolzen-spitzen-inserts-8-7mm-12er-pack\/#breadcrumb","itemListElement":[{"@type":"ListItem","position":1,"name":"Home","item":"https:\/\/bogensportdiscount.ch\/"},{"@type":"ListItem","position":2,"name":"Shop","item":"https:\/\/bogensportdiscount.ch\/shop\/"},{"@type":"ListItem","position":3,"name":"SKYLON X-BOW BOLTS POINT INSERTS dia 8.7mm 12\/PK"}]},{"@type":"WebSite","@id":"https:\/\/bogensportdiscount.ch\/#website","url":"https:\/\/bogensportdiscount.ch\/","name":"Bogensportdiscount","description":"","potentialAction":[{"@type":"SearchAction","target":{"@type":"EntryPoint","urlTemplate":"https:\/\/bogensportdiscount.ch\/?s={search_term_string}"},"query-input":{"@type":"PropertyValueSpecification","valueRequired":true,"valueName":"search_term_string"}}],"inLanguage":"fr-FR"}]}},"_links":{"self":[{"href":"https:\/\/bogensportdiscount.ch\/fr\/wp-json\/wp\/v2\/product\/393374","targetHints":{"allow":["GET"]}}],"collection":[{"href":"https:\/\/bogensportdiscount.ch\/fr\/wp-json\/wp\/v2\/product"}],"about":[{"href":"https:\/\/bogensportdiscount.ch\/fr\/wp-json\/wp\/v2\/types\/product"}],"replies":[{"embeddable":true,"href":"https:\/\/bogensportdiscount.ch\/fr\/wp-json\/wp\/v2\/comments?post=393374"}],"wp:featuredmedia":[{"embeddable":true,"href":"https:\/\/bogensportdiscount.ch\/fr\/wp-json\/wp\/v2\/media\/453048"}],"wp:attachment":[{"href":"https:\/\/bogensportdiscount.ch\/fr\/wp-json\/wp\/v2\/media?parent=393374"}],"wp:term":[{"taxonomy":"product_brand","embeddable":true,"href":"https:\/\/bogensportdiscount.ch\/fr\/wp-json\/wp\/v2\/product_brand?post=393374"},{"taxonomy":"product_cat","embeddable":true,"href":"https:\/\/bogensportdiscount.ch\/fr\/wp-json\/wp\/v2\/product_cat?post=393374"},{"taxonomy":"product_tag","embeddable":true,"href":"https:\/\/bogensportdiscount.ch\/fr\/wp-json\/wp\/v2\/product_tag?post=393374"}],"curies":[{"name":"wp","href":"https:\/\/api.w.org\/{rel}","templated":true}]}}