{"id":393349,"date":"2026-04-05T14:29:22","date_gmt":"2026-04-05T12:29:22","guid":{"rendered":"https:\/\/bogensportdiscount.ch\/produkt\/morrell-portable-target-yellow-jacket-yj-350-dual-threat-16x16x13\/"},"modified":"2026-04-15T12:15:55","modified_gmt":"2026-04-15T10:15:55","slug":"morrel-bogensport-zielwuerfel-yellow-jacket-yj-350-dual-threat","status":"publish","type":"product","link":"https:\/\/bogensportdiscount.ch\/fr\/produit\/morrel-bogensport-zielwuerfel-yellow-jacket-yj-350-dual-threat\/","title":{"rendered":"MORRELL PORTABLE TARGET YELLOW JACKET YJ-350 DUAL THREAT - 16\u2033x16\u2033x13\u2033"},"content":{"rendered":"<p>Der Yellow Jacket YJ-350 Dual Threat von MORREL ist ein kompakter, portabler Zielw\u00fcrfel f\u00fcr Bogensch\u00fctzen. Die handliche Gr\u00f6sse von 16&#8243;x16&#8243;x13&#8243; macht ihn leicht transportierbar und einfach aufzustellen \u2013 ob im Garten, auf dem Trainingsgel\u00e4nde oder unterwegs.<\/p>\n<p>Das &#8222;Dual Threat&#8220;-Konzept bedeutet, dass der W\u00fcrfel auf zwei Seiten bespielt werden kann, was die Lebensdauer des Ziels verl\u00e4ngert und mehr Flexibilit\u00e4t beim Training bietet. Das Modell YJ-350 ist auf die Verwendung mit Field Points ausgelegt.<\/p>\n<ul>\n<li>Portable Bauweise \u2013 leicht zu transportieren und aufzustellen<\/li>\n<li>Zwei nutzbare Schussfl\u00e4chen (Dual Threat)<\/li>\n<li>Kompakte Abmessungen: 16&#8243;x16&#8243;x13&#8243;<\/li>\n<li>Geeignet f\u00fcr den regelm\u00e4ssigen Trainingsgebrauch<\/li>\n<\/ul>","protected":false},"excerpt":{"rendered":"<p><strong>Marque :<\/strong> Morrel<br \/><strong>Typ:<\/strong> Block<br \/><strong>Weight (grams):<\/strong> 6800<br \/><strong>GTIN:<\/strong> 036496116017<\/p>","protected":false},"featured_media":441649,"comment_status":"open","ping_status":"closed","template":"","meta":[],"product_brand":[579],"product_cat":[4151],"product_tag":[3546],"class_list":{"0":"post-393349","1":"product","2":"type-product","3":"status-publish","4":"has-post-thumbnail","6":"product_brand-morrel","7":"product_cat-wuerfel-sacke","8":"product_tag-neuheit","10":"first","11":"instock","12":"shipping-taxable","13":"purchasable","14":"product-type-simple"},"_links":{"self":[{"href":"https:\/\/bogensportdiscount.ch\/fr\/wp-json\/wp\/v2\/product\/393349","targetHints":{"allow":["GET"]}}],"collection":[{"href":"https:\/\/bogensportdiscount.ch\/fr\/wp-json\/wp\/v2\/product"}],"about":[{"href":"https:\/\/bogensportdiscount.ch\/fr\/wp-json\/wp\/v2\/types\/product"}],"replies":[{"embeddable":true,"href":"https:\/\/bogensportdiscount.ch\/fr\/wp-json\/wp\/v2\/comments?post=393349"}],"wp:featuredmedia":[{"embeddable":true,"href":"https:\/\/bogensportdiscount.ch\/fr\/wp-json\/wp\/v2\/media\/441649"}],"wp:attachment":[{"href":"https:\/\/bogensportdiscount.ch\/fr\/wp-json\/wp\/v2\/media?parent=393349"}],"wp:term":[{"taxonomy":"product_brand","embeddable":true,"href":"https:\/\/bogensportdiscount.ch\/fr\/wp-json\/wp\/v2\/product_brand?post=393349"},{"taxonomy":"product_cat","embeddable":true,"href":"https:\/\/bogensportdiscount.ch\/fr\/wp-json\/wp\/v2\/product_cat?post=393349"},{"taxonomy":"product_tag","embeddable":true,"href":"https:\/\/bogensportdiscount.ch\/fr\/wp-json\/wp\/v2\/product_tag?post=393349"}],"curies":[{"name":"wp","href":"https:\/\/api.w.org\/{rel}","templated":true}]}}