{"id":393345,"date":"2026-04-05T14:29:21","date_gmt":"2026-04-05T12:29:21","guid":{"rendered":"https:\/\/bogensportdiscount.ch\/produkt\/morrell-portable-target-yellow-jacket-yj-450-plus-19x19x19\/"},"modified":"2026-04-15T12:15:54","modified_gmt":"2026-04-15T10:15:54","slug":"morrel-sackziel-yellow-jacket-yj-450-plus-48x48x48cm","status":"publish","type":"product","link":"https:\/\/bogensportdiscount.ch\/fr\/produit\/morrel-sackziel-yellow-jacket-yj-450-plus-48x48x48cm\/","title":{"rendered":"VESTE YELLOW PORTABLE TARGET MORRELL YJ-450 PLUS - 19\u2033x19\u2033x19\u2033"},"content":{"rendered":"<p>Das MORREL Yellow Jacket YJ-450 Plus ist ein kompaktes, portables Sackziel f\u00fcr den Bogensport. Mit seinen Abmessungen von 19&#8243;\u00d719&#8243;\u00d719&#8243; (ca. 48\u00d748\u00d748 cm) bietet es eine solide Trefferoberfl\u00e4che f\u00fcr das Training im Garten oder auf dem Schiessplatz.<\/p>\n<p>Als W\u00fcrfel- bzw. Sackziel ist es f\u00fcr den wiederholten Gebrauch ausgelegt und l\u00e4sst sich dank seines handlichen Formats bequem transportieren und lagern. Das Modell ist f\u00fcr Pfeile geeignet, wie der Modellname YJ-450 Plus andeutet, der auf h\u00f6here Pfeilgeschwindigkeiten ausgelegt ist.<\/p>\n<ul>\n<li>Masse: 19&#8243;\u00d719&#8243;\u00d719&#8243; (ca. 48\u00d748\u00d748 cm)<\/li>\n<li>Portables Design f\u00fcr einfachen Transport<\/li>\n<li>Geeignet f\u00fcr schnelle Pfeile (bis 450 fps)<\/li>\n<li>Vielseitig einsetzbar als Sack- und W\u00fcrfelziel<\/li>\n<\/ul>","protected":false},"excerpt":{"rendered":"<p><strong>Marque :<\/strong> Morrel<br \/><strong>Typ:<\/strong> Bag<br \/><strong>Weight (grams):<\/strong> 17200<br \/><strong>GTIN:<\/strong> 036496112286<\/p>","protected":false},"featured_media":441668,"comment_status":"open","ping_status":"closed","template":"","meta":[],"product_brand":[579],"product_cat":[4151],"product_tag":[3546],"class_list":{"0":"post-393345","1":"product","2":"type-product","3":"status-publish","4":"has-post-thumbnail","6":"product_brand-morrel","7":"product_cat-wuerfel-sacke","8":"product_tag-neuheit","10":"first","11":"instock","12":"shipping-taxable","13":"purchasable","14":"product-type-simple"},"_links":{"self":[{"href":"https:\/\/bogensportdiscount.ch\/fr\/wp-json\/wp\/v2\/product\/393345","targetHints":{"allow":["GET"]}}],"collection":[{"href":"https:\/\/bogensportdiscount.ch\/fr\/wp-json\/wp\/v2\/product"}],"about":[{"href":"https:\/\/bogensportdiscount.ch\/fr\/wp-json\/wp\/v2\/types\/product"}],"replies":[{"embeddable":true,"href":"https:\/\/bogensportdiscount.ch\/fr\/wp-json\/wp\/v2\/comments?post=393345"}],"wp:featuredmedia":[{"embeddable":true,"href":"https:\/\/bogensportdiscount.ch\/fr\/wp-json\/wp\/v2\/media\/441668"}],"wp:attachment":[{"href":"https:\/\/bogensportdiscount.ch\/fr\/wp-json\/wp\/v2\/media?parent=393345"}],"wp:term":[{"taxonomy":"product_brand","embeddable":true,"href":"https:\/\/bogensportdiscount.ch\/fr\/wp-json\/wp\/v2\/product_brand?post=393345"},{"taxonomy":"product_cat","embeddable":true,"href":"https:\/\/bogensportdiscount.ch\/fr\/wp-json\/wp\/v2\/product_cat?post=393345"},{"taxonomy":"product_tag","embeddable":true,"href":"https:\/\/bogensportdiscount.ch\/fr\/wp-json\/wp\/v2\/product_tag?post=393345"}],"curies":[{"name":"wp","href":"https:\/\/api.w.org\/{rel}","templated":true}]}}