{"id":393340,"date":"2026-04-05T14:29:20","date_gmt":"2026-04-05T12:29:20","guid":{"rendered":"https:\/\/bogensportdiscount.ch\/produkt\/tru-ball-teardrop-extension-for-trigger\/"},"modified":"2026-05-14T07:13:52","modified_gmt":"2026-05-14T05:13:52","slug":"truball-teardrop-verlaengerung-fuer-trigger","status":"publish","type":"product","link":"https:\/\/bogensportdiscount.ch\/fr\/produit\/truball-teardrop-verlaengerung-fuer-trigger\/","title":{"rendered":"TRUBALL EXTENSION TEARDROP POUR G\u00c2CHETTE"},"content":{"rendered":"<p>Le kit est disponible en deux longueurs (8&#8243; et 16&#8243;) ainsi qu'en deux diam\u00e8tres (1\/8 et 3\/16), afin de s'adapter \u00e0 diff\u00e9rents types de cordes et styles de tir individuels. L'aligner fourni facilite l'alignement correct du peep sight lors de l'installation.<\/p>\n<p>Kit complet avec peep sight et aligner<\/p>\n<ul>\n<li>30-40LBS 24-29&quot; FOREST<\/li>\n<li>Convient comme pi\u00e8ce de rechange ou accessoire<\/li>\n<li>30-40LBS 24-29&quot; STEALTH GREY<\/li>\n<li>40-50LBS 24-29&quot; BLACK<\/li>\n<\/ul>","protected":false},"excerpt":{"rendered":"<table>\n<tr>\n<th>Propri\u00e9t\u00e9<\/th>\n<th>Valeur<\/th>\n<\/tr>\n<tr>\n<td>Marque<\/td>\n<td>T.R.U. Ball<\/td>\n<\/tr>\n<tr>\n<td>Pays d'origine<\/td>\n<td>USA<\/td>\n<\/tr>\n<tr>\n<td>GTIN<\/td>\n<td>611254220467<\/td>\n<\/tr>\n<\/table>","protected":false},"featured_media":524297,"comment_status":"open","ping_status":"closed","template":"","meta":[],"product_brand":[578],"product_cat":[4124,4208,4211],"product_tag":[3546],"class_list":{"0":"post-393340","1":"product","2":"type-product","3":"status-publish","4":"has-post-thumbnail","6":"product_brand-truball","7":"product_cat-bogenschuetzer-ausruestung","8":"product_cat-releases-bogenschuetzer-ausruestung","9":"product_cat-einzelteile-fuer-release","10":"product_tag-neuheit","11":"product_shipping_class-bsd-standard","13":"first","14":"instock","15":"shipping-taxable","16":"purchasable","17":"product-type-simple"},"yoast_head":"<!-- This site is optimized with the Yoast SEO plugin v27.6 - https:\/\/yoast.com\/product\/yoast-seo-wordpress\/ -->\n<title>TRUBALL TEARDROP EXTENSION F\u00dcR TRIGGER - Bogensportdiscount \u2013 B\u00f6gen, Pfeile, Targets &amp; Zubeh\u00f6r<\/title>\n<meta name=\"description\" content=\"TRUBALL TEARDROP EXTENSION F\u00dcR TRIGGER g\u00fcnstig kaufen bei Bogensportdiscount \u2013 Top-Marken, schneller Versand aus der Schweiz.\" \/>\n<meta name=\"robots\" content=\"index, follow, max-snippet:-1, max-image-preview:large, max-video-preview:-1\" \/>\n<link rel=\"canonical\" href=\"https:\/\/bogensportdiscount.ch\/fr\/produit\/truball-teardrop-verlaengerung-fuer-trigger\/\" \/>\n<meta property=\"og:locale\" content=\"fr_FR\" \/>\n<meta property=\"og:type\" content=\"article\" \/>\n<meta property=\"og:title\" content=\"TRUBALL TEARDROP EXTENSION F\u00dcR TRIGGER - Bogensportdiscount \u2013 B\u00f6gen, Pfeile, Targets &amp; Zubeh\u00f6r\" \/>\n<meta property=\"og:description\" content=\"TRUBALL TEARDROP EXTENSION F\u00dcR TRIGGER g\u00fcnstig kaufen bei Bogensportdiscount \u2013 Top-Marken, schneller Versand aus der Schweiz.\" \/>\n<meta property=\"og:url\" content=\"https:\/\/bogensportdiscount.ch\/fr\/produit\/truball-teardrop-verlaengerung-fuer-trigger\/\" \/>\n<meta property=\"og:site_name\" content=\"Bogensportdiscount \u2013 B\u00f6gen, Pfeile, Targets &amp; Zubeh\u00f6r\" \/>\n<meta property=\"article:modified_time\" content=\"2026-05-14T05:13:52+00:00\" \/>\n<meta property=\"og:image\" content=\"https:\/\/bogensportdiscount.ch\/wp-content\/uploads\/bsm-images\/A070026_1.png\" \/>\n\t<meta property=\"og:image:width\" content=\"1413\" \/>\n\t<meta property=\"og:image:height\" content=\"1410\" \/>\n\t<meta property=\"og:image:type\" content=\"image\/png\" \/>\n<meta name=\"twitter:card\" content=\"summary_large_image\" \/>\n<script type=\"application\/ld+json\" class=\"yoast-schema-graph\">{\"@context\":\"https:\\\/\\\/schema.org\",\"@graph\":[{\"@type\":\"WebPage\",\"@id\":\"https:\\\/\\\/bogensportdiscount.ch\\\/produkt\\\/truball-teardrop-verlaengerung-fuer-trigger\\\/\",\"url\":\"https:\\\/\\\/bogensportdiscount.ch\\\/produkt\\\/truball-teardrop-verlaengerung-fuer-trigger\\\/\",\"name\":\"TRUBALL TEARDROP EXTENSION F\u00dcR TRIGGER - Bogensportdiscount \u2013 B\u00f6gen, Pfeile, Targets &amp; Zubeh\u00f6r\",\"isPartOf\":{\"@id\":\"https:\\\/\\\/bogensportdiscount.ch\\\/#website\"},\"primaryImageOfPage\":{\"@id\":\"https:\\\/\\\/bogensportdiscount.ch\\\/produkt\\\/truball-teardrop-verlaengerung-fuer-trigger\\\/#primaryimage\"},\"image\":{\"@id\":\"https:\\\/\\\/bogensportdiscount.ch\\\/produkt\\\/truball-teardrop-verlaengerung-fuer-trigger\\\/#primaryimage\"},\"thumbnailUrl\":\"https:\\\/\\\/bogensportdiscount.ch\\\/wp-content\\\/uploads\\\/bsm-images\\\/A070026_1.png\",\"datePublished\":\"2026-04-05T12:29:20+00:00\",\"dateModified\":\"2026-05-14T05:13:52+00:00\",\"description\":\"TRUBALL TEARDROP EXTENSION F\u00dcR TRIGGER g\u00fcnstig kaufen bei Bogensportdiscount \u2013 Top-Marken, schneller Versand aus der Schweiz.\",\"breadcrumb\":{\"@id\":\"https:\\\/\\\/bogensportdiscount.ch\\\/produkt\\\/truball-teardrop-verlaengerung-fuer-trigger\\\/#breadcrumb\"},\"inLanguage\":\"fr-FR\",\"potentialAction\":[{\"@type\":\"ReadAction\",\"target\":[\"https:\\\/\\\/bogensportdiscount.ch\\\/produkt\\\/truball-teardrop-verlaengerung-fuer-trigger\\\/\"]}]},{\"@type\":\"ImageObject\",\"inLanguage\":\"fr-FR\",\"@id\":\"https:\\\/\\\/bogensportdiscount.ch\\\/produkt\\\/truball-teardrop-verlaengerung-fuer-trigger\\\/#primaryimage\",\"url\":\"https:\\\/\\\/bogensportdiscount.ch\\\/wp-content\\\/uploads\\\/bsm-images\\\/A070026_1.png\",\"contentUrl\":\"https:\\\/\\\/bogensportdiscount.ch\\\/wp-content\\\/uploads\\\/bsm-images\\\/A070026_1.png\",\"width\":1413,\"height\":1410},{\"@type\":\"BreadcrumbList\",\"@id\":\"https:\\\/\\\/bogensportdiscount.ch\\\/produkt\\\/truball-teardrop-verlaengerung-fuer-trigger\\\/#breadcrumb\",\"itemListElement\":[{\"@type\":\"ListItem\",\"position\":1,\"name\":\"Home\",\"item\":\"https:\\\/\\\/bogensportdiscount.ch\\\/\"},{\"@type\":\"ListItem\",\"position\":2,\"name\":\"Shop\",\"item\":\"https:\\\/\\\/bogensportdiscount.ch\\\/shop\\\/\"},{\"@type\":\"ListItem\",\"position\":3,\"name\":\"TRU BALL TEARDROP EXTENSION FOR TRIGGER\"}]},{\"@type\":\"WebSite\",\"@id\":\"https:\\\/\\\/bogensportdiscount.ch\\\/#website\",\"url\":\"https:\\\/\\\/bogensportdiscount.ch\\\/\",\"name\":\"Bogensportdiscount\",\"description\":\"\",\"potentialAction\":[{\"@type\":\"SearchAction\",\"target\":{\"@type\":\"EntryPoint\",\"urlTemplate\":\"https:\\\/\\\/bogensportdiscount.ch\\\/?s={search_term_string}\"},\"query-input\":{\"@type\":\"PropertyValueSpecification\",\"valueRequired\":true,\"valueName\":\"search_term_string\"}}],\"inLanguage\":\"fr-FR\"}]}<\/script>\n<!-- \/ Yoast SEO plugin. -->","yoast_head_json":{"title":"TRUBALL TEARDROP EXTENSION F\u00dcR TRIGGER - Bogensportdiscount \u2013 B\u00f6gen, Pfeile, Targets &amp; Zubeh\u00f6r","description":"TRUBALL TEARDROP EXTENSION F\u00dcR TRIGGER g\u00fcnstig kaufen bei Bogensportdiscount \u2013 Top-Marken, schneller Versand aus der Schweiz.","robots":{"index":"index","follow":"follow","max-snippet":"max-snippet:-1","max-image-preview":"max-image-preview:large","max-video-preview":"max-video-preview:-1"},"canonical":"https:\/\/bogensportdiscount.ch\/fr\/produit\/truball-teardrop-verlaengerung-fuer-trigger\/","og_locale":"fr_FR","og_type":"article","og_title":"TRUBALL TEARDROP EXTENSION F\u00dcR TRIGGER - Bogensportdiscount \u2013 B\u00f6gen, Pfeile, Targets &amp; Zubeh\u00f6r","og_description":"TRUBALL TEARDROP EXTENSION F\u00dcR TRIGGER g\u00fcnstig kaufen bei Bogensportdiscount \u2013 Top-Marken, schneller Versand aus der Schweiz.","og_url":"https:\/\/bogensportdiscount.ch\/fr\/produit\/truball-teardrop-verlaengerung-fuer-trigger\/","og_site_name":"Bogensportdiscount \u2013 B\u00f6gen, Pfeile, Targets &amp; Zubeh\u00f6r","article_modified_time":"2026-05-14T05:13:52+00:00","og_image":[{"width":1413,"height":1410,"url":"https:\/\/bogensportdiscount.ch\/wp-content\/uploads\/bsm-images\/A070026_1.png","type":"image\/png"}],"twitter_card":"summary_large_image","schema":{"@context":"https:\/\/schema.org","@graph":[{"@type":"WebPage","@id":"https:\/\/bogensportdiscount.ch\/produkt\/truball-teardrop-verlaengerung-fuer-trigger\/","url":"https:\/\/bogensportdiscount.ch\/produkt\/truball-teardrop-verlaengerung-fuer-trigger\/","name":"TRUBALL TEARDROP EXTENSION F\u00dcR TRIGGER - Bogensportdiscount \u2013 B\u00f6gen, Pfeile, Targets &amp; Zubeh\u00f6r","isPartOf":{"@id":"https:\/\/bogensportdiscount.ch\/#website"},"primaryImageOfPage":{"@id":"https:\/\/bogensportdiscount.ch\/produkt\/truball-teardrop-verlaengerung-fuer-trigger\/#primaryimage"},"image":{"@id":"https:\/\/bogensportdiscount.ch\/produkt\/truball-teardrop-verlaengerung-fuer-trigger\/#primaryimage"},"thumbnailUrl":"https:\/\/bogensportdiscount.ch\/wp-content\/uploads\/bsm-images\/A070026_1.png","datePublished":"2026-04-05T12:29:20+00:00","dateModified":"2026-05-14T05:13:52+00:00","description":"TRUBALL TEARDROP EXTENSION F\u00dcR TRIGGER g\u00fcnstig kaufen bei Bogensportdiscount \u2013 Top-Marken, schneller Versand aus der Schweiz.","breadcrumb":{"@id":"https:\/\/bogensportdiscount.ch\/produkt\/truball-teardrop-verlaengerung-fuer-trigger\/#breadcrumb"},"inLanguage":"fr-FR","potentialAction":[{"@type":"ReadAction","target":["https:\/\/bogensportdiscount.ch\/produkt\/truball-teardrop-verlaengerung-fuer-trigger\/"]}]},{"@type":"ImageObject","inLanguage":"fr-FR","@id":"https:\/\/bogensportdiscount.ch\/produkt\/truball-teardrop-verlaengerung-fuer-trigger\/#primaryimage","url":"https:\/\/bogensportdiscount.ch\/wp-content\/uploads\/bsm-images\/A070026_1.png","contentUrl":"https:\/\/bogensportdiscount.ch\/wp-content\/uploads\/bsm-images\/A070026_1.png","width":1413,"height":1410},{"@type":"BreadcrumbList","@id":"https:\/\/bogensportdiscount.ch\/produkt\/truball-teardrop-verlaengerung-fuer-trigger\/#breadcrumb","itemListElement":[{"@type":"ListItem","position":1,"name":"Home","item":"https:\/\/bogensportdiscount.ch\/"},{"@type":"ListItem","position":2,"name":"Shop","item":"https:\/\/bogensportdiscount.ch\/shop\/"},{"@type":"ListItem","position":3,"name":"TRU BALL TEARDROP EXTENSION FOR TRIGGER"}]},{"@type":"WebSite","@id":"https:\/\/bogensportdiscount.ch\/#website","url":"https:\/\/bogensportdiscount.ch\/","name":"Bogensportdiscount","description":"","potentialAction":[{"@type":"SearchAction","target":{"@type":"EntryPoint","urlTemplate":"https:\/\/bogensportdiscount.ch\/?s={search_term_string}"},"query-input":{"@type":"PropertyValueSpecification","valueRequired":true,"valueName":"search_term_string"}}],"inLanguage":"fr-FR"}]}},"_links":{"self":[{"href":"https:\/\/bogensportdiscount.ch\/fr\/wp-json\/wp\/v2\/product\/393340","targetHints":{"allow":["GET"]}}],"collection":[{"href":"https:\/\/bogensportdiscount.ch\/fr\/wp-json\/wp\/v2\/product"}],"about":[{"href":"https:\/\/bogensportdiscount.ch\/fr\/wp-json\/wp\/v2\/types\/product"}],"replies":[{"embeddable":true,"href":"https:\/\/bogensportdiscount.ch\/fr\/wp-json\/wp\/v2\/comments?post=393340"}],"wp:featuredmedia":[{"embeddable":true,"href":"https:\/\/bogensportdiscount.ch\/fr\/wp-json\/wp\/v2\/media\/524297"}],"wp:attachment":[{"href":"https:\/\/bogensportdiscount.ch\/fr\/wp-json\/wp\/v2\/media?parent=393340"}],"wp:term":[{"taxonomy":"product_brand","embeddable":true,"href":"https:\/\/bogensportdiscount.ch\/fr\/wp-json\/wp\/v2\/product_brand?post=393340"},{"taxonomy":"product_cat","embeddable":true,"href":"https:\/\/bogensportdiscount.ch\/fr\/wp-json\/wp\/v2\/product_cat?post=393340"},{"taxonomy":"product_tag","embeddable":true,"href":"https:\/\/bogensportdiscount.ch\/fr\/wp-json\/wp\/v2\/product_tag?post=393340"}],"curies":[{"name":"wp","href":"https:\/\/api.w.org\/{rel}","templated":true}]}}