{"id":393309,"date":"2026-04-05T14:29:13","date_gmt":"2026-04-05T12:29:13","guid":{"rendered":"https:\/\/bogensportdiscount.ch\/produkt\/viper-charge-plus-target-bar-rechargeable-sight-light\/"},"modified":"2026-05-14T07:13:51","modified_gmt":"2026-05-14T05:13:51","slug":"viper-charge-plus-target-bar-wiederaufladbares-visierlicht","status":"publish","type":"product","link":"https:\/\/bogensportdiscount.ch\/fr\/produit\/viper-charge-plus-target-bar-wiederaufladbares-visierlicht\/","title":{"rendered":"VIPER CHARGE PLUS TARGET BAR LUMI\u00c8RE DE VISEUR RECHARGEABLE"},"content":{"rendered":"<p>La lumi\u00e8re de viseur VIPER Charge Plus Target Bar est une solution d'\u00e9clairage rechargeable pour les viseurs d'arc. Elle se monte directement sur la tige de viseur (Target Bar) et am\u00e9liore la visibilit\u00e9 du grain de vis\u00e9e dans diverses conditions d'\u00e9clairage.<\/p>\n<p>Gr\u00e2ce \u00e0 la solution batterie int\u00e9gr\u00e9e, le remplacement r\u00e9gulier des piles n'est plus n\u00e9cessaire. La lumi\u00e8re convient aux archers qui recherchent un \u00e9clairage de viseur fiable et durable \u2013 aussi bien pour l'entra\u00eenement que pour la comp\u00e9tition.<\/p>\n<ul>\n<li>Lumi\u00e8re de viseur rechargeable pour montage sur Target Bar<\/li>\n<li>\u00c9clairage uniforme du grain de vis\u00e9e<\/li>\n<li>Aucun remplacement de piles n\u00e9cessaire<\/li>\n<li>Compatible avec les viseurs courants<\/li>\n<\/ul>","protected":false},"excerpt":{"rendered":"<table>\n<tr>\n<th>Propri\u00e9t\u00e9<\/th>\n<th>Valeur<\/th>\n<\/tr>\n<tr>\n<td>Marque<\/td>\n<td>Viper<\/td>\n<\/tr>\n<tr>\n<td>Type<\/td>\n<td>Light<\/td>\n<\/tr>\n<tr>\n<td>Pays d'origine<\/td>\n<td>USA<\/td>\n<\/tr>\n<tr>\n<td>GTIN<\/td>\n<td>813062015345<\/td>\n<\/tr>\n<\/table>","protected":false},"featured_media":524767,"comment_status":"open","ping_status":"closed","template":"","meta":[],"product_brand":[566],"product_cat":[4128,4133,4134],"product_tag":[3546],"class_list":{"0":"post-393309","1":"product","2":"type-product","3":"status-publish","4":"has-post-thumbnail","6":"product_brand-viper","7":"product_cat-bogen-zubehoer","8":"product_cat-visiere","9":"product_cat-einzelteile-fur-jagd-und-3d-visiere","10":"product_tag-neuheit","11":"product_shipping_class-bsd-standard","13":"first","14":"instock","15":"shipping-taxable","16":"purchasable","17":"product-type-simple"},"yoast_head":"<!-- This site is optimized with the Yoast SEO plugin v27.6 - https:\/\/yoast.com\/product\/yoast-seo-wordpress\/ -->\n<title>VIPER CHARGE PLUS TARGET BAR AUFLADBARES VISIER-LICHT - Bogensportdiscount \u2013 B\u00f6gen, Pfeile, Targets &amp; Zubeh\u00f6r<\/title>\n<meta name=\"description\" content=\"VIPER CHARGE PLUS TARGET BAR AUFLADBARES VISIER-LICHT g\u00fcnstig kaufen bei Bogensportdiscount \u2013 Top-Marken, schneller Versand aus der Schweiz.\" \/>\n<meta name=\"robots\" content=\"index, follow, max-snippet:-1, max-image-preview:large, max-video-preview:-1\" \/>\n<link rel=\"canonical\" href=\"https:\/\/bogensportdiscount.ch\/fr\/produit\/viper-charge-plus-target-bar-wiederaufladbares-visierlicht\/\" \/>\n<meta property=\"og:locale\" content=\"fr_FR\" \/>\n<meta property=\"og:type\" content=\"article\" \/>\n<meta property=\"og:title\" content=\"VIPER CHARGE PLUS TARGET BAR AUFLADBARES VISIER-LICHT - Bogensportdiscount \u2013 B\u00f6gen, Pfeile, Targets &amp; Zubeh\u00f6r\" \/>\n<meta property=\"og:description\" content=\"VIPER CHARGE PLUS TARGET BAR AUFLADBARES VISIER-LICHT g\u00fcnstig kaufen bei Bogensportdiscount \u2013 Top-Marken, schneller Versand aus der Schweiz.\" \/>\n<meta property=\"og:url\" content=\"https:\/\/bogensportdiscount.ch\/fr\/produit\/viper-charge-plus-target-bar-wiederaufladbares-visierlicht\/\" \/>\n<meta property=\"og:site_name\" content=\"Bogensportdiscount \u2013 B\u00f6gen, Pfeile, Targets &amp; Zubeh\u00f6r\" \/>\n<meta property=\"article:modified_time\" content=\"2026-05-14T05:13:51+00:00\" \/>\n<meta property=\"og:image\" content=\"https:\/\/bogensportdiscount.ch\/wp-content\/uploads\/bsm-images\/A069070_1.png\" \/>\n\t<meta property=\"og:image:width\" content=\"895\" \/>\n\t<meta property=\"og:image:height\" content=\"877\" \/>\n\t<meta property=\"og:image:type\" content=\"image\/png\" \/>\n<meta name=\"twitter:card\" content=\"summary_large_image\" \/>\n<script type=\"application\/ld+json\" class=\"yoast-schema-graph\">{\"@context\":\"https:\\\/\\\/schema.org\",\"@graph\":[{\"@type\":\"WebPage\",\"@id\":\"https:\\\/\\\/bogensportdiscount.ch\\\/produkt\\\/viper-charge-plus-target-bar-wiederaufladbares-visierlicht\\\/\",\"url\":\"https:\\\/\\\/bogensportdiscount.ch\\\/produkt\\\/viper-charge-plus-target-bar-wiederaufladbares-visierlicht\\\/\",\"name\":\"VIPER CHARGE PLUS TARGET BAR AUFLADBARES VISIER-LICHT - Bogensportdiscount \u2013 B\u00f6gen, Pfeile, Targets &amp; Zubeh\u00f6r\",\"isPartOf\":{\"@id\":\"https:\\\/\\\/bogensportdiscount.ch\\\/#website\"},\"primaryImageOfPage\":{\"@id\":\"https:\\\/\\\/bogensportdiscount.ch\\\/produkt\\\/viper-charge-plus-target-bar-wiederaufladbares-visierlicht\\\/#primaryimage\"},\"image\":{\"@id\":\"https:\\\/\\\/bogensportdiscount.ch\\\/produkt\\\/viper-charge-plus-target-bar-wiederaufladbares-visierlicht\\\/#primaryimage\"},\"thumbnailUrl\":\"https:\\\/\\\/bogensportdiscount.ch\\\/wp-content\\\/uploads\\\/bsm-images\\\/A069070_1.png\",\"datePublished\":\"2026-04-05T12:29:13+00:00\",\"dateModified\":\"2026-05-14T05:13:51+00:00\",\"description\":\"VIPER CHARGE PLUS TARGET BAR AUFLADBARES VISIER-LICHT g\u00fcnstig kaufen bei Bogensportdiscount \u2013 Top-Marken, schneller Versand aus der Schweiz.\",\"breadcrumb\":{\"@id\":\"https:\\\/\\\/bogensportdiscount.ch\\\/produkt\\\/viper-charge-plus-target-bar-wiederaufladbares-visierlicht\\\/#breadcrumb\"},\"inLanguage\":\"fr-FR\",\"potentialAction\":[{\"@type\":\"ReadAction\",\"target\":[\"https:\\\/\\\/bogensportdiscount.ch\\\/produkt\\\/viper-charge-plus-target-bar-wiederaufladbares-visierlicht\\\/\"]}]},{\"@type\":\"ImageObject\",\"inLanguage\":\"fr-FR\",\"@id\":\"https:\\\/\\\/bogensportdiscount.ch\\\/produkt\\\/viper-charge-plus-target-bar-wiederaufladbares-visierlicht\\\/#primaryimage\",\"url\":\"https:\\\/\\\/bogensportdiscount.ch\\\/wp-content\\\/uploads\\\/bsm-images\\\/A069070_1.png\",\"contentUrl\":\"https:\\\/\\\/bogensportdiscount.ch\\\/wp-content\\\/uploads\\\/bsm-images\\\/A069070_1.png\",\"width\":895,\"height\":877},{\"@type\":\"BreadcrumbList\",\"@id\":\"https:\\\/\\\/bogensportdiscount.ch\\\/produkt\\\/viper-charge-plus-target-bar-wiederaufladbares-visierlicht\\\/#breadcrumb\",\"itemListElement\":[{\"@type\":\"ListItem\",\"position\":1,\"name\":\"Home\",\"item\":\"https:\\\/\\\/bogensportdiscount.ch\\\/\"},{\"@type\":\"ListItem\",\"position\":2,\"name\":\"Shop\",\"item\":\"https:\\\/\\\/bogensportdiscount.ch\\\/shop\\\/\"},{\"@type\":\"ListItem\",\"position\":3,\"name\":\"VIPER CHARGE PLUS TARGET BAR RECHARGEABLE SIGHT LIGHT\"}]},{\"@type\":\"WebSite\",\"@id\":\"https:\\\/\\\/bogensportdiscount.ch\\\/#website\",\"url\":\"https:\\\/\\\/bogensportdiscount.ch\\\/\",\"name\":\"Bogensportdiscount\",\"description\":\"\",\"potentialAction\":[{\"@type\":\"SearchAction\",\"target\":{\"@type\":\"EntryPoint\",\"urlTemplate\":\"https:\\\/\\\/bogensportdiscount.ch\\\/?s={search_term_string}\"},\"query-input\":{\"@type\":\"PropertyValueSpecification\",\"valueRequired\":true,\"valueName\":\"search_term_string\"}}],\"inLanguage\":\"fr-FR\"}]}<\/script>\n<!-- \/ Yoast SEO plugin. -->","yoast_head_json":{"title":"VIPER CHARGE PLUS TARGET BAR AUFLADBARES VISIER-LICHT - Bogensportdiscount \u2013 B\u00f6gen, Pfeile, Targets &amp; Zubeh\u00f6r","description":"VIPER CHARGE PLUS TARGET BAR AUFLADBARES VISIER-LICHT g\u00fcnstig kaufen bei Bogensportdiscount \u2013 Top-Marken, schneller Versand aus der Schweiz.","robots":{"index":"index","follow":"follow","max-snippet":"max-snippet:-1","max-image-preview":"max-image-preview:large","max-video-preview":"max-video-preview:-1"},"canonical":"https:\/\/bogensportdiscount.ch\/fr\/produit\/viper-charge-plus-target-bar-wiederaufladbares-visierlicht\/","og_locale":"fr_FR","og_type":"article","og_title":"VIPER CHARGE PLUS TARGET BAR AUFLADBARES VISIER-LICHT - Bogensportdiscount \u2013 B\u00f6gen, Pfeile, Targets &amp; Zubeh\u00f6r","og_description":"VIPER CHARGE PLUS TARGET BAR AUFLADBARES VISIER-LICHT g\u00fcnstig kaufen bei Bogensportdiscount \u2013 Top-Marken, schneller Versand aus der Schweiz.","og_url":"https:\/\/bogensportdiscount.ch\/fr\/produit\/viper-charge-plus-target-bar-wiederaufladbares-visierlicht\/","og_site_name":"Bogensportdiscount \u2013 B\u00f6gen, Pfeile, Targets &amp; Zubeh\u00f6r","article_modified_time":"2026-05-14T05:13:51+00:00","og_image":[{"width":895,"height":877,"url":"https:\/\/bogensportdiscount.ch\/wp-content\/uploads\/bsm-images\/A069070_1.png","type":"image\/png"}],"twitter_card":"summary_large_image","schema":{"@context":"https:\/\/schema.org","@graph":[{"@type":"WebPage","@id":"https:\/\/bogensportdiscount.ch\/produkt\/viper-charge-plus-target-bar-wiederaufladbares-visierlicht\/","url":"https:\/\/bogensportdiscount.ch\/produkt\/viper-charge-plus-target-bar-wiederaufladbares-visierlicht\/","name":"VIPER CHARGE PLUS TARGET BAR AUFLADBARES VISIER-LICHT - Bogensportdiscount \u2013 B\u00f6gen, Pfeile, Targets &amp; Zubeh\u00f6r","isPartOf":{"@id":"https:\/\/bogensportdiscount.ch\/#website"},"primaryImageOfPage":{"@id":"https:\/\/bogensportdiscount.ch\/produkt\/viper-charge-plus-target-bar-wiederaufladbares-visierlicht\/#primaryimage"},"image":{"@id":"https:\/\/bogensportdiscount.ch\/produkt\/viper-charge-plus-target-bar-wiederaufladbares-visierlicht\/#primaryimage"},"thumbnailUrl":"https:\/\/bogensportdiscount.ch\/wp-content\/uploads\/bsm-images\/A069070_1.png","datePublished":"2026-04-05T12:29:13+00:00","dateModified":"2026-05-14T05:13:51+00:00","description":"VIPER CHARGE PLUS TARGET BAR AUFLADBARES VISIER-LICHT g\u00fcnstig kaufen bei Bogensportdiscount \u2013 Top-Marken, schneller Versand aus der Schweiz.","breadcrumb":{"@id":"https:\/\/bogensportdiscount.ch\/produkt\/viper-charge-plus-target-bar-wiederaufladbares-visierlicht\/#breadcrumb"},"inLanguage":"fr-FR","potentialAction":[{"@type":"ReadAction","target":["https:\/\/bogensportdiscount.ch\/produkt\/viper-charge-plus-target-bar-wiederaufladbares-visierlicht\/"]}]},{"@type":"ImageObject","inLanguage":"fr-FR","@id":"https:\/\/bogensportdiscount.ch\/produkt\/viper-charge-plus-target-bar-wiederaufladbares-visierlicht\/#primaryimage","url":"https:\/\/bogensportdiscount.ch\/wp-content\/uploads\/bsm-images\/A069070_1.png","contentUrl":"https:\/\/bogensportdiscount.ch\/wp-content\/uploads\/bsm-images\/A069070_1.png","width":895,"height":877},{"@type":"BreadcrumbList","@id":"https:\/\/bogensportdiscount.ch\/produkt\/viper-charge-plus-target-bar-wiederaufladbares-visierlicht\/#breadcrumb","itemListElement":[{"@type":"ListItem","position":1,"name":"Home","item":"https:\/\/bogensportdiscount.ch\/"},{"@type":"ListItem","position":2,"name":"Shop","item":"https:\/\/bogensportdiscount.ch\/shop\/"},{"@type":"ListItem","position":3,"name":"VIPER CHARGE PLUS TARGET BAR RECHARGEABLE SIGHT LIGHT"}]},{"@type":"WebSite","@id":"https:\/\/bogensportdiscount.ch\/#website","url":"https:\/\/bogensportdiscount.ch\/","name":"Bogensportdiscount","description":"","potentialAction":[{"@type":"SearchAction","target":{"@type":"EntryPoint","urlTemplate":"https:\/\/bogensportdiscount.ch\/?s={search_term_string}"},"query-input":{"@type":"PropertyValueSpecification","valueRequired":true,"valueName":"search_term_string"}}],"inLanguage":"fr-FR"}]}},"_links":{"self":[{"href":"https:\/\/bogensportdiscount.ch\/fr\/wp-json\/wp\/v2\/product\/393309","targetHints":{"allow":["GET"]}}],"collection":[{"href":"https:\/\/bogensportdiscount.ch\/fr\/wp-json\/wp\/v2\/product"}],"about":[{"href":"https:\/\/bogensportdiscount.ch\/fr\/wp-json\/wp\/v2\/types\/product"}],"replies":[{"embeddable":true,"href":"https:\/\/bogensportdiscount.ch\/fr\/wp-json\/wp\/v2\/comments?post=393309"}],"wp:featuredmedia":[{"embeddable":true,"href":"https:\/\/bogensportdiscount.ch\/fr\/wp-json\/wp\/v2\/media\/524767"}],"wp:attachment":[{"href":"https:\/\/bogensportdiscount.ch\/fr\/wp-json\/wp\/v2\/media?parent=393309"}],"wp:term":[{"taxonomy":"product_brand","embeddable":true,"href":"https:\/\/bogensportdiscount.ch\/fr\/wp-json\/wp\/v2\/product_brand?post=393309"},{"taxonomy":"product_cat","embeddable":true,"href":"https:\/\/bogensportdiscount.ch\/fr\/wp-json\/wp\/v2\/product_cat?post=393309"},{"taxonomy":"product_tag","embeddable":true,"href":"https:\/\/bogensportdiscount.ch\/fr\/wp-json\/wp\/v2\/product_tag?post=393309"}],"curies":[{"name":"wp","href":"https:\/\/api.w.org\/{rel}","templated":true}]}}