{"id":393307,"date":"2026-04-05T14:29:13","date_gmt":"2026-04-05T12:29:13","guid":{"rendered":"https:\/\/bogensportdiscount.ch\/produkt\/aae-bitz-nock-receiver-4-5-6-fletch\/"},"modified":"2026-04-16T12:03:55","modified_gmt":"2026-04-16T10:03:55","slug":"aae-bitz-nockenhalter-4-5-6-befiederung","status":"publish","type":"product","link":"https:\/\/bogensportdiscount.ch\/fr\/produit\/aae-bitz-nockenhalter-4-5-6-befiederung\/","title":{"rendered":"AAE BITZ NOCK RECEIVER 4. 5 &amp; 6 FLETCH"},"content":{"rendered":"<p>Der AAE Bitz Nock Receiver ist ein Aufnahmeteil f\u00fcr Befiederungsger\u00e4te der Bitz-Serie von AAE. Er erm\u00f6glicht das sichere Fixieren der Nocke w\u00e4hrend die Federn auf den Pfeilschaft aufgebracht werden.<\/p>\n<p>Das Teil ist kompatibel mit Befiederungskonfigurationen von 4, 5 und 6 Federn und eignet sich damit f\u00fcr eine breite Auswahl an Pfeilkonfigurationen. Als Ersatz- oder Erweiterungsteil ist er ideal f\u00fcr Bogensch\u00fctzen, die ihr Befiederungsger\u00e4t f\u00fcr unterschiedliche Befiederungswinkel oder -anzahlen anpassen m\u00f6chten.<\/p>\n<ul>\n<li>Kompatibel mit 4-, 5- und 6-Feder-Konfigurationen<\/li>\n<li>Ersatzteil f\u00fcr AAE Bitz Befiederungsger\u00e4te<\/li>\n<li>Sichere Nockenaufnahme w\u00e4hrend des Befiederungsvorgangs<\/li>\n<\/ul>","protected":false},"excerpt":{"rendered":"<p><strong>Marque :<\/strong> AAE<br \/><strong>Typ:<\/strong> Nock receiver<br \/><strong>GTIN:<\/strong> 096881012911<\/p>","protected":false},"featured_media":446196,"comment_status":"open","ping_status":"closed","template":"","meta":[],"product_brand":[517],"product_cat":[4141],"product_tag":[3546],"class_list":{"0":"post-393307","1":"product","2":"type-product","3":"status-publish","4":"has-post-thumbnail","6":"product_brand-aae","7":"product_cat-fletching-jigs-parts","8":"product_tag-neuheit","10":"first","11":"instock","12":"shipping-taxable","13":"purchasable","14":"product-type-simple"},"_links":{"self":[{"href":"https:\/\/bogensportdiscount.ch\/fr\/wp-json\/wp\/v2\/product\/393307","targetHints":{"allow":["GET"]}}],"collection":[{"href":"https:\/\/bogensportdiscount.ch\/fr\/wp-json\/wp\/v2\/product"}],"about":[{"href":"https:\/\/bogensportdiscount.ch\/fr\/wp-json\/wp\/v2\/types\/product"}],"replies":[{"embeddable":true,"href":"https:\/\/bogensportdiscount.ch\/fr\/wp-json\/wp\/v2\/comments?post=393307"}],"wp:featuredmedia":[{"embeddable":true,"href":"https:\/\/bogensportdiscount.ch\/fr\/wp-json\/wp\/v2\/media\/446196"}],"wp:attachment":[{"href":"https:\/\/bogensportdiscount.ch\/fr\/wp-json\/wp\/v2\/media?parent=393307"}],"wp:term":[{"taxonomy":"product_brand","embeddable":true,"href":"https:\/\/bogensportdiscount.ch\/fr\/wp-json\/wp\/v2\/product_brand?post=393307"},{"taxonomy":"product_cat","embeddable":true,"href":"https:\/\/bogensportdiscount.ch\/fr\/wp-json\/wp\/v2\/product_cat?post=393307"},{"taxonomy":"product_tag","embeddable":true,"href":"https:\/\/bogensportdiscount.ch\/fr\/wp-json\/wp\/v2\/product_tag?post=393307"}],"curies":[{"name":"wp","href":"https:\/\/api.w.org\/{rel}","templated":true}]}}