{"id":393295,"date":"2026-04-05T14:29:10","date_gmt":"2026-04-05T12:29:10","guid":{"rendered":"https:\/\/bogensportdiscount.ch\/produkt\/last-chance-bow-press-parts-mag-bright-5x\/"},"modified":"2026-05-14T07:13:51","modified_gmt":"2026-05-14T05:13:51","slug":"last-chance-bogenpresse-ersatzteil-mag-bright-5x","status":"publish","type":"product","link":"https:\/\/bogensportdiscount.ch\/fr\/produit\/last-chance-bogenpresse-ersatzteil-mag-bright-5x\/","title":{"rendered":"LAST CHANCE PI\u00c8CES PRESSE ARC MAG BRIGHT 5X"},"content":{"rendered":"<p>Le Last Chance Mag Bright 5x est une pi\u00e8ce de rechange et un accessoire pour les presses \u00e0 arc de la marque Last Chance. Il appartient \u00e0 la cat\u00e9gorie des pi\u00e8ces de presse et convient \u00e0 la maintenance et \u00e0 l'entretien des presses \u00e0 arc.<\/p>\n<p>Les pi\u00e8ces de presse de Last Chance sont con\u00e7ues pour la durabilit\u00e9 et la compatibilit\u00e9 avec les presses \u00e0 arc correspondantes. En tant que pi\u00e8ce de rechange, le Mag Bright 5x garantit que la presse \u00e0 arc reste op\u00e9rationnelle et fonctionne de mani\u00e8re fiable.<\/p>","protected":false},"excerpt":{"rendered":"<table>\n<tr>\n<th>Propri\u00e9t\u00e9<\/th>\n<th>Valeur<\/th>\n<\/tr>\n<tr>\n<td>Marque<\/td>\n<td>Last Chance<\/td>\n<\/tr>\n<tr>\n<td>Pays d'origine<\/td>\n<td>USA<\/td>\n<\/tr>\n<tr>\n<td>GTIN<\/td>\n<td>853510008314<\/td>\n<\/tr>\n<\/table>","protected":false},"featured_media":452974,"comment_status":"open","ping_status":"closed","template":"","meta":[],"product_brand":[499],"product_cat":[4121,4564,27444],"product_tag":[3546],"class_list":{"0":"post-393295","1":"product","2":"type-product","3":"status-publish","4":"has-post-thumbnail","6":"product_brand-lastchance","7":"product_cat-werkzeuge-training","8":"product_cat-bogenpressen-einzelteile","9":"product_cat-bogenpresse-zubehoer-einzelteile","10":"product_tag-neuheit","11":"product_shipping_class-bsd-standard","13":"first","14":"instock","15":"shipping-taxable","16":"purchasable","17":"product-type-simple"},"yoast_head":"<!-- This site is optimized with the Yoast SEO plugin v27.6 - https:\/\/yoast.com\/product\/yoast-seo-wordpress\/ -->\n<title>DERNI\u00c8RE CHANCE : PI\u00c8CES POUR ARCS MAG BRIGHT 5X - Bogensportdiscount \u2013 Arcs, fl\u00e8ches, cibles et accessoires<\/title>\n<meta name=\"description\" content=\"DERNI\u00c8RE CHANCE : pi\u00e8ces pour presse \u00e0 archet MAG BRIGHT 5X \u00e0 prix avantageux chez Bogensportdiscount \u2013 Grandes marques, livraison rapide depuis la Suisse.\" \/>\n<meta name=\"robots\" content=\"index, follow, max-snippet:-1, max-image-preview:large, max-video-preview:-1\" \/>\n<link rel=\"canonical\" href=\"https:\/\/bogensportdiscount.ch\/fr\/produit\/last-chance-bogenpresse-ersatzteil-mag-bright-5x\/\" \/>\n<meta property=\"og:locale\" content=\"fr_FR\" \/>\n<meta property=\"og:type\" content=\"article\" \/>\n<meta property=\"og:title\" content=\"DERNI\u00c8RE CHANCE : PI\u00c8CES POUR PRESSE \u00c0 ARCS MAG BRIGHT 5X - Bogensportdiscount \u2013 Arcs, fl\u00e8ches, cibles et accessoires\" \/>\n<meta property=\"og:description\" content=\"DERNI\u00c8RE CHANCE : pi\u00e8ces pour presse \u00e0 archet MAG BRIGHT 5X \u00e0 prix avantageux chez Bogensportdiscount \u2013 Grandes marques, livraison rapide depuis la Suisse.\" \/>\n<meta property=\"og:url\" content=\"https:\/\/bogensportdiscount.ch\/fr\/produit\/last-chance-bogenpresse-ersatzteil-mag-bright-5x\/\" \/>\n<meta property=\"og:site_name\" content=\"Bogensportdiscount \u2013 B\u00f6gen, Pfeile, Targets &amp; Zubeh\u00f6r\" \/>\n<meta property=\"article:modified_time\" content=\"2026-05-14T05:13:51+00:00\" \/>\n<meta property=\"og:image\" content=\"https:\/\/bogensportdiscount.ch\/wp-content\/uploads\/bsm-images\/a068878_1.jpg\" \/>\n\t<meta property=\"og:image:width\" content=\"400\" \/>\n\t<meta property=\"og:image:height\" content=\"266\" \/>\n\t<meta property=\"og:image:type\" content=\"image\/jpeg\" \/>\n<meta name=\"twitter:card\" content=\"summary_large_image\" \/>\n<script type=\"application\/ld+json\" class=\"yoast-schema-graph\">{\"@context\":\"https:\\\/\\\/schema.org\",\"@graph\":[{\"@type\":\"WebPage\",\"@id\":\"https:\\\/\\\/bogensportdiscount.ch\\\/produkt\\\/last-chance-bogenpresse-ersatzteil-mag-bright-5x\\\/\",\"url\":\"https:\\\/\\\/bogensportdiscount.ch\\\/produkt\\\/last-chance-bogenpresse-ersatzteil-mag-bright-5x\\\/\",\"name\":\"LAST CHANCE BOGENPRESSE TEILE MAG BRIGHT 5X - Bogensportdiscount \u2013 B\u00f6gen, Pfeile, Targets &amp; Zubeh\u00f6r\",\"isPartOf\":{\"@id\":\"https:\\\/\\\/bogensportdiscount.ch\\\/#website\"},\"primaryImageOfPage\":{\"@id\":\"https:\\\/\\\/bogensportdiscount.ch\\\/produkt\\\/last-chance-bogenpresse-ersatzteil-mag-bright-5x\\\/#primaryimage\"},\"image\":{\"@id\":\"https:\\\/\\\/bogensportdiscount.ch\\\/produkt\\\/last-chance-bogenpresse-ersatzteil-mag-bright-5x\\\/#primaryimage\"},\"thumbnailUrl\":\"https:\\\/\\\/bogensportdiscount.ch\\\/wp-content\\\/uploads\\\/bsm-images\\\/a068878_1.jpg\",\"datePublished\":\"2026-04-05T12:29:10+00:00\",\"dateModified\":\"2026-05-14T05:13:51+00:00\",\"description\":\"LAST CHANCE BOGENPRESSE TEILE MAG BRIGHT 5X g\u00fcnstig kaufen bei Bogensportdiscount \u2013 Top-Marken, schneller Versand aus der Schweiz.\",\"breadcrumb\":{\"@id\":\"https:\\\/\\\/bogensportdiscount.ch\\\/produkt\\\/last-chance-bogenpresse-ersatzteil-mag-bright-5x\\\/#breadcrumb\"},\"inLanguage\":\"fr-FR\",\"potentialAction\":[{\"@type\":\"ReadAction\",\"target\":[\"https:\\\/\\\/bogensportdiscount.ch\\\/produkt\\\/last-chance-bogenpresse-ersatzteil-mag-bright-5x\\\/\"]}]},{\"@type\":\"ImageObject\",\"inLanguage\":\"fr-FR\",\"@id\":\"https:\\\/\\\/bogensportdiscount.ch\\\/produkt\\\/last-chance-bogenpresse-ersatzteil-mag-bright-5x\\\/#primaryimage\",\"url\":\"https:\\\/\\\/bogensportdiscount.ch\\\/wp-content\\\/uploads\\\/bsm-images\\\/a068878_1.jpg\",\"contentUrl\":\"https:\\\/\\\/bogensportdiscount.ch\\\/wp-content\\\/uploads\\\/bsm-images\\\/a068878_1.jpg\",\"width\":400,\"height\":266},{\"@type\":\"BreadcrumbList\",\"@id\":\"https:\\\/\\\/bogensportdiscount.ch\\\/produkt\\\/last-chance-bogenpresse-ersatzteil-mag-bright-5x\\\/#breadcrumb\",\"itemListElement\":[{\"@type\":\"ListItem\",\"position\":1,\"name\":\"Home\",\"item\":\"https:\\\/\\\/bogensportdiscount.ch\\\/\"},{\"@type\":\"ListItem\",\"position\":2,\"name\":\"Shop\",\"item\":\"https:\\\/\\\/bogensportdiscount.ch\\\/shop\\\/\"},{\"@type\":\"ListItem\",\"position\":3,\"name\":\"LAST CHANCE BOW PRESS PARTS MAG BRIGHT 5X\"}]},{\"@type\":\"WebSite\",\"@id\":\"https:\\\/\\\/bogensportdiscount.ch\\\/#website\",\"url\":\"https:\\\/\\\/bogensportdiscount.ch\\\/\",\"name\":\"Bogensportdiscount\",\"description\":\"\",\"potentialAction\":[{\"@type\":\"SearchAction\",\"target\":{\"@type\":\"EntryPoint\",\"urlTemplate\":\"https:\\\/\\\/bogensportdiscount.ch\\\/?s={search_term_string}\"},\"query-input\":{\"@type\":\"PropertyValueSpecification\",\"valueRequired\":true,\"valueName\":\"search_term_string\"}}],\"inLanguage\":\"fr-FR\"}]}<\/script>\n<!-- \/ Yoast SEO plugin. -->","yoast_head_json":{"title":"DERNI\u00c8RE CHANCE : PI\u00c8CES POUR ARCS MAG BRIGHT 5X - Bogensportdiscount \u2013 Arcs, fl\u00e8ches, cibles et accessoires","description":"DERNI\u00c8RE CHANCE : pi\u00e8ces pour presse \u00e0 archet MAG BRIGHT 5X \u00e0 prix avantageux chez Bogensportdiscount \u2013 Grandes marques, livraison rapide depuis la Suisse.","robots":{"index":"index","follow":"follow","max-snippet":"max-snippet:-1","max-image-preview":"max-image-preview:large","max-video-preview":"max-video-preview:-1"},"canonical":"https:\/\/bogensportdiscount.ch\/fr\/produit\/last-chance-bogenpresse-ersatzteil-mag-bright-5x\/","og_locale":"fr_FR","og_type":"article","og_title":"DERNI\u00c8RE CHANCE : PI\u00c8CES POUR PRESSE \u00c0 ARCS MAG BRIGHT 5X - Bogensportdiscount \u2013 Arcs, fl\u00e8ches, cibles et accessoires","og_description":"DERNI\u00c8RE CHANCE : pi\u00e8ces pour presse \u00e0 archet MAG BRIGHT 5X \u00e0 prix avantageux chez Bogensportdiscount \u2013 Grandes marques, livraison rapide depuis la Suisse.","og_url":"https:\/\/bogensportdiscount.ch\/fr\/produit\/last-chance-bogenpresse-ersatzteil-mag-bright-5x\/","og_site_name":"Bogensportdiscount \u2013 B\u00f6gen, Pfeile, Targets &amp; Zubeh\u00f6r","article_modified_time":"2026-05-14T05:13:51+00:00","og_image":[{"width":400,"height":266,"url":"https:\/\/bogensportdiscount.ch\/wp-content\/uploads\/bsm-images\/a068878_1.jpg","type":"image\/jpeg"}],"twitter_card":"summary_large_image","schema":{"@context":"https:\/\/schema.org","@graph":[{"@type":"WebPage","@id":"https:\/\/bogensportdiscount.ch\/produkt\/last-chance-bogenpresse-ersatzteil-mag-bright-5x\/","url":"https:\/\/bogensportdiscount.ch\/produkt\/last-chance-bogenpresse-ersatzteil-mag-bright-5x\/","name":"DERNI\u00c8RE CHANCE : PI\u00c8CES POUR PRESSE \u00c0 ARCS MAG BRIGHT 5X - Bogensportdiscount \u2013 Arcs, fl\u00e8ches, cibles et accessoires","isPartOf":{"@id":"https:\/\/bogensportdiscount.ch\/#website"},"primaryImageOfPage":{"@id":"https:\/\/bogensportdiscount.ch\/produkt\/last-chance-bogenpresse-ersatzteil-mag-bright-5x\/#primaryimage"},"image":{"@id":"https:\/\/bogensportdiscount.ch\/produkt\/last-chance-bogenpresse-ersatzteil-mag-bright-5x\/#primaryimage"},"thumbnailUrl":"https:\/\/bogensportdiscount.ch\/wp-content\/uploads\/bsm-images\/a068878_1.jpg","datePublished":"2026-04-05T12:29:10+00:00","dateModified":"2026-05-14T05:13:51+00:00","description":"DERNI\u00c8RE CHANCE : pi\u00e8ces pour presse \u00e0 archet MAG BRIGHT 5X \u00e0 prix avantageux chez Bogensportdiscount \u2013 Grandes marques, livraison rapide depuis la Suisse.","breadcrumb":{"@id":"https:\/\/bogensportdiscount.ch\/produkt\/last-chance-bogenpresse-ersatzteil-mag-bright-5x\/#breadcrumb"},"inLanguage":"fr-FR","potentialAction":[{"@type":"ReadAction","target":["https:\/\/bogensportdiscount.ch\/produkt\/last-chance-bogenpresse-ersatzteil-mag-bright-5x\/"]}]},{"@type":"ImageObject","inLanguage":"fr-FR","@id":"https:\/\/bogensportdiscount.ch\/produkt\/last-chance-bogenpresse-ersatzteil-mag-bright-5x\/#primaryimage","url":"https:\/\/bogensportdiscount.ch\/wp-content\/uploads\/bsm-images\/a068878_1.jpg","contentUrl":"https:\/\/bogensportdiscount.ch\/wp-content\/uploads\/bsm-images\/a068878_1.jpg","width":400,"height":266},{"@type":"BreadcrumbList","@id":"https:\/\/bogensportdiscount.ch\/produkt\/last-chance-bogenpresse-ersatzteil-mag-bright-5x\/#breadcrumb","itemListElement":[{"@type":"ListItem","position":1,"name":"Home","item":"https:\/\/bogensportdiscount.ch\/"},{"@type":"ListItem","position":2,"name":"Shop","item":"https:\/\/bogensportdiscount.ch\/shop\/"},{"@type":"ListItem","position":3,"name":"LAST CHANCE BOW PRESS PARTS MAG BRIGHT 5X"}]},{"@type":"WebSite","@id":"https:\/\/bogensportdiscount.ch\/#website","url":"https:\/\/bogensportdiscount.ch\/","name":"Bogensportdiscount","description":"","potentialAction":[{"@type":"SearchAction","target":{"@type":"EntryPoint","urlTemplate":"https:\/\/bogensportdiscount.ch\/?s={search_term_string}"},"query-input":{"@type":"PropertyValueSpecification","valueRequired":true,"valueName":"search_term_string"}}],"inLanguage":"fr-FR"}]}},"_links":{"self":[{"href":"https:\/\/bogensportdiscount.ch\/fr\/wp-json\/wp\/v2\/product\/393295","targetHints":{"allow":["GET"]}}],"collection":[{"href":"https:\/\/bogensportdiscount.ch\/fr\/wp-json\/wp\/v2\/product"}],"about":[{"href":"https:\/\/bogensportdiscount.ch\/fr\/wp-json\/wp\/v2\/types\/product"}],"replies":[{"embeddable":true,"href":"https:\/\/bogensportdiscount.ch\/fr\/wp-json\/wp\/v2\/comments?post=393295"}],"wp:featuredmedia":[{"embeddable":true,"href":"https:\/\/bogensportdiscount.ch\/fr\/wp-json\/wp\/v2\/media\/452974"}],"wp:attachment":[{"href":"https:\/\/bogensportdiscount.ch\/fr\/wp-json\/wp\/v2\/media?parent=393295"}],"wp:term":[{"taxonomy":"product_brand","embeddable":true,"href":"https:\/\/bogensportdiscount.ch\/fr\/wp-json\/wp\/v2\/product_brand?post=393295"},{"taxonomy":"product_cat","embeddable":true,"href":"https:\/\/bogensportdiscount.ch\/fr\/wp-json\/wp\/v2\/product_cat?post=393295"},{"taxonomy":"product_tag","embeddable":true,"href":"https:\/\/bogensportdiscount.ch\/fr\/wp-json\/wp\/v2\/product_tag?post=393295"}],"curies":[{"name":"wp","href":"https:\/\/api.w.org\/{rel}","templated":true}]}}