{"id":393288,"date":"2026-04-05T14:29:09","date_gmt":"2026-04-05T12:29:09","guid":{"rendered":"https:\/\/bogensportdiscount.ch\/produkt\/shibuya-sight-parts-ult-11u-ambidextrous-mounting-block-black\/"},"modified":"2026-04-23T15:08:32","modified_gmt":"2026-04-23T13:08:32","slug":"shibuya-visier-ersatzteil-ult-11u-beidhaendige-montageplatte-schwarz","status":"publish","type":"product","link":"https:\/\/bogensportdiscount.ch\/fr\/produit\/shibuya-visier-ersatzteil-ult-11u-beidhaendige-montageplatte-schwarz\/","title":{"rendered":"SHIBUYA VISIER TEILE ULT-11U AMBIDEXTROUS MOUNTING BLOCK SCHWARZ"},"content":{"rendered":"<p>Dieses SHIBUYA Ersatzteil ist ein Montageblock f\u00fcr das ULT-11U Visier und richtet sich an Bogensch\u00fctzen, die Komponenten ihres Compound-Visiers austauschen oder ersetzen m\u00fcssen. Die ambidextere Ausf\u00fchrung macht das Teil sowohl f\u00fcr Links- als auch f\u00fcr Rechtsh\u00e4nder geeignet.<\/p>\n<p>Der Montageblock ist in Schwarz gehalten und f\u00fcgt sich unauff\u00e4llig in die bestehende Visier-Konfiguration ein. Als Original-Ersatzteil von SHIBUYA gew\u00e4hrleistet er die korrekte Passform und Funktion im ULT-11U System.<\/p>\n<ul>\n<li>Kompatibel mit SHIBUYA ULT-11U Visier<\/li>\n<li>Ambidextere Ausf\u00fchrung f\u00fcr Links- und Rechtsh\u00e4nder<\/li>\n<li>Couleur : Noir<\/li>\n<li>Original SHIBUYA Ersatzteil<\/li>\n<\/ul>","protected":false},"excerpt":{"rendered":"<p><strong>Marque :<\/strong> Shibuya<br \/><strong>LH\/RH:<\/strong> Ambidextre<br \/><strong>Couleur:<\/strong> Noir<\/p>","protected":false},"featured_media":524788,"comment_status":"open","ping_status":"closed","template":"","meta":[],"product_brand":[496],"product_cat":[4258],"product_tag":[3546],"class_list":{"0":"post-393288","1":"product","2":"type-product","3":"status-publish","4":"has-post-thumbnail","6":"product_brand-shibuya","7":"product_cat-einzelteile-fuer-compound-visier","8":"product_tag-neuheit","9":"product_shipping_class-bsd-standard","11":"first","12":"instock","13":"shipping-taxable","14":"purchasable","15":"product-type-simple"},"yoast_head":"<!-- This site is optimized with the Yoast SEO plugin v27.4 - https:\/\/yoast.com\/product\/yoast-seo-wordpress\/ -->\n<title>SHIBUYA VISIER TEILE ULT-11U BLOC DE FIXATION AMBIDEXTRE NOIR - Bogensportdiscount \u2013 Arcs, fl\u00e8ches, cibles et accessoires<\/title>\n<meta name=\"description\" content=\"Achetez les pi\u00e8ces de vis\u00e9e SHIBUYA ULT-11U (bloc de montage ambidextre, noir) \u00e0 un prix avantageux chez Bogensportdiscount \u2013 Les meilleures marques, livraison rapide depuis la Suisse.\" \/>\n<meta name=\"robots\" content=\"index, follow, max-snippet:-1, max-image-preview:large, max-video-preview:-1\" \/>\n<link rel=\"canonical\" href=\"https:\/\/bogensportdiscount.ch\/fr\/produit\/shibuya-visier-ersatzteil-ult-11u-beidhaendige-montageplatte-schwarz\/\" \/>\n<meta property=\"og:locale\" content=\"fr_FR\" \/>\n<meta property=\"og:type\" content=\"article\" \/>\n<meta property=\"og:title\" content=\"SHIBUYA VISIER TEILE ULT-11U BLOC DE FIXATION AMBIDEXTRE NOIR - Bogensportdiscount \u2013 Arcs, fl\u00e8ches, cibles et accessoires\" \/>\n<meta property=\"og:description\" content=\"Achetez les pi\u00e8ces de vis\u00e9e SHIBUYA ULT-11U (bloc de montage ambidextre, noir) \u00e0 un prix avantageux chez Bogensportdiscount \u2013 Les meilleures marques, livraison rapide depuis la Suisse.\" \/>\n<meta property=\"og:url\" content=\"https:\/\/bogensportdiscount.ch\/fr\/produit\/shibuya-visier-ersatzteil-ult-11u-beidhaendige-montageplatte-schwarz\/\" \/>\n<meta property=\"og:site_name\" content=\"Bogensportdiscount \u2013 B\u00f6gen, Pfeile, Targets &amp; Zubeh\u00f6r\" \/>\n<meta property=\"article:modified_time\" content=\"2026-04-23T13:08:32+00:00\" \/>\n<meta property=\"og:image\" content=\"https:\/\/bogensportdiscount.ch\/wp-content\/uploads\/bsm-images\/A068677_1.png\" \/>\n\t<meta property=\"og:image:width\" content=\"1187\" \/>\n\t<meta property=\"og:image:height\" content=\"1615\" \/>\n\t<meta property=\"og:image:type\" content=\"image\/png\" \/>\n<meta name=\"twitter:card\" content=\"summary_large_image\" \/>\n<script type=\"application\/ld+json\" class=\"yoast-schema-graph\">{\"@context\":\"https:\\\/\\\/schema.org\",\"@graph\":[{\"@type\":\"WebPage\",\"@id\":\"https:\\\/\\\/bogensportdiscount.ch\\\/produkt\\\/shibuya-visier-ersatzteil-ult-11u-beidhaendige-montageplatte-schwarz\\\/\",\"url\":\"https:\\\/\\\/bogensportdiscount.ch\\\/produkt\\\/shibuya-visier-ersatzteil-ult-11u-beidhaendige-montageplatte-schwarz\\\/\",\"name\":\"SHIBUYA VISIER TEILE ULT-11U AMBIDEXTROUS MOUNTING BLOCK SCHWARZ - Bogensportdiscount \u2013 B\u00f6gen, Pfeile, Targets &amp; Zubeh\u00f6r\",\"isPartOf\":{\"@id\":\"https:\\\/\\\/bogensportdiscount.ch\\\/#website\"},\"primaryImageOfPage\":{\"@id\":\"https:\\\/\\\/bogensportdiscount.ch\\\/produkt\\\/shibuya-visier-ersatzteil-ult-11u-beidhaendige-montageplatte-schwarz\\\/#primaryimage\"},\"image\":{\"@id\":\"https:\\\/\\\/bogensportdiscount.ch\\\/produkt\\\/shibuya-visier-ersatzteil-ult-11u-beidhaendige-montageplatte-schwarz\\\/#primaryimage\"},\"thumbnailUrl\":\"https:\\\/\\\/bogensportdiscount.ch\\\/wp-content\\\/uploads\\\/bsm-images\\\/A068677_1.png\",\"datePublished\":\"2026-04-05T12:29:09+00:00\",\"dateModified\":\"2026-04-23T13:08:32+00:00\",\"description\":\"SHIBUYA VISIER TEILE ULT-11U AMBIDEXTROUS MOUNTING BLOCK SCHWARZ g\u00fcnstig kaufen bei Bogensportdiscount \u2013 Top-Marken, schneller Versand aus der Schweiz.\",\"breadcrumb\":{\"@id\":\"https:\\\/\\\/bogensportdiscount.ch\\\/produkt\\\/shibuya-visier-ersatzteil-ult-11u-beidhaendige-montageplatte-schwarz\\\/#breadcrumb\"},\"inLanguage\":\"fr-FR\",\"potentialAction\":[{\"@type\":\"ReadAction\",\"target\":[\"https:\\\/\\\/bogensportdiscount.ch\\\/produkt\\\/shibuya-visier-ersatzteil-ult-11u-beidhaendige-montageplatte-schwarz\\\/\"]}]},{\"@type\":\"ImageObject\",\"inLanguage\":\"fr-FR\",\"@id\":\"https:\\\/\\\/bogensportdiscount.ch\\\/produkt\\\/shibuya-visier-ersatzteil-ult-11u-beidhaendige-montageplatte-schwarz\\\/#primaryimage\",\"url\":\"https:\\\/\\\/bogensportdiscount.ch\\\/wp-content\\\/uploads\\\/bsm-images\\\/A068677_1.png\",\"contentUrl\":\"https:\\\/\\\/bogensportdiscount.ch\\\/wp-content\\\/uploads\\\/bsm-images\\\/A068677_1.png\",\"width\":1187,\"height\":1615},{\"@type\":\"BreadcrumbList\",\"@id\":\"https:\\\/\\\/bogensportdiscount.ch\\\/produkt\\\/shibuya-visier-ersatzteil-ult-11u-beidhaendige-montageplatte-schwarz\\\/#breadcrumb\",\"itemListElement\":[{\"@type\":\"ListItem\",\"position\":1,\"name\":\"Home\",\"item\":\"https:\\\/\\\/bogensportdiscount.ch\\\/\"},{\"@type\":\"ListItem\",\"position\":2,\"name\":\"Shop\",\"item\":\"https:\\\/\\\/bogensportdiscount.ch\\\/shop\\\/\"},{\"@type\":\"ListItem\",\"position\":3,\"name\":\"SHIBUYA VISIER TEILE ULT-11U AMBIDEXTROUS MOUNTING BLOCK SCHWARZ\"}]},{\"@type\":\"WebSite\",\"@id\":\"https:\\\/\\\/bogensportdiscount.ch\\\/#website\",\"url\":\"https:\\\/\\\/bogensportdiscount.ch\\\/\",\"name\":\"Bogensportdiscount\",\"description\":\"\",\"potentialAction\":[{\"@type\":\"SearchAction\",\"target\":{\"@type\":\"EntryPoint\",\"urlTemplate\":\"https:\\\/\\\/bogensportdiscount.ch\\\/?s={search_term_string}\"},\"query-input\":{\"@type\":\"PropertyValueSpecification\",\"valueRequired\":true,\"valueName\":\"search_term_string\"}}],\"inLanguage\":\"fr-FR\"}]}<\/script>\n<!-- \/ Yoast SEO plugin. -->","yoast_head_json":{"title":"SHIBUYA VISIER TEILE ULT-11U BLOC DE FIXATION AMBIDEXTRE NOIR - Bogensportdiscount \u2013 Arcs, fl\u00e8ches, cibles et accessoires","description":"Achetez les pi\u00e8ces de vis\u00e9e SHIBUYA ULT-11U (bloc de montage ambidextre, noir) \u00e0 un prix avantageux chez Bogensportdiscount \u2013 Les meilleures marques, livraison rapide depuis la Suisse.","robots":{"index":"index","follow":"follow","max-snippet":"max-snippet:-1","max-image-preview":"max-image-preview:large","max-video-preview":"max-video-preview:-1"},"canonical":"https:\/\/bogensportdiscount.ch\/fr\/produit\/shibuya-visier-ersatzteil-ult-11u-beidhaendige-montageplatte-schwarz\/","og_locale":"fr_FR","og_type":"article","og_title":"SHIBUYA VISIER TEILE ULT-11U BLOC DE FIXATION AMBIDEXTRE NOIR - Bogensportdiscount \u2013 Arcs, fl\u00e8ches, cibles et accessoires","og_description":"Achetez les pi\u00e8ces de vis\u00e9e SHIBUYA ULT-11U (bloc de montage ambidextre, noir) \u00e0 un prix avantageux chez Bogensportdiscount \u2013 Les meilleures marques, livraison rapide depuis la Suisse.","og_url":"https:\/\/bogensportdiscount.ch\/fr\/produit\/shibuya-visier-ersatzteil-ult-11u-beidhaendige-montageplatte-schwarz\/","og_site_name":"Bogensportdiscount \u2013 B\u00f6gen, Pfeile, Targets &amp; Zubeh\u00f6r","article_modified_time":"2026-04-23T13:08:32+00:00","og_image":[{"url":"https:\/\/bogensportdiscount.ch\/wp-content\/uploads\/bsm-images\/A068677_1.png","width":1187,"height":1615,"type":"image\/png"}],"twitter_card":"summary_large_image","schema":{"@context":"https:\/\/schema.org","@graph":[{"@type":"WebPage","@id":"https:\/\/bogensportdiscount.ch\/produkt\/shibuya-visier-ersatzteil-ult-11u-beidhaendige-montageplatte-schwarz\/","url":"https:\/\/bogensportdiscount.ch\/produkt\/shibuya-visier-ersatzteil-ult-11u-beidhaendige-montageplatte-schwarz\/","name":"SHIBUYA VISIER TEILE ULT-11U BLOC DE FIXATION AMBIDEXTRE NOIR - Bogensportdiscount \u2013 Arcs, fl\u00e8ches, cibles et accessoires","isPartOf":{"@id":"https:\/\/bogensportdiscount.ch\/#website"},"primaryImageOfPage":{"@id":"https:\/\/bogensportdiscount.ch\/produkt\/shibuya-visier-ersatzteil-ult-11u-beidhaendige-montageplatte-schwarz\/#primaryimage"},"image":{"@id":"https:\/\/bogensportdiscount.ch\/produkt\/shibuya-visier-ersatzteil-ult-11u-beidhaendige-montageplatte-schwarz\/#primaryimage"},"thumbnailUrl":"https:\/\/bogensportdiscount.ch\/wp-content\/uploads\/bsm-images\/A068677_1.png","datePublished":"2026-04-05T12:29:09+00:00","dateModified":"2026-04-23T13:08:32+00:00","description":"Achetez les pi\u00e8ces de vis\u00e9e SHIBUYA ULT-11U (bloc de montage ambidextre, noir) \u00e0 un prix avantageux chez Bogensportdiscount \u2013 Les meilleures marques, livraison rapide depuis la Suisse.","breadcrumb":{"@id":"https:\/\/bogensportdiscount.ch\/produkt\/shibuya-visier-ersatzteil-ult-11u-beidhaendige-montageplatte-schwarz\/#breadcrumb"},"inLanguage":"fr-FR","potentialAction":[{"@type":"ReadAction","target":["https:\/\/bogensportdiscount.ch\/produkt\/shibuya-visier-ersatzteil-ult-11u-beidhaendige-montageplatte-schwarz\/"]}]},{"@type":"ImageObject","inLanguage":"fr-FR","@id":"https:\/\/bogensportdiscount.ch\/produkt\/shibuya-visier-ersatzteil-ult-11u-beidhaendige-montageplatte-schwarz\/#primaryimage","url":"https:\/\/bogensportdiscount.ch\/wp-content\/uploads\/bsm-images\/A068677_1.png","contentUrl":"https:\/\/bogensportdiscount.ch\/wp-content\/uploads\/bsm-images\/A068677_1.png","width":1187,"height":1615},{"@type":"BreadcrumbList","@id":"https:\/\/bogensportdiscount.ch\/produkt\/shibuya-visier-ersatzteil-ult-11u-beidhaendige-montageplatte-schwarz\/#breadcrumb","itemListElement":[{"@type":"ListItem","position":1,"name":"Home","item":"https:\/\/bogensportdiscount.ch\/"},{"@type":"ListItem","position":2,"name":"Shop","item":"https:\/\/bogensportdiscount.ch\/shop\/"},{"@type":"ListItem","position":3,"name":"SHIBUYA VISIER TEILE ULT-11U AMBIDEXTROUS MOUNTING BLOCK SCHWARZ"}]},{"@type":"WebSite","@id":"https:\/\/bogensportdiscount.ch\/#website","url":"https:\/\/bogensportdiscount.ch\/","name":"Bogensportdiscount","description":"","potentialAction":[{"@type":"SearchAction","target":{"@type":"EntryPoint","urlTemplate":"https:\/\/bogensportdiscount.ch\/?s={search_term_string}"},"query-input":{"@type":"PropertyValueSpecification","valueRequired":true,"valueName":"search_term_string"}}],"inLanguage":"fr-FR"}]}},"_links":{"self":[{"href":"https:\/\/bogensportdiscount.ch\/fr\/wp-json\/wp\/v2\/product\/393288","targetHints":{"allow":["GET"]}}],"collection":[{"href":"https:\/\/bogensportdiscount.ch\/fr\/wp-json\/wp\/v2\/product"}],"about":[{"href":"https:\/\/bogensportdiscount.ch\/fr\/wp-json\/wp\/v2\/types\/product"}],"replies":[{"embeddable":true,"href":"https:\/\/bogensportdiscount.ch\/fr\/wp-json\/wp\/v2\/comments?post=393288"}],"wp:featuredmedia":[{"embeddable":true,"href":"https:\/\/bogensportdiscount.ch\/fr\/wp-json\/wp\/v2\/media\/524788"}],"wp:attachment":[{"href":"https:\/\/bogensportdiscount.ch\/fr\/wp-json\/wp\/v2\/media?parent=393288"}],"wp:term":[{"taxonomy":"product_brand","embeddable":true,"href":"https:\/\/bogensportdiscount.ch\/fr\/wp-json\/wp\/v2\/product_brand?post=393288"},{"taxonomy":"product_cat","embeddable":true,"href":"https:\/\/bogensportdiscount.ch\/fr\/wp-json\/wp\/v2\/product_cat?post=393288"},{"taxonomy":"product_tag","embeddable":true,"href":"https:\/\/bogensportdiscount.ch\/fr\/wp-json\/wp\/v2\/product_tag?post=393288"}],"curies":[{"name":"wp","href":"https:\/\/api.w.org\/{rel}","templated":true}]}}