{"id":393280,"date":"2026-04-05T14:29:07","date_gmt":"2026-04-05T12:29:07","guid":{"rendered":"https:\/\/bogensportdiscount.ch\/produkt\/last-chance-head-organizer-press\/"},"modified":"2026-04-15T12:15:51","modified_gmt":"2026-04-15T10:15:51","slug":"lastchance-pfeilspitzen-organizer-presse","status":"publish","type":"product","link":"https:\/\/bogensportdiscount.ch\/fr\/produit\/lastchance-pfeilspitzen-organizer-presse\/","title":{"rendered":"LAST CHANCE - ORGANISATEUR EN CHEF (PRESSE)"},"content":{"rendered":"<p>Der Last Chance Head Organizer (Press) ist ein praktisches Zubeh\u00f6rteil f\u00fcr die geordnete Aufbewahrung von Pfeilspitzen. Das Werkzeug ist f\u00fcr den Einsatz in Kombination mit einer Bogenpresse ausgelegt und erleichtert die Arbeit beim Tuning und der Wartung von Pfeilen.<\/p>\n<p>Der Organizer sorgt daf\u00fcr, dass Pfeilspitzen w\u00e4hrend des Arbeitens sicher und \u00fcbersichtlich gelagert sind, was den Tuning-Prozess effizienter gestaltet.<\/p>\n<ul>\n<li>Geordnete Aufbewahrung von Pfeilspitzen<\/li>\n<li>Geeignet f\u00fcr den Einsatz mit einer Bogenpresse<\/li>\n<li>Praktisches Hilfsmittel f\u00fcr Tuning und Wartung<\/li>\n<li>Von Last Chance, bekanntem Hersteller im Bogensport<\/li>\n<\/ul>","protected":false},"excerpt":{"rendered":"<p><strong>Marque :<\/strong> Last Chance<br \/><strong>GTIN:<\/strong> 853510008567<\/p>","protected":false},"featured_media":441719,"comment_status":"open","ping_status":"closed","template":"","meta":[],"product_brand":[499],"product_cat":[4335],"product_tag":[3546],"class_list":{"0":"post-393280","1":"product","2":"type-product","3":"status-publish","4":"has-post-thumbnail","6":"product_brand-lastchance","7":"product_cat-bow-vises","8":"product_tag-neuheit","10":"first","11":"instock","12":"shipping-taxable","13":"purchasable","14":"product-type-simple"},"_links":{"self":[{"href":"https:\/\/bogensportdiscount.ch\/fr\/wp-json\/wp\/v2\/product\/393280","targetHints":{"allow":["GET"]}}],"collection":[{"href":"https:\/\/bogensportdiscount.ch\/fr\/wp-json\/wp\/v2\/product"}],"about":[{"href":"https:\/\/bogensportdiscount.ch\/fr\/wp-json\/wp\/v2\/types\/product"}],"replies":[{"embeddable":true,"href":"https:\/\/bogensportdiscount.ch\/fr\/wp-json\/wp\/v2\/comments?post=393280"}],"wp:featuredmedia":[{"embeddable":true,"href":"https:\/\/bogensportdiscount.ch\/fr\/wp-json\/wp\/v2\/media\/441719"}],"wp:attachment":[{"href":"https:\/\/bogensportdiscount.ch\/fr\/wp-json\/wp\/v2\/media?parent=393280"}],"wp:term":[{"taxonomy":"product_brand","embeddable":true,"href":"https:\/\/bogensportdiscount.ch\/fr\/wp-json\/wp\/v2\/product_brand?post=393280"},{"taxonomy":"product_cat","embeddable":true,"href":"https:\/\/bogensportdiscount.ch\/fr\/wp-json\/wp\/v2\/product_cat?post=393280"},{"taxonomy":"product_tag","embeddable":true,"href":"https:\/\/bogensportdiscount.ch\/fr\/wp-json\/wp\/v2\/product_tag?post=393280"}],"curies":[{"name":"wp","href":"https:\/\/api.w.org\/{rel}","templated":true}]}}