{"id":393261,"date":"2026-04-05T14:29:03","date_gmt":"2026-04-05T12:29:03","guid":{"rendered":"https:\/\/bogensportdiscount.ch\/produkt\/cbe-hunting-3d-sights-tactic-hybrid-3pin-019-black\/"},"modified":"2026-04-22T11:55:09","modified_gmt":"2026-04-22T09:55:09","slug":"cbe-compound-jagdvisier-tactic-hybrid-3-pin-019-schwarz","status":"publish","type":"product","link":"https:\/\/bogensportdiscount.ch\/fr\/produit\/cbe-compound-jagdvisier-tactic-hybrid-3-pin-019-schwarz\/","title":{"rendered":"CBE JAGD &#038; 3D VISIERE TACTIC HYBRID \/ 3PIN .019 \/ SCHWARZ"},"content":{"rendered":"<p>Das CBE Tactic Hybrid ist ein Compound-Visier aus dem Segment der Jagd- und 3D-Visiere. Mit drei einstellbaren Pins in der Fadenst\u00e4rke .019 Zoll deckt es mehrere Schussdistanzen ab und erm\u00f6glicht schnelle Zielaufnahme im Feld oder auf dem 3D-Parcours.<\/p>\n<p>Die schwarze Ausf\u00fchrung sorgt f\u00fcr ein unauff\u00e4lliges Erscheinungsbild beim Jagdeinsatz. Das Tactic Hybrid von CBE richtet sich an Bogensch\u00fctzen, die ein zuverl\u00e4ssiges Mehrfach-Pin-Visier f\u00fcr den praktischen Einsatz suchen.<\/p>\n<ul>\n<li>Configuration \u00e0 3 pins pour diff\u00e9rentes distances<\/li>\n<li>Fadenst\u00e4rke .019 Zoll<\/li>\n<li>Couleur : Noir<\/li>\n<li>Convient pour la chasse et le tir \u00e0 l'arc 3D<\/li>\n<\/ul>","protected":false},"excerpt":{"rendered":"<p><strong>Marque :<\/strong> CBE<br \/><strong>LH\/RH:<\/strong> Ambidextre<br \/><strong>Couleur:<\/strong> Noir<br \/><strong>Type :<\/strong> Montage direct<br \/><strong>Nombre de pins :<\/strong> 3<br \/><strong>Taille du pin :<\/strong> 019<br \/><strong>GTIN:<\/strong> 745167070137<\/p>","protected":false},"featured_media":524331,"comment_status":"open","ping_status":"closed","template":"","meta":[],"product_brand":[523],"product_cat":[4263],"product_tag":[3546],"class_list":{"0":"post-393261","1":"product","2":"type-product","3":"status-publish","4":"has-post-thumbnail","6":"product_brand-cbe","7":"product_cat-jagd-und-3d-visiere","8":"product_tag-neuheit","9":"product_shipping_class-bsd-standard","11":"first","12":"instock","13":"shipping-taxable","14":"purchasable","15":"product-type-simple"},"yoast_head":"<!-- This site is optimized with the Yoast SEO plugin v27.4 - https:\/\/yoast.com\/product\/yoast-seo-wordpress\/ -->\n<title>CBE JAGD &amp; VISEURS 3D TACTIC HYBRID \/ 3PIN .019 \/ NOIR - Bogensportdiscount \u2013 Arcs, fl\u00e8ches, cibles et accessoires<\/title>\n<meta name=\"description\" content=\"CBE JAGD &amp; 3D VISIERE TACTIC HYBRID \/ 3PIN .019 \/ NOIR : achetez-le \u00e0 prix avantageux chez Bogensportdiscount \u2013 Les meilleures marques, livraison rapide depuis la Suisse.\" \/>\n<meta name=\"robots\" content=\"index, follow, max-snippet:-1, max-image-preview:large, max-video-preview:-1\" \/>\n<link rel=\"canonical\" href=\"https:\/\/bogensportdiscount.ch\/fr\/produit\/cbe-compound-jagdvisier-tactic-hybrid-3-pin-019-schwarz\/\" \/>\n<meta property=\"og:locale\" content=\"fr_FR\" \/>\n<meta property=\"og:type\" content=\"article\" \/>\n<meta property=\"og:title\" content=\"CBE JAGD &amp; VISEURS 3D TACTIC HYBRID \/ 3PIN .019 \/ NOIR - Bogensportdiscount \u2013 Arcs, fl\u00e8ches, cibles et accessoires\" \/>\n<meta property=\"og:description\" content=\"CBE JAGD &amp; 3D VISIERE TACTIC HYBRID \/ 3PIN .019 \/ NOIR : achetez-le \u00e0 prix avantageux chez Bogensportdiscount \u2013 Les meilleures marques, livraison rapide depuis la Suisse.\" \/>\n<meta property=\"og:url\" content=\"https:\/\/bogensportdiscount.ch\/fr\/produit\/cbe-compound-jagdvisier-tactic-hybrid-3-pin-019-schwarz\/\" \/>\n<meta property=\"og:site_name\" content=\"Bogensportdiscount \u2013 B\u00f6gen, Pfeile, Targets &amp; Zubeh\u00f6r\" \/>\n<meta property=\"article:modified_time\" content=\"2026-04-22T09:55:09+00:00\" \/>\n<meta property=\"og:image\" content=\"https:\/\/bogensportdiscount.ch\/wp-content\/uploads\/bsm-images\/A067035_1.png\" \/>\n\t<meta property=\"og:image:width\" content=\"3574\" \/>\n\t<meta property=\"og:image:height\" content=\"1823\" \/>\n\t<meta property=\"og:image:type\" content=\"image\/png\" \/>\n<meta name=\"twitter:card\" content=\"summary_large_image\" \/>\n<script type=\"application\/ld+json\" class=\"yoast-schema-graph\">{\"@context\":\"https:\\\/\\\/schema.org\",\"@graph\":[{\"@type\":\"WebPage\",\"@id\":\"https:\\\/\\\/bogensportdiscount.ch\\\/produkt\\\/cbe-compound-jagdvisier-tactic-hybrid-3-pin-019-schwarz\\\/\",\"url\":\"https:\\\/\\\/bogensportdiscount.ch\\\/produkt\\\/cbe-compound-jagdvisier-tactic-hybrid-3-pin-019-schwarz\\\/\",\"name\":\"CBE JAGD & 3D VISIERE TACTIC HYBRID \\\/ 3PIN .019 \\\/ SCHWARZ - Bogensportdiscount \u2013 B\u00f6gen, Pfeile, Targets &amp; Zubeh\u00f6r\",\"isPartOf\":{\"@id\":\"https:\\\/\\\/bogensportdiscount.ch\\\/#website\"},\"primaryImageOfPage\":{\"@id\":\"https:\\\/\\\/bogensportdiscount.ch\\\/produkt\\\/cbe-compound-jagdvisier-tactic-hybrid-3-pin-019-schwarz\\\/#primaryimage\"},\"image\":{\"@id\":\"https:\\\/\\\/bogensportdiscount.ch\\\/produkt\\\/cbe-compound-jagdvisier-tactic-hybrid-3-pin-019-schwarz\\\/#primaryimage\"},\"thumbnailUrl\":\"https:\\\/\\\/bogensportdiscount.ch\\\/wp-content\\\/uploads\\\/bsm-images\\\/A067035_1.png\",\"datePublished\":\"2026-04-05T12:29:03+00:00\",\"dateModified\":\"2026-04-22T09:55:09+00:00\",\"description\":\"CBE JAGD & 3D VISIERE TACTIC HYBRID \\\/ 3PIN .019 \\\/ SCHWARZ g\u00fcnstig kaufen bei Bogensportdiscount \u2013 Top-Marken, schneller Versand aus der Schweiz.\",\"breadcrumb\":{\"@id\":\"https:\\\/\\\/bogensportdiscount.ch\\\/produkt\\\/cbe-compound-jagdvisier-tactic-hybrid-3-pin-019-schwarz\\\/#breadcrumb\"},\"inLanguage\":\"fr-FR\",\"potentialAction\":[{\"@type\":\"ReadAction\",\"target\":[\"https:\\\/\\\/bogensportdiscount.ch\\\/produkt\\\/cbe-compound-jagdvisier-tactic-hybrid-3-pin-019-schwarz\\\/\"]}]},{\"@type\":\"ImageObject\",\"inLanguage\":\"fr-FR\",\"@id\":\"https:\\\/\\\/bogensportdiscount.ch\\\/produkt\\\/cbe-compound-jagdvisier-tactic-hybrid-3-pin-019-schwarz\\\/#primaryimage\",\"url\":\"https:\\\/\\\/bogensportdiscount.ch\\\/wp-content\\\/uploads\\\/bsm-images\\\/A067035_1.png\",\"contentUrl\":\"https:\\\/\\\/bogensportdiscount.ch\\\/wp-content\\\/uploads\\\/bsm-images\\\/A067035_1.png\",\"width\":3574,\"height\":1823},{\"@type\":\"BreadcrumbList\",\"@id\":\"https:\\\/\\\/bogensportdiscount.ch\\\/produkt\\\/cbe-compound-jagdvisier-tactic-hybrid-3-pin-019-schwarz\\\/#breadcrumb\",\"itemListElement\":[{\"@type\":\"ListItem\",\"position\":1,\"name\":\"Home\",\"item\":\"https:\\\/\\\/bogensportdiscount.ch\\\/\"},{\"@type\":\"ListItem\",\"position\":2,\"name\":\"Shop\",\"item\":\"https:\\\/\\\/bogensportdiscount.ch\\\/shop\\\/\"},{\"@type\":\"ListItem\",\"position\":3,\"name\":\"CBE JAGD &#038; 3D VISIERE TACTIC HYBRID \\\/ 3PIN .019 \\\/ SCHWARZ\"}]},{\"@type\":\"WebSite\",\"@id\":\"https:\\\/\\\/bogensportdiscount.ch\\\/#website\",\"url\":\"https:\\\/\\\/bogensportdiscount.ch\\\/\",\"name\":\"Bogensportdiscount\",\"description\":\"\",\"potentialAction\":[{\"@type\":\"SearchAction\",\"target\":{\"@type\":\"EntryPoint\",\"urlTemplate\":\"https:\\\/\\\/bogensportdiscount.ch\\\/?s={search_term_string}\"},\"query-input\":{\"@type\":\"PropertyValueSpecification\",\"valueRequired\":true,\"valueName\":\"search_term_string\"}}],\"inLanguage\":\"fr-FR\"}]}<\/script>\n<!-- \/ Yoast SEO plugin. -->","yoast_head_json":{"title":"CBE JAGD &amp; VISEURS 3D TACTIC HYBRID \/ 3PIN .019 \/ NOIR - Bogensportdiscount \u2013 Arcs, fl\u00e8ches, cibles et accessoires","description":"CBE JAGD &amp; 3D VISIERE TACTIC HYBRID \/ 3PIN .019 \/ NOIR : achetez-le \u00e0 prix avantageux chez Bogensportdiscount \u2013 Les meilleures marques, livraison rapide depuis la Suisse.","robots":{"index":"index","follow":"follow","max-snippet":"max-snippet:-1","max-image-preview":"max-image-preview:large","max-video-preview":"max-video-preview:-1"},"canonical":"https:\/\/bogensportdiscount.ch\/fr\/produit\/cbe-compound-jagdvisier-tactic-hybrid-3-pin-019-schwarz\/","og_locale":"fr_FR","og_type":"article","og_title":"CBE JAGD &amp; VISEURS 3D TACTIC HYBRID \/ 3PIN .019 \/ NOIR - Bogensportdiscount \u2013 Arcs, fl\u00e8ches, cibles et accessoires","og_description":"CBE JAGD &amp; 3D VISIERE TACTIC HYBRID \/ 3PIN .019 \/ NOIR : achetez-le \u00e0 prix avantageux chez Bogensportdiscount \u2013 Les meilleures marques, livraison rapide depuis la Suisse.","og_url":"https:\/\/bogensportdiscount.ch\/fr\/produit\/cbe-compound-jagdvisier-tactic-hybrid-3-pin-019-schwarz\/","og_site_name":"Bogensportdiscount \u2013 B\u00f6gen, Pfeile, Targets &amp; Zubeh\u00f6r","article_modified_time":"2026-04-22T09:55:09+00:00","og_image":[{"width":3574,"height":1823,"url":"https:\/\/bogensportdiscount.ch\/wp-content\/uploads\/bsm-images\/A067035_1.png","type":"image\/png"}],"twitter_card":"summary_large_image","schema":{"@context":"https:\/\/schema.org","@graph":[{"@type":"WebPage","@id":"https:\/\/bogensportdiscount.ch\/produkt\/cbe-compound-jagdvisier-tactic-hybrid-3-pin-019-schwarz\/","url":"https:\/\/bogensportdiscount.ch\/produkt\/cbe-compound-jagdvisier-tactic-hybrid-3-pin-019-schwarz\/","name":"CBE JAGD &amp; VISEURS 3D TACTIC HYBRID \/ 3PIN .019 \/ NOIR - Bogensportdiscount \u2013 Arcs, fl\u00e8ches, cibles et accessoires","isPartOf":{"@id":"https:\/\/bogensportdiscount.ch\/#website"},"primaryImageOfPage":{"@id":"https:\/\/bogensportdiscount.ch\/produkt\/cbe-compound-jagdvisier-tactic-hybrid-3-pin-019-schwarz\/#primaryimage"},"image":{"@id":"https:\/\/bogensportdiscount.ch\/produkt\/cbe-compound-jagdvisier-tactic-hybrid-3-pin-019-schwarz\/#primaryimage"},"thumbnailUrl":"https:\/\/bogensportdiscount.ch\/wp-content\/uploads\/bsm-images\/A067035_1.png","datePublished":"2026-04-05T12:29:03+00:00","dateModified":"2026-04-22T09:55:09+00:00","description":"CBE JAGD &amp; 3D VISIERE TACTIC HYBRID \/ 3PIN .019 \/ NOIR : achetez-le \u00e0 prix avantageux chez Bogensportdiscount \u2013 Les meilleures marques, livraison rapide depuis la Suisse.","breadcrumb":{"@id":"https:\/\/bogensportdiscount.ch\/produkt\/cbe-compound-jagdvisier-tactic-hybrid-3-pin-019-schwarz\/#breadcrumb"},"inLanguage":"fr-FR","potentialAction":[{"@type":"ReadAction","target":["https:\/\/bogensportdiscount.ch\/produkt\/cbe-compound-jagdvisier-tactic-hybrid-3-pin-019-schwarz\/"]}]},{"@type":"ImageObject","inLanguage":"fr-FR","@id":"https:\/\/bogensportdiscount.ch\/produkt\/cbe-compound-jagdvisier-tactic-hybrid-3-pin-019-schwarz\/#primaryimage","url":"https:\/\/bogensportdiscount.ch\/wp-content\/uploads\/bsm-images\/A067035_1.png","contentUrl":"https:\/\/bogensportdiscount.ch\/wp-content\/uploads\/bsm-images\/A067035_1.png","width":3574,"height":1823},{"@type":"BreadcrumbList","@id":"https:\/\/bogensportdiscount.ch\/produkt\/cbe-compound-jagdvisier-tactic-hybrid-3-pin-019-schwarz\/#breadcrumb","itemListElement":[{"@type":"ListItem","position":1,"name":"Home","item":"https:\/\/bogensportdiscount.ch\/"},{"@type":"ListItem","position":2,"name":"Shop","item":"https:\/\/bogensportdiscount.ch\/shop\/"},{"@type":"ListItem","position":3,"name":"CBE JAGD &#038; 3D VISIERE TACTIC HYBRID \/ 3PIN .019 \/ SCHWARZ"}]},{"@type":"WebSite","@id":"https:\/\/bogensportdiscount.ch\/#website","url":"https:\/\/bogensportdiscount.ch\/","name":"Bogensportdiscount","description":"","potentialAction":[{"@type":"SearchAction","target":{"@type":"EntryPoint","urlTemplate":"https:\/\/bogensportdiscount.ch\/?s={search_term_string}"},"query-input":{"@type":"PropertyValueSpecification","valueRequired":true,"valueName":"search_term_string"}}],"inLanguage":"fr-FR"}]}},"_links":{"self":[{"href":"https:\/\/bogensportdiscount.ch\/fr\/wp-json\/wp\/v2\/product\/393261","targetHints":{"allow":["GET"]}}],"collection":[{"href":"https:\/\/bogensportdiscount.ch\/fr\/wp-json\/wp\/v2\/product"}],"about":[{"href":"https:\/\/bogensportdiscount.ch\/fr\/wp-json\/wp\/v2\/types\/product"}],"replies":[{"embeddable":true,"href":"https:\/\/bogensportdiscount.ch\/fr\/wp-json\/wp\/v2\/comments?post=393261"}],"wp:featuredmedia":[{"embeddable":true,"href":"https:\/\/bogensportdiscount.ch\/fr\/wp-json\/wp\/v2\/media\/524331"}],"wp:attachment":[{"href":"https:\/\/bogensportdiscount.ch\/fr\/wp-json\/wp\/v2\/media?parent=393261"}],"wp:term":[{"taxonomy":"product_brand","embeddable":true,"href":"https:\/\/bogensportdiscount.ch\/fr\/wp-json\/wp\/v2\/product_brand?post=393261"},{"taxonomy":"product_cat","embeddable":true,"href":"https:\/\/bogensportdiscount.ch\/fr\/wp-json\/wp\/v2\/product_cat?post=393261"},{"taxonomy":"product_tag","embeddable":true,"href":"https:\/\/bogensportdiscount.ch\/fr\/wp-json\/wp\/v2\/product_tag?post=393261"}],"curies":[{"name":"wp","href":"https:\/\/api.w.org\/{rel}","templated":true}]}}