{"id":393260,"date":"2026-04-05T14:29:03","date_gmt":"2026-04-05T12:29:03","guid":{"rendered":"https:\/\/bogensportdiscount.ch\/produkt\/cbe-hunting-3d-sights-tactic-hybrid-1pin-019-black\/"},"modified":"2026-04-15T12:15:50","modified_gmt":"2026-04-15T10:15:50","slug":"cbe-compound-jagd-3d-visier-tactic-hybrid-1-pin-019-schwarz","status":"publish","type":"product","link":"https:\/\/bogensportdiscount.ch\/fr\/produit\/cbe-compound-jagd-3d-visier-tactic-hybrid-1-pin-019-schwarz\/","title":{"rendered":"CBE HUNTING &amp; 3D SIGHTS TACTIC HYBRID \/ 1PIN .019 \/ BLACK"},"content":{"rendered":"<p>Das CBE Tactic Hybrid ist ein Einzel-Pin-Visier (.019 Zoll) aus dem Compound-Jagd- und 3D-Segment. Mit nur einem Zielpin bietet es ein klares, unverdecktes Sichtfeld im Ziel, was besonders bei wechselnden Distanzen in der Jagd oder auf dem 3D-Parcours von Vorteil ist.<\/p>\n<p>Die schwarze Ausf\u00fchrung ist unauff\u00e4llig und praxistauglich f\u00fcr den Jagdeinsatz. Als Hybrid-Modell verbindet das Tactic Hybrid Eigenschaften verschiedener Visierkonstruktionen und richtet sich an Sch\u00fctzen, die Wert auf Flexibilit\u00e4t und Pr\u00e4zision legen.<\/p>\n<ul>\n<li>Einzel-Pin-Konfiguration f\u00fcr klares Sichtfeld<\/li>\n<li>Pinbreite .019 Zoll f\u00fcr pr\u00e4zises Zielen<\/li>\n<li>Geeignet f\u00fcr Jagd und 3D-Bogensport<\/li>\n<li>Schwarze, unauff\u00e4llige Ausf\u00fchrung<\/li>\n<\/ul>","protected":false},"excerpt":{"rendered":"<p><strong>Marque :<\/strong> CBE<br \/><strong>LH\/RH:<\/strong> Beidh\u00e4ndig<br \/><strong>Farbe:<\/strong> Schwarz<br \/><strong>Typ:<\/strong> Direct mount<br \/><strong>Pin count:<\/strong> 1<br \/><strong>Pin size:<\/strong> 019<br \/><strong>GTIN:<\/strong> 745167070120<\/p>","protected":false},"featured_media":452967,"comment_status":"open","ping_status":"closed","template":"","meta":[],"product_brand":[523],"product_cat":[4263],"product_tag":[3546],"class_list":{"0":"post-393260","1":"product","2":"type-product","3":"status-publish","4":"has-post-thumbnail","6":"product_brand-cbe","7":"product_cat-jagd-und-3d-visiere","8":"product_tag-neuheit","10":"first","11":"instock","12":"shipping-taxable","13":"purchasable","14":"product-type-simple"},"_links":{"self":[{"href":"https:\/\/bogensportdiscount.ch\/fr\/wp-json\/wp\/v2\/product\/393260","targetHints":{"allow":["GET"]}}],"collection":[{"href":"https:\/\/bogensportdiscount.ch\/fr\/wp-json\/wp\/v2\/product"}],"about":[{"href":"https:\/\/bogensportdiscount.ch\/fr\/wp-json\/wp\/v2\/types\/product"}],"replies":[{"embeddable":true,"href":"https:\/\/bogensportdiscount.ch\/fr\/wp-json\/wp\/v2\/comments?post=393260"}],"wp:featuredmedia":[{"embeddable":true,"href":"https:\/\/bogensportdiscount.ch\/fr\/wp-json\/wp\/v2\/media\/452967"}],"wp:attachment":[{"href":"https:\/\/bogensportdiscount.ch\/fr\/wp-json\/wp\/v2\/media?parent=393260"}],"wp:term":[{"taxonomy":"product_brand","embeddable":true,"href":"https:\/\/bogensportdiscount.ch\/fr\/wp-json\/wp\/v2\/product_brand?post=393260"},{"taxonomy":"product_cat","embeddable":true,"href":"https:\/\/bogensportdiscount.ch\/fr\/wp-json\/wp\/v2\/product_cat?post=393260"},{"taxonomy":"product_tag","embeddable":true,"href":"https:\/\/bogensportdiscount.ch\/fr\/wp-json\/wp\/v2\/product_tag?post=393260"}],"curies":[{"name":"wp","href":"https:\/\/api.w.org\/{rel}","templated":true}]}}