{"id":393250,"date":"2026-04-05T14:29:00","date_gmt":"2026-04-05T12:29:00","guid":{"rendered":"https:\/\/bogensportdiscount.ch\/produkt\/kinetic-recurve-part-sovren-locking-screw-for-limb-bolt-m6-spectra\/"},"modified":"2026-04-15T12:15:50","modified_gmt":"2026-04-15T10:15:50","slug":"kinetic-recurvebogen-ersatzteil-sovren-sicherungsschraube-wurfarmmutter-m6-spectra","status":"publish","type":"product","link":"https:\/\/bogensportdiscount.ch\/fr\/produit\/kinetic-recurvebogen-ersatzteil-sovren-sicherungsschraube-wurfarmmutter-m6-spectra\/","title":{"rendered":"KINETIC RECURVE PART SOVREN LOCKING SCREW FOR LIMB BOLT M6 SPECTRA"},"content":{"rendered":"<p>Die KINETIC Sicherungsschraube M6 ist ein originales Ersatzteil f\u00fcr den Recurvebogen KINETIC Sovren Spectra. Sie dient zur Sicherung der Wurfarmmutter und stellt sicher, dass der Wurfarm korrekt und sicher am Mittelteil befestigt bleibt.<\/p>\n<p>Das Ersatzteil empfiehlt sich, wenn die originale Schraube verloren gegangen ist oder ausgetauscht werden muss. Dank der Ausf\u00fchrung als M6-Schraube ist die Kompatibilit\u00e4t mit dem vorgesehenen Bogenmodell gew\u00e4hrleistet.<\/p>\n<ul>\n<li>Originales KINETIC Ersatzteil<\/li>\n<li>Passend f\u00fcr KINETIC Sovren Spectra<\/li>\n<li>Gewindegr\u00f6sse M6<\/li>\n<li>Sichert die Wurfarmmutter am Mittelteil<\/li>\n<\/ul>","protected":false},"excerpt":{"rendered":"<p><strong>Type:<\/strong> Locking screw for limb bolt<br \/><strong>Compatibility:<\/strong> Kinetic Sovren recurve risers<br \/><strong>Thread Size:<\/strong> M6<\/p>","protected":false},"featured_media":441768,"comment_status":"open","ping_status":"closed","template":"","meta":[],"product_brand":[439],"product_cat":[4522],"product_tag":[3546],"class_list":{"0":"post-393250","1":"product","2":"type-product","3":"status-publish","4":"has-post-thumbnail","6":"product_brand-kinetic","7":"product_cat-einzelteile-fuer-recurve-boegen-recurve-boegen","8":"product_tag-neuheit","10":"first","11":"instock","12":"shipping-taxable","13":"purchasable","14":"product-type-simple"},"_links":{"self":[{"href":"https:\/\/bogensportdiscount.ch\/fr\/wp-json\/wp\/v2\/product\/393250","targetHints":{"allow":["GET"]}}],"collection":[{"href":"https:\/\/bogensportdiscount.ch\/fr\/wp-json\/wp\/v2\/product"}],"about":[{"href":"https:\/\/bogensportdiscount.ch\/fr\/wp-json\/wp\/v2\/types\/product"}],"replies":[{"embeddable":true,"href":"https:\/\/bogensportdiscount.ch\/fr\/wp-json\/wp\/v2\/comments?post=393250"}],"wp:featuredmedia":[{"embeddable":true,"href":"https:\/\/bogensportdiscount.ch\/fr\/wp-json\/wp\/v2\/media\/441768"}],"wp:attachment":[{"href":"https:\/\/bogensportdiscount.ch\/fr\/wp-json\/wp\/v2\/media?parent=393250"}],"wp:term":[{"taxonomy":"product_brand","embeddable":true,"href":"https:\/\/bogensportdiscount.ch\/fr\/wp-json\/wp\/v2\/product_brand?post=393250"},{"taxonomy":"product_cat","embeddable":true,"href":"https:\/\/bogensportdiscount.ch\/fr\/wp-json\/wp\/v2\/product_cat?post=393250"},{"taxonomy":"product_tag","embeddable":true,"href":"https:\/\/bogensportdiscount.ch\/fr\/wp-json\/wp\/v2\/product_tag?post=393250"}],"curies":[{"name":"wp","href":"https:\/\/api.w.org\/{rel}","templated":true}]}}