{"id":393249,"date":"2026-04-05T14:29:00","date_gmt":"2026-04-05T12:29:00","guid":{"rendered":"https:\/\/bogensportdiscount.ch\/produkt\/kinetic-recurve-part-sovren-locking-screw-spectra\/"},"modified":"2026-04-19T11:42:35","modified_gmt":"2026-04-19T09:42:35","slug":"kinetic-recurvebogen-ersatzteil-sovren-klemmschraube-spectra","status":"publish","type":"product","link":"https:\/\/bogensportdiscount.ch\/fr\/produit\/kinetic-recurvebogen-ersatzteil-sovren-klemmschraube-spectra\/","title":{"rendered":"Vis de verrouillage KINETIC RECURVE SOVREN pour SPECTRA"},"content":{"rendered":"<p>La vis de serrage KINETIC Sovren Spectra est une pi\u00e8ce de rechange d'origine pour l'arc recurve KINETIC Sovren. Elle assure la fixation s\u00e9curis\u00e9e des composants de l'arc et garantit un maintien stable des pi\u00e8ces correspondantes sur l'arc.<\/p>\n<p>Les petites pi\u00e8ces telles que les vis de serrage doivent \u00eatre remplac\u00e9es rapidement en cas d'usure ou de dommage afin de garantir le fonctionnement et la s\u00e9curit\u00e9 de l'arc. Avec cette pi\u00e8ce d'origine, le KINETIC Sovren reste en parfait \u00e9tat de fonctionnement.<\/p>\n<ul>\n<li>Pi\u00e8ce de rechange d'origine KINETIC<\/li>\n<li>Compatible avec l'arc recurve Sovren, version Spectra<\/li>\n<li>Remplacement facile<\/li>\n<li>Assure un maintien s\u00e9curis\u00e9 des composants de l'arc<\/li>\n<\/ul>","protected":false},"excerpt":{"rendered":"<p><strong>Type:<\/strong> Inner alignment screw<br \/><strong>Compatibilit\u00e9 :<\/strong> Kinetic Sovren recurve risers<\/p>","protected":false},"featured_media":516065,"comment_status":"open","ping_status":"closed","template":"","meta":[],"product_brand":[439],"product_cat":[4522],"product_tag":[3546],"class_list":{"0":"post-393249","1":"product","2":"type-product","3":"status-publish","4":"has-post-thumbnail","6":"product_brand-kinetic","7":"product_cat-einzelteile-fuer-recurve-boegen-recurve-boegen","8":"product_tag-neuheit","10":"first","11":"instock","12":"shipping-taxable","13":"purchasable","14":"product-type-simple"},"yoast_head":"<!-- This site is optimized with the Yoast SEO plugin v27.4 - https:\/\/yoast.com\/product\/yoast-seo-wordpress\/ -->\n<title>KINETIC RECURVE TEIL SOVREN LOCKING SCHRAUBE SPECTRA - Bogensportdiscount \u2013 B\u00f6gen, Pfeile, Targets &amp; Zubeh\u00f6r<\/title>\n<meta name=\"robots\" content=\"noindex, follow, max-snippet:-1, max-image-preview:large, max-video-preview:-1\" \/>\n<meta property=\"og:locale\" content=\"fr_FR\" \/>\n<meta property=\"og:type\" content=\"article\" \/>\n<meta property=\"og:title\" content=\"KINETIC RECURVE TEIL SOVREN LOCKING SCHRAUBE SPECTRA - Bogensportdiscount \u2013 B\u00f6gen, Pfeile, Targets &amp; Zubeh\u00f6r\" \/>\n<meta property=\"og:description\" content=\"Type: Inner alignment screwCompatibility: Kinetic Sovren recurve risers\" \/>\n<meta property=\"og:url\" content=\"https:\/\/bogensportdiscount.ch\/fr\/produit\/kinetic-recurvebogen-ersatzteil-sovren-klemmschraube-spectra\/\" \/>\n<meta property=\"og:site_name\" content=\"Bogensportdiscount \u2013 B\u00f6gen, Pfeile, Targets &amp; Zubeh\u00f6r\" \/>\n<meta property=\"article:modified_time\" content=\"2026-04-19T09:42:35+00:00\" \/>\n<meta property=\"og:image\" content=\"https:\/\/bogensportdiscount.ch\/wp-content\/uploads\/bsm-images\/A066983_1.png\" \/>\n\t<meta property=\"og:image:width\" content=\"399\" \/>\n\t<meta property=\"og:image:height\" content=\"314\" \/>\n\t<meta property=\"og:image:type\" content=\"image\/png\" \/>\n<meta name=\"twitter:card\" content=\"summary_large_image\" \/>\n<script type=\"application\/ld+json\" class=\"yoast-schema-graph\">{\"@context\":\"https:\\\/\\\/schema.org\",\"@graph\":[{\"@type\":\"WebPage\",\"@id\":\"https:\\\/\\\/bogensportdiscount.ch\\\/fr\\\/produit\\\/kinetic-recurvebogen-ersatzteil-sovren-klemmschraube-spectra\\\/\",\"url\":\"https:\\\/\\\/bogensportdiscount.ch\\\/fr\\\/produit\\\/kinetic-recurvebogen-ersatzteil-sovren-klemmschraube-spectra\\\/\",\"name\":\"KINETIC RECURVE TEIL SOVREN LOCKING SCHRAUBE SPECTRA - Bogensportdiscount \u2013 B\u00f6gen, Pfeile, Targets &amp; Zubeh\u00f6r\",\"isPartOf\":{\"@id\":\"https:\\\/\\\/bogensportdiscount.ch\\\/#website\"},\"primaryImageOfPage\":{\"@id\":\"https:\\\/\\\/bogensportdiscount.ch\\\/fr\\\/produit\\\/kinetic-recurvebogen-ersatzteil-sovren-klemmschraube-spectra\\\/#primaryimage\"},\"image\":{\"@id\":\"https:\\\/\\\/bogensportdiscount.ch\\\/fr\\\/produit\\\/kinetic-recurvebogen-ersatzteil-sovren-klemmschraube-spectra\\\/#primaryimage\"},\"thumbnailUrl\":\"https:\\\/\\\/bogensportdiscount.ch\\\/wp-content\\\/uploads\\\/bsm-images\\\/A066983_1.png\",\"datePublished\":\"2026-04-05T12:29:00+00:00\",\"dateModified\":\"2026-04-19T09:42:35+00:00\",\"breadcrumb\":{\"@id\":\"https:\\\/\\\/bogensportdiscount.ch\\\/fr\\\/produit\\\/kinetic-recurvebogen-ersatzteil-sovren-klemmschraube-spectra\\\/#breadcrumb\"},\"inLanguage\":\"fr-FR\",\"potentialAction\":[{\"@type\":\"ReadAction\",\"target\":[\"https:\\\/\\\/bogensportdiscount.ch\\\/fr\\\/produit\\\/kinetic-recurvebogen-ersatzteil-sovren-klemmschraube-spectra\\\/\"]}]},{\"@type\":\"ImageObject\",\"inLanguage\":\"fr-FR\",\"@id\":\"https:\\\/\\\/bogensportdiscount.ch\\\/fr\\\/produit\\\/kinetic-recurvebogen-ersatzteil-sovren-klemmschraube-spectra\\\/#primaryimage\",\"url\":\"https:\\\/\\\/bogensportdiscount.ch\\\/wp-content\\\/uploads\\\/bsm-images\\\/A066983_1.png\",\"contentUrl\":\"https:\\\/\\\/bogensportdiscount.ch\\\/wp-content\\\/uploads\\\/bsm-images\\\/A066983_1.png\",\"width\":399,\"height\":314},{\"@type\":\"BreadcrumbList\",\"@id\":\"https:\\\/\\\/bogensportdiscount.ch\\\/fr\\\/produit\\\/kinetic-recurvebogen-ersatzteil-sovren-klemmschraube-spectra\\\/#breadcrumb\",\"itemListElement\":[{\"@type\":\"ListItem\",\"position\":1,\"name\":\"Home\",\"item\":\"https:\\\/\\\/bogensportdiscount.ch\\\/\"},{\"@type\":\"ListItem\",\"position\":2,\"name\":\"Shop\",\"item\":\"https:\\\/\\\/bogensportdiscount.ch\\\/shop\\\/\"},{\"@type\":\"ListItem\",\"position\":3,\"name\":\"KINETIC RECURVE TEIL SOVREN LOCKING SCHRAUBE SPECTRA\"}]},{\"@type\":\"WebSite\",\"@id\":\"https:\\\/\\\/bogensportdiscount.ch\\\/#website\",\"url\":\"https:\\\/\\\/bogensportdiscount.ch\\\/\",\"name\":\"Bogensportdiscount\",\"description\":\"\",\"potentialAction\":[{\"@type\":\"SearchAction\",\"target\":{\"@type\":\"EntryPoint\",\"urlTemplate\":\"https:\\\/\\\/bogensportdiscount.ch\\\/?s={search_term_string}\"},\"query-input\":{\"@type\":\"PropertyValueSpecification\",\"valueRequired\":true,\"valueName\":\"search_term_string\"}}],\"inLanguage\":\"fr-FR\"}]}<\/script>\n<!-- \/ Yoast SEO plugin. -->","yoast_head_json":{"title":"KINETIC RECURVE TEIL SOVREN LOCKING SCHRAUBE SPECTRA - Bogensportdiscount \u2013 B\u00f6gen, Pfeile, Targets &amp; Zubeh\u00f6r","robots":{"index":"noindex","follow":"follow","max-snippet":"max-snippet:-1","max-image-preview":"max-image-preview:large","max-video-preview":"max-video-preview:-1"},"og_locale":"fr_FR","og_type":"article","og_title":"KINETIC RECURVE TEIL SOVREN LOCKING SCHRAUBE SPECTRA - Bogensportdiscount \u2013 B\u00f6gen, Pfeile, Targets &amp; Zubeh\u00f6r","og_description":"Type: Inner alignment screwCompatibility: Kinetic Sovren recurve risers","og_url":"https:\/\/bogensportdiscount.ch\/fr\/produit\/kinetic-recurvebogen-ersatzteil-sovren-klemmschraube-spectra\/","og_site_name":"Bogensportdiscount \u2013 B\u00f6gen, Pfeile, Targets &amp; Zubeh\u00f6r","article_modified_time":"2026-04-19T09:42:35+00:00","og_image":[{"width":399,"height":314,"url":"https:\/\/bogensportdiscount.ch\/wp-content\/uploads\/bsm-images\/A066983_1.png","type":"image\/png"}],"twitter_card":"summary_large_image","schema":{"@context":"https:\/\/schema.org","@graph":[{"@type":"WebPage","@id":"https:\/\/bogensportdiscount.ch\/fr\/produit\/kinetic-recurvebogen-ersatzteil-sovren-klemmschraube-spectra\/","url":"https:\/\/bogensportdiscount.ch\/fr\/produit\/kinetic-recurvebogen-ersatzteil-sovren-klemmschraube-spectra\/","name":"KINETIC RECURVE TEIL SOVREN LOCKING SCHRAUBE SPECTRA - Bogensportdiscount \u2013 B\u00f6gen, Pfeile, Targets &amp; Zubeh\u00f6r","isPartOf":{"@id":"https:\/\/bogensportdiscount.ch\/#website"},"primaryImageOfPage":{"@id":"https:\/\/bogensportdiscount.ch\/fr\/produit\/kinetic-recurvebogen-ersatzteil-sovren-klemmschraube-spectra\/#primaryimage"},"image":{"@id":"https:\/\/bogensportdiscount.ch\/fr\/produit\/kinetic-recurvebogen-ersatzteil-sovren-klemmschraube-spectra\/#primaryimage"},"thumbnailUrl":"https:\/\/bogensportdiscount.ch\/wp-content\/uploads\/bsm-images\/A066983_1.png","datePublished":"2026-04-05T12:29:00+00:00","dateModified":"2026-04-19T09:42:35+00:00","breadcrumb":{"@id":"https:\/\/bogensportdiscount.ch\/fr\/produit\/kinetic-recurvebogen-ersatzteil-sovren-klemmschraube-spectra\/#breadcrumb"},"inLanguage":"fr-FR","potentialAction":[{"@type":"ReadAction","target":["https:\/\/bogensportdiscount.ch\/fr\/produit\/kinetic-recurvebogen-ersatzteil-sovren-klemmschraube-spectra\/"]}]},{"@type":"ImageObject","inLanguage":"fr-FR","@id":"https:\/\/bogensportdiscount.ch\/fr\/produit\/kinetic-recurvebogen-ersatzteil-sovren-klemmschraube-spectra\/#primaryimage","url":"https:\/\/bogensportdiscount.ch\/wp-content\/uploads\/bsm-images\/A066983_1.png","contentUrl":"https:\/\/bogensportdiscount.ch\/wp-content\/uploads\/bsm-images\/A066983_1.png","width":399,"height":314},{"@type":"BreadcrumbList","@id":"https:\/\/bogensportdiscount.ch\/fr\/produit\/kinetic-recurvebogen-ersatzteil-sovren-klemmschraube-spectra\/#breadcrumb","itemListElement":[{"@type":"ListItem","position":1,"name":"Home","item":"https:\/\/bogensportdiscount.ch\/"},{"@type":"ListItem","position":2,"name":"Shop","item":"https:\/\/bogensportdiscount.ch\/shop\/"},{"@type":"ListItem","position":3,"name":"KINETIC RECURVE TEIL SOVREN LOCKING SCHRAUBE SPECTRA"}]},{"@type":"WebSite","@id":"https:\/\/bogensportdiscount.ch\/#website","url":"https:\/\/bogensportdiscount.ch\/","name":"Bogensportdiscount","description":"","potentialAction":[{"@type":"SearchAction","target":{"@type":"EntryPoint","urlTemplate":"https:\/\/bogensportdiscount.ch\/?s={search_term_string}"},"query-input":{"@type":"PropertyValueSpecification","valueRequired":true,"valueName":"search_term_string"}}],"inLanguage":"fr-FR"}]}},"_links":{"self":[{"href":"https:\/\/bogensportdiscount.ch\/fr\/wp-json\/wp\/v2\/product\/393249","targetHints":{"allow":["GET"]}}],"collection":[{"href":"https:\/\/bogensportdiscount.ch\/fr\/wp-json\/wp\/v2\/product"}],"about":[{"href":"https:\/\/bogensportdiscount.ch\/fr\/wp-json\/wp\/v2\/types\/product"}],"replies":[{"embeddable":true,"href":"https:\/\/bogensportdiscount.ch\/fr\/wp-json\/wp\/v2\/comments?post=393249"}],"wp:featuredmedia":[{"embeddable":true,"href":"https:\/\/bogensportdiscount.ch\/fr\/wp-json\/wp\/v2\/media\/516065"}],"wp:attachment":[{"href":"https:\/\/bogensportdiscount.ch\/fr\/wp-json\/wp\/v2\/media?parent=393249"}],"wp:term":[{"taxonomy":"product_brand","embeddable":true,"href":"https:\/\/bogensportdiscount.ch\/fr\/wp-json\/wp\/v2\/product_brand?post=393249"},{"taxonomy":"product_cat","embeddable":true,"href":"https:\/\/bogensportdiscount.ch\/fr\/wp-json\/wp\/v2\/product_cat?post=393249"},{"taxonomy":"product_tag","embeddable":true,"href":"https:\/\/bogensportdiscount.ch\/fr\/wp-json\/wp\/v2\/product_tag?post=393249"}],"curies":[{"name":"wp","href":"https:\/\/api.w.org\/{rel}","templated":true}]}}