{"id":393236,"date":"2026-04-05T14:28:57","date_gmt":"2026-04-05T12:28:57","guid":{"rendered":"https:\/\/bogensportdiscount.ch\/produkt\/easton-arrow-box-36-smoke-grey\/"},"modified":"2026-04-17T18:40:49","modified_gmt":"2026-04-17T16:40:49","slug":"easton-pfeilroehre-arrow-box-36-smoke-grey","status":"publish","type":"product","link":"https:\/\/bogensportdiscount.ch\/fr\/produit\/easton-pfeilroehre-arrow-box-36-smoke-grey\/","title":{"rendered":"EASTON ARROW BOX 36\u2033 SMOKE GREY"},"content":{"rendered":"<p>Die Easton Arrow Box 36&#8243; in Smoke Grey ist eine Pfeilr\u00f6hre zur sicheren Aufbewahrung und zum Transport von Pfeilen mit einer L\u00e4nge von bis zu 36 Zoll. Sie eignet sich f\u00fcr Recurve- und Langbogenpfeile in Standardl\u00e4ngen und bietet gen\u00fcgend Platz f\u00fcr eine \u00fcbliche Anzahl an Pfeilen.<\/p>\n<p>Als Produkt von Easton, einem der bekanntesten Hersteller im Bogensport, steht die Arrow Box f\u00fcr solide Verarbeitung und zuverl\u00e4ssigen Schutz der Pfeile vor Besch\u00e4digungen beim Transport.<\/p>\n<ul>\n<li>L\u00e4nge: 36 Zoll<\/li>\n<li>Farbe: Smoke Grey<\/li>\n<li>Geeignet f\u00fcr Standard-Pfeill\u00e4ngen<\/li>\n<li>Praktisch f\u00fcr Training und Wettkampf<\/li>\n<\/ul>","protected":false},"excerpt":{"rendered":"<p><strong>Marque :<\/strong> Easton<br \/><strong>Farbe:<\/strong> Grau<br \/><strong>GTIN:<\/strong> 723560253210<\/p>","protected":false},"featured_media":446148,"comment_status":"open","ping_status":"closed","template":"","meta":[],"product_brand":[417],"product_cat":[4206],"product_tag":[3546],"class_list":{"0":"post-393236","1":"product","2":"type-product","3":"status-publish","4":"has-post-thumbnail","6":"product_brand-easton","7":"product_cat-pfeilekoffer-pfeiletube","8":"product_tag-neuheit","10":"first","11":"instock","12":"shipping-taxable","13":"purchasable","14":"product-type-simple"},"_links":{"self":[{"href":"https:\/\/bogensportdiscount.ch\/fr\/wp-json\/wp\/v2\/product\/393236","targetHints":{"allow":["GET"]}}],"collection":[{"href":"https:\/\/bogensportdiscount.ch\/fr\/wp-json\/wp\/v2\/product"}],"about":[{"href":"https:\/\/bogensportdiscount.ch\/fr\/wp-json\/wp\/v2\/types\/product"}],"replies":[{"embeddable":true,"href":"https:\/\/bogensportdiscount.ch\/fr\/wp-json\/wp\/v2\/comments?post=393236"}],"wp:featuredmedia":[{"embeddable":true,"href":"https:\/\/bogensportdiscount.ch\/fr\/wp-json\/wp\/v2\/media\/446148"}],"wp:attachment":[{"href":"https:\/\/bogensportdiscount.ch\/fr\/wp-json\/wp\/v2\/media?parent=393236"}],"wp:term":[{"taxonomy":"product_brand","embeddable":true,"href":"https:\/\/bogensportdiscount.ch\/fr\/wp-json\/wp\/v2\/product_brand?post=393236"},{"taxonomy":"product_cat","embeddable":true,"href":"https:\/\/bogensportdiscount.ch\/fr\/wp-json\/wp\/v2\/product_cat?post=393236"},{"taxonomy":"product_tag","embeddable":true,"href":"https:\/\/bogensportdiscount.ch\/fr\/wp-json\/wp\/v2\/product_tag?post=393236"}],"curies":[{"name":"wp","href":"https:\/\/api.w.org\/{rel}","templated":true}]}}