{"id":393225,"date":"2026-04-05T14:28:55","date_gmt":"2026-04-05T12:28:55","guid":{"rendered":"https:\/\/bogensportdiscount.ch\/produkt\/mathews-bridge-lock-stabilizer-weight-1oz-steel\/"},"modified":"2026-04-15T12:15:49","modified_gmt":"2026-04-15T10:15:49","slug":"mathews-bridge-lock-stabilisator-gewicht-1oz-stahl","status":"publish","type":"product","link":"https:\/\/bogensportdiscount.ch\/fr\/produit\/mathews-bridge-lock-stabilisator-gewicht-1oz-stahl\/","title":{"rendered":"MATHEWS BRIDGE-LOCK STABILIZER WEIGHT 1oz STEEL (acier)"},"content":{"rendered":"<p>Das Mathews Bridge-Lock Stabilisator-Gewicht ist speziell f\u00fcr das Mathews Bridge-Lock Stabilisatorsystem konzipiert. Die Ausf\u00fchrung in Stahl mit 1 Unze (oz) Gewicht erlaubt eine gezielte Feinjustierung der Bogenbalance.<\/p>\n<p>Durch das Hinzuf\u00fcgen oder Entfernen von Gewichten l\u00e4sst sich das Schwingungsverhalten und die Ausgewogenheit des Bogens individuell einstellen \u2014 ein wichtiger Faktor f\u00fcr eine gleichm\u00e4ssige Schussausf\u00fchrung.<\/p>\n<ul>\n<li>Gewicht: 1 oz (ca. 28 g)<\/li>\n<li>Material: Stahl<\/li>\n<li>Kompatibel mit dem Mathews Bridge-Lock System<\/li>\n<li>F\u00fcr pr\u00e4zise Balance-Einstellung am Bogen<\/li>\n<\/ul>","protected":false},"excerpt":{"rendered":"<p><strong>Marque :<\/strong> Mathews<br \/><strong>Farbe:<\/strong> Schwarz<br \/><strong>Typ:<\/strong> Stackable weight<br \/><strong>mat\u00e9riel :<\/strong> Stahl<\/p>","protected":false},"featured_media":446168,"comment_status":"open","ping_status":"closed","template":"","meta":[],"product_brand":[427],"product_cat":[4199],"product_tag":[3546],"class_list":{"0":"post-393225","1":"product","2":"type-product","3":"status-publish","4":"has-post-thumbnail","6":"product_brand-mathews","7":"product_cat-gewichte-stabilisation","8":"product_tag-neuheit","10":"first","11":"instock","12":"shipping-taxable","13":"purchasable","14":"product-type-simple"},"_links":{"self":[{"href":"https:\/\/bogensportdiscount.ch\/fr\/wp-json\/wp\/v2\/product\/393225","targetHints":{"allow":["GET"]}}],"collection":[{"href":"https:\/\/bogensportdiscount.ch\/fr\/wp-json\/wp\/v2\/product"}],"about":[{"href":"https:\/\/bogensportdiscount.ch\/fr\/wp-json\/wp\/v2\/types\/product"}],"replies":[{"embeddable":true,"href":"https:\/\/bogensportdiscount.ch\/fr\/wp-json\/wp\/v2\/comments?post=393225"}],"wp:featuredmedia":[{"embeddable":true,"href":"https:\/\/bogensportdiscount.ch\/fr\/wp-json\/wp\/v2\/media\/446168"}],"wp:attachment":[{"href":"https:\/\/bogensportdiscount.ch\/fr\/wp-json\/wp\/v2\/media?parent=393225"}],"wp:term":[{"taxonomy":"product_brand","embeddable":true,"href":"https:\/\/bogensportdiscount.ch\/fr\/wp-json\/wp\/v2\/product_brand?post=393225"},{"taxonomy":"product_cat","embeddable":true,"href":"https:\/\/bogensportdiscount.ch\/fr\/wp-json\/wp\/v2\/product_cat?post=393225"},{"taxonomy":"product_tag","embeddable":true,"href":"https:\/\/bogensportdiscount.ch\/fr\/wp-json\/wp\/v2\/product_tag?post=393225"}],"curies":[{"name":"wp","href":"https:\/\/api.w.org\/{rel}","templated":true}]}}