{"id":393196,"date":"2026-04-05T14:28:48","date_gmt":"2026-04-05T12:28:48","guid":{"rendered":"https:\/\/bogensportdiscount.ch\/produkt\/specialtyarcheryprod-specialty-archery-peepsight-parts-clarifier-tool-incl-all-clarifier-powers\/"},"modified":"2026-04-15T12:15:47","modified_gmt":"2026-04-15T10:15:47","slug":"specialtyarcheryprod-peep-sight-klarlinsen-werkzeug-alle-staerken","status":"publish","type":"product","link":"https:\/\/bogensportdiscount.ch\/fr\/produit\/specialtyarcheryprod-peep-sight-klarlinsen-werkzeug-alle-staerken\/","title":{"rendered":"SPECIALTYARCHERYPROD SPECIALTY ARCHERY PEEPSIGHT PARTS CLARIFIER TOOL incl. all clarifier powers"},"content":{"rendered":"<p>Das Specialty Archery Clarifier Tool ist ein Hilfsmittel zum einfachen Einsetzen und Wechseln von Klarlinsen (Clarifier) in kompatiblen Peep-Sights. Mit dem richtigen Werkzeug lassen sich die Linsen besch\u00e4digungsfrei montieren und austauschen.<\/p>\n<p>Im Lieferumfang sind alle verf\u00fcgbaren Klarlinsen-St\u00e4rken enthalten. So kann die passende Brechkraft direkt getestet und eingesetzt werden, ohne separate Einzelk\u00e4ufe zu ben\u00f6tigen.<\/p>\n<ul>\n<li>Werkzeug f\u00fcr den Klarlinsen-Wechsel bei Specialty Archery Peep-Sights<\/li>\n<li>Inklusive aller erh\u00e4ltlichen Clarifier-St\u00e4rken<\/li>\n<li>Schonende Montage ohne Besch\u00e4digung der Linsen<\/li>\n<li>Geeignet f\u00fcr kompatible Peep-Sight-Modelle von Specialty Archery<\/li>\n<\/ul>","protected":false},"excerpt":{"rendered":"<p><strong>Marque :<\/strong> Specialty Archery Products<\/p>","protected":false},"featured_media":446239,"comment_status":"open","ping_status":"closed","template":"","meta":[],"product_brand":[815],"product_cat":[4224],"product_tag":[3546],"class_list":{"0":"post-393196","1":"product","2":"type-product","3":"status-publish","4":"has-post-thumbnail","6":"product_brand-specialtyarcheryprod","7":"product_cat-peep-einsaetze","8":"product_tag-neuheit","10":"first","11":"instock","12":"shipping-taxable","13":"purchasable","14":"product-type-simple"},"_links":{"self":[{"href":"https:\/\/bogensportdiscount.ch\/fr\/wp-json\/wp\/v2\/product\/393196","targetHints":{"allow":["GET"]}}],"collection":[{"href":"https:\/\/bogensportdiscount.ch\/fr\/wp-json\/wp\/v2\/product"}],"about":[{"href":"https:\/\/bogensportdiscount.ch\/fr\/wp-json\/wp\/v2\/types\/product"}],"replies":[{"embeddable":true,"href":"https:\/\/bogensportdiscount.ch\/fr\/wp-json\/wp\/v2\/comments?post=393196"}],"wp:featuredmedia":[{"embeddable":true,"href":"https:\/\/bogensportdiscount.ch\/fr\/wp-json\/wp\/v2\/media\/446239"}],"wp:attachment":[{"href":"https:\/\/bogensportdiscount.ch\/fr\/wp-json\/wp\/v2\/media?parent=393196"}],"wp:term":[{"taxonomy":"product_brand","embeddable":true,"href":"https:\/\/bogensportdiscount.ch\/fr\/wp-json\/wp\/v2\/product_brand?post=393196"},{"taxonomy":"product_cat","embeddable":true,"href":"https:\/\/bogensportdiscount.ch\/fr\/wp-json\/wp\/v2\/product_cat?post=393196"},{"taxonomy":"product_tag","embeddable":true,"href":"https:\/\/bogensportdiscount.ch\/fr\/wp-json\/wp\/v2\/product_tag?post=393196"}],"curies":[{"name":"wp","href":"https:\/\/api.w.org\/{rel}","templated":true}]}}