{"id":393194,"date":"2026-04-05T14:28:48","date_gmt":"2026-04-05T12:28:48","guid":{"rendered":"https:\/\/bogensportdiscount.ch\/produkt\/specialtyarcheryprod-specialty-archery-peepsight-parts-verifier-tool-incl-all-6-verifiers-in-large-size\/"},"modified":"2026-04-15T12:15:47","modified_gmt":"2026-04-15T10:15:47","slug":"specialty-archery-peep-sight-verifier-tool-alle-6-verifier-large","status":"publish","type":"product","link":"https:\/\/bogensportdiscount.ch\/fr\/produit\/specialty-archery-peep-sight-verifier-tool-alle-6-verifier-large\/","title":{"rendered":"SPECIALTYARCHERYPROD SPECIALTY ARCHERY PEEPSIGHT PARTS VERIFIER TOOL incl. all 6 verifiers in large size"},"content":{"rendered":"<p>Das Specialty Archery Peep-Sight Verifier Tool ist ein praktisches Hilfsmittel f\u00fcr Compoundbogensch\u00fctzen, die die passende Verifier-Linse f\u00fcr ihr Peep-Sight bestimmen m\u00f6chten. Mit diesem Set lassen sich verschiedene Linsenst\u00e4rken direkt am Schiessstand vergleichen, ohne mehrere Linsen einzeln kaufen und einbauen zu m\u00fcssen.<\/p>\n<p>Das Set enth\u00e4lt alle 6 verf\u00fcgbaren Verifier in der Gr\u00f6sse Large. Damit deckt es das gesamte Sortiment an Linsenst\u00e4rken ab und erlaubt eine fundierte Entscheidung f\u00fcr die dauerhaft einzusetzende Linse.<\/p>\n<ul>\n<li>Inkl. alle 6 Verifier-Linsen in Gr\u00f6sse Large<\/li>\n<li>Schneller Linsenvergleich direkt am Schiessstand<\/li>\n<li>Kompatibel mit Specialty Archery Peep-Sights<\/li>\n<li>Spart Zeit und Kosten bei der Linsenwahl<\/li>\n<\/ul>","protected":false},"excerpt":{"rendered":"<p><strong>Marque :<\/strong> Specialty Archery Products<\/p>","protected":false},"featured_media":446236,"comment_status":"open","ping_status":"closed","template":"","meta":[],"product_brand":[815],"product_cat":[4224],"product_tag":[3546],"class_list":{"0":"post-393194","1":"product","2":"type-product","3":"status-publish","4":"has-post-thumbnail","6":"product_brand-specialtyarcheryprod","7":"product_cat-peep-einsaetze","8":"product_tag-neuheit","10":"first","11":"instock","12":"shipping-taxable","13":"purchasable","14":"product-type-simple"},"_links":{"self":[{"href":"https:\/\/bogensportdiscount.ch\/fr\/wp-json\/wp\/v2\/product\/393194","targetHints":{"allow":["GET"]}}],"collection":[{"href":"https:\/\/bogensportdiscount.ch\/fr\/wp-json\/wp\/v2\/product"}],"about":[{"href":"https:\/\/bogensportdiscount.ch\/fr\/wp-json\/wp\/v2\/types\/product"}],"replies":[{"embeddable":true,"href":"https:\/\/bogensportdiscount.ch\/fr\/wp-json\/wp\/v2\/comments?post=393194"}],"wp:featuredmedia":[{"embeddable":true,"href":"https:\/\/bogensportdiscount.ch\/fr\/wp-json\/wp\/v2\/media\/446236"}],"wp:attachment":[{"href":"https:\/\/bogensportdiscount.ch\/fr\/wp-json\/wp\/v2\/media?parent=393194"}],"wp:term":[{"taxonomy":"product_brand","embeddable":true,"href":"https:\/\/bogensportdiscount.ch\/fr\/wp-json\/wp\/v2\/product_brand?post=393194"},{"taxonomy":"product_cat","embeddable":true,"href":"https:\/\/bogensportdiscount.ch\/fr\/wp-json\/wp\/v2\/product_cat?post=393194"},{"taxonomy":"product_tag","embeddable":true,"href":"https:\/\/bogensportdiscount.ch\/fr\/wp-json\/wp\/v2\/product_tag?post=393194"}],"curies":[{"name":"wp","href":"https:\/\/api.w.org\/{rel}","templated":true}]}}