{"id":393158,"date":"2026-04-05T14:28:39","date_gmt":"2026-04-05T12:28:39","guid":{"rendered":"https:\/\/bogensportdiscount.ch\/produkt\/buck-trail-traditional-armguards-amara-16cm-pull-up-leather\/"},"modified":"2026-05-14T07:13:49","modified_gmt":"2026-05-14T05:13:49","slug":"buck-trail-traditioneller-armschutz-amara-16cm-pull-up-leder","status":"publish","type":"product","link":"https:\/\/bogensportdiscount.ch\/fr\/produit\/buck-trail-traditioneller-armschutz-amara-16cm-pull-up-leder\/","title":{"rendered":"BUCK TRAIL TRADITIONNEL PROT\u00c8GE-BRAS AMARA 16cm CUIR PULL-UP"},"content":{"rendered":"<p>Le prot\u00e8ge-bras BUCK TRAIL en similicuir Amara est un accessoire fiable pour les archers pratiquant le tir \u00e0 l'arc traditionnel. Avec une longueur de 16 cm, il offre une surface de protection suffisante sur l'avant-bras et se porte rapidement et facilement gr\u00e2ce au syst\u00e8me de fermeture Pull-Up.<\/p>\n<p>L'Amara est un similicuir r\u00e9sistant qui imite l'apparence du cuir v\u00e9ritable tout en \u00e9tant facile d'entretien et r\u00e9sistant aux intemp\u00e9ries. Le prot\u00e8ge-bras convient aux archers utilisant un arc classique ou un arc long, qui pr\u00e9f\u00e8rent une protection \u00e0 l'aspect classique sans superflu.<\/p>\n<ul>\n<li>Mat\u00e9riau : similicuir Amara<\/li>\n<li>Longueur : 16 cm<\/li>\n<li>Fermeture : syst\u00e8me Pull-Up<\/li>\n<li>Adapt\u00e9 au tir \u00e0 l'arc traditionnel<\/li>\n<\/ul>","protected":false},"excerpt":{"rendered":"<table>\n<tr>\n<th>Propri\u00e9t\u00e9<\/th>\n<th>Valeur<\/th>\n<\/tr>\n<tr>\n<td>Marque<\/td>\n<td>Buck Trail<\/td>\n<\/tr>\n<tr>\n<td>Couleur<\/td>\n<td>Brun<\/td>\n<\/tr>\n<tr>\n<td>Longueur (cm)<\/td>\n<td>16<\/td>\n<\/tr>\n<tr>\n<td>Pays d'origine<\/td>\n<td>Pakistan<\/td>\n<\/tr>\n<tr>\n<td>GTIN<\/td>\n<td>6426003193190<\/td>\n<\/tr>\n<\/table>","protected":false},"featured_media":524387,"comment_status":"open","ping_status":"closed","template":"","meta":[],"product_brand":[432],"product_cat":[4124,4153,4157],"product_tag":[3546],"class_list":{"0":"post-393158","1":"product","2":"type-product","3":"status-publish","4":"has-post-thumbnail","6":"product_brand-bucktrail","7":"product_cat-bogenschuetzer-ausruestung","8":"product_cat-arm-brustschutz","9":"product_cat-traditioneller-armschutz","10":"product_tag-neuheit","11":"product_shipping_class-bsd-standard","13":"first","14":"instock","15":"shipping-taxable","16":"purchasable","17":"product-type-simple"},"yoast_head":"<!-- This site is optimized with the Yoast SEO plugin v27.6 - https:\/\/yoast.com\/product\/yoast-seo-wordpress\/ -->\n<title>BUCK TRAIL PROT\u00c8GE-BRAS TRADITIONNELS AMARA 16cm PULL-UP CUIR - Bogensportdiscount \u2013 Arcs, fl\u00e8ches, cibles et accessoires<\/title>\n<meta name=\"description\" content=\"BUCK TRAIL PROT\u00c8GE-BRAS TRADITIONNELS AMARA 16cm PULL-UP CUIR \u00e0 prix avantageux chez Bogensportdiscount \u2013 Top marques, livraison rapide depuis la Suisse.\" \/>\n<meta name=\"robots\" content=\"index, follow, max-snippet:-1, max-image-preview:large, max-video-preview:-1\" \/>\n<link rel=\"canonical\" href=\"https:\/\/bogensportdiscount.ch\/fr\/produit\/buck-trail-traditioneller-armschutz-amara-16cm-pull-up-leder\/\" \/>\n<meta property=\"og:locale\" content=\"fr_FR\" \/>\n<meta property=\"og:type\" content=\"article\" \/>\n<meta property=\"og:title\" content=\"BUCK TRAIL PROT\u00c8GE-BRAS TRADITIONNELS AMARA 16cm PULL-UP CUIR - Bogensportdiscount \u2013 Arcs, fl\u00e8ches, cibles et accessoires\" \/>\n<meta property=\"og:description\" content=\"BUCK TRAIL PROT\u00c8GE-BRAS TRADITIONNELS AMARA 16cm PULL-UP CUIR \u00e0 prix avantageux chez Bogensportdiscount \u2013 Top marques, livraison rapide depuis la Suisse.\" \/>\n<meta property=\"og:url\" content=\"https:\/\/bogensportdiscount.ch\/fr\/produit\/buck-trail-traditioneller-armschutz-amara-16cm-pull-up-leder\/\" \/>\n<meta property=\"og:site_name\" content=\"Bogensportdiscount \u2013 B\u00f6gen, Pfeile, Targets &amp; Zubeh\u00f6r\" \/>\n<meta property=\"article:modified_time\" content=\"2026-05-14T05:13:49+00:00\" \/>\n<meta property=\"og:image\" content=\"https:\/\/bogensportdiscount.ch\/wp-content\/uploads\/bsm-images\/A063432_1.png\" \/>\n\t<meta property=\"og:image:width\" content=\"5660\" \/>\n\t<meta property=\"og:image:height\" content=\"4780\" \/>\n\t<meta property=\"og:image:type\" content=\"image\/png\" \/>\n<meta name=\"twitter:card\" content=\"summary_large_image\" \/>\n<script type=\"application\/ld+json\" class=\"yoast-schema-graph\">{\"@context\":\"https:\\\/\\\/schema.org\",\"@graph\":[{\"@type\":\"WebPage\",\"@id\":\"https:\\\/\\\/bogensportdiscount.ch\\\/produkt\\\/buck-trail-traditioneller-armschutz-amara-16cm-pull-up-leder\\\/\",\"url\":\"https:\\\/\\\/bogensportdiscount.ch\\\/produkt\\\/buck-trail-traditioneller-armschutz-amara-16cm-pull-up-leder\\\/\",\"name\":\"BUCK TRAIL TRADITIONELLE ARMSCHUTZSCHIENEN AMARA 16cm PULL-UP LEDER - Bogensportdiscount \u2013 B\u00f6gen, Pfeile, Targets &amp; Zubeh\u00f6r\",\"isPartOf\":{\"@id\":\"https:\\\/\\\/bogensportdiscount.ch\\\/#website\"},\"primaryImageOfPage\":{\"@id\":\"https:\\\/\\\/bogensportdiscount.ch\\\/produkt\\\/buck-trail-traditioneller-armschutz-amara-16cm-pull-up-leder\\\/#primaryimage\"},\"image\":{\"@id\":\"https:\\\/\\\/bogensportdiscount.ch\\\/produkt\\\/buck-trail-traditioneller-armschutz-amara-16cm-pull-up-leder\\\/#primaryimage\"},\"thumbnailUrl\":\"https:\\\/\\\/bogensportdiscount.ch\\\/wp-content\\\/uploads\\\/bsm-images\\\/A063432_1.png\",\"datePublished\":\"2026-04-05T12:28:39+00:00\",\"dateModified\":\"2026-05-14T05:13:49+00:00\",\"description\":\"BUCK TRAIL TRADITIONELLE ARMSCHUTZSCHIENEN AMARA 16cm PULL-UP LEDER g\u00fcnstig kaufen bei Bogensportdiscount \u2013 Top-Marken, schneller Versand aus der Schweiz.\",\"breadcrumb\":{\"@id\":\"https:\\\/\\\/bogensportdiscount.ch\\\/produkt\\\/buck-trail-traditioneller-armschutz-amara-16cm-pull-up-leder\\\/#breadcrumb\"},\"inLanguage\":\"fr-FR\",\"potentialAction\":[{\"@type\":\"ReadAction\",\"target\":[\"https:\\\/\\\/bogensportdiscount.ch\\\/produkt\\\/buck-trail-traditioneller-armschutz-amara-16cm-pull-up-leder\\\/\"]}]},{\"@type\":\"ImageObject\",\"inLanguage\":\"fr-FR\",\"@id\":\"https:\\\/\\\/bogensportdiscount.ch\\\/produkt\\\/buck-trail-traditioneller-armschutz-amara-16cm-pull-up-leder\\\/#primaryimage\",\"url\":\"https:\\\/\\\/bogensportdiscount.ch\\\/wp-content\\\/uploads\\\/bsm-images\\\/A063432_1.png\",\"contentUrl\":\"https:\\\/\\\/bogensportdiscount.ch\\\/wp-content\\\/uploads\\\/bsm-images\\\/A063432_1.png\",\"width\":2500,\"height\":2111},{\"@type\":\"BreadcrumbList\",\"@id\":\"https:\\\/\\\/bogensportdiscount.ch\\\/produkt\\\/buck-trail-traditioneller-armschutz-amara-16cm-pull-up-leder\\\/#breadcrumb\",\"itemListElement\":[{\"@type\":\"ListItem\",\"position\":1,\"name\":\"Home\",\"item\":\"https:\\\/\\\/bogensportdiscount.ch\\\/\"},{\"@type\":\"ListItem\",\"position\":2,\"name\":\"Shop\",\"item\":\"https:\\\/\\\/bogensportdiscount.ch\\\/shop\\\/\"},{\"@type\":\"ListItem\",\"position\":3,\"name\":\"BUCK TRAIL TRADITIONAL ARMGUARDS AMARA 16cm PULL-UP LEATHER\"}]},{\"@type\":\"WebSite\",\"@id\":\"https:\\\/\\\/bogensportdiscount.ch\\\/#website\",\"url\":\"https:\\\/\\\/bogensportdiscount.ch\\\/\",\"name\":\"Bogensportdiscount\",\"description\":\"\",\"potentialAction\":[{\"@type\":\"SearchAction\",\"target\":{\"@type\":\"EntryPoint\",\"urlTemplate\":\"https:\\\/\\\/bogensportdiscount.ch\\\/?s={search_term_string}\"},\"query-input\":{\"@type\":\"PropertyValueSpecification\",\"valueRequired\":true,\"valueName\":\"search_term_string\"}}],\"inLanguage\":\"fr-FR\"}]}<\/script>\n<!-- \/ Yoast SEO plugin. -->","yoast_head_json":{"title":"BUCK TRAIL PROT\u00c8GE-BRAS TRADITIONNELS AMARA 16cm PULL-UP CUIR - Bogensportdiscount \u2013 Arcs, fl\u00e8ches, cibles et accessoires","description":"BUCK TRAIL PROT\u00c8GE-BRAS TRADITIONNELS AMARA 16cm PULL-UP CUIR \u00e0 prix avantageux chez Bogensportdiscount \u2013 Top marques, livraison rapide depuis la Suisse.","robots":{"index":"index","follow":"follow","max-snippet":"max-snippet:-1","max-image-preview":"max-image-preview:large","max-video-preview":"max-video-preview:-1"},"canonical":"https:\/\/bogensportdiscount.ch\/fr\/produit\/buck-trail-traditioneller-armschutz-amara-16cm-pull-up-leder\/","og_locale":"fr_FR","og_type":"article","og_title":"BUCK TRAIL PROT\u00c8GE-BRAS TRADITIONNELS AMARA 16cm PULL-UP CUIR - Bogensportdiscount \u2013 Arcs, fl\u00e8ches, cibles et accessoires","og_description":"BUCK TRAIL PROT\u00c8GE-BRAS TRADITIONNELS AMARA 16cm PULL-UP CUIR \u00e0 prix avantageux chez Bogensportdiscount \u2013 Top marques, livraison rapide depuis la Suisse.","og_url":"https:\/\/bogensportdiscount.ch\/fr\/produit\/buck-trail-traditioneller-armschutz-amara-16cm-pull-up-leder\/","og_site_name":"Bogensportdiscount \u2013 B\u00f6gen, Pfeile, Targets &amp; Zubeh\u00f6r","article_modified_time":"2026-05-14T05:13:49+00:00","og_image":[{"url":"https:\/\/bogensportdiscount.ch\/wp-content\/uploads\/bsm-images\/A063432_1.png","width":5660,"height":4780,"type":"image\/png"}],"twitter_card":"summary_large_image","schema":{"@context":"https:\/\/schema.org","@graph":[{"@type":"WebPage","@id":"https:\/\/bogensportdiscount.ch\/produkt\/buck-trail-traditioneller-armschutz-amara-16cm-pull-up-leder\/","url":"https:\/\/bogensportdiscount.ch\/produkt\/buck-trail-traditioneller-armschutz-amara-16cm-pull-up-leder\/","name":"BUCK TRAIL PROT\u00c8GE-BRAS TRADITIONNELS AMARA 16cm PULL-UP CUIR - Bogensportdiscount \u2013 Arcs, fl\u00e8ches, cibles et accessoires","isPartOf":{"@id":"https:\/\/bogensportdiscount.ch\/#website"},"primaryImageOfPage":{"@id":"https:\/\/bogensportdiscount.ch\/produkt\/buck-trail-traditioneller-armschutz-amara-16cm-pull-up-leder\/#primaryimage"},"image":{"@id":"https:\/\/bogensportdiscount.ch\/produkt\/buck-trail-traditioneller-armschutz-amara-16cm-pull-up-leder\/#primaryimage"},"thumbnailUrl":"https:\/\/bogensportdiscount.ch\/wp-content\/uploads\/bsm-images\/A063432_1.png","datePublished":"2026-04-05T12:28:39+00:00","dateModified":"2026-05-14T05:13:49+00:00","description":"BUCK TRAIL PROT\u00c8GE-BRAS TRADITIONNELS AMARA 16cm PULL-UP CUIR \u00e0 prix avantageux chez Bogensportdiscount \u2013 Top marques, livraison rapide depuis la Suisse.","breadcrumb":{"@id":"https:\/\/bogensportdiscount.ch\/produkt\/buck-trail-traditioneller-armschutz-amara-16cm-pull-up-leder\/#breadcrumb"},"inLanguage":"fr-FR","potentialAction":[{"@type":"ReadAction","target":["https:\/\/bogensportdiscount.ch\/produkt\/buck-trail-traditioneller-armschutz-amara-16cm-pull-up-leder\/"]}]},{"@type":"ImageObject","inLanguage":"fr-FR","@id":"https:\/\/bogensportdiscount.ch\/produkt\/buck-trail-traditioneller-armschutz-amara-16cm-pull-up-leder\/#primaryimage","url":"https:\/\/bogensportdiscount.ch\/wp-content\/uploads\/bsm-images\/A063432_1.png","contentUrl":"https:\/\/bogensportdiscount.ch\/wp-content\/uploads\/bsm-images\/A063432_1.png","width":2500,"height":2111},{"@type":"BreadcrumbList","@id":"https:\/\/bogensportdiscount.ch\/produkt\/buck-trail-traditioneller-armschutz-amara-16cm-pull-up-leder\/#breadcrumb","itemListElement":[{"@type":"ListItem","position":1,"name":"Home","item":"https:\/\/bogensportdiscount.ch\/"},{"@type":"ListItem","position":2,"name":"Shop","item":"https:\/\/bogensportdiscount.ch\/shop\/"},{"@type":"ListItem","position":3,"name":"BUCK TRAIL TRADITIONAL ARMGUARDS AMARA 16cm PULL-UP LEATHER"}]},{"@type":"WebSite","@id":"https:\/\/bogensportdiscount.ch\/#website","url":"https:\/\/bogensportdiscount.ch\/","name":"Bogensportdiscount","description":"","potentialAction":[{"@type":"SearchAction","target":{"@type":"EntryPoint","urlTemplate":"https:\/\/bogensportdiscount.ch\/?s={search_term_string}"},"query-input":{"@type":"PropertyValueSpecification","valueRequired":true,"valueName":"search_term_string"}}],"inLanguage":"fr-FR"}]}},"_links":{"self":[{"href":"https:\/\/bogensportdiscount.ch\/fr\/wp-json\/wp\/v2\/product\/393158","targetHints":{"allow":["GET"]}}],"collection":[{"href":"https:\/\/bogensportdiscount.ch\/fr\/wp-json\/wp\/v2\/product"}],"about":[{"href":"https:\/\/bogensportdiscount.ch\/fr\/wp-json\/wp\/v2\/types\/product"}],"replies":[{"embeddable":true,"href":"https:\/\/bogensportdiscount.ch\/fr\/wp-json\/wp\/v2\/comments?post=393158"}],"wp:featuredmedia":[{"embeddable":true,"href":"https:\/\/bogensportdiscount.ch\/fr\/wp-json\/wp\/v2\/media\/524387"}],"wp:attachment":[{"href":"https:\/\/bogensportdiscount.ch\/fr\/wp-json\/wp\/v2\/media?parent=393158"}],"wp:term":[{"taxonomy":"product_brand","embeddable":true,"href":"https:\/\/bogensportdiscount.ch\/fr\/wp-json\/wp\/v2\/product_brand?post=393158"},{"taxonomy":"product_cat","embeddable":true,"href":"https:\/\/bogensportdiscount.ch\/fr\/wp-json\/wp\/v2\/product_cat?post=393158"},{"taxonomy":"product_tag","embeddable":true,"href":"https:\/\/bogensportdiscount.ch\/fr\/wp-json\/wp\/v2\/product_tag?post=393158"}],"curies":[{"name":"wp","href":"https:\/\/api.w.org\/{rel}","templated":true}]}}