{"id":393138,"date":"2026-04-05T14:28:35","date_gmt":"2026-04-05T12:28:35","guid":{"rendered":"https:\/\/bogensportdiscount.ch\/produkt\/sanlida-arrow-rests-stick-on-magnetic\/"},"modified":"2026-04-15T12:15:45","modified_gmt":"2026-04-15T10:15:45","slug":"sanlida-pfeilauflage-stick-on-magnetisch","status":"publish","type":"product","link":"https:\/\/bogensportdiscount.ch\/fr\/produit\/sanlida-pfeilauflage-stick-on-magnetisch\/","title":{"rendered":"SANLIDA ARROW RESTS STICK ON MAGNETIC"},"content":{"rendered":"<p>Die SANLIDA Stick-On Magnetische Pfeilauflage ist eine selbstklebende Klebeauflage f\u00fcr Recurvebogen. Dank der magnetischen Eigenschaft wird der Pfeil zuverl\u00e4ssig in der richtigen Abschussposition gehalten, was besonders beim Einlegen des Pfeils praktisch ist.<\/p>\n<p>Die einfache Montage ohne Werkzeug macht diese Auflage ideal f\u00fcr Anf\u00e4nger sowie f\u00fcr den Trainings- und Freizeitbetrieb. Sie wird direkt auf das Bogenregal aufgeklebt und ist schnell und unkompliziert zu wechseln.<\/p>\n<ul>\n<li>Selbstklebende Befestigung \u2013 kein Werkzeug n\u00f6tig<\/li>\n<li>Magnetische Halterung f\u00fcr sicheres Einlegen des Pfeils<\/li>\n<li>F\u00fcr Recurvebogen geeignet<\/li>\n<li>Einfacher Austausch bei Verschleiss<\/li>\n<\/ul>","protected":false},"excerpt":{"rendered":"<p><strong>Marque :<\/strong> Sanlida<br \/><strong>GTIN:<\/strong> 6976176935979<\/p>","protected":false},"featured_media":446246,"comment_status":"open","ping_status":"closed","template":"","meta":[],"product_brand":[459],"product_cat":[4229],"product_tag":[3546],"class_list":{"0":"post-393138","1":"product","2":"type-product","3":"status-publish","4":"has-post-thumbnail","6":"product_brand-sanlida","7":"product_cat-aufklebe-recurve-pfeilauflage","8":"product_tag-neuheit","10":"first","11":"instock","12":"shipping-taxable","13":"purchasable","14":"product-type-simple"},"_links":{"self":[{"href":"https:\/\/bogensportdiscount.ch\/fr\/wp-json\/wp\/v2\/product\/393138","targetHints":{"allow":["GET"]}}],"collection":[{"href":"https:\/\/bogensportdiscount.ch\/fr\/wp-json\/wp\/v2\/product"}],"about":[{"href":"https:\/\/bogensportdiscount.ch\/fr\/wp-json\/wp\/v2\/types\/product"}],"replies":[{"embeddable":true,"href":"https:\/\/bogensportdiscount.ch\/fr\/wp-json\/wp\/v2\/comments?post=393138"}],"wp:featuredmedia":[{"embeddable":true,"href":"https:\/\/bogensportdiscount.ch\/fr\/wp-json\/wp\/v2\/media\/446246"}],"wp:attachment":[{"href":"https:\/\/bogensportdiscount.ch\/fr\/wp-json\/wp\/v2\/media?parent=393138"}],"wp:term":[{"taxonomy":"product_brand","embeddable":true,"href":"https:\/\/bogensportdiscount.ch\/fr\/wp-json\/wp\/v2\/product_brand?post=393138"},{"taxonomy":"product_cat","embeddable":true,"href":"https:\/\/bogensportdiscount.ch\/fr\/wp-json\/wp\/v2\/product_cat?post=393138"},{"taxonomy":"product_tag","embeddable":true,"href":"https:\/\/bogensportdiscount.ch\/fr\/wp-json\/wp\/v2\/product_tag?post=393138"}],"curies":[{"name":"wp","href":"https:\/\/api.w.org\/{rel}","templated":true}]}}