{"id":393130,"date":"2026-04-05T14:28:33","date_gmt":"2026-04-05T12:28:33","guid":{"rendered":"https:\/\/bogensportdiscount.ch\/produkt\/steady-aim-steady-aim-magmount-for-a1\/"},"modified":"2026-04-15T12:15:16","modified_gmt":"2026-04-15T10:15:16","slug":"steady-aim-magmount-fuer-a1","status":"publish","type":"product","link":"https:\/\/bogensportdiscount.ch\/fr\/produit\/steady-aim-magmount-fuer-a1\/","title":{"rendered":"STEADY AIM STEADY AIM MAGMOUNT FOR A1"},"content":{"rendered":"<p>Der Steady Aim Magmount f\u00fcr A1 ist eine magnetische Montagehalterung, die als Zubeh\u00f6r f\u00fcr das Steady Aim A1 System konzipiert wurde. Das Produkt geh\u00f6rt zur Kategorie Tuning-Werkzeuge und ist f\u00fcr den praktischen Einsatz bei der Pflege und Einstellung von Bogenausr\u00fcstung gedacht.<\/p>\n<p>Die magnetische Befestigung erm\u00f6glicht eine sichere und schnelle Montage ohne zus\u00e4tzliche Werkzeuge. Der Magmount eignet sich f\u00fcr Bogensch\u00fctzen, die ihr A1-System funktionell und ordentlich befestigen m\u00f6chten.<\/p>","protected":false},"excerpt":{"rendered":"<p><strong>Marque :<\/strong> Steady Aim<br \/><strong>Farbe:<\/strong> Schwarz<\/p>","protected":false},"featured_media":446373,"comment_status":"open","ping_status":"closed","template":"","meta":[],"product_brand":[848],"product_cat":[4380],"product_tag":[3546],"class_list":{"0":"post-393130","1":"product","2":"type-product","3":"status-publish","4":"has-post-thumbnail","6":"product_brand-steady-aim","7":"product_cat-other","8":"product_tag-neuheit","10":"first","11":"instock","12":"shipping-taxable","13":"purchasable","14":"product-type-simple"},"_links":{"self":[{"href":"https:\/\/bogensportdiscount.ch\/fr\/wp-json\/wp\/v2\/product\/393130","targetHints":{"allow":["GET"]}}],"collection":[{"href":"https:\/\/bogensportdiscount.ch\/fr\/wp-json\/wp\/v2\/product"}],"about":[{"href":"https:\/\/bogensportdiscount.ch\/fr\/wp-json\/wp\/v2\/types\/product"}],"replies":[{"embeddable":true,"href":"https:\/\/bogensportdiscount.ch\/fr\/wp-json\/wp\/v2\/comments?post=393130"}],"wp:featuredmedia":[{"embeddable":true,"href":"https:\/\/bogensportdiscount.ch\/fr\/wp-json\/wp\/v2\/media\/446373"}],"wp:attachment":[{"href":"https:\/\/bogensportdiscount.ch\/fr\/wp-json\/wp\/v2\/media?parent=393130"}],"wp:term":[{"taxonomy":"product_brand","embeddable":true,"href":"https:\/\/bogensportdiscount.ch\/fr\/wp-json\/wp\/v2\/product_brand?post=393130"},{"taxonomy":"product_cat","embeddable":true,"href":"https:\/\/bogensportdiscount.ch\/fr\/wp-json\/wp\/v2\/product_cat?post=393130"},{"taxonomy":"product_tag","embeddable":true,"href":"https:\/\/bogensportdiscount.ch\/fr\/wp-json\/wp\/v2\/product_tag?post=393130"}],"curies":[{"name":"wp","href":"https:\/\/api.w.org\/{rel}","templated":true}]}}