{"id":393127,"date":"2026-04-05T14:28:32","date_gmt":"2026-04-05T12:28:32","guid":{"rendered":"https:\/\/bogensportdiscount.ch\/produkt\/fivics-automatic-bowstand-long\/"},"modified":"2026-05-14T07:13:49","modified_gmt":"2026-05-14T05:13:49","slug":"fivics-automatik-bogenstaender-long","status":"publish","type":"product","link":"https:\/\/bogensportdiscount.ch\/fr\/produit\/fivics-automatik-bogenstaender-long\/","title":{"rendered":"FIVICS SUPPORT D'ARC AUTOMATIQUE LONG"},"content":{"rendered":"<p>Le FIVICS support d'arc automatique Long est un support d'arc pour arcs classiques qui est rapidement pr\u00eat \u00e0 l'emploi gr\u00e2ce \u00e0 son m\u00e9canisme de pliage automatique. La variante longue convient particuli\u00e8rement aux arcs de grande taille et offre une tenue s\u00fbre sur diff\u00e9rentes surfaces.<\/p>\n<p>FIVICS est un fabricant reconnu d'accessoires de tir \u00e0 l'arc et se distingue par une fabrication solide et des solutions produits pratiques. Le support d'arc se replie de mani\u00e8re compacte et est donc facilement transportable.<\/p>\n<ul>\n<li>M\u00e9canisme de pliage automatique pour une mise en place rapide<\/li>\n<li>Version longue pour les arcs classiques de grande taille<\/li>\n<li>Surface d'appui stable<\/li>\n<li>Compacte et facile \u00e0 transporter<\/li>\n<\/ul>","protected":false},"excerpt":{"rendered":"<table>\n<tr>\n<th>Propri\u00e9t\u00e9<\/th>\n<th>Valeur<\/th>\n<\/tr>\n<tr>\n<td>Marque<\/td>\n<td>Fivics<\/td>\n<\/tr>\n<tr>\n<td>Pays d'origine<\/td>\n<td>Chine<\/td>\n<\/tr>\n<\/table>","protected":false},"featured_media":446425,"comment_status":"open","ping_status":"closed","template":"","meta":[],"product_brand":[429],"product_cat":[4124,4183,4186],"product_tag":[3546],"class_list":{"0":"post-393127","1":"product","2":"type-product","3":"status-publish","4":"has-post-thumbnail","6":"product_brand-fivics","7":"product_cat-bogenschuetzer-ausruestung","8":"product_cat-bogenstand","9":"product_cat-recurve-bogenstand","10":"product_tag-neuheit","11":"product_shipping_class-bsd-standard","13":"first","14":"instock","15":"shipping-taxable","16":"purchasable","17":"product-type-simple"},"yoast_head":"<!-- This site is optimized with the Yoast SEO plugin v27.6 - https:\/\/yoast.com\/product\/yoast-seo-wordpress\/ -->\n<title>FIVICS SUPPORT AUTOMATIQUE POUR ARCS LONG - Bogensportdiscount \u2013 Arcs, fl\u00e8ches, cibles et accessoires<\/title>\n<meta name=\"description\" content=\"Support automatique pour feuilles FIVICS LONG \u00e0 prix avantageux chez Bogensportdiscount \u2013 Grandes marques, livraison rapide depuis la Suisse.\" \/>\n<meta name=\"robots\" content=\"index, follow, max-snippet:-1, max-image-preview:large, max-video-preview:-1\" \/>\n<link rel=\"canonical\" href=\"https:\/\/bogensportdiscount.ch\/fr\/produit\/fivics-automatik-bogenstaender-long\/\" \/>\n<meta property=\"og:locale\" content=\"fr_FR\" \/>\n<meta property=\"og:type\" content=\"article\" \/>\n<meta property=\"og:title\" content=\"FIVICS SUPPORT AUTOMATIQUE POUR ARCS LONG - Bogensportdiscount \u2013 Arcs, fl\u00e8ches, cibles et accessoires\" \/>\n<meta property=\"og:description\" content=\"Support automatique pour feuilles FIVICS LONG \u00e0 prix avantageux chez Bogensportdiscount \u2013 Grandes marques, livraison rapide depuis la Suisse.\" \/>\n<meta property=\"og:url\" content=\"https:\/\/bogensportdiscount.ch\/fr\/produit\/fivics-automatik-bogenstaender-long\/\" \/>\n<meta property=\"og:site_name\" content=\"Bogensportdiscount \u2013 B\u00f6gen, Pfeile, Targets &amp; Zubeh\u00f6r\" \/>\n<meta property=\"article:modified_time\" content=\"2026-05-14T05:13:49+00:00\" \/>\n<meta property=\"og:image\" content=\"https:\/\/bogensportdiscount.ch\/wp-content\/uploads\/bsm-images\/A063336_1.png\" \/>\n\t<meta property=\"og:image:width\" content=\"800\" \/>\n\t<meta property=\"og:image:height\" content=\"1000\" \/>\n\t<meta property=\"og:image:type\" content=\"image\/png\" \/>\n<meta name=\"twitter:card\" content=\"summary_large_image\" \/>\n<script type=\"application\/ld+json\" class=\"yoast-schema-graph\">{\"@context\":\"https:\\\/\\\/schema.org\",\"@graph\":[{\"@type\":\"WebPage\",\"@id\":\"https:\\\/\\\/bogensportdiscount.ch\\\/produkt\\\/fivics-automatik-bogenstaender-long\\\/\",\"url\":\"https:\\\/\\\/bogensportdiscount.ch\\\/produkt\\\/fivics-automatik-bogenstaender-long\\\/\",\"name\":\"FIVICS AUTOMATISCHER BOGENST\u00c4NDER LANG - Bogensportdiscount \u2013 B\u00f6gen, Pfeile, Targets &amp; Zubeh\u00f6r\",\"isPartOf\":{\"@id\":\"https:\\\/\\\/bogensportdiscount.ch\\\/#website\"},\"primaryImageOfPage\":{\"@id\":\"https:\\\/\\\/bogensportdiscount.ch\\\/produkt\\\/fivics-automatik-bogenstaender-long\\\/#primaryimage\"},\"image\":{\"@id\":\"https:\\\/\\\/bogensportdiscount.ch\\\/produkt\\\/fivics-automatik-bogenstaender-long\\\/#primaryimage\"},\"thumbnailUrl\":\"https:\\\/\\\/bogensportdiscount.ch\\\/wp-content\\\/uploads\\\/bsm-images\\\/A063336_1.png\",\"datePublished\":\"2026-04-05T12:28:32+00:00\",\"dateModified\":\"2026-05-14T05:13:49+00:00\",\"description\":\"FIVICS AUTOMATISCHER BOGENST\u00c4NDER LANG g\u00fcnstig kaufen bei Bogensportdiscount \u2013 Top-Marken, schneller Versand aus der Schweiz.\",\"breadcrumb\":{\"@id\":\"https:\\\/\\\/bogensportdiscount.ch\\\/produkt\\\/fivics-automatik-bogenstaender-long\\\/#breadcrumb\"},\"inLanguage\":\"fr-FR\",\"potentialAction\":[{\"@type\":\"ReadAction\",\"target\":[\"https:\\\/\\\/bogensportdiscount.ch\\\/produkt\\\/fivics-automatik-bogenstaender-long\\\/\"]}]},{\"@type\":\"ImageObject\",\"inLanguage\":\"fr-FR\",\"@id\":\"https:\\\/\\\/bogensportdiscount.ch\\\/produkt\\\/fivics-automatik-bogenstaender-long\\\/#primaryimage\",\"url\":\"https:\\\/\\\/bogensportdiscount.ch\\\/wp-content\\\/uploads\\\/bsm-images\\\/A063336_1.png\",\"contentUrl\":\"https:\\\/\\\/bogensportdiscount.ch\\\/wp-content\\\/uploads\\\/bsm-images\\\/A063336_1.png\",\"width\":800,\"height\":1000},{\"@type\":\"BreadcrumbList\",\"@id\":\"https:\\\/\\\/bogensportdiscount.ch\\\/produkt\\\/fivics-automatik-bogenstaender-long\\\/#breadcrumb\",\"itemListElement\":[{\"@type\":\"ListItem\",\"position\":1,\"name\":\"Home\",\"item\":\"https:\\\/\\\/bogensportdiscount.ch\\\/\"},{\"@type\":\"ListItem\",\"position\":2,\"name\":\"Shop\",\"item\":\"https:\\\/\\\/bogensportdiscount.ch\\\/shop\\\/\"},{\"@type\":\"ListItem\",\"position\":3,\"name\":\"FIVICS AUTOMATIC BOWSTAND LONG\"}]},{\"@type\":\"WebSite\",\"@id\":\"https:\\\/\\\/bogensportdiscount.ch\\\/#website\",\"url\":\"https:\\\/\\\/bogensportdiscount.ch\\\/\",\"name\":\"Bogensportdiscount\",\"description\":\"\",\"potentialAction\":[{\"@type\":\"SearchAction\",\"target\":{\"@type\":\"EntryPoint\",\"urlTemplate\":\"https:\\\/\\\/bogensportdiscount.ch\\\/?s={search_term_string}\"},\"query-input\":{\"@type\":\"PropertyValueSpecification\",\"valueRequired\":true,\"valueName\":\"search_term_string\"}}],\"inLanguage\":\"fr-FR\"}]}<\/script>\n<!-- \/ Yoast SEO plugin. -->","yoast_head_json":{"title":"FIVICS SUPPORT AUTOMATIQUE POUR ARCS LONG - Bogensportdiscount \u2013 Arcs, fl\u00e8ches, cibles et accessoires","description":"Support automatique pour feuilles FIVICS LONG \u00e0 prix avantageux chez Bogensportdiscount \u2013 Grandes marques, livraison rapide depuis la Suisse.","robots":{"index":"index","follow":"follow","max-snippet":"max-snippet:-1","max-image-preview":"max-image-preview:large","max-video-preview":"max-video-preview:-1"},"canonical":"https:\/\/bogensportdiscount.ch\/fr\/produit\/fivics-automatik-bogenstaender-long\/","og_locale":"fr_FR","og_type":"article","og_title":"FIVICS SUPPORT AUTOMATIQUE POUR ARCS LONG - Bogensportdiscount \u2013 Arcs, fl\u00e8ches, cibles et accessoires","og_description":"Support automatique pour feuilles FIVICS LONG \u00e0 prix avantageux chez Bogensportdiscount \u2013 Grandes marques, livraison rapide depuis la Suisse.","og_url":"https:\/\/bogensportdiscount.ch\/fr\/produit\/fivics-automatik-bogenstaender-long\/","og_site_name":"Bogensportdiscount \u2013 B\u00f6gen, Pfeile, Targets &amp; Zubeh\u00f6r","article_modified_time":"2026-05-14T05:13:49+00:00","og_image":[{"width":800,"height":1000,"url":"https:\/\/bogensportdiscount.ch\/wp-content\/uploads\/bsm-images\/A063336_1.png","type":"image\/png"}],"twitter_card":"summary_large_image","schema":{"@context":"https:\/\/schema.org","@graph":[{"@type":"WebPage","@id":"https:\/\/bogensportdiscount.ch\/produkt\/fivics-automatik-bogenstaender-long\/","url":"https:\/\/bogensportdiscount.ch\/produkt\/fivics-automatik-bogenstaender-long\/","name":"FIVICS SUPPORT AUTOMATIQUE POUR ARCS LONG - Bogensportdiscount \u2013 Arcs, fl\u00e8ches, cibles et accessoires","isPartOf":{"@id":"https:\/\/bogensportdiscount.ch\/#website"},"primaryImageOfPage":{"@id":"https:\/\/bogensportdiscount.ch\/produkt\/fivics-automatik-bogenstaender-long\/#primaryimage"},"image":{"@id":"https:\/\/bogensportdiscount.ch\/produkt\/fivics-automatik-bogenstaender-long\/#primaryimage"},"thumbnailUrl":"https:\/\/bogensportdiscount.ch\/wp-content\/uploads\/bsm-images\/A063336_1.png","datePublished":"2026-04-05T12:28:32+00:00","dateModified":"2026-05-14T05:13:49+00:00","description":"Support automatique pour feuilles FIVICS LONG \u00e0 prix avantageux chez Bogensportdiscount \u2013 Grandes marques, livraison rapide depuis la Suisse.","breadcrumb":{"@id":"https:\/\/bogensportdiscount.ch\/produkt\/fivics-automatik-bogenstaender-long\/#breadcrumb"},"inLanguage":"fr-FR","potentialAction":[{"@type":"ReadAction","target":["https:\/\/bogensportdiscount.ch\/produkt\/fivics-automatik-bogenstaender-long\/"]}]},{"@type":"ImageObject","inLanguage":"fr-FR","@id":"https:\/\/bogensportdiscount.ch\/produkt\/fivics-automatik-bogenstaender-long\/#primaryimage","url":"https:\/\/bogensportdiscount.ch\/wp-content\/uploads\/bsm-images\/A063336_1.png","contentUrl":"https:\/\/bogensportdiscount.ch\/wp-content\/uploads\/bsm-images\/A063336_1.png","width":800,"height":1000},{"@type":"BreadcrumbList","@id":"https:\/\/bogensportdiscount.ch\/produkt\/fivics-automatik-bogenstaender-long\/#breadcrumb","itemListElement":[{"@type":"ListItem","position":1,"name":"Home","item":"https:\/\/bogensportdiscount.ch\/"},{"@type":"ListItem","position":2,"name":"Shop","item":"https:\/\/bogensportdiscount.ch\/shop\/"},{"@type":"ListItem","position":3,"name":"FIVICS AUTOMATIC BOWSTAND LONG"}]},{"@type":"WebSite","@id":"https:\/\/bogensportdiscount.ch\/#website","url":"https:\/\/bogensportdiscount.ch\/","name":"Bogensportdiscount","description":"","potentialAction":[{"@type":"SearchAction","target":{"@type":"EntryPoint","urlTemplate":"https:\/\/bogensportdiscount.ch\/?s={search_term_string}"},"query-input":{"@type":"PropertyValueSpecification","valueRequired":true,"valueName":"search_term_string"}}],"inLanguage":"fr-FR"}]}},"_links":{"self":[{"href":"https:\/\/bogensportdiscount.ch\/fr\/wp-json\/wp\/v2\/product\/393127","targetHints":{"allow":["GET"]}}],"collection":[{"href":"https:\/\/bogensportdiscount.ch\/fr\/wp-json\/wp\/v2\/product"}],"about":[{"href":"https:\/\/bogensportdiscount.ch\/fr\/wp-json\/wp\/v2\/types\/product"}],"replies":[{"embeddable":true,"href":"https:\/\/bogensportdiscount.ch\/fr\/wp-json\/wp\/v2\/comments?post=393127"}],"wp:featuredmedia":[{"embeddable":true,"href":"https:\/\/bogensportdiscount.ch\/fr\/wp-json\/wp\/v2\/media\/446425"}],"wp:attachment":[{"href":"https:\/\/bogensportdiscount.ch\/fr\/wp-json\/wp\/v2\/media?parent=393127"}],"wp:term":[{"taxonomy":"product_brand","embeddable":true,"href":"https:\/\/bogensportdiscount.ch\/fr\/wp-json\/wp\/v2\/product_brand?post=393127"},{"taxonomy":"product_cat","embeddable":true,"href":"https:\/\/bogensportdiscount.ch\/fr\/wp-json\/wp\/v2\/product_cat?post=393127"},{"taxonomy":"product_tag","embeddable":true,"href":"https:\/\/bogensportdiscount.ch\/fr\/wp-json\/wp\/v2\/product_tag?post=393127"}],"curies":[{"name":"wp","href":"https:\/\/api.w.org\/{rel}","templated":true}]}}