{"id":393087,"date":"2026-04-05T14:28:22","date_gmt":"2026-04-05T12:28:22","guid":{"rendered":"https:\/\/bogensportdiscount.ch\/produkt\/mmcrafts-3d-target-troll-brown\/"},"modified":"2026-04-15T12:15:14","modified_gmt":"2026-04-15T10:15:14","slug":"mmcrafts-3d-ziel-troll-braun","status":"publish","type":"product","link":"https:\/\/bogensportdiscount.ch\/fr\/produit\/mmcrafts-3d-ziel-troll-braun\/","title":{"rendered":"MMCRAFTS 3D TARGET TROLL BROWN"},"content":{"rendered":"<p>Das MMCRAFTS 3D-Ziel Troll Braun ist ein dreidimensionales Bogensport-Ziel in Form einer Troll-Figur. Solche Fantasy-Ziele werden auf 3D-Parcours eingesetzt und sorgen f\u00fcr Abwechslung beim Training sowie bei Wettk\u00e4mpfen.<\/p>\n<p>Die braune Ausf\u00fchrung ist realistisch gestaltet und l\u00e4sst sich problemlos in nat\u00fcrliche Umgebungen integrieren. Das Ziel richtet sich an Bogensch\u00fctzinnen und Bogensch\u00fctzen, die neben Standard-Zielen auch aussergew\u00f6hnliche Schiessziele nutzen m\u00f6chten.<\/p>\n<ul>\n<li>3D-Ziel in Form einer Troll-Figur<\/li>\n<li>Geeignet f\u00fcr 3D-Parcours und Freilufttraining<\/li>\n<li>Fantasy-Kategorie f\u00fcr abwechslungsreiche Schiesserfahrung<\/li>\n<li>Von MMCRAFTS gefertigt<\/li>\n<\/ul>","protected":false},"excerpt":{"rendered":"<p><strong>Marque :<\/strong> MM Crafts<br \/><strong>Farbe:<\/strong> Braun<br \/><strong>Typ:<\/strong> Group 3<\/p>","protected":false},"featured_media":441881,"comment_status":"open","ping_status":"closed","template":"","meta":[],"product_brand":[636],"product_cat":[4146],"product_tag":[3546],"class_list":{"0":"post-393087","1":"product","2":"type-product","3":"status-publish","4":"has-post-thumbnail","6":"product_brand-mmcrafts","7":"product_cat-fantasie-andere","8":"product_tag-neuheit","10":"first","11":"instock","12":"shipping-taxable","13":"purchasable","14":"product-type-simple"},"_links":{"self":[{"href":"https:\/\/bogensportdiscount.ch\/fr\/wp-json\/wp\/v2\/product\/393087","targetHints":{"allow":["GET"]}}],"collection":[{"href":"https:\/\/bogensportdiscount.ch\/fr\/wp-json\/wp\/v2\/product"}],"about":[{"href":"https:\/\/bogensportdiscount.ch\/fr\/wp-json\/wp\/v2\/types\/product"}],"replies":[{"embeddable":true,"href":"https:\/\/bogensportdiscount.ch\/fr\/wp-json\/wp\/v2\/comments?post=393087"}],"wp:featuredmedia":[{"embeddable":true,"href":"https:\/\/bogensportdiscount.ch\/fr\/wp-json\/wp\/v2\/media\/441881"}],"wp:attachment":[{"href":"https:\/\/bogensportdiscount.ch\/fr\/wp-json\/wp\/v2\/media?parent=393087"}],"wp:term":[{"taxonomy":"product_brand","embeddable":true,"href":"https:\/\/bogensportdiscount.ch\/fr\/wp-json\/wp\/v2\/product_brand?post=393087"},{"taxonomy":"product_cat","embeddable":true,"href":"https:\/\/bogensportdiscount.ch\/fr\/wp-json\/wp\/v2\/product_cat?post=393087"},{"taxonomy":"product_tag","embeddable":true,"href":"https:\/\/bogensportdiscount.ch\/fr\/wp-json\/wp\/v2\/product_tag?post=393087"}],"curies":[{"name":"wp","href":"https:\/\/api.w.org\/{rel}","templated":true}]}}