{"id":393086,"date":"2026-04-05T14:28:22","date_gmt":"2026-04-05T12:28:22","guid":{"rendered":"https:\/\/bogensportdiscount.ch\/produkt\/bcy-serving-material-braided-halo-dia-030-1lbs-black\/"},"modified":"2026-04-16T12:59:33","modified_gmt":"2026-04-16T10:59:33","slug":"bcy-mittenwicklungsmaterial-braided-halo-030-1lbs-schwarz","status":"publish","type":"product","link":"https:\/\/bogensportdiscount.ch\/fr\/produit\/bcy-mittenwicklungsmaterial-braided-halo-030-1lbs-schwarz\/","title":{"rendered":"BCY MAT\u00c9RIAU DE SERVICE BRAIDED HALO DIA .030\u2033 1LBS BLACK"},"content":{"rendered":"<p>Das BCY Braided Halo Mittenwicklungsmaterial ist speziell f\u00fcr den Sehnenbau konzipiert. Mit einem Durchmesser von .030&#8243; bietet es die n\u00f6tige St\u00e4rke und Stabilit\u00e4t f\u00fcr eine saubere Mittenwicklung an Recurve- und Compoundb\u00f6gen.<\/p>\n<p>Die geflochtene Konstruktion sorgt f\u00fcr eine gleichm\u00e4ssige Oberfl\u00e4che und eine feste, rutschfeste Auflage f\u00fcr den Pfeil. Die Liefereinheit von 1 Pfund bietet ausreichend Material f\u00fcr zahlreiche Sehnen und eignet sich damit besonders f\u00fcr Bogenbauer und Workshops.<\/p>\n<ul>\n<li>Geflochtenes Mittenwicklungsmaterial f\u00fcr hohe Stabilit\u00e4t<\/li>\n<li>Durchmesser .030&#8243; f\u00fcr eine kr\u00e4ftige Wicklung<\/li>\n<li>1-Pfund-Spule f\u00fcr langen Vorrat<\/li>\n<li>Farbe: Schwarz<\/li>\n<\/ul>","protected":false},"excerpt":{"rendered":"<p><strong>Marque :<\/strong> BCY<br \/><strong>Farbe:<\/strong> Schwarz<br \/><strong>Diameter (inch):<\/strong> ,030<br \/><strong>Spool size:<\/strong> 1lbs<\/p>","protected":false},"featured_media":452932,"comment_status":"open","ping_status":"closed","template":"","meta":[],"product_brand":[425],"product_cat":[4167],"product_tag":[3546],"class_list":{"0":"post-393086","1":"product","2":"type-product","3":"status-publish","4":"has-post-thumbnail","6":"product_brand-bcy","7":"product_cat-serving-material-sehnen-herstellung","8":"product_tag-neuheit","10":"first","11":"onbackorder","12":"shipping-taxable","13":"purchasable","14":"product-type-simple"},"_links":{"self":[{"href":"https:\/\/bogensportdiscount.ch\/fr\/wp-json\/wp\/v2\/product\/393086","targetHints":{"allow":["GET"]}}],"collection":[{"href":"https:\/\/bogensportdiscount.ch\/fr\/wp-json\/wp\/v2\/product"}],"about":[{"href":"https:\/\/bogensportdiscount.ch\/fr\/wp-json\/wp\/v2\/types\/product"}],"replies":[{"embeddable":true,"href":"https:\/\/bogensportdiscount.ch\/fr\/wp-json\/wp\/v2\/comments?post=393086"}],"wp:featuredmedia":[{"embeddable":true,"href":"https:\/\/bogensportdiscount.ch\/fr\/wp-json\/wp\/v2\/media\/452932"}],"wp:attachment":[{"href":"https:\/\/bogensportdiscount.ch\/fr\/wp-json\/wp\/v2\/media?parent=393086"}],"wp:term":[{"taxonomy":"product_brand","embeddable":true,"href":"https:\/\/bogensportdiscount.ch\/fr\/wp-json\/wp\/v2\/product_brand?post=393086"},{"taxonomy":"product_cat","embeddable":true,"href":"https:\/\/bogensportdiscount.ch\/fr\/wp-json\/wp\/v2\/product_cat?post=393086"},{"taxonomy":"product_tag","embeddable":true,"href":"https:\/\/bogensportdiscount.ch\/fr\/wp-json\/wp\/v2\/product_tag?post=393086"}],"curies":[{"name":"wp","href":"https:\/\/api.w.org\/{rel}","templated":true}]}}