{"id":393080,"date":"2026-04-05T14:28:20","date_gmt":"2026-04-05T12:28:20","guid":{"rendered":"https:\/\/bogensportdiscount.ch\/produkt\/buck-trail-traditional-back-quiver-montana-with-furr-45cm-leather\/"},"modified":"2026-05-14T07:13:48","modified_gmt":"2026-05-14T05:13:48","slug":"bucktrail-traditioneller-rueckenkocher-montana-mit-fell-45cm-leder","status":"publish","type":"product","link":"https:\/\/bogensportdiscount.ch\/fr\/produit\/bucktrail-traditioneller-rueckenkocher-montana-mit-fell-45cm-leder\/","title":{"rendered":"BUCK TRAIL CARQUOIS DOS TRADITIONNEL MONTANA AVEC FOURRURE 45CM CUIR"},"content":{"rendered":"<p>Le carquois dorsal Bucktrail Montana est fabriqu\u00e9 en cuir et dot\u00e9 d'une garniture en fourrure qui lui conf\u00e8re un aspect traditionnel et caract\u00e9ristique. Avec une longueur de 45 cm, il convient aux tailles de fl\u00e8ches courantes dans le tir \u00e0 l'arc traditionnel.<\/p>\n<p>En tant que carquois dorsal, il se porte sur l'\u00e9paule et permet un acc\u00e8s confortable aux fl\u00e8ches lors du tir. La fabrication en cuir assure stabilit\u00e9 et durabilit\u00e9 lors d'une utilisation quotidienne.<\/p>\n<ul>\n<li>Carquois dorsal traditionnel en cuir<\/li>\n<li>Garniture d\u00e9corative en fourrure<\/li>\n<li>Longueur : 45 cm<\/li>\n<li>Adapt\u00e9 au tir \u00e0 l'arc traditionnel<\/li>\n<\/ul>","protected":false},"excerpt":{"rendered":"<table>\n<tr>\n<th>Propri\u00e9t\u00e9<\/th>\n<th>Valeur<\/th>\n<\/tr>\n<tr>\n<td>Marque<\/td>\n<td>Buck Trail<\/td>\n<\/tr>\n<tr>\n<td>Type<\/td>\n<td>Back quiver<\/td>\n<\/tr>\n<tr>\n<td>Couleur<\/td>\n<td>Brun<\/td>\n<\/tr>\n<tr>\n<td>Hand (LH\/RH)<\/td>\n<td>Ambidextre<\/td>\n<\/tr>\n<tr>\n<td>Pays d'origine<\/td>\n<td>Pakistan<\/td>\n<\/tr>\n<tr>\n<td>GTIN<\/td>\n<td>6426003628647<\/td>\n<\/tr>\n<\/table>","protected":false},"featured_media":441888,"comment_status":"open","ping_status":"closed","template":"","meta":[],"product_brand":[432],"product_cat":[4124,4145,4149],"product_tag":[3546],"class_list":{"0":"post-393080","1":"product","2":"type-product","3":"status-publish","4":"has-post-thumbnail","6":"product_brand-bucktrail","7":"product_cat-bogenschuetzer-ausruestung","8":"product_cat-koecher-guerteltasche","9":"product_cat-traditioneller-koecher","10":"product_tag-neuheit","11":"product_shipping_class-bsd-standard","13":"first","14":"instock","15":"shipping-taxable","16":"purchasable","17":"product-type-simple"},"yoast_head":"<!-- This site is optimized with the Yoast SEO plugin v27.6 - https:\/\/yoast.com\/product\/yoast-seo-wordpress\/ -->\n<title>BUCK TRAIL TRADITIONELLER R\u00dcCKENK\u00d6CHER MONTANA MIT FELL 45CM LEDER - Bogensportdiscount \u2013 B\u00f6gen, Pfeile, Targets &amp; Zubeh\u00f6r<\/title>\n<meta name=\"description\" content=\"BUCK TRAIL TRADITIONELLER R\u00dcCKENK\u00d6CHER MONTANA MIT FELL 45CM LEDER g\u00fcnstig kaufen bei Bogensportdiscount \u2013 Top-Marken, schneller Versand aus der Schweiz.\" \/>\n<meta name=\"robots\" content=\"index, follow, max-snippet:-1, max-image-preview:large, max-video-preview:-1\" \/>\n<link rel=\"canonical\" href=\"https:\/\/bogensportdiscount.ch\/fr\/produit\/bucktrail-traditioneller-rueckenkocher-montana-mit-fell-45cm-leder\/\" \/>\n<meta property=\"og:locale\" content=\"fr_FR\" \/>\n<meta property=\"og:type\" content=\"article\" \/>\n<meta property=\"og:title\" content=\"BUCK TRAIL TRADITIONELLER R\u00dcCKENK\u00d6CHER MONTANA MIT FELL 45CM LEDER - Bogensportdiscount \u2013 B\u00f6gen, Pfeile, Targets &amp; Zubeh\u00f6r\" \/>\n<meta property=\"og:description\" content=\"BUCK TRAIL TRADITIONELLER R\u00dcCKENK\u00d6CHER MONTANA MIT FELL 45CM LEDER g\u00fcnstig kaufen bei Bogensportdiscount \u2013 Top-Marken, schneller Versand aus der Schweiz.\" \/>\n<meta property=\"og:url\" content=\"https:\/\/bogensportdiscount.ch\/fr\/produit\/bucktrail-traditioneller-rueckenkocher-montana-mit-fell-45cm-leder\/\" \/>\n<meta property=\"og:site_name\" content=\"Bogensportdiscount \u2013 B\u00f6gen, Pfeile, Targets &amp; Zubeh\u00f6r\" \/>\n<meta property=\"article:modified_time\" content=\"2026-05-14T05:13:48+00:00\" \/>\n<meta property=\"og:image\" content=\"https:\/\/bogensportdiscount.ch\/wp-content\/uploads\/bsm-images\/A062192_1.png\" \/>\n\t<meta property=\"og:image:width\" content=\"3909\" \/>\n\t<meta property=\"og:image:height\" content=\"3635\" \/>\n\t<meta property=\"og:image:type\" content=\"image\/png\" \/>\n<meta name=\"twitter:card\" content=\"summary_large_image\" \/>\n<script type=\"application\/ld+json\" class=\"yoast-schema-graph\">{\"@context\":\"https:\\\/\\\/schema.org\",\"@graph\":[{\"@type\":\"WebPage\",\"@id\":\"https:\\\/\\\/bogensportdiscount.ch\\\/produkt\\\/bucktrail-traditioneller-rueckenkocher-montana-mit-fell-45cm-leder\\\/\",\"url\":\"https:\\\/\\\/bogensportdiscount.ch\\\/produkt\\\/bucktrail-traditioneller-rueckenkocher-montana-mit-fell-45cm-leder\\\/\",\"name\":\"BUCK TRAIL TRADITIONELLER R\u00dcCKENK\u00d6CHER MONTANA MIT FELL 45CM LEDER - Bogensportdiscount \u2013 B\u00f6gen, Pfeile, Targets &amp; Zubeh\u00f6r\",\"isPartOf\":{\"@id\":\"https:\\\/\\\/bogensportdiscount.ch\\\/#website\"},\"primaryImageOfPage\":{\"@id\":\"https:\\\/\\\/bogensportdiscount.ch\\\/produkt\\\/bucktrail-traditioneller-rueckenkocher-montana-mit-fell-45cm-leder\\\/#primaryimage\"},\"image\":{\"@id\":\"https:\\\/\\\/bogensportdiscount.ch\\\/produkt\\\/bucktrail-traditioneller-rueckenkocher-montana-mit-fell-45cm-leder\\\/#primaryimage\"},\"thumbnailUrl\":\"https:\\\/\\\/bogensportdiscount.ch\\\/wp-content\\\/uploads\\\/bsm-images\\\/A062192_1.png\",\"datePublished\":\"2026-04-05T12:28:20+00:00\",\"dateModified\":\"2026-05-14T05:13:48+00:00\",\"description\":\"BUCK TRAIL TRADITIONELLER R\u00dcCKENK\u00d6CHER MONTANA MIT FELL 45CM LEDER g\u00fcnstig kaufen bei Bogensportdiscount \u2013 Top-Marken, schneller Versand aus der Schweiz.\",\"breadcrumb\":{\"@id\":\"https:\\\/\\\/bogensportdiscount.ch\\\/produkt\\\/bucktrail-traditioneller-rueckenkocher-montana-mit-fell-45cm-leder\\\/#breadcrumb\"},\"inLanguage\":\"fr-FR\",\"potentialAction\":[{\"@type\":\"ReadAction\",\"target\":[\"https:\\\/\\\/bogensportdiscount.ch\\\/produkt\\\/bucktrail-traditioneller-rueckenkocher-montana-mit-fell-45cm-leder\\\/\"]}]},{\"@type\":\"ImageObject\",\"inLanguage\":\"fr-FR\",\"@id\":\"https:\\\/\\\/bogensportdiscount.ch\\\/produkt\\\/bucktrail-traditioneller-rueckenkocher-montana-mit-fell-45cm-leder\\\/#primaryimage\",\"url\":\"https:\\\/\\\/bogensportdiscount.ch\\\/wp-content\\\/uploads\\\/bsm-images\\\/A062192_1.png\",\"contentUrl\":\"https:\\\/\\\/bogensportdiscount.ch\\\/wp-content\\\/uploads\\\/bsm-images\\\/A062192_1.png\",\"width\":3909,\"height\":3635},{\"@type\":\"BreadcrumbList\",\"@id\":\"https:\\\/\\\/bogensportdiscount.ch\\\/produkt\\\/bucktrail-traditioneller-rueckenkocher-montana-mit-fell-45cm-leder\\\/#breadcrumb\",\"itemListElement\":[{\"@type\":\"ListItem\",\"position\":1,\"name\":\"Home\",\"item\":\"https:\\\/\\\/bogensportdiscount.ch\\\/\"},{\"@type\":\"ListItem\",\"position\":2,\"name\":\"Shop\",\"item\":\"https:\\\/\\\/bogensportdiscount.ch\\\/shop\\\/\"},{\"@type\":\"ListItem\",\"position\":3,\"name\":\"BUCK TRAIL TRADITIONAL BACK QUIVER MONTANA WITH FURR 45CM LEATHER\"}]},{\"@type\":\"WebSite\",\"@id\":\"https:\\\/\\\/bogensportdiscount.ch\\\/#website\",\"url\":\"https:\\\/\\\/bogensportdiscount.ch\\\/\",\"name\":\"Bogensportdiscount\",\"description\":\"\",\"potentialAction\":[{\"@type\":\"SearchAction\",\"target\":{\"@type\":\"EntryPoint\",\"urlTemplate\":\"https:\\\/\\\/bogensportdiscount.ch\\\/?s={search_term_string}\"},\"query-input\":{\"@type\":\"PropertyValueSpecification\",\"valueRequired\":true,\"valueName\":\"search_term_string\"}}],\"inLanguage\":\"fr-FR\"}]}<\/script>\n<!-- \/ Yoast SEO plugin. -->","yoast_head_json":{"title":"BUCK TRAIL TRADITIONELLER R\u00dcCKENK\u00d6CHER MONTANA MIT FELL 45CM LEDER - Bogensportdiscount \u2013 B\u00f6gen, Pfeile, Targets &amp; Zubeh\u00f6r","description":"BUCK TRAIL TRADITIONELLER R\u00dcCKENK\u00d6CHER MONTANA MIT FELL 45CM LEDER g\u00fcnstig kaufen bei Bogensportdiscount \u2013 Top-Marken, schneller Versand aus der Schweiz.","robots":{"index":"index","follow":"follow","max-snippet":"max-snippet:-1","max-image-preview":"max-image-preview:large","max-video-preview":"max-video-preview:-1"},"canonical":"https:\/\/bogensportdiscount.ch\/fr\/produit\/bucktrail-traditioneller-rueckenkocher-montana-mit-fell-45cm-leder\/","og_locale":"fr_FR","og_type":"article","og_title":"BUCK TRAIL TRADITIONELLER R\u00dcCKENK\u00d6CHER MONTANA MIT FELL 45CM LEDER - Bogensportdiscount \u2013 B\u00f6gen, Pfeile, Targets &amp; Zubeh\u00f6r","og_description":"BUCK TRAIL TRADITIONELLER R\u00dcCKENK\u00d6CHER MONTANA MIT FELL 45CM LEDER g\u00fcnstig kaufen bei Bogensportdiscount \u2013 Top-Marken, schneller Versand aus der Schweiz.","og_url":"https:\/\/bogensportdiscount.ch\/fr\/produit\/bucktrail-traditioneller-rueckenkocher-montana-mit-fell-45cm-leder\/","og_site_name":"Bogensportdiscount \u2013 B\u00f6gen, Pfeile, Targets &amp; Zubeh\u00f6r","article_modified_time":"2026-05-14T05:13:48+00:00","og_image":[{"url":"https:\/\/bogensportdiscount.ch\/wp-content\/uploads\/bsm-images\/A062192_1.png","width":3909,"height":3635,"type":"image\/png"}],"twitter_card":"summary_large_image","schema":{"@context":"https:\/\/schema.org","@graph":[{"@type":"WebPage","@id":"https:\/\/bogensportdiscount.ch\/produkt\/bucktrail-traditioneller-rueckenkocher-montana-mit-fell-45cm-leder\/","url":"https:\/\/bogensportdiscount.ch\/produkt\/bucktrail-traditioneller-rueckenkocher-montana-mit-fell-45cm-leder\/","name":"BUCK TRAIL TRADITIONELLER R\u00dcCKENK\u00d6CHER MONTANA MIT FELL 45CM LEDER - Bogensportdiscount \u2013 B\u00f6gen, Pfeile, Targets &amp; Zubeh\u00f6r","isPartOf":{"@id":"https:\/\/bogensportdiscount.ch\/#website"},"primaryImageOfPage":{"@id":"https:\/\/bogensportdiscount.ch\/produkt\/bucktrail-traditioneller-rueckenkocher-montana-mit-fell-45cm-leder\/#primaryimage"},"image":{"@id":"https:\/\/bogensportdiscount.ch\/produkt\/bucktrail-traditioneller-rueckenkocher-montana-mit-fell-45cm-leder\/#primaryimage"},"thumbnailUrl":"https:\/\/bogensportdiscount.ch\/wp-content\/uploads\/bsm-images\/A062192_1.png","datePublished":"2026-04-05T12:28:20+00:00","dateModified":"2026-05-14T05:13:48+00:00","description":"BUCK TRAIL TRADITIONELLER R\u00dcCKENK\u00d6CHER MONTANA MIT FELL 45CM LEDER g\u00fcnstig kaufen bei Bogensportdiscount \u2013 Top-Marken, schneller Versand aus der Schweiz.","breadcrumb":{"@id":"https:\/\/bogensportdiscount.ch\/produkt\/bucktrail-traditioneller-rueckenkocher-montana-mit-fell-45cm-leder\/#breadcrumb"},"inLanguage":"fr-FR","potentialAction":[{"@type":"ReadAction","target":["https:\/\/bogensportdiscount.ch\/produkt\/bucktrail-traditioneller-rueckenkocher-montana-mit-fell-45cm-leder\/"]}]},{"@type":"ImageObject","inLanguage":"fr-FR","@id":"https:\/\/bogensportdiscount.ch\/produkt\/bucktrail-traditioneller-rueckenkocher-montana-mit-fell-45cm-leder\/#primaryimage","url":"https:\/\/bogensportdiscount.ch\/wp-content\/uploads\/bsm-images\/A062192_1.png","contentUrl":"https:\/\/bogensportdiscount.ch\/wp-content\/uploads\/bsm-images\/A062192_1.png","width":3909,"height":3635},{"@type":"BreadcrumbList","@id":"https:\/\/bogensportdiscount.ch\/produkt\/bucktrail-traditioneller-rueckenkocher-montana-mit-fell-45cm-leder\/#breadcrumb","itemListElement":[{"@type":"ListItem","position":1,"name":"Home","item":"https:\/\/bogensportdiscount.ch\/"},{"@type":"ListItem","position":2,"name":"Shop","item":"https:\/\/bogensportdiscount.ch\/shop\/"},{"@type":"ListItem","position":3,"name":"BUCK TRAIL TRADITIONAL BACK QUIVER MONTANA WITH FURR 45CM LEATHER"}]},{"@type":"WebSite","@id":"https:\/\/bogensportdiscount.ch\/#website","url":"https:\/\/bogensportdiscount.ch\/","name":"Bogensportdiscount","description":"","potentialAction":[{"@type":"SearchAction","target":{"@type":"EntryPoint","urlTemplate":"https:\/\/bogensportdiscount.ch\/?s={search_term_string}"},"query-input":{"@type":"PropertyValueSpecification","valueRequired":true,"valueName":"search_term_string"}}],"inLanguage":"fr-FR"}]}},"_links":{"self":[{"href":"https:\/\/bogensportdiscount.ch\/fr\/wp-json\/wp\/v2\/product\/393080","targetHints":{"allow":["GET"]}}],"collection":[{"href":"https:\/\/bogensportdiscount.ch\/fr\/wp-json\/wp\/v2\/product"}],"about":[{"href":"https:\/\/bogensportdiscount.ch\/fr\/wp-json\/wp\/v2\/types\/product"}],"replies":[{"embeddable":true,"href":"https:\/\/bogensportdiscount.ch\/fr\/wp-json\/wp\/v2\/comments?post=393080"}],"wp:featuredmedia":[{"embeddable":true,"href":"https:\/\/bogensportdiscount.ch\/fr\/wp-json\/wp\/v2\/media\/441888"}],"wp:attachment":[{"href":"https:\/\/bogensportdiscount.ch\/fr\/wp-json\/wp\/v2\/media?parent=393080"}],"wp:term":[{"taxonomy":"product_brand","embeddable":true,"href":"https:\/\/bogensportdiscount.ch\/fr\/wp-json\/wp\/v2\/product_brand?post=393080"},{"taxonomy":"product_cat","embeddable":true,"href":"https:\/\/bogensportdiscount.ch\/fr\/wp-json\/wp\/v2\/product_cat?post=393080"},{"taxonomy":"product_tag","embeddable":true,"href":"https:\/\/bogensportdiscount.ch\/fr\/wp-json\/wp\/v2\/product_tag?post=393080"}],"curies":[{"name":"wp","href":"https:\/\/api.w.org\/{rel}","templated":true}]}}