{"id":393059,"date":"2026-04-05T14:28:16","date_gmt":"2026-04-05T12:28:16","guid":{"rendered":"https:\/\/bogensportdiscount.ch\/produkt\/last-chance-vmp-fletching-station\/"},"modified":"2026-04-15T12:15:13","modified_gmt":"2026-04-15T10:15:13","slug":"last-chance-vmp-fletching-station","status":"publish","type":"product","link":"https:\/\/bogensportdiscount.ch\/fr\/produit\/last-chance-vmp-fletching-station\/","title":{"rendered":"LAST CHANCE VMP FLETCHING STATION"},"content":{"rendered":"<p>Die Last Chance VMP Fletching Station ist ein Werkzeug f\u00fcr den Pfeilbau, das beim Aufkleben von Befiederungen auf Pfeilsch\u00e4fte eingesetzt wird. Als Befiederungsstation erm\u00f6glicht sie eine gleichm\u00e4ssige und wiederholbare Positionierung der Federn.<\/p>\n<p>Das Ger\u00e4t richtet sich an Bogensportler, die ihre Pfeile selbst befiedern oder aufbereiten m\u00f6chten. Dank der stabilen Konstruktion lassen sich Federn in gleichbleibender Qualit\u00e4t anbringen.<\/p>\n<ul>\n<li>Befiederungsstation f\u00fcr den Pfeilbau<\/li>\n<li>Pr\u00e4zise und reproduzierbare Positionierung der Federn<\/li>\n<li>Fabriqu\u00e9 aux \u00c9tats-Unis<\/li>\n<li>Von Last Chance Archery<\/li>\n<\/ul>","protected":false},"excerpt":{"rendered":"<p>Die Last Chance VMP Fletching Station ist eine Befiederungsstation f\u00fcr den professionellen Pfeilbau. Sie erm\u00f6glicht pr\u00e4zises und reproduzierbares Aufkleben von Federn auf Pfeilsch\u00e4fte. Hergestellt in den USA.<\/p>","protected":false},"featured_media":441930,"comment_status":"open","ping_status":"closed","template":"","meta":[],"product_brand":[499],"product_cat":[4141],"product_tag":[3546],"class_list":{"0":"post-393059","1":"product","2":"type-product","3":"status-publish","4":"has-post-thumbnail","6":"product_brand-lastchance","7":"product_cat-fletching-jigs-parts","8":"product_tag-neuheit","10":"first","11":"instock","12":"shipping-taxable","13":"purchasable","14":"product-type-simple"},"_links":{"self":[{"href":"https:\/\/bogensportdiscount.ch\/fr\/wp-json\/wp\/v2\/product\/393059","targetHints":{"allow":["GET"]}}],"collection":[{"href":"https:\/\/bogensportdiscount.ch\/fr\/wp-json\/wp\/v2\/product"}],"about":[{"href":"https:\/\/bogensportdiscount.ch\/fr\/wp-json\/wp\/v2\/types\/product"}],"replies":[{"embeddable":true,"href":"https:\/\/bogensportdiscount.ch\/fr\/wp-json\/wp\/v2\/comments?post=393059"}],"wp:featuredmedia":[{"embeddable":true,"href":"https:\/\/bogensportdiscount.ch\/fr\/wp-json\/wp\/v2\/media\/441930"}],"wp:attachment":[{"href":"https:\/\/bogensportdiscount.ch\/fr\/wp-json\/wp\/v2\/media?parent=393059"}],"wp:term":[{"taxonomy":"product_brand","embeddable":true,"href":"https:\/\/bogensportdiscount.ch\/fr\/wp-json\/wp\/v2\/product_brand?post=393059"},{"taxonomy":"product_cat","embeddable":true,"href":"https:\/\/bogensportdiscount.ch\/fr\/wp-json\/wp\/v2\/product_cat?post=393059"},{"taxonomy":"product_tag","embeddable":true,"href":"https:\/\/bogensportdiscount.ch\/fr\/wp-json\/wp\/v2\/product_tag?post=393059"}],"curies":[{"name":"wp","href":"https:\/\/api.w.org\/{rel}","templated":true}]}}