{"id":393058,"date":"2026-04-05T14:28:16","date_gmt":"2026-04-05T12:28:16","guid":{"rendered":"https:\/\/bogensportdiscount.ch\/produkt\/spinwing-double-sided-fletching-long-tape-12-strips\/"},"modified":"2026-05-14T07:13:48","modified_gmt":"2026-05-14T05:13:48","slug":"spinwing-doppelseitiges-befiederungsklebeband-lang-12-streifen","status":"publish","type":"product","link":"https:\/\/bogensportdiscount.ch\/fr\/produit\/spinwing-doppelseitiges-befiederungsklebeband-lang-12-streifen\/","title":{"rendered":"SPINWING RUBAN ADH\u00c9SIF DOUBLE FACE LONG POUR EMPENNAGE &#8211; 12 BANDES"},"content":{"rendered":"<p>Le ruban adh\u00e9sif double face pour empennage SPINWING en version longue est sp\u00e9cialement con\u00e7u pour une utilisation avec les empennages Spinwing. Gr\u00e2ce \u00e0 sa surface adh\u00e9sive des deux c\u00f4t\u00e9s, une liaison solide et durable est \u00e9tablie entre l'empennage et le tube de fl\u00e8che.<\/p>\n<p>Chaque paquet contient 12 bandes adh\u00e9sives permettant une application simple et propre. Le ruban convient \u00e0 une utilisation dans l'atelier de fabrication de fl\u00e8ches et constitue un mat\u00e9riau consommable pratique pour les archers qui empennent eux-m\u00eames leurs fl\u00e8ches.<\/p>\n<ul>\n<li>Double face pour une fixation s\u00fbre<\/li>\n<li>Version longue pour des empennages de grande taille<\/li>\n<li>12 bandes par emballage<\/li>\n<li>Compatible avec les empennages Spinwing<\/li>\n<\/ul>","protected":false},"excerpt":{"rendered":"<table>\n<tr>\n<th>Propri\u00e9t\u00e9<\/th>\n<th>Valeur<\/th>\n<\/tr>\n<tr>\n<td>Marque<\/td>\n<td>Spin Wings<\/td>\n<\/tr>\n<tr>\n<td>Type<\/td>\n<td>Fletching tape<\/td>\n<\/tr>\n<tr>\n<td>Emballage<\/td>\n<td>12\/Pk<\/td>\n<\/tr>\n<tr>\n<td>Pays d'origine<\/td>\n<td>USA<\/td>\n<\/tr>\n<\/table>","protected":false},"featured_media":441929,"comment_status":"open","ping_status":"closed","template":"","meta":[],"product_brand":[845],"product_cat":[4121,4140,4351],"product_tag":[3546],"class_list":{"0":"post-393058","1":"product","2":"type-product","3":"status-publish","4":"has-post-thumbnail","6":"product_brand-spinwing","7":"product_cat-werkzeuge-training","8":"product_cat-pfeilbau","9":"product_cat-klebstoff-primer-klebeband","10":"product_tag-neuheit","11":"product_shipping_class-bsd-standard","13":"first","14":"instock","15":"shipping-taxable","16":"purchasable","17":"product-type-simple"},"yoast_head":"<!-- This site is optimized with the Yoast SEO plugin v27.6 - https:\/\/yoast.com\/product\/yoast-seo-wordpress\/ -->\n<title>SPINWING DOPPELSEITIG BEFIEDERUNG LANGES KLEBEBAND - 12 STREIFEN - Bogensportdiscount \u2013 B\u00f6gen, Pfeile, Targets &amp; Zubeh\u00f6r<\/title>\n<meta name=\"description\" content=\"SPINWING DOPPELSEITIG BEFIEDERUNG LANGES KLEBEBAND - 12 STREIFEN g\u00fcnstig kaufen bei Bogensportdiscount \u2013 Top-Marken, schneller Versand aus der Schweiz.\" \/>\n<meta name=\"robots\" content=\"index, follow, max-snippet:-1, max-image-preview:large, max-video-preview:-1\" \/>\n<link rel=\"canonical\" href=\"https:\/\/bogensportdiscount.ch\/fr\/produit\/spinwing-doppelseitiges-befiederungsklebeband-lang-12-streifen\/\" \/>\n<meta property=\"og:locale\" content=\"fr_FR\" \/>\n<meta property=\"og:type\" content=\"article\" \/>\n<meta property=\"og:title\" content=\"SPINWING DOPPELSEITIG BEFIEDERUNG LANGES KLEBEBAND - 12 STREIFEN - Bogensportdiscount \u2013 B\u00f6gen, Pfeile, Targets &amp; Zubeh\u00f6r\" \/>\n<meta property=\"og:description\" content=\"SPINWING DOPPELSEITIG BEFIEDERUNG LANGES KLEBEBAND - 12 STREIFEN g\u00fcnstig kaufen bei Bogensportdiscount \u2013 Top-Marken, schneller Versand aus der Schweiz.\" \/>\n<meta property=\"og:url\" content=\"https:\/\/bogensportdiscount.ch\/fr\/produit\/spinwing-doppelseitiges-befiederungsklebeband-lang-12-streifen\/\" \/>\n<meta property=\"og:site_name\" content=\"Bogensportdiscount \u2013 B\u00f6gen, Pfeile, Targets &amp; Zubeh\u00f6r\" \/>\n<meta property=\"article:modified_time\" content=\"2026-05-14T05:13:48+00:00\" \/>\n<meta property=\"og:image\" content=\"https:\/\/bogensportdiscount.ch\/wp-content\/uploads\/bsm-images\/A061754_1.png\" \/>\n\t<meta property=\"og:image:width\" content=\"3212\" \/>\n\t<meta property=\"og:image:height\" content=\"2487\" \/>\n\t<meta property=\"og:image:type\" content=\"image\/png\" \/>\n<meta name=\"twitter:card\" content=\"summary_large_image\" \/>\n<script type=\"application\/ld+json\" class=\"yoast-schema-graph\">{\"@context\":\"https:\\\/\\\/schema.org\",\"@graph\":[{\"@type\":\"WebPage\",\"@id\":\"https:\\\/\\\/bogensportdiscount.ch\\\/produkt\\\/spinwing-doppelseitiges-befiederungsklebeband-lang-12-streifen\\\/\",\"url\":\"https:\\\/\\\/bogensportdiscount.ch\\\/produkt\\\/spinwing-doppelseitiges-befiederungsklebeband-lang-12-streifen\\\/\",\"name\":\"SPINWING DOPPELSEITIG BEFIEDERUNG LANGES KLEBEBAND - 12 STREIFEN - Bogensportdiscount \u2013 B\u00f6gen, Pfeile, Targets &amp; Zubeh\u00f6r\",\"isPartOf\":{\"@id\":\"https:\\\/\\\/bogensportdiscount.ch\\\/#website\"},\"primaryImageOfPage\":{\"@id\":\"https:\\\/\\\/bogensportdiscount.ch\\\/produkt\\\/spinwing-doppelseitiges-befiederungsklebeband-lang-12-streifen\\\/#primaryimage\"},\"image\":{\"@id\":\"https:\\\/\\\/bogensportdiscount.ch\\\/produkt\\\/spinwing-doppelseitiges-befiederungsklebeband-lang-12-streifen\\\/#primaryimage\"},\"thumbnailUrl\":\"https:\\\/\\\/bogensportdiscount.ch\\\/wp-content\\\/uploads\\\/bsm-images\\\/A061754_1.png\",\"datePublished\":\"2026-04-05T12:28:16+00:00\",\"dateModified\":\"2026-05-14T05:13:48+00:00\",\"description\":\"SPINWING DOPPELSEITIG BEFIEDERUNG LANGES KLEBEBAND - 12 STREIFEN g\u00fcnstig kaufen bei Bogensportdiscount \u2013 Top-Marken, schneller Versand aus der Schweiz.\",\"breadcrumb\":{\"@id\":\"https:\\\/\\\/bogensportdiscount.ch\\\/produkt\\\/spinwing-doppelseitiges-befiederungsklebeband-lang-12-streifen\\\/#breadcrumb\"},\"inLanguage\":\"fr-FR\",\"potentialAction\":[{\"@type\":\"ReadAction\",\"target\":[\"https:\\\/\\\/bogensportdiscount.ch\\\/produkt\\\/spinwing-doppelseitiges-befiederungsklebeband-lang-12-streifen\\\/\"]}]},{\"@type\":\"ImageObject\",\"inLanguage\":\"fr-FR\",\"@id\":\"https:\\\/\\\/bogensportdiscount.ch\\\/produkt\\\/spinwing-doppelseitiges-befiederungsklebeband-lang-12-streifen\\\/#primaryimage\",\"url\":\"https:\\\/\\\/bogensportdiscount.ch\\\/wp-content\\\/uploads\\\/bsm-images\\\/A061754_1.png\",\"contentUrl\":\"https:\\\/\\\/bogensportdiscount.ch\\\/wp-content\\\/uploads\\\/bsm-images\\\/A061754_1.png\",\"width\":3212,\"height\":2487},{\"@type\":\"BreadcrumbList\",\"@id\":\"https:\\\/\\\/bogensportdiscount.ch\\\/produkt\\\/spinwing-doppelseitiges-befiederungsklebeband-lang-12-streifen\\\/#breadcrumb\",\"itemListElement\":[{\"@type\":\"ListItem\",\"position\":1,\"name\":\"Home\",\"item\":\"https:\\\/\\\/bogensportdiscount.ch\\\/\"},{\"@type\":\"ListItem\",\"position\":2,\"name\":\"Shop\",\"item\":\"https:\\\/\\\/bogensportdiscount.ch\\\/shop\\\/\"},{\"@type\":\"ListItem\",\"position\":3,\"name\":\"SPINWING DOUBLE SIDED FLETCHING LONG TAPE &#8211; 12 STRIPS\"}]},{\"@type\":\"WebSite\",\"@id\":\"https:\\\/\\\/bogensportdiscount.ch\\\/#website\",\"url\":\"https:\\\/\\\/bogensportdiscount.ch\\\/\",\"name\":\"Bogensportdiscount\",\"description\":\"\",\"potentialAction\":[{\"@type\":\"SearchAction\",\"target\":{\"@type\":\"EntryPoint\",\"urlTemplate\":\"https:\\\/\\\/bogensportdiscount.ch\\\/?s={search_term_string}\"},\"query-input\":{\"@type\":\"PropertyValueSpecification\",\"valueRequired\":true,\"valueName\":\"search_term_string\"}}],\"inLanguage\":\"fr-FR\"}]}<\/script>\n<!-- \/ Yoast SEO plugin. -->","yoast_head_json":{"title":"SPINWING DOPPELSEITIG BEFIEDERUNG LANGES KLEBEBAND - 12 STREIFEN - Bogensportdiscount \u2013 B\u00f6gen, Pfeile, Targets &amp; Zubeh\u00f6r","description":"SPINWING DOPPELSEITIG BEFIEDERUNG LANGES KLEBEBAND - 12 STREIFEN g\u00fcnstig kaufen bei Bogensportdiscount \u2013 Top-Marken, schneller Versand aus der Schweiz.","robots":{"index":"index","follow":"follow","max-snippet":"max-snippet:-1","max-image-preview":"max-image-preview:large","max-video-preview":"max-video-preview:-1"},"canonical":"https:\/\/bogensportdiscount.ch\/fr\/produit\/spinwing-doppelseitiges-befiederungsklebeband-lang-12-streifen\/","og_locale":"fr_FR","og_type":"article","og_title":"SPINWING DOPPELSEITIG BEFIEDERUNG LANGES KLEBEBAND - 12 STREIFEN - Bogensportdiscount \u2013 B\u00f6gen, Pfeile, Targets &amp; Zubeh\u00f6r","og_description":"SPINWING DOPPELSEITIG BEFIEDERUNG LANGES KLEBEBAND - 12 STREIFEN g\u00fcnstig kaufen bei Bogensportdiscount \u2013 Top-Marken, schneller Versand aus der Schweiz.","og_url":"https:\/\/bogensportdiscount.ch\/fr\/produit\/spinwing-doppelseitiges-befiederungsklebeband-lang-12-streifen\/","og_site_name":"Bogensportdiscount \u2013 B\u00f6gen, Pfeile, Targets &amp; Zubeh\u00f6r","article_modified_time":"2026-05-14T05:13:48+00:00","og_image":[{"url":"https:\/\/bogensportdiscount.ch\/wp-content\/uploads\/bsm-images\/A061754_1.png","width":3212,"height":2487,"type":"image\/png"}],"twitter_card":"summary_large_image","schema":{"@context":"https:\/\/schema.org","@graph":[{"@type":"WebPage","@id":"https:\/\/bogensportdiscount.ch\/produkt\/spinwing-doppelseitiges-befiederungsklebeband-lang-12-streifen\/","url":"https:\/\/bogensportdiscount.ch\/produkt\/spinwing-doppelseitiges-befiederungsklebeband-lang-12-streifen\/","name":"SPINWING DOPPELSEITIG BEFIEDERUNG LANGES KLEBEBAND - 12 STREIFEN - Bogensportdiscount \u2013 B\u00f6gen, Pfeile, Targets &amp; Zubeh\u00f6r","isPartOf":{"@id":"https:\/\/bogensportdiscount.ch\/#website"},"primaryImageOfPage":{"@id":"https:\/\/bogensportdiscount.ch\/produkt\/spinwing-doppelseitiges-befiederungsklebeband-lang-12-streifen\/#primaryimage"},"image":{"@id":"https:\/\/bogensportdiscount.ch\/produkt\/spinwing-doppelseitiges-befiederungsklebeband-lang-12-streifen\/#primaryimage"},"thumbnailUrl":"https:\/\/bogensportdiscount.ch\/wp-content\/uploads\/bsm-images\/A061754_1.png","datePublished":"2026-04-05T12:28:16+00:00","dateModified":"2026-05-14T05:13:48+00:00","description":"SPINWING DOPPELSEITIG BEFIEDERUNG LANGES KLEBEBAND - 12 STREIFEN g\u00fcnstig kaufen bei Bogensportdiscount \u2013 Top-Marken, schneller Versand aus der Schweiz.","breadcrumb":{"@id":"https:\/\/bogensportdiscount.ch\/produkt\/spinwing-doppelseitiges-befiederungsklebeband-lang-12-streifen\/#breadcrumb"},"inLanguage":"fr-FR","potentialAction":[{"@type":"ReadAction","target":["https:\/\/bogensportdiscount.ch\/produkt\/spinwing-doppelseitiges-befiederungsklebeband-lang-12-streifen\/"]}]},{"@type":"ImageObject","inLanguage":"fr-FR","@id":"https:\/\/bogensportdiscount.ch\/produkt\/spinwing-doppelseitiges-befiederungsklebeband-lang-12-streifen\/#primaryimage","url":"https:\/\/bogensportdiscount.ch\/wp-content\/uploads\/bsm-images\/A061754_1.png","contentUrl":"https:\/\/bogensportdiscount.ch\/wp-content\/uploads\/bsm-images\/A061754_1.png","width":3212,"height":2487},{"@type":"BreadcrumbList","@id":"https:\/\/bogensportdiscount.ch\/produkt\/spinwing-doppelseitiges-befiederungsklebeband-lang-12-streifen\/#breadcrumb","itemListElement":[{"@type":"ListItem","position":1,"name":"Home","item":"https:\/\/bogensportdiscount.ch\/"},{"@type":"ListItem","position":2,"name":"Shop","item":"https:\/\/bogensportdiscount.ch\/shop\/"},{"@type":"ListItem","position":3,"name":"SPINWING DOUBLE SIDED FLETCHING LONG TAPE &#8211; 12 STRIPS"}]},{"@type":"WebSite","@id":"https:\/\/bogensportdiscount.ch\/#website","url":"https:\/\/bogensportdiscount.ch\/","name":"Bogensportdiscount","description":"","potentialAction":[{"@type":"SearchAction","target":{"@type":"EntryPoint","urlTemplate":"https:\/\/bogensportdiscount.ch\/?s={search_term_string}"},"query-input":{"@type":"PropertyValueSpecification","valueRequired":true,"valueName":"search_term_string"}}],"inLanguage":"fr-FR"}]}},"_links":{"self":[{"href":"https:\/\/bogensportdiscount.ch\/fr\/wp-json\/wp\/v2\/product\/393058","targetHints":{"allow":["GET"]}}],"collection":[{"href":"https:\/\/bogensportdiscount.ch\/fr\/wp-json\/wp\/v2\/product"}],"about":[{"href":"https:\/\/bogensportdiscount.ch\/fr\/wp-json\/wp\/v2\/types\/product"}],"replies":[{"embeddable":true,"href":"https:\/\/bogensportdiscount.ch\/fr\/wp-json\/wp\/v2\/comments?post=393058"}],"wp:featuredmedia":[{"embeddable":true,"href":"https:\/\/bogensportdiscount.ch\/fr\/wp-json\/wp\/v2\/media\/441929"}],"wp:attachment":[{"href":"https:\/\/bogensportdiscount.ch\/fr\/wp-json\/wp\/v2\/media?parent=393058"}],"wp:term":[{"taxonomy":"product_brand","embeddable":true,"href":"https:\/\/bogensportdiscount.ch\/fr\/wp-json\/wp\/v2\/product_brand?post=393058"},{"taxonomy":"product_cat","embeddable":true,"href":"https:\/\/bogensportdiscount.ch\/fr\/wp-json\/wp\/v2\/product_cat?post=393058"},{"taxonomy":"product_tag","embeddable":true,"href":"https:\/\/bogensportdiscount.ch\/fr\/wp-json\/wp\/v2\/product_tag?post=393058"}],"curies":[{"name":"wp","href":"https:\/\/api.w.org\/{rel}","templated":true}]}}