{"id":393048,"date":"2026-04-05T14:28:13","date_gmt":"2026-04-05T12:28:13","guid":{"rendered":"https:\/\/bogensportdiscount.ch\/produkt\/hamskea-compound-arrow-rest-parts-versa-overdraw-universal-ambidextrous\/"},"modified":"2026-04-15T12:15:12","modified_gmt":"2026-04-15T10:15:12","slug":"hamskea-compound-pfeilauflage-ersatzteil-versa-overdraw-universal-ambidextrous","status":"publish","type":"product","link":"https:\/\/bogensportdiscount.ch\/fr\/produit\/hamskea-compound-pfeilauflage-ersatzteil-versa-overdraw-universal-ambidextrous\/","title":{"rendered":"HAMSKEA COMPOUND ARROW REST PARTS VERSA OVERDRAW UNIVERSAL AMBIDEXTROUS"},"content":{"rendered":"<p>Dieses Ersatzteil von Hamskea ist f\u00fcr die Versa Overdraw Compound-Pfeilauflage konzipiert und erm\u00f6glicht die Wartung oder Wiederherstellung der Funktion einer bestehenden Auflage. Das Teil ist universell ausgelegt und eignet sich sowohl f\u00fcr Rechts- als auch f\u00fcr Linksh\u00e4nder (ambidextrous).<\/p>\n<p>Overdraw-Auflagen erlauben es, den Pfeil hinter den Bogengriff zu positionieren, was k\u00fcrzere Pfeile und eine ver\u00e4nderte Balance im Setup erm\u00f6glicht. Das Ersatzteil richtet sich an Compound-Bogensch\u00fctzen, die ihre Hamskea Versa Overdraw-Auflage instand halten m\u00f6chten.<\/p>\n<ul>\n<li>F\u00fcr Hamskea Versa Overdraw Pfeilauflage<\/li>\n<li>Universell passend<\/li>\n<li>F\u00fcr Rechts- und Linksh\u00e4nder geeignet<\/li>\n<li>Kategorie: Einzelteile f\u00fcr Compound-Pfeilauflage<\/li>\n<\/ul>","protected":false},"excerpt":{"rendered":"<p><strong>Marque :<\/strong> Hamskea<\/p>","protected":false},"featured_media":441954,"comment_status":"open","ping_status":"closed","template":"","meta":[],"product_brand":[465],"product_cat":[4130],"product_tag":[3546],"class_list":{"0":"post-393048","1":"product","2":"type-product","3":"status-publish","4":"has-post-thumbnail","6":"product_brand-hamskea","7":"product_cat-einzelteile-fuer-compound-pfeilauflage","8":"product_tag-neuheit","10":"first","11":"instock","12":"shipping-taxable","13":"purchasable","14":"product-type-simple"},"_links":{"self":[{"href":"https:\/\/bogensportdiscount.ch\/fr\/wp-json\/wp\/v2\/product\/393048","targetHints":{"allow":["GET"]}}],"collection":[{"href":"https:\/\/bogensportdiscount.ch\/fr\/wp-json\/wp\/v2\/product"}],"about":[{"href":"https:\/\/bogensportdiscount.ch\/fr\/wp-json\/wp\/v2\/types\/product"}],"replies":[{"embeddable":true,"href":"https:\/\/bogensportdiscount.ch\/fr\/wp-json\/wp\/v2\/comments?post=393048"}],"wp:featuredmedia":[{"embeddable":true,"href":"https:\/\/bogensportdiscount.ch\/fr\/wp-json\/wp\/v2\/media\/441954"}],"wp:attachment":[{"href":"https:\/\/bogensportdiscount.ch\/fr\/wp-json\/wp\/v2\/media?parent=393048"}],"wp:term":[{"taxonomy":"product_brand","embeddable":true,"href":"https:\/\/bogensportdiscount.ch\/fr\/wp-json\/wp\/v2\/product_brand?post=393048"},{"taxonomy":"product_cat","embeddable":true,"href":"https:\/\/bogensportdiscount.ch\/fr\/wp-json\/wp\/v2\/product_cat?post=393048"},{"taxonomy":"product_tag","embeddable":true,"href":"https:\/\/bogensportdiscount.ch\/fr\/wp-json\/wp\/v2\/product_tag?post=393048"}],"curies":[{"name":"wp","href":"https:\/\/api.w.org\/{rel}","templated":true}]}}