{"id":393043,"date":"2026-04-05T14:28:12","date_gmt":"2026-04-05T12:28:12","guid":{"rendered":"https:\/\/bogensportdiscount.ch\/produkt\/ravin-nocks-for-crossbow-bolts-r500-series-12-pk\/"},"modified":"2026-05-14T07:13:48","modified_gmt":"2026-05-14T05:13:48","slug":"ravin-nocken-armbrust-bolzen-r500-serie-12er-pack","status":"publish","type":"product","link":"https:\/\/bogensportdiscount.ch\/fr\/produit\/ravin-nocken-armbrust-bolzen-r500-serie-12er-pack\/","title":{"rendered":"RAVIN ENCOCHES POUR BOULONS D'ARBAL\u00c8TE S\u00c9RIE R500 12\/pk"},"content":{"rendered":"<p>Ces encoches de RAVIN sont sp\u00e9cialement con\u00e7ues pour les carreaux d'arbal\u00e8te de la s\u00e9rie R500. Elles assurent un appui fiable et uniforme du carreau sur la corde et contribuent ainsi \u00e0 une performance de tir constante.<\/p>\n<p>Les encoches faisant partie des pi\u00e8ces d'usure d'un carreau, un remplacement r\u00e9gulier est recommand\u00e9. Le pack de 12 offre une solution \u00e9conomique pour toujours disposer de suffisamment de mat\u00e9riel de rechange.<\/p>\n<ul>\n<li>Convient aux carreaux d'arbal\u00e8te RAVIN de la s\u00e9rie R500<\/li>\n<li>12 encoches par paquet<\/li>\n<li>Guidage fiable du carreau sur la corde<\/li>\n<li>Pi\u00e8ce de rechange d'origine RAVIN<\/li>\n<\/ul>","protected":false},"excerpt":{"rendered":"<table>\n<tr>\n<th>Propri\u00e9t\u00e9<\/th>\n<th>Valeur<\/th>\n<\/tr>\n<tr>\n<td>Marque<\/td>\n<td>Ravin<\/td>\n<\/tr>\n<tr>\n<td>Type<\/td>\n<td>Ravin nock<\/td>\n<\/tr>\n<tr>\n<td>Couleur<\/td>\n<td>Orange<\/td>\n<\/tr>\n<tr>\n<td>Pays d'origine<\/td>\n<td>USA<\/td>\n<\/tr>\n<\/table>","protected":false},"featured_media":446257,"comment_status":"open","ping_status":"closed","template":"","meta":[],"product_brand":[527],"product_cat":[3348,4135,4204],"product_tag":[3546],"class_list":{"0":"post-393043","1":"product","2":"type-product","3":"status-publish","4":"has-post-thumbnail","6":"product_brand-ravin","7":"product_cat-nocken","8":"product_cat-armbrust-zubehoer","9":"product_cat-bolzen-armbrust-zubehoer","10":"product_tag-neuheit","11":"product_shipping_class-bsd-standard","13":"first","14":"instock","15":"shipping-taxable","16":"purchasable","17":"product-type-simple"},"yoast_head":"<!-- This site is optimized with the Yoast SEO plugin v27.6 - https:\/\/yoast.com\/product\/yoast-seo-wordpress\/ -->\n<title>RAVIN NOCKEN F\u00dcR ARMBRUST BOLZEN R500 SERIE 12\/pk - Bogensportdiscount \u2013 B\u00f6gen, Pfeile, Targets &amp; Zubeh\u00f6r<\/title>\n<meta name=\"description\" content=\"RAVIN NOCKEN F\u00dcR ARMBRUST BOLZEN R500 SERIE 12\/pk g\u00fcnstig kaufen bei Bogensportdiscount \u2013 Top-Marken, schneller Versand aus der Schweiz.\" \/>\n<meta name=\"robots\" content=\"index, follow, max-snippet:-1, max-image-preview:large, max-video-preview:-1\" \/>\n<link rel=\"canonical\" href=\"https:\/\/bogensportdiscount.ch\/fr\/produit\/ravin-nocken-armbrust-bolzen-r500-serie-12er-pack\/\" \/>\n<meta property=\"og:locale\" content=\"fr_FR\" \/>\n<meta property=\"og:type\" content=\"article\" \/>\n<meta property=\"og:title\" content=\"RAVIN NOCKEN F\u00dcR ARMBRUST BOLZEN R500 SERIE 12\/pk - Bogensportdiscount \u2013 B\u00f6gen, Pfeile, Targets &amp; Zubeh\u00f6r\" \/>\n<meta property=\"og:description\" content=\"RAVIN NOCKEN F\u00dcR ARMBRUST BOLZEN R500 SERIE 12\/pk g\u00fcnstig kaufen bei Bogensportdiscount \u2013 Top-Marken, schneller Versand aus der Schweiz.\" \/>\n<meta property=\"og:url\" content=\"https:\/\/bogensportdiscount.ch\/fr\/produit\/ravin-nocken-armbrust-bolzen-r500-serie-12er-pack\/\" \/>\n<meta property=\"og:site_name\" content=\"Bogensportdiscount \u2013 B\u00f6gen, Pfeile, Targets &amp; Zubeh\u00f6r\" \/>\n<meta property=\"article:modified_time\" content=\"2026-05-14T05:13:48+00:00\" \/>\n<meta property=\"og:image\" content=\"https:\/\/bogensportdiscount.ch\/wp-content\/uploads\/bsm-images\/A061412_1.png\" \/>\n\t<meta property=\"og:image:width\" content=\"2398\" \/>\n\t<meta property=\"og:image:height\" content=\"1336\" \/>\n\t<meta property=\"og:image:type\" content=\"image\/png\" \/>\n<meta name=\"twitter:card\" content=\"summary_large_image\" \/>\n<script type=\"application\/ld+json\" class=\"yoast-schema-graph\">{\"@context\":\"https:\\\/\\\/schema.org\",\"@graph\":[{\"@type\":\"WebPage\",\"@id\":\"https:\\\/\\\/bogensportdiscount.ch\\\/produkt\\\/ravin-nocken-armbrust-bolzen-r500-serie-12er-pack\\\/\",\"url\":\"https:\\\/\\\/bogensportdiscount.ch\\\/produkt\\\/ravin-nocken-armbrust-bolzen-r500-serie-12er-pack\\\/\",\"name\":\"RAVIN NOCKEN F\u00dcR ARMBRUST BOLZEN R500 SERIE 12\\\/pk - Bogensportdiscount \u2013 B\u00f6gen, Pfeile, Targets &amp; Zubeh\u00f6r\",\"isPartOf\":{\"@id\":\"https:\\\/\\\/bogensportdiscount.ch\\\/#website\"},\"primaryImageOfPage\":{\"@id\":\"https:\\\/\\\/bogensportdiscount.ch\\\/produkt\\\/ravin-nocken-armbrust-bolzen-r500-serie-12er-pack\\\/#primaryimage\"},\"image\":{\"@id\":\"https:\\\/\\\/bogensportdiscount.ch\\\/produkt\\\/ravin-nocken-armbrust-bolzen-r500-serie-12er-pack\\\/#primaryimage\"},\"thumbnailUrl\":\"https:\\\/\\\/bogensportdiscount.ch\\\/wp-content\\\/uploads\\\/bsm-images\\\/A061412_1.png\",\"datePublished\":\"2026-04-05T12:28:12+00:00\",\"dateModified\":\"2026-05-14T05:13:48+00:00\",\"description\":\"RAVIN NOCKEN F\u00dcR ARMBRUST BOLZEN R500 SERIE 12\\\/pk g\u00fcnstig kaufen bei Bogensportdiscount \u2013 Top-Marken, schneller Versand aus der Schweiz.\",\"breadcrumb\":{\"@id\":\"https:\\\/\\\/bogensportdiscount.ch\\\/produkt\\\/ravin-nocken-armbrust-bolzen-r500-serie-12er-pack\\\/#breadcrumb\"},\"inLanguage\":\"fr-FR\",\"potentialAction\":[{\"@type\":\"ReadAction\",\"target\":[\"https:\\\/\\\/bogensportdiscount.ch\\\/produkt\\\/ravin-nocken-armbrust-bolzen-r500-serie-12er-pack\\\/\"]}]},{\"@type\":\"ImageObject\",\"inLanguage\":\"fr-FR\",\"@id\":\"https:\\\/\\\/bogensportdiscount.ch\\\/produkt\\\/ravin-nocken-armbrust-bolzen-r500-serie-12er-pack\\\/#primaryimage\",\"url\":\"https:\\\/\\\/bogensportdiscount.ch\\\/wp-content\\\/uploads\\\/bsm-images\\\/A061412_1.png\",\"contentUrl\":\"https:\\\/\\\/bogensportdiscount.ch\\\/wp-content\\\/uploads\\\/bsm-images\\\/A061412_1.png\",\"width\":2398,\"height\":1336},{\"@type\":\"BreadcrumbList\",\"@id\":\"https:\\\/\\\/bogensportdiscount.ch\\\/produkt\\\/ravin-nocken-armbrust-bolzen-r500-serie-12er-pack\\\/#breadcrumb\",\"itemListElement\":[{\"@type\":\"ListItem\",\"position\":1,\"name\":\"Home\",\"item\":\"https:\\\/\\\/bogensportdiscount.ch\\\/\"},{\"@type\":\"ListItem\",\"position\":2,\"name\":\"Shop\",\"item\":\"https:\\\/\\\/bogensportdiscount.ch\\\/shop\\\/\"},{\"@type\":\"ListItem\",\"position\":3,\"name\":\"RAVIN NOCKS FOR CROSSBOW BOLTS R500 SERIES 12\\\/pk\"}]},{\"@type\":\"WebSite\",\"@id\":\"https:\\\/\\\/bogensportdiscount.ch\\\/#website\",\"url\":\"https:\\\/\\\/bogensportdiscount.ch\\\/\",\"name\":\"Bogensportdiscount\",\"description\":\"\",\"potentialAction\":[{\"@type\":\"SearchAction\",\"target\":{\"@type\":\"EntryPoint\",\"urlTemplate\":\"https:\\\/\\\/bogensportdiscount.ch\\\/?s={search_term_string}\"},\"query-input\":{\"@type\":\"PropertyValueSpecification\",\"valueRequired\":true,\"valueName\":\"search_term_string\"}}],\"inLanguage\":\"fr-FR\"}]}<\/script>\n<!-- \/ Yoast SEO plugin. -->","yoast_head_json":{"title":"RAVIN NOCKEN F\u00dcR ARMBRUST BOLZEN R500 SERIE 12\/pk - Bogensportdiscount \u2013 B\u00f6gen, Pfeile, Targets &amp; Zubeh\u00f6r","description":"RAVIN NOCKEN F\u00dcR ARMBRUST BOLZEN R500 SERIE 12\/pk g\u00fcnstig kaufen bei Bogensportdiscount \u2013 Top-Marken, schneller Versand aus der Schweiz.","robots":{"index":"index","follow":"follow","max-snippet":"max-snippet:-1","max-image-preview":"max-image-preview:large","max-video-preview":"max-video-preview:-1"},"canonical":"https:\/\/bogensportdiscount.ch\/fr\/produit\/ravin-nocken-armbrust-bolzen-r500-serie-12er-pack\/","og_locale":"fr_FR","og_type":"article","og_title":"RAVIN NOCKEN F\u00dcR ARMBRUST BOLZEN R500 SERIE 12\/pk - Bogensportdiscount \u2013 B\u00f6gen, Pfeile, Targets &amp; Zubeh\u00f6r","og_description":"RAVIN NOCKEN F\u00dcR ARMBRUST BOLZEN R500 SERIE 12\/pk g\u00fcnstig kaufen bei Bogensportdiscount \u2013 Top-Marken, schneller Versand aus der Schweiz.","og_url":"https:\/\/bogensportdiscount.ch\/fr\/produit\/ravin-nocken-armbrust-bolzen-r500-serie-12er-pack\/","og_site_name":"Bogensportdiscount \u2013 B\u00f6gen, Pfeile, Targets &amp; Zubeh\u00f6r","article_modified_time":"2026-05-14T05:13:48+00:00","og_image":[{"width":2398,"height":1336,"url":"https:\/\/bogensportdiscount.ch\/wp-content\/uploads\/bsm-images\/A061412_1.png","type":"image\/png"}],"twitter_card":"summary_large_image","schema":{"@context":"https:\/\/schema.org","@graph":[{"@type":"WebPage","@id":"https:\/\/bogensportdiscount.ch\/produkt\/ravin-nocken-armbrust-bolzen-r500-serie-12er-pack\/","url":"https:\/\/bogensportdiscount.ch\/produkt\/ravin-nocken-armbrust-bolzen-r500-serie-12er-pack\/","name":"RAVIN NOCKEN F\u00dcR ARMBRUST BOLZEN R500 SERIE 12\/pk - Bogensportdiscount \u2013 B\u00f6gen, Pfeile, Targets &amp; Zubeh\u00f6r","isPartOf":{"@id":"https:\/\/bogensportdiscount.ch\/#website"},"primaryImageOfPage":{"@id":"https:\/\/bogensportdiscount.ch\/produkt\/ravin-nocken-armbrust-bolzen-r500-serie-12er-pack\/#primaryimage"},"image":{"@id":"https:\/\/bogensportdiscount.ch\/produkt\/ravin-nocken-armbrust-bolzen-r500-serie-12er-pack\/#primaryimage"},"thumbnailUrl":"https:\/\/bogensportdiscount.ch\/wp-content\/uploads\/bsm-images\/A061412_1.png","datePublished":"2026-04-05T12:28:12+00:00","dateModified":"2026-05-14T05:13:48+00:00","description":"RAVIN NOCKEN F\u00dcR ARMBRUST BOLZEN R500 SERIE 12\/pk g\u00fcnstig kaufen bei Bogensportdiscount \u2013 Top-Marken, schneller Versand aus der Schweiz.","breadcrumb":{"@id":"https:\/\/bogensportdiscount.ch\/produkt\/ravin-nocken-armbrust-bolzen-r500-serie-12er-pack\/#breadcrumb"},"inLanguage":"fr-FR","potentialAction":[{"@type":"ReadAction","target":["https:\/\/bogensportdiscount.ch\/produkt\/ravin-nocken-armbrust-bolzen-r500-serie-12er-pack\/"]}]},{"@type":"ImageObject","inLanguage":"fr-FR","@id":"https:\/\/bogensportdiscount.ch\/produkt\/ravin-nocken-armbrust-bolzen-r500-serie-12er-pack\/#primaryimage","url":"https:\/\/bogensportdiscount.ch\/wp-content\/uploads\/bsm-images\/A061412_1.png","contentUrl":"https:\/\/bogensportdiscount.ch\/wp-content\/uploads\/bsm-images\/A061412_1.png","width":2398,"height":1336},{"@type":"BreadcrumbList","@id":"https:\/\/bogensportdiscount.ch\/produkt\/ravin-nocken-armbrust-bolzen-r500-serie-12er-pack\/#breadcrumb","itemListElement":[{"@type":"ListItem","position":1,"name":"Home","item":"https:\/\/bogensportdiscount.ch\/"},{"@type":"ListItem","position":2,"name":"Shop","item":"https:\/\/bogensportdiscount.ch\/shop\/"},{"@type":"ListItem","position":3,"name":"RAVIN NOCKS FOR CROSSBOW BOLTS R500 SERIES 12\/pk"}]},{"@type":"WebSite","@id":"https:\/\/bogensportdiscount.ch\/#website","url":"https:\/\/bogensportdiscount.ch\/","name":"Bogensportdiscount","description":"","potentialAction":[{"@type":"SearchAction","target":{"@type":"EntryPoint","urlTemplate":"https:\/\/bogensportdiscount.ch\/?s={search_term_string}"},"query-input":{"@type":"PropertyValueSpecification","valueRequired":true,"valueName":"search_term_string"}}],"inLanguage":"fr-FR"}]}},"_links":{"self":[{"href":"https:\/\/bogensportdiscount.ch\/fr\/wp-json\/wp\/v2\/product\/393043","targetHints":{"allow":["GET"]}}],"collection":[{"href":"https:\/\/bogensportdiscount.ch\/fr\/wp-json\/wp\/v2\/product"}],"about":[{"href":"https:\/\/bogensportdiscount.ch\/fr\/wp-json\/wp\/v2\/types\/product"}],"replies":[{"embeddable":true,"href":"https:\/\/bogensportdiscount.ch\/fr\/wp-json\/wp\/v2\/comments?post=393043"}],"wp:featuredmedia":[{"embeddable":true,"href":"https:\/\/bogensportdiscount.ch\/fr\/wp-json\/wp\/v2\/media\/446257"}],"wp:attachment":[{"href":"https:\/\/bogensportdiscount.ch\/fr\/wp-json\/wp\/v2\/media?parent=393043"}],"wp:term":[{"taxonomy":"product_brand","embeddable":true,"href":"https:\/\/bogensportdiscount.ch\/fr\/wp-json\/wp\/v2\/product_brand?post=393043"},{"taxonomy":"product_cat","embeddable":true,"href":"https:\/\/bogensportdiscount.ch\/fr\/wp-json\/wp\/v2\/product_cat?post=393043"},{"taxonomy":"product_tag","embeddable":true,"href":"https:\/\/bogensportdiscount.ch\/fr\/wp-json\/wp\/v2\/product_tag?post=393043"}],"curies":[{"name":"wp","href":"https:\/\/api.w.org\/{rel}","templated":true}]}}