{"id":393011,"date":"2026-04-05T14:28:05","date_gmt":"2026-04-05T12:28:05","guid":{"rendered":"https:\/\/bogensportdiscount.ch\/produkt\/hamskea-compound-arrow-rest-parts-hamskea-epsilon-target-conversion-kit\/"},"modified":"2026-04-15T12:15:11","modified_gmt":"2026-04-15T10:15:11","slug":"hamskea-compound-pfeilauflage-ersatzteile-epsilon-target-conversion-kit","status":"publish","type":"product","link":"https:\/\/bogensportdiscount.ch\/fr\/produit\/hamskea-compound-pfeilauflage-ersatzteile-epsilon-target-conversion-kit\/","title":{"rendered":"HAMSKEA COMPOUND ARROW REST PARTS HAMSKEA EPSILON TARGET CONVERSION KIT"},"content":{"rendered":"<p>Das Hamskea Epsilon Target Conversion Kit ist ein Umbausatz f\u00fcr die Hamskea Epsilon Compound-Pfeilauflage. Mit diesem Kit l\u00e4sst sich die Auflage auf die spezifischen Anforderungen des Target-Bogensports anpassen.<\/p>\n<p>Das Kit richtet sich an Compound-Sch\u00fctzen, die ihre bestehende Epsilon-Auflage aufr\u00fcsten oder f\u00fcr den Target-Einsatz konfigurieren m\u00f6chten, ohne die gesamte Auflage ersetzen zu m\u00fcssen.<\/p>\n<ul>\n<li>Umbausatz speziell f\u00fcr die Hamskea Epsilon Pfeilauflage<\/li>\n<li>Optimiert f\u00fcr den Target-Bogensport<\/li>\n<li>Kompakte L\u00f6sung zur Erweiterung der bestehenden Auflage<\/li>\n<li>Passend f\u00fcr Compound-B\u00f6gen<\/li>\n<\/ul>","protected":false},"excerpt":{"rendered":"<p><strong>Marque :<\/strong> Hamskea<br \/><strong>GTIN:<\/strong> 850002375459<\/p>","protected":false},"featured_media":452888,"comment_status":"open","ping_status":"closed","template":"","meta":[],"product_brand":[465],"product_cat":[4130],"product_tag":[3546],"class_list":{"0":"post-393011","1":"product","2":"type-product","3":"status-publish","4":"has-post-thumbnail","6":"product_brand-hamskea","7":"product_cat-einzelteile-fuer-compound-pfeilauflage","8":"product_tag-neuheit","10":"first","11":"instock","12":"shipping-taxable","13":"purchasable","14":"product-type-simple"},"_links":{"self":[{"href":"https:\/\/bogensportdiscount.ch\/fr\/wp-json\/wp\/v2\/product\/393011","targetHints":{"allow":["GET"]}}],"collection":[{"href":"https:\/\/bogensportdiscount.ch\/fr\/wp-json\/wp\/v2\/product"}],"about":[{"href":"https:\/\/bogensportdiscount.ch\/fr\/wp-json\/wp\/v2\/types\/product"}],"replies":[{"embeddable":true,"href":"https:\/\/bogensportdiscount.ch\/fr\/wp-json\/wp\/v2\/comments?post=393011"}],"wp:featuredmedia":[{"embeddable":true,"href":"https:\/\/bogensportdiscount.ch\/fr\/wp-json\/wp\/v2\/media\/452888"}],"wp:attachment":[{"href":"https:\/\/bogensportdiscount.ch\/fr\/wp-json\/wp\/v2\/media?parent=393011"}],"wp:term":[{"taxonomy":"product_brand","embeddable":true,"href":"https:\/\/bogensportdiscount.ch\/fr\/wp-json\/wp\/v2\/product_brand?post=393011"},{"taxonomy":"product_cat","embeddable":true,"href":"https:\/\/bogensportdiscount.ch\/fr\/wp-json\/wp\/v2\/product_cat?post=393011"},{"taxonomy":"product_tag","embeddable":true,"href":"https:\/\/bogensportdiscount.ch\/fr\/wp-json\/wp\/v2\/product_tag?post=393011"}],"curies":[{"name":"wp","href":"https:\/\/api.w.org\/{rel}","templated":true}]}}