{"id":393006,"date":"2026-04-05T14:28:04","date_gmt":"2026-04-05T12:28:04","guid":{"rendered":"https:\/\/bogensportdiscount.ch\/produkt\/excalibur-crossbow-strings-ceasefire\/"},"modified":"2026-04-17T19:05:25","modified_gmt":"2026-04-17T17:05:25","slug":"excalibur-recurve-armbrustsehne-ceasefire","status":"publish","type":"product","link":"https:\/\/bogensportdiscount.ch\/fr\/produit\/excalibur-recurve-armbrustsehne-ceasefire\/","title":{"rendered":"EXCALIBUR CROSSBOW STRINGS CEASEFIRE"},"content":{"rendered":"<p>Die Excalibur Ceasefire ist eine Ersatzsehne f\u00fcr Recurve-Armbr\u00fcste der Marke Excalibur. Als speziell auf Excalibur-B\u00f6gen abgestimmtes Zubeh\u00f6r sorgt sie f\u00fcr einen zuverl\u00e4ssigen Schuss und eine konstante Leistung \u00fcber viele Schussfolgen hinweg.<\/p>\n<p>Recurve-Armbrustsehnen sind ein sicherheitsrelevantes Bauteil und sollten regelm\u00e4ssig auf Verschleiss gepr\u00fcft und bei Bedarf ausgetauscht werden. Die Ceasefire-Sehne ist als direkter Ersatz f\u00fcr die Original-Sehne konzipiert und l\u00e4sst sich unkompliziert montieren.<\/p>\n<ul>\n<li>F\u00fcr Excalibur Recurve-Armbr\u00fcste geeignet<\/li>\n<li>Zuverl\u00e4ssiger Ersatz der Original-Sehne<\/li>\n<li>Auf gleichm\u00e4ssige Leistung und Haltbarkeit ausgelegt<\/li>\n<\/ul>","protected":false},"excerpt":{"rendered":"<p><strong>Marque :<\/strong> Excalibur<br \/><strong>GTIN:<\/strong> 626192106025<\/p>","protected":false},"featured_media":446303,"comment_status":"open","ping_status":"closed","template":"","meta":[],"product_brand":[804],"product_cat":[4226],"product_tag":[3546],"class_list":{"0":"post-393006","1":"product","2":"type-product","3":"status-publish","4":"has-post-thumbnail","6":"product_brand-excalibur","7":"product_cat-recurve-strings","8":"product_tag-neuheit","10":"first","11":"instock","12":"shipping-taxable","13":"purchasable","14":"product-type-simple"},"_links":{"self":[{"href":"https:\/\/bogensportdiscount.ch\/fr\/wp-json\/wp\/v2\/product\/393006","targetHints":{"allow":["GET"]}}],"collection":[{"href":"https:\/\/bogensportdiscount.ch\/fr\/wp-json\/wp\/v2\/product"}],"about":[{"href":"https:\/\/bogensportdiscount.ch\/fr\/wp-json\/wp\/v2\/types\/product"}],"replies":[{"embeddable":true,"href":"https:\/\/bogensportdiscount.ch\/fr\/wp-json\/wp\/v2\/comments?post=393006"}],"wp:featuredmedia":[{"embeddable":true,"href":"https:\/\/bogensportdiscount.ch\/fr\/wp-json\/wp\/v2\/media\/446303"}],"wp:attachment":[{"href":"https:\/\/bogensportdiscount.ch\/fr\/wp-json\/wp\/v2\/media?parent=393006"}],"wp:term":[{"taxonomy":"product_brand","embeddable":true,"href":"https:\/\/bogensportdiscount.ch\/fr\/wp-json\/wp\/v2\/product_brand?post=393006"},{"taxonomy":"product_cat","embeddable":true,"href":"https:\/\/bogensportdiscount.ch\/fr\/wp-json\/wp\/v2\/product_cat?post=393006"},{"taxonomy":"product_tag","embeddable":true,"href":"https:\/\/bogensportdiscount.ch\/fr\/wp-json\/wp\/v2\/product_tag?post=393006"}],"curies":[{"name":"wp","href":"https:\/\/api.w.org\/{rel}","templated":true}]}}