{"id":393002,"date":"2026-04-05T14:28:02","date_gmt":"2026-04-05T12:28:02","guid":{"rendered":"https:\/\/bogensportdiscount.ch\/produkt\/excalibur-mag-air-crossbow-set-black-w-fixed-power-scope\/"},"modified":"2026-04-20T12:48:27","modified_gmt":"2026-04-20T10:48:27","slug":"excalibur-recurve-armbrust-mag-air-set-schwarz-mit-zielfernrohr","status":"publish","type":"product","link":"https:\/\/bogensportdiscount.ch\/fr\/produit\/excalibur-recurve-armbrust-mag-air-set-schwarz-mit-zielfernrohr\/","title":{"rendered":"EXCALIBUR MAG AIR CROSSBOW SET BLACK w\/ FIXED POWER ZIELFERNROHR"},"content":{"rendered":"<p>Die EXCALIBUR Mag Air ist eine Recurve-Armbrust aus dem Hause Excalibur, einem der bekanntesten Hersteller im Segment der Recurve-Armbr\u00fcste. Das Modell ist in Schwarz gehalten und zeichnet sich durch die typisch zuverl\u00e4ssige Bauweise aus, f\u00fcr die Excalibur bekannt ist.<\/p>\n<p>Das Set beinhaltet ein Zielfernrohr mit fixer Vergr\u00f6sserung, das direkt auf der Armbrust montiert ist. Damit ist das System schussbereit und eignet sich sowohl f\u00fcr Einsteiger als auch f\u00fcr erfahrene Sch\u00fctzen, die eine kompakte und wartungsarme Recurve-Armbrust suchen.<\/p>\n<ul>\n<li>Recurve-Armbrust-Bauweise f\u00fcr hohe Zuverl\u00e4ssigkeit<\/li>\n<li>Inklusive montiertem Zielfernrohr mit fixer Vergr\u00f6sserung<\/li>\n<li>Kompaktes Set \u2013 direkt einsatzbereit<\/li>\n<li>Version en noir<\/li>\n<\/ul>","protected":false},"excerpt":{"rendered":"<p><strong>Marque :<\/strong> Excalibur<br \/><strong>Couleur:<\/strong> Noir<br \/><strong>FPS:<\/strong> 305<br \/><strong>GTIN:<\/strong> 626192744746<\/p>","protected":false},"featured_media":453631,"comment_status":"open","ping_status":"closed","template":"","meta":[],"product_brand":[804],"product_cat":[4203],"product_tag":[3546],"class_list":{"0":"post-393002","1":"product","2":"type-product","3":"status-publish","4":"has-post-thumbnail","6":"product_brand-excalibur","7":"product_cat-recurve-armbrueste-armbueste","8":"product_tag-neuheit","10":"first","11":"instock","12":"shipping-taxable","13":"purchasable","14":"product-type-simple"},"yoast_head":"<!-- This site is optimized with the Yoast SEO plugin v27.4 - https:\/\/yoast.com\/product\/yoast-seo-wordpress\/ -->\n<title>ENSEMBLE D&#x27;ARBAL\u00c8TE EXCALIBUR MAG AIR NOIR AVEC LUNETTE DE VIS\u00c9E \u00c0 PUISSANCE FIXE - Bogensportdiscount \u2013 Arcs, fl\u00e8ches, cibles et accessoires<\/title>\n<meta name=\"description\" content=\"Achetez l&#x27;ensemble d&#x27;arbal\u00e8te EXCALIBUR MAG AIR CROSSBOW SET BLACK avec lunette de vis\u00e9e \u00e0 puissance fixe \u00e0 un prix avantageux chez Bogensportdiscount \u2013 Grandes marques, livraison rapide depuis la Suisse.\" \/>\n<meta name=\"robots\" content=\"noindex, follow, max-snippet:-1, max-image-preview:large, max-video-preview:-1\" \/>\n<meta property=\"og:locale\" content=\"fr_FR\" \/>\n<meta property=\"og:type\" content=\"article\" \/>\n<meta property=\"og:title\" content=\"ENSEMBLE D&#x27;ARBAL\u00c8TE EXCALIBUR MAG AIR NOIR AVEC LUNETTE DE VIS\u00c9E \u00c0 PUISSANCE FIXE - Bogensportdiscount \u2013 Arcs, fl\u00e8ches, cibles et accessoires\" \/>\n<meta property=\"og:description\" content=\"Achetez l&#x27;ensemble d&#x27;arbal\u00e8te EXCALIBUR MAG AIR CROSSBOW SET BLACK avec lunette de vis\u00e9e \u00e0 puissance fixe \u00e0 un prix avantageux chez Bogensportdiscount \u2013 Grandes marques, livraison rapide depuis la Suisse.\" \/>\n<meta property=\"og:url\" content=\"https:\/\/bogensportdiscount.ch\/fr\/prodotto\/excalibur-recurve-armbrust-mag-air-set-schwarz-mit-zielfernrohr\/\" \/>\n<meta property=\"og:site_name\" content=\"Bogensportdiscount \u2013 B\u00f6gen, Pfeile, Targets &amp; Zubeh\u00f6r\" \/>\n<meta property=\"article:modified_time\" content=\"2026-04-20T10:48:27+00:00\" \/>\n<meta property=\"og:image\" content=\"https:\/\/bogensportdiscount.ch\/wp-content\/uploads\/bsm-images\/A059919_1.png\" \/>\n\t<meta property=\"og:image:width\" content=\"5678\" \/>\n\t<meta property=\"og:image:height\" content=\"2609\" \/>\n\t<meta property=\"og:image:type\" content=\"image\/png\" \/>\n<meta name=\"twitter:card\" content=\"summary_large_image\" \/>\n<meta name=\"twitter:label1\" content=\"Dur\u00e9e de lecture estim\u00e9e\" \/>\n\t<meta name=\"twitter:data1\" content=\"1 minute\" \/>\n<script type=\"application\/ld+json\" class=\"yoast-schema-graph\">{\"@context\":\"https:\\\/\\\/schema.org\",\"@graph\":[{\"@type\":\"WebPage\",\"@id\":\"https:\\\/\\\/bogensportdiscount.ch\\\/it\\\/prodotto\\\/excalibur-recurve-armbrust-mag-air-set-schwarz-mit-zielfernrohr\\\/\",\"url\":\"https:\\\/\\\/bogensportdiscount.ch\\\/it\\\/prodotto\\\/excalibur-recurve-armbrust-mag-air-set-schwarz-mit-zielfernrohr\\\/\",\"name\":\"EXCALIBUR MAG AIR CROSSBOW SET BLACK w\\\/ FIXED POWER ZIELFERNROHR - Bogensportdiscount \u2013 B\u00f6gen, Pfeile, Targets &amp; Zubeh\u00f6r\",\"isPartOf\":{\"@id\":\"https:\\\/\\\/bogensportdiscount.ch\\\/#website\"},\"primaryImageOfPage\":{\"@id\":\"https:\\\/\\\/bogensportdiscount.ch\\\/it\\\/prodotto\\\/excalibur-recurve-armbrust-mag-air-set-schwarz-mit-zielfernrohr\\\/#primaryimage\"},\"image\":{\"@id\":\"https:\\\/\\\/bogensportdiscount.ch\\\/it\\\/prodotto\\\/excalibur-recurve-armbrust-mag-air-set-schwarz-mit-zielfernrohr\\\/#primaryimage\"},\"thumbnailUrl\":\"https:\\\/\\\/bogensportdiscount.ch\\\/wp-content\\\/uploads\\\/2026\\\/04\\\/bogensportdiscount.ch-pfeile-boegen-zubehoer-fuer-anfaenger-und-profis-zum-besten-preis-Symbolbild-kein-foto-zu-diesem-artikel_01.jpg\",\"datePublished\":\"2026-04-05T12:28:02+00:00\",\"dateModified\":\"2026-04-20T10:48:27+00:00\",\"description\":\"EXCALIBUR MAG AIR CROSSBOW SET BLACK w\\\/ FIXED POWER ZIELFERNROHR g\u00fcnstig kaufen bei Bogensportdiscount \u2013 Top-Marken, schneller Versand aus der Schweiz.\",\"breadcrumb\":{\"@id\":\"https:\\\/\\\/bogensportdiscount.ch\\\/it\\\/prodotto\\\/excalibur-recurve-armbrust-mag-air-set-schwarz-mit-zielfernrohr\\\/#breadcrumb\"},\"inLanguage\":\"fr-FR\",\"potentialAction\":[{\"@type\":\"ReadAction\",\"target\":[\"https:\\\/\\\/bogensportdiscount.ch\\\/it\\\/prodotto\\\/excalibur-recurve-armbrust-mag-air-set-schwarz-mit-zielfernrohr\\\/\"]}]},{\"@type\":\"ImageObject\",\"inLanguage\":\"fr-FR\",\"@id\":\"https:\\\/\\\/bogensportdiscount.ch\\\/it\\\/prodotto\\\/excalibur-recurve-armbrust-mag-air-set-schwarz-mit-zielfernrohr\\\/#primaryimage\",\"url\":\"https:\\\/\\\/bogensportdiscount.ch\\\/wp-content\\\/uploads\\\/2026\\\/04\\\/bogensportdiscount.ch-pfeile-boegen-zubehoer-fuer-anfaenger-und-profis-zum-besten-preis-Symbolbild-kein-foto-zu-diesem-artikel_01.jpg\",\"contentUrl\":\"https:\\\/\\\/bogensportdiscount.ch\\\/wp-content\\\/uploads\\\/2026\\\/04\\\/bogensportdiscount.ch-pfeile-boegen-zubehoer-fuer-anfaenger-und-profis-zum-besten-preis-Symbolbild-kein-foto-zu-diesem-artikel_01.jpg\",\"width\":1080,\"height\":1080},{\"@type\":\"BreadcrumbList\",\"@id\":\"https:\\\/\\\/bogensportdiscount.ch\\\/it\\\/prodotto\\\/excalibur-recurve-armbrust-mag-air-set-schwarz-mit-zielfernrohr\\\/#breadcrumb\",\"itemListElement\":[{\"@type\":\"ListItem\",\"position\":1,\"name\":\"Home\",\"item\":\"https:\\\/\\\/bogensportdiscount.ch\\\/\"},{\"@type\":\"ListItem\",\"position\":2,\"name\":\"Shop\",\"item\":\"https:\\\/\\\/bogensportdiscount.ch\\\/shop\\\/\"},{\"@type\":\"ListItem\",\"position\":3,\"name\":\"EXCALIBUR MAG AIR CROSSBOW SET BLACK w\\\/ FIXED POWER ZIELFERNROHR\"}]},{\"@type\":\"WebSite\",\"@id\":\"https:\\\/\\\/bogensportdiscount.ch\\\/#website\",\"url\":\"https:\\\/\\\/bogensportdiscount.ch\\\/\",\"name\":\"Bogensportdiscount\",\"description\":\"\",\"potentialAction\":[{\"@type\":\"SearchAction\",\"target\":{\"@type\":\"EntryPoint\",\"urlTemplate\":\"https:\\\/\\\/bogensportdiscount.ch\\\/?s={search_term_string}\"},\"query-input\":{\"@type\":\"PropertyValueSpecification\",\"valueRequired\":true,\"valueName\":\"search_term_string\"}}],\"inLanguage\":\"fr-FR\"}]}<\/script>\n<!-- \/ Yoast SEO plugin. -->","yoast_head_json":{"title":"ENSEMBLE D&#x27;ARBAL\u00c8TE EXCALIBUR MAG AIR NOIR AVEC LUNETTE DE VIS\u00c9E \u00c0 PUISSANCE FIXE - Bogensportdiscount \u2013 Arcs, fl\u00e8ches, cibles et accessoires","description":"Achetez l&#x27;ensemble d&#x27;arbal\u00e8te EXCALIBUR MAG AIR CROSSBOW SET BLACK avec lunette de vis\u00e9e \u00e0 puissance fixe \u00e0 un prix avantageux chez Bogensportdiscount \u2013 Grandes marques, livraison rapide depuis la Suisse.","robots":{"index":"noindex","follow":"follow","max-snippet":"max-snippet:-1","max-image-preview":"max-image-preview:large","max-video-preview":"max-video-preview:-1"},"og_locale":"fr_FR","og_type":"article","og_title":"ENSEMBLE D&#x27;ARBAL\u00c8TE EXCALIBUR MAG AIR NOIR AVEC LUNETTE DE VIS\u00c9E \u00c0 PUISSANCE FIXE - Bogensportdiscount \u2013 Arcs, fl\u00e8ches, cibles et accessoires","og_description":"Achetez l&#x27;ensemble d&#x27;arbal\u00e8te EXCALIBUR MAG AIR CROSSBOW SET BLACK avec lunette de vis\u00e9e \u00e0 puissance fixe \u00e0 un prix avantageux chez Bogensportdiscount \u2013 Grandes marques, livraison rapide depuis la Suisse.","og_url":"https:\/\/bogensportdiscount.ch\/fr\/prodotto\/excalibur-recurve-armbrust-mag-air-set-schwarz-mit-zielfernrohr\/","og_site_name":"Bogensportdiscount \u2013 B\u00f6gen, Pfeile, Targets &amp; Zubeh\u00f6r","article_modified_time":"2026-04-20T10:48:27+00:00","og_image":[{"url":"https:\/\/bogensportdiscount.ch\/wp-content\/uploads\/bsm-images\/A059919_1.png","width":5678,"height":2609,"type":"image\/png"}],"twitter_card":"summary_large_image","twitter_misc":{"Dur\u00e9e de lecture estim\u00e9e":"1 minute"},"schema":{"@context":"https:\/\/schema.org","@graph":[{"@type":"WebPage","@id":"https:\/\/bogensportdiscount.ch\/it\/prodotto\/excalibur-recurve-armbrust-mag-air-set-schwarz-mit-zielfernrohr\/","url":"https:\/\/bogensportdiscount.ch\/it\/prodotto\/excalibur-recurve-armbrust-mag-air-set-schwarz-mit-zielfernrohr\/","name":"ENSEMBLE D&#x27;ARBAL\u00c8TE EXCALIBUR MAG AIR NOIR AVEC LUNETTE DE VIS\u00c9E \u00c0 PUISSANCE FIXE - Bogensportdiscount \u2013 Arcs, fl\u00e8ches, cibles et accessoires","isPartOf":{"@id":"https:\/\/bogensportdiscount.ch\/#website"},"primaryImageOfPage":{"@id":"https:\/\/bogensportdiscount.ch\/it\/prodotto\/excalibur-recurve-armbrust-mag-air-set-schwarz-mit-zielfernrohr\/#primaryimage"},"image":{"@id":"https:\/\/bogensportdiscount.ch\/it\/prodotto\/excalibur-recurve-armbrust-mag-air-set-schwarz-mit-zielfernrohr\/#primaryimage"},"thumbnailUrl":"https:\/\/bogensportdiscount.ch\/wp-content\/uploads\/2026\/04\/bogensportdiscount.ch-pfeile-boegen-zubehoer-fuer-anfaenger-und-profis-zum-besten-preis-Symbolbild-kein-foto-zu-diesem-artikel_01.jpg","datePublished":"2026-04-05T12:28:02+00:00","dateModified":"2026-04-20T10:48:27+00:00","description":"Achetez l&#x27;ensemble d&#x27;arbal\u00e8te EXCALIBUR MAG AIR CROSSBOW SET BLACK avec lunette de vis\u00e9e \u00e0 puissance fixe \u00e0 un prix avantageux chez Bogensportdiscount \u2013 Grandes marques, livraison rapide depuis la Suisse.","breadcrumb":{"@id":"https:\/\/bogensportdiscount.ch\/it\/prodotto\/excalibur-recurve-armbrust-mag-air-set-schwarz-mit-zielfernrohr\/#breadcrumb"},"inLanguage":"fr-FR","potentialAction":[{"@type":"ReadAction","target":["https:\/\/bogensportdiscount.ch\/it\/prodotto\/excalibur-recurve-armbrust-mag-air-set-schwarz-mit-zielfernrohr\/"]}]},{"@type":"ImageObject","inLanguage":"fr-FR","@id":"https:\/\/bogensportdiscount.ch\/it\/prodotto\/excalibur-recurve-armbrust-mag-air-set-schwarz-mit-zielfernrohr\/#primaryimage","url":"https:\/\/bogensportdiscount.ch\/wp-content\/uploads\/2026\/04\/bogensportdiscount.ch-pfeile-boegen-zubehoer-fuer-anfaenger-und-profis-zum-besten-preis-Symbolbild-kein-foto-zu-diesem-artikel_01.jpg","contentUrl":"https:\/\/bogensportdiscount.ch\/wp-content\/uploads\/2026\/04\/bogensportdiscount.ch-pfeile-boegen-zubehoer-fuer-anfaenger-und-profis-zum-besten-preis-Symbolbild-kein-foto-zu-diesem-artikel_01.jpg","width":1080,"height":1080},{"@type":"BreadcrumbList","@id":"https:\/\/bogensportdiscount.ch\/it\/prodotto\/excalibur-recurve-armbrust-mag-air-set-schwarz-mit-zielfernrohr\/#breadcrumb","itemListElement":[{"@type":"ListItem","position":1,"name":"Home","item":"https:\/\/bogensportdiscount.ch\/"},{"@type":"ListItem","position":2,"name":"Shop","item":"https:\/\/bogensportdiscount.ch\/shop\/"},{"@type":"ListItem","position":3,"name":"EXCALIBUR MAG AIR CROSSBOW SET BLACK w\/ FIXED POWER ZIELFERNROHR"}]},{"@type":"WebSite","@id":"https:\/\/bogensportdiscount.ch\/#website","url":"https:\/\/bogensportdiscount.ch\/","name":"Bogensportdiscount","description":"","potentialAction":[{"@type":"SearchAction","target":{"@type":"EntryPoint","urlTemplate":"https:\/\/bogensportdiscount.ch\/?s={search_term_string}"},"query-input":{"@type":"PropertyValueSpecification","valueRequired":true,"valueName":"search_term_string"}}],"inLanguage":"fr-FR"}]}},"_links":{"self":[{"href":"https:\/\/bogensportdiscount.ch\/fr\/wp-json\/wp\/v2\/product\/393002","targetHints":{"allow":["GET"]}}],"collection":[{"href":"https:\/\/bogensportdiscount.ch\/fr\/wp-json\/wp\/v2\/product"}],"about":[{"href":"https:\/\/bogensportdiscount.ch\/fr\/wp-json\/wp\/v2\/types\/product"}],"replies":[{"embeddable":true,"href":"https:\/\/bogensportdiscount.ch\/fr\/wp-json\/wp\/v2\/comments?post=393002"}],"wp:featuredmedia":[{"embeddable":true,"href":"https:\/\/bogensportdiscount.ch\/fr\/wp-json\/wp\/v2\/media\/453631"}],"wp:attachment":[{"href":"https:\/\/bogensportdiscount.ch\/fr\/wp-json\/wp\/v2\/media?parent=393002"}],"wp:term":[{"taxonomy":"product_brand","embeddable":true,"href":"https:\/\/bogensportdiscount.ch\/fr\/wp-json\/wp\/v2\/product_brand?post=393002"},{"taxonomy":"product_cat","embeddable":true,"href":"https:\/\/bogensportdiscount.ch\/fr\/wp-json\/wp\/v2\/product_cat?post=393002"},{"taxonomy":"product_tag","embeddable":true,"href":"https:\/\/bogensportdiscount.ch\/fr\/wp-json\/wp\/v2\/product_tag?post=393002"}],"curies":[{"name":"wp","href":"https:\/\/api.w.org\/{rel}","templated":true}]}}