{"id":392958,"date":"2026-04-05T14:27:53","date_gmt":"2026-04-05T12:27:53","guid":{"rendered":"https:\/\/bogensportdiscount.ch\/produkt\/golden-key-compound-premier-multirest-overdraw-rh\/"},"modified":"2026-04-15T12:15:08","modified_gmt":"2026-04-15T10:15:08","slug":"golden-key-compound-premier-multirest-overdraw-rh","status":"publish","type":"product","link":"https:\/\/bogensportdiscount.ch\/fr\/produit\/golden-key-compound-premier-multirest-overdraw-rh\/","title":{"rendered":"GOLDEN KEY COMPOUND PREMIER MULTIREST OVERDRAW RH"},"content":{"rendered":"<p>Die Golden Key Premier Multirest Overdraw RH ist ein Zubeh\u00f6rteil f\u00fcr Compound-B\u00f6gen und geh\u00f6rt zur Kategorie der Pfeilauflagen-Ersatzteile. Das Teil ist speziell f\u00fcr Rechtsh\u00e4nder (RH) konzipiert und f\u00fcr den Einsatz in Overdraw-Konfigurationen ausgelegt.<\/p>\n<p>Als Komponente des Premier Multirest-Systems von Golden Key l\u00e4sst sich dieses Teil zur Reparatur oder Aufr\u00fcstung einer bestehenden Auflage verwenden. Es richtet sich an Bogensch\u00fctzen, die ihre Compound-Ausr\u00fcstung pr\u00e4zise warten oder anpassen m\u00f6chten.<\/p>\n<ul>\n<li>Kompatibel mit dem Golden Key Premier Multirest-System<\/li>\n<li>F\u00fcr Overdraw-Setups ausgelegt<\/li>\n<li>Ausf\u00fchrung f\u00fcr Rechtsh\u00e4nder (RH)<\/li>\n<li>Ersatzteil f\u00fcr Compound-Pfeilauflagen<\/li>\n<\/ul>","protected":false},"excerpt":{"rendered":"<p><strong>Marque :<\/strong> Golden Key<br \/><strong>LH\/RH:<\/strong> RH<\/p>","protected":false},"featured_media":442076,"comment_status":"open","ping_status":"closed","template":"","meta":[],"product_brand":[842],"product_cat":[4130],"product_tag":[3546],"class_list":{"0":"post-392958","1":"product","2":"type-product","3":"status-publish","4":"has-post-thumbnail","6":"product_brand-goldenkey","7":"product_cat-einzelteile-fuer-compound-pfeilauflage","8":"product_tag-neuheit","10":"first","11":"instock","12":"shipping-taxable","13":"purchasable","14":"product-type-simple"},"_links":{"self":[{"href":"https:\/\/bogensportdiscount.ch\/fr\/wp-json\/wp\/v2\/product\/392958","targetHints":{"allow":["GET"]}}],"collection":[{"href":"https:\/\/bogensportdiscount.ch\/fr\/wp-json\/wp\/v2\/product"}],"about":[{"href":"https:\/\/bogensportdiscount.ch\/fr\/wp-json\/wp\/v2\/types\/product"}],"replies":[{"embeddable":true,"href":"https:\/\/bogensportdiscount.ch\/fr\/wp-json\/wp\/v2\/comments?post=392958"}],"wp:featuredmedia":[{"embeddable":true,"href":"https:\/\/bogensportdiscount.ch\/fr\/wp-json\/wp\/v2\/media\/442076"}],"wp:attachment":[{"href":"https:\/\/bogensportdiscount.ch\/fr\/wp-json\/wp\/v2\/media?parent=392958"}],"wp:term":[{"taxonomy":"product_brand","embeddable":true,"href":"https:\/\/bogensportdiscount.ch\/fr\/wp-json\/wp\/v2\/product_brand?post=392958"},{"taxonomy":"product_cat","embeddable":true,"href":"https:\/\/bogensportdiscount.ch\/fr\/wp-json\/wp\/v2\/product_cat?post=392958"},{"taxonomy":"product_tag","embeddable":true,"href":"https:\/\/bogensportdiscount.ch\/fr\/wp-json\/wp\/v2\/product_tag?post=392958"}],"curies":[{"name":"wp","href":"https:\/\/api.w.org\/{rel}","templated":true}]}}