{"id":392954,"date":"2026-04-05T14:27:52","date_gmt":"2026-04-05T12:27:52","guid":{"rendered":"https:\/\/bogensportdiscount.ch\/produkt\/gas-pro-glue-primer-tape-gas-pro-flash-fletch-glue\/"},"modified":"2026-05-14T07:13:46","modified_gmt":"2026-05-14T05:13:46","slug":"gaspro-kleber-primer-klebeband-flash-fletch-glue","status":"publish","type":"product","link":"https:\/\/bogensportdiscount.ch\/fr\/produit\/gaspro-kleber-primer-klebeband-flash-fletch-glue\/","title":{"rendered":"GASPRO COLLE\/PRIMER &#038; RUBAN ADH\u00c9SIF GASPRO FLASH FLETCH COLLE"},"content":{"rendered":"<p>Le GASPRO Flash Fletch Glue est un kit de collage pour l'empennage de fl\u00e8ches comprenant de la colle, un primer ainsi qu'un ruban adh\u00e9sif. Le primer pr\u00e9pare la surface du tube de fl\u00e8che et garantit une adh\u00e9rence optimale de la colle.<\/p>\n<p>Le kit convient au montage de vanes en plastique et est utilis\u00e9 en atelier de fabrication de fl\u00e8ches pour fixer l'empennage de mani\u00e8re durable et s\u00e9curis\u00e9e sur le tube.<\/p>\n<ul>\n<li>Contient colle, primer et ruban adh\u00e9sif<\/li>\n<li>Convient aux vanes en plastique et aux plumes naturelles<\/li>\n<li>Application simple en atelier de fabrication de fl\u00e8ches<\/li>\n<li>De GASPRO, fabricant reconnu dans le domaine du sport de tir \u00e0 l'arc<\/li>\n<\/ul>","protected":false},"excerpt":{"rendered":"<table>\n<tr>\n<th>Propri\u00e9t\u00e9<\/th>\n<th>Valeur<\/th>\n<\/tr>\n<tr>\n<td>Marque<\/td>\n<td>Gas Pro<\/td>\n<\/tr>\n<tr>\n<td>Type<\/td>\n<td>Fletching glue<\/td>\n<\/tr>\n<tr>\n<td>Emballage<\/td>\n<td>Unit<\/td>\n<\/tr>\n<tr>\n<td>Pays d'origine<\/td>\n<td>Italie<\/td>\n<\/tr>\n<\/table>","protected":false},"featured_media":442086,"comment_status":"open","ping_status":"closed","template":"","meta":[],"product_brand":[452],"product_cat":[4121,4140,4351],"product_tag":[3546],"class_list":{"0":"post-392954","1":"product","2":"type-product","3":"status-publish","4":"has-post-thumbnail","6":"product_brand-gaspro","7":"product_cat-werkzeuge-training","8":"product_cat-pfeilbau","9":"product_cat-klebstoff-primer-klebeband","10":"product_tag-neuheit","11":"product_shipping_class-bsd-standard","13":"first","14":"instock","15":"shipping-taxable","16":"purchasable","17":"product-type-simple"},"yoast_head":"<!-- This site is optimized with the Yoast SEO plugin v27.6 - https:\/\/yoast.com\/product\/yoast-seo-wordpress\/ -->\n<title>GASPRO KLEBER\/PRIMER &amp; KLEBEBAND GASPRO FLASH FLETCH KLEBER - Bogensportdiscount \u2013 B\u00f6gen, Pfeile, Targets &amp; Zubeh\u00f6r<\/title>\n<meta name=\"description\" content=\"GASPRO KLEBER\/PRIMER &amp; KLEBEBAND GASPRO FLASH FLETCH KLEBER g\u00fcnstig kaufen bei Bogensportdiscount \u2013 Top-Marken, schneller Versand aus der Schweiz.\" \/>\n<meta name=\"robots\" content=\"index, follow, max-snippet:-1, max-image-preview:large, max-video-preview:-1\" \/>\n<link rel=\"canonical\" href=\"https:\/\/bogensportdiscount.ch\/fr\/produit\/gaspro-kleber-primer-klebeband-flash-fletch-glue\/\" \/>\n<meta property=\"og:locale\" content=\"fr_FR\" \/>\n<meta property=\"og:type\" content=\"article\" \/>\n<meta property=\"og:title\" content=\"GASPRO KLEBER\/PRIMER &amp; KLEBEBAND GASPRO FLASH FLETCH KLEBER - Bogensportdiscount \u2013 B\u00f6gen, Pfeile, Targets &amp; Zubeh\u00f6r\" \/>\n<meta property=\"og:description\" content=\"GASPRO KLEBER\/PRIMER &amp; KLEBEBAND GASPRO FLASH FLETCH KLEBER g\u00fcnstig kaufen bei Bogensportdiscount \u2013 Top-Marken, schneller Versand aus der Schweiz.\" \/>\n<meta property=\"og:url\" content=\"https:\/\/bogensportdiscount.ch\/fr\/produit\/gaspro-kleber-primer-klebeband-flash-fletch-glue\/\" \/>\n<meta property=\"og:site_name\" content=\"Bogensportdiscount \u2013 B\u00f6gen, Pfeile, Targets &amp; Zubeh\u00f6r\" \/>\n<meta property=\"article:modified_time\" content=\"2026-05-14T05:13:46+00:00\" \/>\n<meta property=\"og:image\" content=\"https:\/\/bogensportdiscount.ch\/wp-content\/uploads\/bsm-images\/A057536_1.png\" \/>\n\t<meta property=\"og:image:width\" content=\"1592\" \/>\n\t<meta property=\"og:image:height\" content=\"3420\" \/>\n\t<meta property=\"og:image:type\" content=\"image\/png\" \/>\n<meta name=\"twitter:card\" content=\"summary_large_image\" \/>\n<script type=\"application\/ld+json\" class=\"yoast-schema-graph\">{\"@context\":\"https:\\\/\\\/schema.org\",\"@graph\":[{\"@type\":\"WebPage\",\"@id\":\"https:\\\/\\\/bogensportdiscount.ch\\\/produkt\\\/gaspro-kleber-primer-klebeband-flash-fletch-glue\\\/\",\"url\":\"https:\\\/\\\/bogensportdiscount.ch\\\/produkt\\\/gaspro-kleber-primer-klebeband-flash-fletch-glue\\\/\",\"name\":\"GASPRO KLEBER\\\/PRIMER & KLEBEBAND GASPRO FLASH FLETCH KLEBER - Bogensportdiscount \u2013 B\u00f6gen, Pfeile, Targets &amp; Zubeh\u00f6r\",\"isPartOf\":{\"@id\":\"https:\\\/\\\/bogensportdiscount.ch\\\/#website\"},\"primaryImageOfPage\":{\"@id\":\"https:\\\/\\\/bogensportdiscount.ch\\\/produkt\\\/gaspro-kleber-primer-klebeband-flash-fletch-glue\\\/#primaryimage\"},\"image\":{\"@id\":\"https:\\\/\\\/bogensportdiscount.ch\\\/produkt\\\/gaspro-kleber-primer-klebeband-flash-fletch-glue\\\/#primaryimage\"},\"thumbnailUrl\":\"https:\\\/\\\/bogensportdiscount.ch\\\/wp-content\\\/uploads\\\/bsm-images\\\/A057536_1.png\",\"datePublished\":\"2026-04-05T12:27:52+00:00\",\"dateModified\":\"2026-05-14T05:13:46+00:00\",\"description\":\"GASPRO KLEBER\\\/PRIMER & KLEBEBAND GASPRO FLASH FLETCH KLEBER g\u00fcnstig kaufen bei Bogensportdiscount \u2013 Top-Marken, schneller Versand aus der Schweiz.\",\"breadcrumb\":{\"@id\":\"https:\\\/\\\/bogensportdiscount.ch\\\/produkt\\\/gaspro-kleber-primer-klebeband-flash-fletch-glue\\\/#breadcrumb\"},\"inLanguage\":\"fr-FR\",\"potentialAction\":[{\"@type\":\"ReadAction\",\"target\":[\"https:\\\/\\\/bogensportdiscount.ch\\\/produkt\\\/gaspro-kleber-primer-klebeband-flash-fletch-glue\\\/\"]}]},{\"@type\":\"ImageObject\",\"inLanguage\":\"fr-FR\",\"@id\":\"https:\\\/\\\/bogensportdiscount.ch\\\/produkt\\\/gaspro-kleber-primer-klebeband-flash-fletch-glue\\\/#primaryimage\",\"url\":\"https:\\\/\\\/bogensportdiscount.ch\\\/wp-content\\\/uploads\\\/bsm-images\\\/A057536_1.png\",\"contentUrl\":\"https:\\\/\\\/bogensportdiscount.ch\\\/wp-content\\\/uploads\\\/bsm-images\\\/A057536_1.png\",\"width\":1592,\"height\":3420},{\"@type\":\"BreadcrumbList\",\"@id\":\"https:\\\/\\\/bogensportdiscount.ch\\\/produkt\\\/gaspro-kleber-primer-klebeband-flash-fletch-glue\\\/#breadcrumb\",\"itemListElement\":[{\"@type\":\"ListItem\",\"position\":1,\"name\":\"Home\",\"item\":\"https:\\\/\\\/bogensportdiscount.ch\\\/\"},{\"@type\":\"ListItem\",\"position\":2,\"name\":\"Shop\",\"item\":\"https:\\\/\\\/bogensportdiscount.ch\\\/shop\\\/\"},{\"@type\":\"ListItem\",\"position\":3,\"name\":\"GAS PRO GLUE\\\/PRIMER &#038; TAPE GAS PRO FLASH FLETCH GLUE\"}]},{\"@type\":\"WebSite\",\"@id\":\"https:\\\/\\\/bogensportdiscount.ch\\\/#website\",\"url\":\"https:\\\/\\\/bogensportdiscount.ch\\\/\",\"name\":\"Bogensportdiscount\",\"description\":\"\",\"potentialAction\":[{\"@type\":\"SearchAction\",\"target\":{\"@type\":\"EntryPoint\",\"urlTemplate\":\"https:\\\/\\\/bogensportdiscount.ch\\\/?s={search_term_string}\"},\"query-input\":{\"@type\":\"PropertyValueSpecification\",\"valueRequired\":true,\"valueName\":\"search_term_string\"}}],\"inLanguage\":\"fr-FR\"}]}<\/script>\n<!-- \/ Yoast SEO plugin. -->","yoast_head_json":{"title":"GASPRO KLEBER\/PRIMER & KLEBEBAND GASPRO FLASH FLETCH KLEBER - Bogensportdiscount \u2013 B\u00f6gen, Pfeile, Targets &amp; Zubeh\u00f6r","description":"GASPRO KLEBER\/PRIMER & KLEBEBAND GASPRO FLASH FLETCH KLEBER g\u00fcnstig kaufen bei Bogensportdiscount \u2013 Top-Marken, schneller Versand aus der Schweiz.","robots":{"index":"index","follow":"follow","max-snippet":"max-snippet:-1","max-image-preview":"max-image-preview:large","max-video-preview":"max-video-preview:-1"},"canonical":"https:\/\/bogensportdiscount.ch\/fr\/produit\/gaspro-kleber-primer-klebeband-flash-fletch-glue\/","og_locale":"fr_FR","og_type":"article","og_title":"GASPRO KLEBER\/PRIMER & KLEBEBAND GASPRO FLASH FLETCH KLEBER - Bogensportdiscount \u2013 B\u00f6gen, Pfeile, Targets &amp; Zubeh\u00f6r","og_description":"GASPRO KLEBER\/PRIMER & KLEBEBAND GASPRO FLASH FLETCH KLEBER g\u00fcnstig kaufen bei Bogensportdiscount \u2013 Top-Marken, schneller Versand aus der Schweiz.","og_url":"https:\/\/bogensportdiscount.ch\/fr\/produit\/gaspro-kleber-primer-klebeband-flash-fletch-glue\/","og_site_name":"Bogensportdiscount \u2013 B\u00f6gen, Pfeile, Targets &amp; Zubeh\u00f6r","article_modified_time":"2026-05-14T05:13:46+00:00","og_image":[{"url":"https:\/\/bogensportdiscount.ch\/wp-content\/uploads\/bsm-images\/A057536_1.png","width":1592,"height":3420,"type":"image\/png"}],"twitter_card":"summary_large_image","schema":{"@context":"https:\/\/schema.org","@graph":[{"@type":"WebPage","@id":"https:\/\/bogensportdiscount.ch\/produkt\/gaspro-kleber-primer-klebeband-flash-fletch-glue\/","url":"https:\/\/bogensportdiscount.ch\/produkt\/gaspro-kleber-primer-klebeband-flash-fletch-glue\/","name":"GASPRO KLEBER\/PRIMER & KLEBEBAND GASPRO FLASH FLETCH KLEBER - Bogensportdiscount \u2013 B\u00f6gen, Pfeile, Targets &amp; Zubeh\u00f6r","isPartOf":{"@id":"https:\/\/bogensportdiscount.ch\/#website"},"primaryImageOfPage":{"@id":"https:\/\/bogensportdiscount.ch\/produkt\/gaspro-kleber-primer-klebeband-flash-fletch-glue\/#primaryimage"},"image":{"@id":"https:\/\/bogensportdiscount.ch\/produkt\/gaspro-kleber-primer-klebeband-flash-fletch-glue\/#primaryimage"},"thumbnailUrl":"https:\/\/bogensportdiscount.ch\/wp-content\/uploads\/bsm-images\/A057536_1.png","datePublished":"2026-04-05T12:27:52+00:00","dateModified":"2026-05-14T05:13:46+00:00","description":"GASPRO KLEBER\/PRIMER & KLEBEBAND GASPRO FLASH FLETCH KLEBER g\u00fcnstig kaufen bei Bogensportdiscount \u2013 Top-Marken, schneller Versand aus der Schweiz.","breadcrumb":{"@id":"https:\/\/bogensportdiscount.ch\/produkt\/gaspro-kleber-primer-klebeband-flash-fletch-glue\/#breadcrumb"},"inLanguage":"fr-FR","potentialAction":[{"@type":"ReadAction","target":["https:\/\/bogensportdiscount.ch\/produkt\/gaspro-kleber-primer-klebeband-flash-fletch-glue\/"]}]},{"@type":"ImageObject","inLanguage":"fr-FR","@id":"https:\/\/bogensportdiscount.ch\/produkt\/gaspro-kleber-primer-klebeband-flash-fletch-glue\/#primaryimage","url":"https:\/\/bogensportdiscount.ch\/wp-content\/uploads\/bsm-images\/A057536_1.png","contentUrl":"https:\/\/bogensportdiscount.ch\/wp-content\/uploads\/bsm-images\/A057536_1.png","width":1592,"height":3420},{"@type":"BreadcrumbList","@id":"https:\/\/bogensportdiscount.ch\/produkt\/gaspro-kleber-primer-klebeband-flash-fletch-glue\/#breadcrumb","itemListElement":[{"@type":"ListItem","position":1,"name":"Home","item":"https:\/\/bogensportdiscount.ch\/"},{"@type":"ListItem","position":2,"name":"Shop","item":"https:\/\/bogensportdiscount.ch\/shop\/"},{"@type":"ListItem","position":3,"name":"GAS PRO GLUE\/PRIMER &#038; TAPE GAS PRO FLASH FLETCH GLUE"}]},{"@type":"WebSite","@id":"https:\/\/bogensportdiscount.ch\/#website","url":"https:\/\/bogensportdiscount.ch\/","name":"Bogensportdiscount","description":"","potentialAction":[{"@type":"SearchAction","target":{"@type":"EntryPoint","urlTemplate":"https:\/\/bogensportdiscount.ch\/?s={search_term_string}"},"query-input":{"@type":"PropertyValueSpecification","valueRequired":true,"valueName":"search_term_string"}}],"inLanguage":"fr-FR"}]}},"_links":{"self":[{"href":"https:\/\/bogensportdiscount.ch\/fr\/wp-json\/wp\/v2\/product\/392954","targetHints":{"allow":["GET"]}}],"collection":[{"href":"https:\/\/bogensportdiscount.ch\/fr\/wp-json\/wp\/v2\/product"}],"about":[{"href":"https:\/\/bogensportdiscount.ch\/fr\/wp-json\/wp\/v2\/types\/product"}],"replies":[{"embeddable":true,"href":"https:\/\/bogensportdiscount.ch\/fr\/wp-json\/wp\/v2\/comments?post=392954"}],"wp:featuredmedia":[{"embeddable":true,"href":"https:\/\/bogensportdiscount.ch\/fr\/wp-json\/wp\/v2\/media\/442086"}],"wp:attachment":[{"href":"https:\/\/bogensportdiscount.ch\/fr\/wp-json\/wp\/v2\/media?parent=392954"}],"wp:term":[{"taxonomy":"product_brand","embeddable":true,"href":"https:\/\/bogensportdiscount.ch\/fr\/wp-json\/wp\/v2\/product_brand?post=392954"},{"taxonomy":"product_cat","embeddable":true,"href":"https:\/\/bogensportdiscount.ch\/fr\/wp-json\/wp\/v2\/product_cat?post=392954"},{"taxonomy":"product_tag","embeddable":true,"href":"https:\/\/bogensportdiscount.ch\/fr\/wp-json\/wp\/v2\/product_tag?post=392954"}],"curies":[{"name":"wp","href":"https:\/\/api.w.org\/{rel}","templated":true}]}}